{"id":5651,"date":"2025-07-22T10:58:20","date_gmt":"2025-07-22T08:58:20","guid":{"rendered":"https:\/\/top-model.biz\/sv\/?page_id=5651"},"modified":"2025-07-22T10:58:20","modified_gmt":"2025-07-22T08:58:20","slug":"tillganglighet","status":"publish","type":"page","link":"https:\/\/top-model.biz\/sv\/tillganglighet\/","title":{"rendered":"Tillg\u00e4nglighet p\u00e5 top-model.biz"},"content":{"rendered":"<p><b>Depesche Vertrieb GmbH &amp; Co. KG<\/b> g\u00f6r allt f\u00f6r att v\u00e5ra digitala tj\u00e4nster ska vara tillg\u00e4ngliga f\u00f6r dig och alla andra anv\u00e4ndare. Vi \u00e4r \u00f6vertygade om att varje m\u00e4nniska har r\u00e4tt till v\u00e4rdighet, j\u00e4mlikhet, komfort och sj\u00e4lvst\u00e4ndighet \u2013 d\u00e4rf\u00f6r har vi satsat betydande resurser p\u00e5 att g\u00f6ra v\u00e5r sajt tillg\u00e4nglig f\u00f6r alla.<\/p>\n<p>Digital tillg\u00e4nglighet \u00e4r f\u00f6r oss inte bara ett m\u00e5l, utan ett l\u00f6pande \u00e5tagande. Vi \u00f6vervakar, f\u00f6rb\u00e4ttrar och anpassar kontinuerligt v\u00e5ra digitala tj\u00e4nster. H\u00e4r nedan kan du se vilka \u00e5tg\u00e4rder vi har vidtagit.<\/p>\n<h2>Samarbete med UserWay<\/h2>\n<p>En central del av v\u00e5rt arbete \u00e4r partnerskapet med UserWay. Med deras <a title=\"UserWay website\" href=\"https:\/\/userway.org\/\" rel=\"nofollow\">Website Accessibility Widget<\/a> och en dedikerad server ser vi till att v\u00e5r sajt uppfyller de aktuella <a title=\"Web Content Accessibility Guidelines\" href=\"https:\/\/www.w3.org\/TR\/WCAG21\/\" rel=\"nofollow\">WCAG-riktlinjerna<\/a>.<\/p>\n<h2>Anpassa efter dina behov<\/h2>\n<p>Med widgeten kan du enkelt justera tillg\u00e4ngligheten p\u00e5 sidan:<\/p>\n<ul>\n<li>\u00d6ka textstorleken,<\/li>\n<li>Pausa animationer,<\/li>\n<li>F\u00f6rst\u00e4rka f\u00e4rgkontraster,<\/li>\n<li>och mycket mer.<\/li>\n<\/ul>\n<p>S\u00e5 uppfyller du smidigt kraven f\u00f6r <a title=\"WCAG Level AAA\" href=\"https:\/\/www.w3.org\/WAI\/WCAG22\/Understanding\/contrast-enhanced.html\" rel=\"nofollow\">WCAG niv\u00e5 AAA<\/a>.<\/p>\n<h2>Automated Remediation Technology (ART)<\/h2>\n<p>Oavsett om du anv\u00e4nder hj\u00e4lpteknik eller inte, aktiverar v\u00e5r sajt Automated Remediation Technology (ART) f\u00f6r alla bes\u00f6kare. ART f\u00f6rb\u00e4ttrar automatiskt tillg\u00e4ngligheten genom att till exempel:<\/p>\n<ul>\n<li>L\u00e4gga till alternativ text p\u00e5 bilder och andra icke-text\u00adelement,<\/li>\n<li>Optimera tangentbords\u00adnavigering med fokusindikatorer och \u201cskip links\u201d.<\/li>\n<\/ul>\n<h2>H\u00f6r av dig<\/h2>\n<p>Vi vill g\u00f6ra ditt bes\u00f6k s\u00e5 smidigt och inkluderande som m\u00f6jligt. Om du uppt\u00e4cker hinder p\u00e5 sidan eller har fr\u00e5gor om digital tillg\u00e4nglighet, tveka inte att h\u00f6ra av dig!<\/p>\n<ul>\n<li><b>Depesche Vertrieb GmbH &amp; Co. KG<\/b><\/li>\n<li>E-post: <a href=\"mailto:kontakt@top-model.biz\" rel=\"nofollow\">kontakt@top-model.biz<\/a><\/li>\n<\/ul>\n<p>Vi tar tillg\u00e4nglighet p\u00e5 st\u00f6rsta allvar och \u00e5terkommer till dig s\u00e5 snart vi kan.<\/p>\n","protected":false},"excerpt":{"rendered":"<p>Depesche Vertrieb GmbH &amp; Co. KG g\u00f6r allt f\u00f6r att v\u00e5ra digitala tj\u00e4nster ska vara tillg\u00e4ngliga f\u00f6r dig och alla andra anv\u00e4ndare. Vi \u00e4r \u00f6vertygade om att varje m\u00e4nniska har r\u00e4tt till v\u00e4rdighet, j\u00e4mlikhet, komfort och sj\u00e4lvst\u00e4ndighet \u2013 d\u00e4rf\u00f6r har vi satsat betydande resurser p\u00e5 att g\u00f6ra v\u00e5r sajt tillg\u00e4nglig f\u00f6r alla. Digital tillg\u00e4nglighet \u00e4r [&hellip;]<\/p>\n","protected":false},"author":1,"featured_media":0,"parent":0,"menu_order":0,"comment_status":"closed","ping_status":"closed","template":"page_simple.php","meta":{"_acf_changed":false,"_et_pb_use_builder":"","_et_pb_old_content":"","_et_gb_content_width":"","footnotes":""},"class_list":["post-5651","page","type-page","status-publish","hentry"],"acf":[],"yoast_head":"<!-- This site is optimized with the Yoast SEO Premium plugin v24.2 (Yoast SEO v27.2) - https:\/\/yoast.com\/product\/yoast-seo-premium-wordpress\/ -->\n<title>Tillg\u00e4nglighet p\u00e5 top-model.biz - TOPModel by Depesche Sverige<\/title>\n<meta name=\"robots\" content=\"index, follow, max-snippet:-1, max-image-preview:large, max-video-preview:-1\" \/>\n<link rel=\"canonical\" href=\"https:\/\/top-model.biz\/sv\/tillganglighet\/\" \/>\n<meta property=\"og:locale\" content=\"sv_SE\" \/>\n<meta property=\"og:type\" content=\"article\" \/>\n<meta property=\"og:title\" content=\"Tillg\u00e4nglighet p\u00e5 top-model.biz\" \/>\n<meta property=\"og:description\" content=\"Depesche Vertrieb GmbH &amp; Co. KG g\u00f6r allt f\u00f6r att v\u00e5ra digitala tj\u00e4nster ska vara tillg\u00e4ngliga f\u00f6r dig och alla andra anv\u00e4ndare. Vi \u00e4r \u00f6vertygade om att varje m\u00e4nniska har r\u00e4tt till v\u00e4rdighet, j\u00e4mlikhet, komfort och sj\u00e4lvst\u00e4ndighet \u2013 d\u00e4rf\u00f6r har vi satsat betydande resurser p\u00e5 att g\u00f6ra v\u00e5r sajt tillg\u00e4nglig f\u00f6r alla. Digital tillg\u00e4nglighet \u00e4r [&hellip;]\" \/>\n<meta property=\"og:url\" content=\"https:\/\/top-model.biz\/sv\/tillganglighet\/\" \/>\n<meta property=\"og:site_name\" content=\"TOPModel by Depesche Sverige\" \/>\n<meta name=\"twitter:card\" content=\"summary_large_image\" \/>\n<script type=\"application\/ld+json\" class=\"yoast-schema-graph\">{\"@context\":\"https:\/\/schema.org\",\"@graph\":[{\"@type\":\"WebPage\",\"@id\":\"https:\/\/top-model.biz\/sv\/tillganglighet\/\",\"url\":\"https:\/\/top-model.biz\/sv\/tillganglighet\/\",\"name\":\"Tillg\u00e4nglighet p\u00e5 top-model.biz - TOPModel by Depesche Sverige\",\"isPartOf\":{\"@id\":\"https:\/\/top-model.biz\/sv\/#website\"},\"datePublished\":\"2025-07-22T08:58:20+00:00\",\"inLanguage\":\"sv-SE\",\"potentialAction\":[{\"@type\":\"ReadAction\",\"target\":[\"https:\/\/top-model.biz\/sv\/tillganglighet\/\"]}]},{\"@type\":\"WebSite\",\"@id\":\"https:\/\/top-model.biz\/sv\/#website\",\"url\":\"https:\/\/top-model.biz\/sv\/\",\"name\":\"TOPModel by Depesche Sverige\",\"description\":\"TOPModel by Depesche\",\"publisher\":{\"@id\":\"https:\/\/top-model.biz\/sv\/#organization\"},\"potentialAction\":[{\"@type\":\"SearchAction\",\"target\":{\"@type\":\"EntryPoint\",\"urlTemplate\":\"https:\/\/top-model.biz\/sv\/?s={search_term_string}\"},\"query-input\":{\"@type\":\"PropertyValueSpecification\",\"valueRequired\":true,\"valueName\":\"search_term_string\"}}],\"inLanguage\":\"sv-SE\"},{\"@type\":\"Organization\",\"@id\":\"https:\/\/top-model.biz\/sv\/#organization\",\"name\":\"TOPModel by Depesche GmbH & Co. KG\",\"url\":\"https:\/\/top-model.biz\/sv\/\",\"logo\":{\"@type\":\"ImageObject\",\"inLanguage\":\"sv-SE\",\"@id\":\"https:\/\/top-model.biz\/sv\/#\/schema\/logo\/image\/\",\"url\":\"https:\/\/top-model.biz\/sv\/wp-content\/uploads\/sites\/17\/2020\/01\/depeschelogo_72dpi.jpg\",\"contentUrl\":\"https:\/\/top-model.biz\/sv\/wp-content\/uploads\/sites\/17\/2020\/01\/depeschelogo_72dpi.jpg\",\"width\":1600,\"height\":620,\"caption\":\"TOPModel by Depesche GmbH & Co. KG\"},\"image\":{\"@id\":\"https:\/\/top-model.biz\/sv\/#\/schema\/logo\/image\/\"}}]}<\/script>\n<!-- \/ Yoast SEO Premium plugin. -->","yoast_head_json":{"title":"Tillg\u00e4nglighet p\u00e5 top-model.biz - TOPModel by Depesche Sverige","robots":{"index":"index","follow":"follow","max-snippet":"max-snippet:-1","max-image-preview":"max-image-preview:large","max-video-preview":"max-video-preview:-1"},"canonical":"https:\/\/top-model.biz\/sv\/tillganglighet\/","og_locale":"sv_SE","og_type":"article","og_title":"Tillg\u00e4nglighet p\u00e5 top-model.biz","og_description":"Depesche Vertrieb GmbH &amp; Co. KG g\u00f6r allt f\u00f6r att v\u00e5ra digitala tj\u00e4nster ska vara tillg\u00e4ngliga f\u00f6r dig och alla andra anv\u00e4ndare. Vi \u00e4r \u00f6vertygade om att varje m\u00e4nniska har r\u00e4tt till v\u00e4rdighet, j\u00e4mlikhet, komfort och sj\u00e4lvst\u00e4ndighet \u2013 d\u00e4rf\u00f6r har vi satsat betydande resurser p\u00e5 att g\u00f6ra v\u00e5r sajt tillg\u00e4nglig f\u00f6r alla. Digital tillg\u00e4nglighet \u00e4r [&hellip;]","og_url":"https:\/\/top-model.biz\/sv\/tillganglighet\/","og_site_name":"TOPModel by Depesche Sverige","twitter_card":"summary_large_image","schema":{"@context":"https:\/\/schema.org","@graph":[{"@type":"WebPage","@id":"https:\/\/top-model.biz\/sv\/tillganglighet\/","url":"https:\/\/top-model.biz\/sv\/tillganglighet\/","name":"Tillg\u00e4nglighet p\u00e5 top-model.biz - TOPModel by Depesche Sverige","isPartOf":{"@id":"https:\/\/top-model.biz\/sv\/#website"},"datePublished":"2025-07-22T08:58:20+00:00","inLanguage":"sv-SE","potentialAction":[{"@type":"ReadAction","target":["https:\/\/top-model.biz\/sv\/tillganglighet\/"]}]},{"@type":"WebSite","@id":"https:\/\/top-model.biz\/sv\/#website","url":"https:\/\/top-model.biz\/sv\/","name":"TOPModel by Depesche Sverige","description":"TOPModel by Depesche","publisher":{"@id":"https:\/\/top-model.biz\/sv\/#organization"},"potentialAction":[{"@type":"SearchAction","target":{"@type":"EntryPoint","urlTemplate":"https:\/\/top-model.biz\/sv\/?s={search_term_string}"},"query-input":{"@type":"PropertyValueSpecification","valueRequired":true,"valueName":"search_term_string"}}],"inLanguage":"sv-SE"},{"@type":"Organization","@id":"https:\/\/top-model.biz\/sv\/#organization","name":"TOPModel by Depesche GmbH & Co. KG","url":"https:\/\/top-model.biz\/sv\/","logo":{"@type":"ImageObject","inLanguage":"sv-SE","@id":"https:\/\/top-model.biz\/sv\/#\/schema\/logo\/image\/","url":"https:\/\/top-model.biz\/sv\/wp-content\/uploads\/sites\/17\/2020\/01\/depeschelogo_72dpi.jpg","contentUrl":"https:\/\/top-model.biz\/sv\/wp-content\/uploads\/sites\/17\/2020\/01\/depeschelogo_72dpi.jpg","width":1600,"height":620,"caption":"TOPModel by Depesche GmbH & Co. KG"},"image":{"@id":"https:\/\/top-model.biz\/sv\/#\/schema\/logo\/image\/"}}]}},"_links":{"self":[{"href":"https:\/\/top-model.biz\/sv\/wp-json\/wp\/v2\/pages\/5651","targetHints":{"allow":["GET"]}}],"collection":[{"href":"https:\/\/top-model.biz\/sv\/wp-json\/wp\/v2\/pages"}],"about":[{"href":"https:\/\/top-model.biz\/sv\/wp-json\/wp\/v2\/types\/page"}],"author":[{"embeddable":true,"href":"https:\/\/top-model.biz\/sv\/wp-json\/wp\/v2\/users\/1"}],"replies":[{"embeddable":true,"href":"https:\/\/top-model.biz\/sv\/wp-json\/wp\/v2\/comments?post=5651"}],"version-history":[{"count":2,"href":"https:\/\/top-model.biz\/sv\/wp-json\/wp\/v2\/pages\/5651\/revisions"}],"predecessor-version":[{"id":5653,"href":"https:\/\/top-model.biz\/sv\/wp-json\/wp\/v2\/pages\/5651\/revisions\/5653"}],"wp:attachment":[{"href":"https:\/\/top-model.biz\/sv\/wp-json\/wp\/v2\/media?parent=5651"}],"curies":[{"name":"wp","href":"https:\/\/api.w.org\/{rel}","templated":true}]}}