{"id":28,"date":"2019-12-03T06:09:46","date_gmt":"2019-12-03T05:09:46","guid":{"rendered":"https:\/\/top-model.biz\/?page_id=28"},"modified":"2025-04-09T20:56:07","modified_gmt":"2025-04-09T18:56:07","slug":"f-a-q","status":"publish","type":"page","link":"https:\/\/top-model.biz\/sv\/f-a-q\/","title":{"rendered":"F.A.Q."},"content":{"rendered":"<p>[et_pb_section fb_built=&#8221;1&#8243; custom_padding_last_edited=&#8221;on|phone&#8221; _builder_version=&#8221;4.16&#8243; background_image=&#8221;https:\/\/top-model.biz\/wp-content\/uploads\/2019\/12\/topmodel_wg2.svg&#8221; custom_padding=&#8221;||378px||false|false&#8221; custom_padding_tablet=&#8221;||250px||false|false&#8221; custom_padding_phone=&#8221;||140px||false|false&#8221; custom_css_main_element=&#8221;background-size: 130%;||background-position: bottom;&#8221; global_colors_info=&#8221;{}&#8221; custom_css_main_element_last_edited=&#8221;on|phone&#8221; custom_css_main_element_tablet=&#8221;background-size: 120%;||background-position: bottom;&#8221; custom_css_main_element_phone=&#8221;background-size: 120%;||background-position: bottom;&#8221;][et_pb_row _builder_version=&#8221;4.16&#8243; custom_padding=&#8221;||5px|||&#8221; custom_css_main_element=&#8221;text-align: center;&#8221; global_colors_info=&#8221;{}&#8221;][et_pb_column type=&#8221;4_4&#8243; _builder_version=&#8221;4.16&#8243; global_colors_info=&#8221;{}&#8221;][et_pb_text module_class=&#8221;homeblurb burtonheading waveline headmbot keinzeilenumbruch&#8221; _builder_version=&#8221;4.16&#8243; _dynamic_attributes=&#8221;content&#8221; header_text_align=&#8221;center&#8221; header_font_size=&#8221;76px&#8221; header_2_font_size=&#8221;49px&#8221; text_orientation=&#8221;center&#8221; max_width=&#8221;650px&#8221; max_width_tablet=&#8221;600px&#8221; max_width_phone=&#8221;100%&#8221; max_width_last_edited=&#8221;on|phone&#8221; module_alignment=&#8221;center&#8221; header_font_size_tablet=&#8221;52px&#8221; header_font_size_phone=&#8221;40px&#8221; header_font_size_last_edited=&#8221;on|phone&#8221; header_2_font_size_tablet=&#8221;44px&#8221; header_2_font_size_phone=&#8221;38px&#8221; header_2_font_size_last_edited=&#8221;on|phone&#8221; custom_css_main_element=&#8221;display: inline-block;||position: relative;||-webkit-hyphens: auto;||-webkit-hyphenate-limit-chars: auto 3;||-webkit-hyphenate-limit-lines: 4;||-ms-hyphens: auto;||-ms-hyphenate-limit-chars: auto 3;||-ms-hyphenate-limit-lines: 4;||hyphens: auto;||hyphenate-limit-chars: auto 5;||hyphenate-limit-lines: 2;&#8221; global_colors_info=&#8221;{}&#8221;]@ET-DC@eyJkeW5hbWljIjp0cnVlLCJjb250ZW50IjoicG9zdF90aXRsZSIsInNldHRpbmdzIjp7ImJlZm9yZSI6IjxoMT4iLCJhZnRlciI6IjwvaDE+In19@[\/et_pb_text][et_pb_text module_class=&#8221;kapraneue&#8221; _builder_version=&#8221;4.16&#8243; header_2_font_size=&#8221;25px&#8221; max_width=&#8221;767px&#8221; module_alignment=&#8221;center&#8221; custom_margin=&#8221;||10px||false|false&#8221; header_2_font_size_tablet=&#8221;&#8221; header_2_font_size_phone=&#8221;&#8221; header_2_font_size_last_edited=&#8221;on|desktop&#8221; global_colors_info=&#8221;{}&#8221;]<\/p>\n<h2>TOPModel Tidningen<\/h2>\n<p>[\/et_pb_text][et_pb_accordion open_toggle_background_color=&#8221;#ffffff&#8221; closed_toggle_background_color=&#8221;#ffffff&#8221; icon_color=&#8221;#f8508e&#8221; use_icon_font_size=&#8221;on&#8221; icon_font_size=&#8221;22px&#8221; admin_label=&#8221;FAQs&#8221; module_class=&#8221;faq&#8221; _builder_version=&#8221;4.16&#8243; toggle_text_align=&#8221;left&#8221; toggle_font_size=&#8221;20px&#8221; closed_toggle_text_align=&#8221;left&#8221; closed_toggle_font_size=&#8221;20px&#8221; body_text_align=&#8221;left&#8221; body_line_height=&#8221;1.5em&#8221; background_enable_color=&#8221;off&#8221; max_width=&#8221;767px&#8221; module_alignment=&#8221;center&#8221; custom_padding=&#8221;|0px||0px|false|false&#8221; custom_css_toggle=&#8221;margin-bottom: 0 !important;&#8221; border_radii=&#8221;on|10px|10px|10px|10px&#8221; border_width_all=&#8221;0px&#8221; global_colors_info=&#8221;{}&#8221; custom_css_toggle_last_edited=&#8221;off|desktop&#8221;][et_pb_accordion_item title=&#8221;Var kan jag k\u00f6pa TOPModel tidningen? &#8221; open=&#8221;on&#8221; _builder_version=&#8221;4.16&#8243; global_colors_info=&#8221;{}&#8221;]<\/p>\n<p>Tidningen kan k\u00f6pas i kiosker och stormarknader, d\u00e4r du brukar hitta veckotidningar och tidskrifter.<\/p>\n<p>[\/et_pb_accordion_item][et_pb_accordion_item title=&#8221;Kan jag prenumerera p\u00e5 TOPModel tidningen?&#8221; _builder_version=&#8221;4.16&#8243; global_colors_info=&#8221;{}&#8221; open=&#8221;off&#8221;]<\/p>\n<p>Ja, du kan prenumerera p\u00e5 TOPModel tidningen, som publiceras 6 g\u00e5nger om \u00e5ret.               G\u00e5 in p\u00e5 https:\/\/www.dintidning.se\/topmodel\/ eller ring kundtj\u00e4nst p\u00e5 tfn 040 &#8211; 400 222 vardagar mellan kl. 9-17.<\/p>\n<p>[\/et_pb_accordion_item][et_pb_accordion_item title=&#8221;Hur kan jag g\u00f6ra en adress\u00e4ndring p\u00e5 min prenumeration p\u00e5 TOPModel tidningen?&#8221; _builder_version=&#8221;4.16&#8243; global_colors_info=&#8221;{}&#8221; open=&#8221;off&#8221;]<\/p>\n<p>Alla fr\u00e5gor g\u00e4llande ditt TOPModel abonnemang ska g\u00f6ras till kundtj\u00e4nst p\u00e5 tfn 040 &#8211; 400 222 vardagar mellan kl. 9-17.<\/p>\n<p>[\/et_pb_accordion_item][et_pb_accordion_item title=&#8221;Hur kan jag bli m\u00e5nadens toppmodell?      &#8221; _builder_version=&#8221;4.16&#8243; global_colors_info=&#8221;{}&#8221; open=&#8221;off&#8221;]<\/p>\n<p>Om du vill st\u00e5 framf\u00f6r kameran och bli m\u00e5nadens toppmodell s\u00e5 skicka ett e-mail d\u00e4r du skriver lite om dig sj\u00e4lv, var du bor, din m\u00e5lsmans telefonnummer och n\u00e5gra bilder p\u00e5 dig sj\u00e4lv till topmodel@egmont.se. Skriv M\u00c5NADENS TOPPMODELL i \u00e4mnesraden. Kanske det blir du som kommer att f\u00e5 visa moderiktiga kl\u00e4der i n\u00e4sta nummer av TOPModel. Du m\u00e5ste ha din f\u00f6r\u00e4lders godk\u00e4nnande att bli modell i tidningen och du m\u00e5ste ha m\u00f6jlighet att ta dig till Malm\u00f6, d\u00e4r fotograferingen sker. Ingen ers\u00e4ttning utg\u00e5r.<\/p>\n<p>[\/et_pb_accordion_item][et_pb_accordion_item title=&#8221;Hur kan jag bli m\u00e5nadens designer?      &#8221; _builder_version=&#8221;4.16&#8243; global_colors_info=&#8221;{}&#8221; open=&#8221;off&#8221;]<\/p>\n<p>Om du kan t\u00e4nka dig att bli m\u00e5nadens designer och visa dina designs i tidningen s\u00e5 kan du skanna ett par av dina favoritteckningar, skriva n\u00e5gra rader om dig sj\u00e4lv och maila dessa till topmodel@egmont.se. Skriv M\u00c5NADENS DESIGNER i \u00e4mnesraden. Eller skicka dem till:<br \/>\nTOPModel<br \/>\nEgmont Publishing AB<br \/>\n205 07 Malm\u00f6<br \/>\nM\u00e4rk brevet &#8221; M\u00c5NADENS DESIGNER&#8221;.<\/p>\n<p>[\/et_pb_accordion_item][\/et_pb_accordion][et_pb_text module_class=&#8221;kapraneue&#8221; _builder_version=&#8221;4.16&#8243; header_2_font_size=&#8221;25px&#8221; max_width=&#8221;767px&#8221; module_alignment=&#8221;center&#8221; custom_margin=&#8221;||10px||false|false&#8221; header_2_font_size_tablet=&#8221;&#8221; header_2_font_size_phone=&#8221;&#8221; header_2_font_size_last_edited=&#8221;on|desktop&#8221; global_colors_info=&#8221;{}&#8221;]<\/p>\n<h2>Allm\u00e4nt<\/h2>\n<p>[\/et_pb_text][et_pb_accordion open_toggle_background_color=&#8221;#ffffff&#8221; closed_toggle_background_color=&#8221;#ffffff&#8221; icon_color=&#8221;#f8508e&#8221; use_icon_font_size=&#8221;on&#8221; icon_font_size=&#8221;22px&#8221; admin_label=&#8221;FAQs&#8221; module_class=&#8221;faq&#8221; _builder_version=&#8221;4.16&#8243; toggle_text_align=&#8221;left&#8221; toggle_font_size=&#8221;20px&#8221; closed_toggle_text_align=&#8221;left&#8221; closed_toggle_font_size=&#8221;20px&#8221; body_text_align=&#8221;left&#8221; body_line_height=&#8221;1.5em&#8221; background_enable_color=&#8221;off&#8221; max_width=&#8221;767px&#8221; module_alignment=&#8221;center&#8221; custom_padding=&#8221;|0px||0px|false|false&#8221; custom_css_toggle=&#8221;margin-bottom: 0 !important;&#8221; border_radii=&#8221;on|10px|10px|10px|10px&#8221; border_width_all=&#8221;0px&#8221; global_colors_info=&#8221;{}&#8221;][et_pb_accordion_item title=&#8221;Kan jag k\u00f6pa TOPModel produkter direkt fr\u00e5n er? &#8221; open=&#8221;on&#8221; _builder_version=&#8221;4.16&#8243; global_colors_info=&#8221;{}&#8221;]<\/p>\n<p>Nej, som privatperson \u00e4r det inte m\u00f6jligt att k\u00f6pa varor direkt fr\u00e5n oss, eftersom vi \u00e4r grossister och d\u00e4rf\u00f6r endast levererar till detaljhandel\/butiker.<\/p>\n<p>[\/et_pb_accordion_item][et_pb_accordion_item title=&#8221;Finns det en TOPModel-outlet? &#8221; _builder_version=&#8221;4.16&#8243; global_colors_info=&#8221;{}&#8221; open=&#8221;off&#8221;]<\/p>\n<p>Nej, vi driver ingen outlet-verksamhet med TOPModel. <\/p>\n<p>[\/et_pb_accordion_item][et_pb_accordion_item title=&#8221;Jag har ett klagom\u00e5l, vem ska jag kontakta?       &#8221; _builder_version=&#8221;4.16&#8243; global_colors_info=&#8221;{}&#8221; open=&#8221;off&#8221;]<\/p>\n<p>Om det g\u00e4ller ett vanligt reklamations\u00e4rende s\u00e5 ska du kontakta butiken d\u00e4r produkten har k\u00f6pts. F\u00f6r \u00f6vriga fr\u00e5gor kontakta oss via e-mail p\u00e5 office@motto.se.<\/p>\n<p>[\/et_pb_accordion_item][et_pb_accordion_item title=&#8221;Jag har en produkt med en hemlig kod som jag inte kan \u00f6ppna. Vad kan jag g\u00f6ra?&#8221; _builder_version=&#8221;4.16&#8243; global_colors_info=&#8221;{}&#8221; open=&#8221;off&#8221;]<\/p>\n<ol class=\"fa-ol\">\n<li>Koden \u00e4r 0000. Tryck in koden s\u00e5 \u00f6ppnas l\u00e5set, medan musik spelar.\n<\/li>\n<li>Om du vill \u00e4ndra din kod eller om du har gl\u00f6mt den ska du trycka ned &#8221;1&#8221;, &#8221;3&#8221; och &#8221;0&#8221; samtidigt i fyra sekunder.\n<\/li>\n<li>Du har d\u00e4refter tio sekunder till att trycka in din nya fyrsiffriga kod. Om fler \u00e4n fyra siffror har tryckts in kommer bara de fyra f\u00f6rsta siffrorna att g\u00e4lla. Tryck &#8221;#&#8221; f\u00f6r att bekr\u00e4fta den nya koden och spara den.\n<\/li>\n<li>F\u00f6r att byta batterier n\u00e4r de har tagit slut: skruva skruven moturs och \u00f6ppna batterifacket. S\u00e4tt i batterier AG13 \/ LR44 med r\u00e4tt pol mot pol (+\/-) som beskrivet i batterifacket. Skruva i skruven igen f\u00f6r att s\u00e4kra att de nya batterierna sitter ordentligt.\n<\/li>\n<li>Din kod sparas \u00e4ven efter du har bytt batterier.\n<\/li>\n<\/ol>\n<p>[\/et_pb_accordion_item][\/et_pb_accordion][\/et_pb_column][\/et_pb_row][\/et_pb_section]<\/p>\n","protected":false},"excerpt":{"rendered":"<p>TOPModel TidningenTidningen kan k\u00f6pas i kiosker och stormarknader, d\u00e4r du brukar hitta veckotidningar och tidskrifter.Ja, du kan prenumerera p\u00e5 TOPModel tidningen, som publiceras 6 g\u00e5nger om \u00e5ret. G\u00e5 in p\u00e5 https:\/\/www.dintidning.se\/topmodel\/ eller ring kundtj\u00e4nst p\u00e5 tfn 040 &#8211; 400 222 vardagar mellan kl. 9-17.Alla fr\u00e5gor g\u00e4llande ditt TOPModel abonnemang ska g\u00f6ras till kundtj\u00e4nst p\u00e5 tfn [&hellip;]<\/p>\n","protected":false},"author":1,"featured_media":0,"parent":0,"menu_order":0,"comment_status":"closed","ping_status":"closed","template":"","meta":{"_acf_changed":false,"_et_pb_use_builder":"on","_et_pb_old_content":"","_et_gb_content_width":"","footnotes":""},"class_list":["post-28","page","type-page","status-publish","hentry"],"acf":[],"yoast_head":"<!-- This site is optimized with the Yoast SEO Premium plugin v24.2 (Yoast SEO v27.4) - https:\/\/yoast.com\/product\/yoast-seo-premium-wordpress\/ -->\n<title>F.A.Q. - TOPModel by Depesche Sverige<\/title>\n<meta name=\"robots\" content=\"index, follow, max-snippet:-1, max-image-preview:large, max-video-preview:-1\" \/>\n<link rel=\"canonical\" href=\"https:\/\/top-model.biz\/sv\/f-a-q\/\" \/>\n<meta property=\"og:locale\" content=\"sv_SE\" \/>\n<meta property=\"og:type\" content=\"article\" \/>\n<meta property=\"og:title\" content=\"F.A.Q.\" \/>\n<meta property=\"og:description\" content=\"TOPModel TidningenTidningen kan k\u00f6pas i kiosker och stormarknader, d\u00e4r du brukar hitta veckotidningar och tidskrifter.Ja, du kan prenumerera p\u00e5 TOPModel tidningen, som publiceras 6 g\u00e5nger om \u00e5ret. G\u00e5 in p\u00e5 https:\/\/www.dintidning.se\/topmodel\/ eller ring kundtj\u00e4nst p\u00e5 tfn 040 - 400 222 vardagar mellan kl. 9-17.Alla fr\u00e5gor g\u00e4llande ditt TOPModel abonnemang ska g\u00f6ras till kundtj\u00e4nst p\u00e5 tfn [&hellip;]\" \/>\n<meta property=\"og:url\" content=\"https:\/\/top-model.biz\/sv\/f-a-q\/\" \/>\n<meta property=\"og:site_name\" content=\"TOPModel by Depesche Sverige\" \/>\n<meta property=\"article:modified_time\" content=\"2025-04-09T18:56:07+00:00\" \/>\n<meta name=\"twitter:card\" content=\"summary_large_image\" \/>\n<meta name=\"twitter:label1\" content=\"Ber\u00e4knad l\u00e4stid\" \/>\n\t<meta name=\"twitter:data1\" content=\"3 minuter\" \/>\n<script type=\"application\/ld+json\" class=\"yoast-schema-graph\">{\"@context\":\"https:\\\/\\\/schema.org\",\"@graph\":[{\"@type\":\"WebPage\",\"@id\":\"https:\\\/\\\/top-model.biz\\\/sv\\\/f-a-q\\\/\",\"url\":\"https:\\\/\\\/top-model.biz\\\/sv\\\/f-a-q\\\/\",\"name\":\"F.A.Q. - TOPModel by Depesche Sverige\",\"isPartOf\":{\"@id\":\"https:\\\/\\\/top-model.biz\\\/sv\\\/#website\"},\"datePublished\":\"2019-12-03T05:09:46+00:00\",\"dateModified\":\"2025-04-09T18:56:07+00:00\",\"inLanguage\":\"sv-SE\",\"potentialAction\":[{\"@type\":\"ReadAction\",\"target\":[\"https:\\\/\\\/top-model.biz\\\/sv\\\/f-a-q\\\/\"]}]},{\"@type\":\"WebSite\",\"@id\":\"https:\\\/\\\/top-model.biz\\\/sv\\\/#website\",\"url\":\"https:\\\/\\\/top-model.biz\\\/sv\\\/\",\"name\":\"TOPModel by Depesche Sverige\",\"description\":\"TOPModel by Depesche\",\"publisher\":{\"@id\":\"https:\\\/\\\/top-model.biz\\\/sv\\\/#organization\"},\"potentialAction\":[{\"@type\":\"SearchAction\",\"target\":{\"@type\":\"EntryPoint\",\"urlTemplate\":\"https:\\\/\\\/top-model.biz\\\/sv\\\/?s={search_term_string}\"},\"query-input\":{\"@type\":\"PropertyValueSpecification\",\"valueRequired\":true,\"valueName\":\"search_term_string\"}}],\"inLanguage\":\"sv-SE\"},{\"@type\":\"Organization\",\"@id\":\"https:\\\/\\\/top-model.biz\\\/sv\\\/#organization\",\"name\":\"TOPModel by Depesche GmbH & Co. KG\",\"url\":\"https:\\\/\\\/top-model.biz\\\/sv\\\/\",\"logo\":{\"@type\":\"ImageObject\",\"inLanguage\":\"sv-SE\",\"@id\":\"https:\\\/\\\/top-model.biz\\\/sv\\\/#\\\/schema\\\/logo\\\/image\\\/\",\"url\":\"https:\\\/\\\/top-model.biz\\\/sv\\\/wp-content\\\/uploads\\\/sites\\\/17\\\/2020\\\/01\\\/depeschelogo_72dpi.jpg\",\"contentUrl\":\"https:\\\/\\\/top-model.biz\\\/sv\\\/wp-content\\\/uploads\\\/sites\\\/17\\\/2020\\\/01\\\/depeschelogo_72dpi.jpg\",\"width\":1600,\"height\":620,\"caption\":\"TOPModel by Depesche GmbH & Co. KG\"},\"image\":{\"@id\":\"https:\\\/\\\/top-model.biz\\\/sv\\\/#\\\/schema\\\/logo\\\/image\\\/\"}}]}<\/script>\n<!-- \/ Yoast SEO Premium plugin. -->","yoast_head_json":{"title":"F.A.Q. - TOPModel by Depesche Sverige","robots":{"index":"index","follow":"follow","max-snippet":"max-snippet:-1","max-image-preview":"max-image-preview:large","max-video-preview":"max-video-preview:-1"},"canonical":"https:\/\/top-model.biz\/sv\/f-a-q\/","og_locale":"sv_SE","og_type":"article","og_title":"F.A.Q.","og_description":"TOPModel TidningenTidningen kan k\u00f6pas i kiosker och stormarknader, d\u00e4r du brukar hitta veckotidningar och tidskrifter.Ja, du kan prenumerera p\u00e5 TOPModel tidningen, som publiceras 6 g\u00e5nger om \u00e5ret. G\u00e5 in p\u00e5 https:\/\/www.dintidning.se\/topmodel\/ eller ring kundtj\u00e4nst p\u00e5 tfn 040 - 400 222 vardagar mellan kl. 9-17.Alla fr\u00e5gor g\u00e4llande ditt TOPModel abonnemang ska g\u00f6ras till kundtj\u00e4nst p\u00e5 tfn [&hellip;]","og_url":"https:\/\/top-model.biz\/sv\/f-a-q\/","og_site_name":"TOPModel by Depesche Sverige","article_modified_time":"2025-04-09T18:56:07+00:00","twitter_card":"summary_large_image","twitter_misc":{"Ber\u00e4knad l\u00e4stid":"3 minuter"},"schema":{"@context":"https:\/\/schema.org","@graph":[{"@type":"WebPage","@id":"https:\/\/top-model.biz\/sv\/f-a-q\/","url":"https:\/\/top-model.biz\/sv\/f-a-q\/","name":"F.A.Q. - TOPModel by Depesche Sverige","isPartOf":{"@id":"https:\/\/top-model.biz\/sv\/#website"},"datePublished":"2019-12-03T05:09:46+00:00","dateModified":"2025-04-09T18:56:07+00:00","inLanguage":"sv-SE","potentialAction":[{"@type":"ReadAction","target":["https:\/\/top-model.biz\/sv\/f-a-q\/"]}]},{"@type":"WebSite","@id":"https:\/\/top-model.biz\/sv\/#website","url":"https:\/\/top-model.biz\/sv\/","name":"TOPModel by Depesche Sverige","description":"TOPModel by Depesche","publisher":{"@id":"https:\/\/top-model.biz\/sv\/#organization"},"potentialAction":[{"@type":"SearchAction","target":{"@type":"EntryPoint","urlTemplate":"https:\/\/top-model.biz\/sv\/?s={search_term_string}"},"query-input":{"@type":"PropertyValueSpecification","valueRequired":true,"valueName":"search_term_string"}}],"inLanguage":"sv-SE"},{"@type":"Organization","@id":"https:\/\/top-model.biz\/sv\/#organization","name":"TOPModel by Depesche GmbH & Co. KG","url":"https:\/\/top-model.biz\/sv\/","logo":{"@type":"ImageObject","inLanguage":"sv-SE","@id":"https:\/\/top-model.biz\/sv\/#\/schema\/logo\/image\/","url":"https:\/\/top-model.biz\/sv\/wp-content\/uploads\/sites\/17\/2020\/01\/depeschelogo_72dpi.jpg","contentUrl":"https:\/\/top-model.biz\/sv\/wp-content\/uploads\/sites\/17\/2020\/01\/depeschelogo_72dpi.jpg","width":1600,"height":620,"caption":"TOPModel by Depesche GmbH & Co. KG"},"image":{"@id":"https:\/\/top-model.biz\/sv\/#\/schema\/logo\/image\/"}}]}},"_links":{"self":[{"href":"https:\/\/top-model.biz\/sv\/wp-json\/wp\/v2\/pages\/28","targetHints":{"allow":["GET"]}}],"collection":[{"href":"https:\/\/top-model.biz\/sv\/wp-json\/wp\/v2\/pages"}],"about":[{"href":"https:\/\/top-model.biz\/sv\/wp-json\/wp\/v2\/types\/page"}],"author":[{"embeddable":true,"href":"https:\/\/top-model.biz\/sv\/wp-json\/wp\/v2\/users\/1"}],"replies":[{"embeddable":true,"href":"https:\/\/top-model.biz\/sv\/wp-json\/wp\/v2\/comments?post=28"}],"version-history":[{"count":10,"href":"https:\/\/top-model.biz\/sv\/wp-json\/wp\/v2\/pages\/28\/revisions"}],"predecessor-version":[{"id":5614,"href":"https:\/\/top-model.biz\/sv\/wp-json\/wp\/v2\/pages\/28\/revisions\/5614"}],"wp:attachment":[{"href":"https:\/\/top-model.biz\/sv\/wp-json\/wp\/v2\/media?parent=28"}],"curies":[{"name":"wp","href":"https:\/\/api.w.org\/{rel}","templated":true}]}}