{"id":27,"date":"2019-12-03T06:09:46","date_gmt":"2019-12-03T05:09:46","guid":{"rendered":"https:\/\/top-model.biz\/?page_id=27"},"modified":"2020-03-31T12:41:05","modified_gmt":"2020-03-31T10:41:05","slug":"anvandarvillkor","status":"publish","type":"page","link":"https:\/\/top-model.biz\/sv\/anvandarvillkor\/","title":{"rendered":"Anv\u00e4ndar\u00advillkor"},"content":{"rendered":"<p>Med Top-model.biz hemsidan \u00f6nskar vi att erbjuda dig en liten v\u00e4rld av upplevelser p\u00e5 n\u00e4tet. Med ett s\u00e5dant erbjudande s\u00e5 h\u00f6r det naturligtvis n\u00e5gra regler till. D\u00e4rf\u00f6r \u00e4r anv\u00e4ndandet av hemsidan och av de erbjudna tj\u00e4nster f\u00f6rknippade med nedanst\u00e5ende villkor och regler f\u00f6r anv\u00e4ndandet.<\/p>\n<p><strong>1.<\/strong><\/p>\n<p>TOPModel hemsidan drivs av MOTTO AB, Box 591, 201 25 Malm\u00f6, Sverige. (h\u00e4danefter kallat \u201eMOTTO\u201c).<\/p>\n<p><strong>2.<\/strong><\/p>\n<p>Vid anv\u00e4ndandet av denna webbplats erk\u00e4nner du dig som anv\u00e4ndare och ger MOTTO ditt fulla samtycke av dessa villkor. Annars \u00e4r inte anv\u00e4ndandet av denna webbplats och dess tj\u00e4nster till\u00e5tet.<\/p>\n<p><strong>3.<\/strong><\/p>\n<p>Inneh\u00e5llet p\u00e5 www.top-model.biz omfattar material som \u00e4r skyddat av upphovsr\u00e4ttigheter, varum\u00e4rken och andra upphovsinformationer som kan inkludera, men inte begr\u00e4nsas till, text, mjukvara, bilder, video, ljudfiler, grafik och musik. Allt inneh\u00e5ll p\u00e5 hemsidan omfattas av upphovsr\u00e4ttslagen som ett samlat verk i svensk lagstiftning.<br \/>\nAlla andra varum\u00e4rken som visas p\u00e5 webbplatsen tillh\u00f6r deras respektive \u00e4gare, i vissa fall inkl. Motto. Alla r\u00e4ttigheter \u00e4r f\u00f6rbeh\u00e5llna. All anv\u00e4ndning av v\u00e5ra varum\u00e4rken och namn p\u00e5 andra webbplatser \u00e4r inte till\u00e5tet utan f\u00f6reg\u00e5ende avtal med MOTTO.<br \/>\nDet \u00e4r till\u00e5tet att spara och skriva ut sidor fr\u00e5n webbplatsen enbart f\u00f6r personligt bruk. D\u00e4remot \u00e4r reproduktion f\u00f6r kommersiella \u00e4ndam\u00e5l och utl\u00e4mnande till tredje part endast till\u00e5tet med uttryckligt skriftligt tillst\u00e5nd fr\u00e5n MOTTO.<\/p>\n<p><strong>4.<\/strong><\/p>\n<p>TOPModel hemsidan kan inneh\u00e5lla l\u00e4nkar till andra hemsidor. MOTTO kontrollerar l\u00e4nken f\u00f6rsta g\u00e5ngen du l\u00e4nkar till dessa webbplatser, men har d\u00e4rut\u00f6ver inget inflytande p\u00e5 design, inneh\u00e5ll och l\u00f6pande \u00e4ndringar p\u00e5 dessa hemsidor. Du samtycker att MOTTO inte ansvarar f\u00f6r legaliteten, noggrannheten, aktualiteten, fullst\u00e4ndigheten och kvaliteten av \u200b\u200bde informationer och tj\u00e4nster som levereras och \u00e4r tillg\u00e4ngliga p\u00e5 dessa externa hemsidor. Du samtycker att all anv\u00e4ndning av externa hemsidor \u00e4r p\u00e5 egen risk och vidare att MOTTO inte kan h\u00e5llas ansvarig f\u00f6r (direkt eller indirekt) eventuella f\u00f6rluster eller skador eller p\u00e5st\u00e5dda f\u00f6rluster eller skador som p\u00e5 n\u00e5got s\u00e4tt \u00e4r relaterade till s\u00e5dana externa webbplatser, och du avst\u00e5r fr\u00e5n alla anspr\u00e5k p\u00e5 ers\u00e4ttning riktad mot MOTTO i s\u00e5dana fall. Alla fr\u00e5gor som r\u00f6r en extern webbplats b\u00f6r riktas till dess respektive administrat\u00f6r eller webbplatsoperat\u00f6r.<\/p>\n<p><strong>5.<\/strong><\/p>\n<p>Webbplatsen \u00e4r skapad med st\u00f6rsta omsorg f\u00f6r noggrannhet och din s\u00e4kerhet. MOTTO garanterar dock inte riktigheten, giltigheten, fullst\u00e4ndigheten och s\u00e4kerheten f\u00f6r webbplatsens inneh\u00e5ll, upplysningar och information.<br \/>\nP\u00e5 grund av Internetets och olika datorsystems karakt\u00e4r kan MOTTO inte garantera full och oavbruten tillg\u00e5ng p\u00e5 TOPModels webbplats. \u00c4ven om MOTTO alltid str\u00e4var efter att h\u00e5lla TOPModel hemsidan virusfri s\u00e5 kan MOTTO inte garantera eller kringg\u00e5 risken f\u00f6r virus.<br \/>\nMOTTO ansvarar inte f\u00f6r n\u00e5gra skador som uppst\u00e5r till f\u00f6ljd av anv\u00e4ndningen av denna webbplats, varken direkt eller indirekt, utom i fall av personliga, fysiska och h\u00e4lsoskador till f\u00f6ljd av MOTTOs avsiktliga eller grovt f\u00f6rsumliga \u00f6vertr\u00e4delse av avtalet. MOTTO ansvarar endast f\u00f6r brott mot v\u00e4sentliga avtalsm\u00e4ssiga f\u00f6rpliktelser (kardinalf\u00f6rpliktelser), begr\u00e4nsat till f\u00f6rutsebara och typiskt f\u00f6rekommande f\u00f6rluster eller skador.<\/p>\n<p><strong>6.<\/strong><\/p>\n<p>Genom att anv\u00e4nda webbplatsens tj\u00e4nster och erbjudanden kan du bli ombedd att l\u00e4mna personlig information. All information \u00e4r frivillig. Dina personuppgifter lagras, behandlas och anv\u00e4nds enbart i enlighet med g\u00e4llande svenska dataskyddsregler.<br \/>\nDe personuppgifter som samlas in under anv\u00e4ndningen av v\u00e5r webbplats anv\u00e4nds f\u00f6r att behandla dina f\u00f6rfr\u00e5gningar. Anv\u00e4ndningen av uppgifterna f\u00f6r reklam- och marknadsf\u00f6rings\u00e4ndam\u00e5l sker endast med ditt medgivande. Du kan n\u00e4r som helst \u00e5terkalla ditt samtycke med en framtida verkan.<\/p>\n<p><strong>7.<\/strong><\/p>\n<p>Bilder, texter och annat material som skickas till MOTTO ger automatiskt, men inte obligatoriskt, publicering av materialet p\u00e5 MOTTOs befintliga media (webbplats, tidskrift, sociala medier), s\u00e5vida inte annat skriftligt tillst\u00e5nd erh\u00e5lls mellan anv\u00e4ndaren och MOTTO. Om en text, bild eller annat material publiceras har MOTTO r\u00e4tten att reducera, klippa eller korrigera detta efter eget tycke. Skickat material kan inte returneras om inte annat avtalats.<\/p>\n<p><strong>8.<\/strong><\/p>\n<p>Deltagande i spel, t\u00e4vlingar och liknande aktiviteter p\u00e5 TOPModels webbplats och MOTTOs andra sociala medier utesluter eventuella r\u00e4ttsliga krav. MOTTO f\u00f6rbeh\u00e5ller sig r\u00e4tten att n\u00e4r som helst \u00e4ndra priser och t\u00e4vlingsregler.<br \/>\nDet \u00e4r inte till\u00e5tet f\u00f6r anst\u00e4llda inom MOTTO och deras sl\u00e4ktingar att delta i t\u00e4vlingar p\u00e5 webbplatsen.<\/p>\n<p><strong>9.<\/strong><\/p>\n<p>F\u00f6r att f\u00f6rb\u00e4ttra anv\u00e4ndningen av webbplatsen anv\u00e4nder vi, liksom de flesta andra internetleverant\u00f6rer, s\u00e5 kallade &#8221;cookies&#8221;. Det \u00e4r sm\u00e5 textfiler som lagras p\u00e5 din dator. Detta g\u00f6r att vi kan k\u00e4nna igen din dator under framtida bes\u00f6k och g\u00f6ra bes\u00f6ket och din upplevelse p\u00e5 TOPModels webbplats mycket enklare och b\u00e4ttre. Cookies samlar inte in n\u00e5gon personlig information om dig. De skadar inte heller din dator och inneh\u00e5ller inte virus.<br \/>\nNaturligtvis kan du alltid ta bort de cookies som lagrats p\u00e5 din dator. Om du inte vill ta emot cookies kan du alltid inaktivera den h\u00e4r funktionen genom att st\u00e4lla in din webbl\u00e4sare.<br \/>\nDu kan fortfarande anv\u00e4nda TOPModels webbplats utan cookies, men anv\u00e4ndningen av webbplatsens funktioner kan vara begr\u00e4nsad och webbplatsen mindre praktisk f\u00f6r dig om cookies inte anv\u00e4nds.<\/p>\n<p><strong>10.<\/strong><\/p>\n<p>MOTTO f\u00f6rbeh\u00e5ller sig r\u00e4tten att \u00e4ndra, f\u00f6rnya, l\u00e4gga till eller ta bort n\u00e5gon del av dessa anv\u00e4ndarvillkor n\u00e4r som helst utan f\u00f6rvarning efter eget tycke. \u00c4ndringar visas p\u00e5 TOPModels webbplats, s\u00e5 kontrollera webbplatsens anv\u00e4ndningsvillkor regelbundet f\u00f6r eventuella \u00e4ndringar. Den fortsatta anv\u00e4ndningen av TOPModels webbplats \u00e4r endast m\u00f6jlig om du accepterar \u00e4ndringarna. Genom att forts\u00e4tta anv\u00e4nda webbplatsen anses uppdatering av villkor och \u00e4ndringar vara \u00f6verenskomna.<\/p>\n","protected":false},"excerpt":{"rendered":"<p>Med Top-model.biz hemsidan \u00f6nskar vi att erbjuda dig en liten v\u00e4rld av upplevelser p\u00e5 n\u00e4tet. Med ett s\u00e5dant erbjudande s\u00e5 h\u00f6r det naturligtvis n\u00e5gra regler till. D\u00e4rf\u00f6r \u00e4r anv\u00e4ndandet av hemsidan och av de erbjudna tj\u00e4nster f\u00f6rknippade med nedanst\u00e5ende villkor och regler f\u00f6r anv\u00e4ndandet. 1. TOPModel hemsidan drivs av MOTTO AB, Box 591, 201 25 [&hellip;]<\/p>\n","protected":false},"author":1,"featured_media":0,"parent":0,"menu_order":0,"comment_status":"closed","ping_status":"closed","template":"page_simple.php","meta":{"_acf_changed":false,"_et_pb_use_builder":"off","_et_pb_old_content":"","_et_gb_content_width":"","footnotes":""},"class_list":["post-27","page","type-page","status-publish","hentry"],"acf":[],"yoast_head":"<!-- This site is optimized with the Yoast SEO Premium plugin v24.2 (Yoast SEO v27.2) - https:\/\/yoast.com\/product\/yoast-seo-premium-wordpress\/ -->\n<title>Anv\u00e4ndar\u00advillkor - TOPModel by Depesche Sverige<\/title>\n<meta name=\"robots\" content=\"index, follow, max-snippet:-1, max-image-preview:large, max-video-preview:-1\" \/>\n<link rel=\"canonical\" href=\"https:\/\/top-model.biz\/sv\/anvandarvillkor\/\" \/>\n<meta property=\"og:locale\" content=\"sv_SE\" \/>\n<meta property=\"og:type\" content=\"article\" \/>\n<meta property=\"og:title\" content=\"Anv\u00e4ndar\u00advillkor\" \/>\n<meta property=\"og:description\" content=\"Med Top-model.biz hemsidan \u00f6nskar vi att erbjuda dig en liten v\u00e4rld av upplevelser p\u00e5 n\u00e4tet. Med ett s\u00e5dant erbjudande s\u00e5 h\u00f6r det naturligtvis n\u00e5gra regler till. D\u00e4rf\u00f6r \u00e4r anv\u00e4ndandet av hemsidan och av de erbjudna tj\u00e4nster f\u00f6rknippade med nedanst\u00e5ende villkor och regler f\u00f6r anv\u00e4ndandet. 1. TOPModel hemsidan drivs av MOTTO AB, Box 591, 201 25 [&hellip;]\" \/>\n<meta property=\"og:url\" content=\"https:\/\/top-model.biz\/sv\/anvandarvillkor\/\" \/>\n<meta property=\"og:site_name\" content=\"TOPModel by Depesche Sverige\" \/>\n<meta property=\"article:modified_time\" content=\"2020-03-31T10:41:05+00:00\" \/>\n<meta name=\"twitter:card\" content=\"summary_large_image\" \/>\n<meta name=\"twitter:label1\" content=\"Ber\u00e4knad l\u00e4stid\" \/>\n\t<meta name=\"twitter:data1\" content=\"5 minuter\" \/>\n<script type=\"application\/ld+json\" class=\"yoast-schema-graph\">{\"@context\":\"https:\/\/schema.org\",\"@graph\":[{\"@type\":\"WebPage\",\"@id\":\"https:\/\/top-model.biz\/sv\/anvandarvillkor\/\",\"url\":\"https:\/\/top-model.biz\/sv\/anvandarvillkor\/\",\"name\":\"Anv\u00e4ndar\u00advillkor - TOPModel by Depesche Sverige\",\"isPartOf\":{\"@id\":\"https:\/\/top-model.biz\/sv\/#website\"},\"datePublished\":\"2019-12-03T05:09:46+00:00\",\"dateModified\":\"2020-03-31T10:41:05+00:00\",\"inLanguage\":\"sv-SE\",\"potentialAction\":[{\"@type\":\"ReadAction\",\"target\":[\"https:\/\/top-model.biz\/sv\/anvandarvillkor\/\"]}]},{\"@type\":\"WebSite\",\"@id\":\"https:\/\/top-model.biz\/sv\/#website\",\"url\":\"https:\/\/top-model.biz\/sv\/\",\"name\":\"TOPModel by Depesche Sverige\",\"description\":\"TOPModel by Depesche\",\"publisher\":{\"@id\":\"https:\/\/top-model.biz\/sv\/#organization\"},\"potentialAction\":[{\"@type\":\"SearchAction\",\"target\":{\"@type\":\"EntryPoint\",\"urlTemplate\":\"https:\/\/top-model.biz\/sv\/?s={search_term_string}\"},\"query-input\":{\"@type\":\"PropertyValueSpecification\",\"valueRequired\":true,\"valueName\":\"search_term_string\"}}],\"inLanguage\":\"sv-SE\"},{\"@type\":\"Organization\",\"@id\":\"https:\/\/top-model.biz\/sv\/#organization\",\"name\":\"TOPModel by Depesche GmbH & Co. KG\",\"url\":\"https:\/\/top-model.biz\/sv\/\",\"logo\":{\"@type\":\"ImageObject\",\"inLanguage\":\"sv-SE\",\"@id\":\"https:\/\/top-model.biz\/sv\/#\/schema\/logo\/image\/\",\"url\":\"https:\/\/top-model.biz\/sv\/wp-content\/uploads\/sites\/17\/2020\/01\/depeschelogo_72dpi.jpg\",\"contentUrl\":\"https:\/\/top-model.biz\/sv\/wp-content\/uploads\/sites\/17\/2020\/01\/depeschelogo_72dpi.jpg\",\"width\":1600,\"height\":620,\"caption\":\"TOPModel by Depesche GmbH & Co. KG\"},\"image\":{\"@id\":\"https:\/\/top-model.biz\/sv\/#\/schema\/logo\/image\/\"}}]}<\/script>\n<!-- \/ Yoast SEO Premium plugin. -->","yoast_head_json":{"title":"Anv\u00e4ndar\u00advillkor - TOPModel by Depesche Sverige","robots":{"index":"index","follow":"follow","max-snippet":"max-snippet:-1","max-image-preview":"max-image-preview:large","max-video-preview":"max-video-preview:-1"},"canonical":"https:\/\/top-model.biz\/sv\/anvandarvillkor\/","og_locale":"sv_SE","og_type":"article","og_title":"Anv\u00e4ndar\u00advillkor","og_description":"Med Top-model.biz hemsidan \u00f6nskar vi att erbjuda dig en liten v\u00e4rld av upplevelser p\u00e5 n\u00e4tet. Med ett s\u00e5dant erbjudande s\u00e5 h\u00f6r det naturligtvis n\u00e5gra regler till. D\u00e4rf\u00f6r \u00e4r anv\u00e4ndandet av hemsidan och av de erbjudna tj\u00e4nster f\u00f6rknippade med nedanst\u00e5ende villkor och regler f\u00f6r anv\u00e4ndandet. 1. TOPModel hemsidan drivs av MOTTO AB, Box 591, 201 25 [&hellip;]","og_url":"https:\/\/top-model.biz\/sv\/anvandarvillkor\/","og_site_name":"TOPModel by Depesche Sverige","article_modified_time":"2020-03-31T10:41:05+00:00","twitter_card":"summary_large_image","twitter_misc":{"Ber\u00e4knad l\u00e4stid":"5 minuter"},"schema":{"@context":"https:\/\/schema.org","@graph":[{"@type":"WebPage","@id":"https:\/\/top-model.biz\/sv\/anvandarvillkor\/","url":"https:\/\/top-model.biz\/sv\/anvandarvillkor\/","name":"Anv\u00e4ndar\u00advillkor - TOPModel by Depesche Sverige","isPartOf":{"@id":"https:\/\/top-model.biz\/sv\/#website"},"datePublished":"2019-12-03T05:09:46+00:00","dateModified":"2020-03-31T10:41:05+00:00","inLanguage":"sv-SE","potentialAction":[{"@type":"ReadAction","target":["https:\/\/top-model.biz\/sv\/anvandarvillkor\/"]}]},{"@type":"WebSite","@id":"https:\/\/top-model.biz\/sv\/#website","url":"https:\/\/top-model.biz\/sv\/","name":"TOPModel by Depesche Sverige","description":"TOPModel by Depesche","publisher":{"@id":"https:\/\/top-model.biz\/sv\/#organization"},"potentialAction":[{"@type":"SearchAction","target":{"@type":"EntryPoint","urlTemplate":"https:\/\/top-model.biz\/sv\/?s={search_term_string}"},"query-input":{"@type":"PropertyValueSpecification","valueRequired":true,"valueName":"search_term_string"}}],"inLanguage":"sv-SE"},{"@type":"Organization","@id":"https:\/\/top-model.biz\/sv\/#organization","name":"TOPModel by Depesche GmbH & Co. KG","url":"https:\/\/top-model.biz\/sv\/","logo":{"@type":"ImageObject","inLanguage":"sv-SE","@id":"https:\/\/top-model.biz\/sv\/#\/schema\/logo\/image\/","url":"https:\/\/top-model.biz\/sv\/wp-content\/uploads\/sites\/17\/2020\/01\/depeschelogo_72dpi.jpg","contentUrl":"https:\/\/top-model.biz\/sv\/wp-content\/uploads\/sites\/17\/2020\/01\/depeschelogo_72dpi.jpg","width":1600,"height":620,"caption":"TOPModel by Depesche GmbH & Co. KG"},"image":{"@id":"https:\/\/top-model.biz\/sv\/#\/schema\/logo\/image\/"}}]}},"_links":{"self":[{"href":"https:\/\/top-model.biz\/sv\/wp-json\/wp\/v2\/pages\/27","targetHints":{"allow":["GET"]}}],"collection":[{"href":"https:\/\/top-model.biz\/sv\/wp-json\/wp\/v2\/pages"}],"about":[{"href":"https:\/\/top-model.biz\/sv\/wp-json\/wp\/v2\/types\/page"}],"author":[{"embeddable":true,"href":"https:\/\/top-model.biz\/sv\/wp-json\/wp\/v2\/users\/1"}],"replies":[{"embeddable":true,"href":"https:\/\/top-model.biz\/sv\/wp-json\/wp\/v2\/comments?post=27"}],"version-history":[{"count":10,"href":"https:\/\/top-model.biz\/sv\/wp-json\/wp\/v2\/pages\/27\/revisions"}],"predecessor-version":[{"id":5125,"href":"https:\/\/top-model.biz\/sv\/wp-json\/wp\/v2\/pages\/27\/revisions\/5125"}],"wp:attachment":[{"href":"https:\/\/top-model.biz\/sv\/wp-json\/wp\/v2\/media?parent=27"}],"curies":[{"name":"wp","href":"https:\/\/api.w.org\/{rel}","templated":true}]}}