{"id":25,"date":"2019-12-03T06:09:46","date_gmt":"2019-12-03T05:09:46","guid":{"rendered":"https:\/\/top-model.biz\/?page_id=25"},"modified":"2026-02-20T21:27:55","modified_gmt":"2026-02-20T20:27:55","slug":"om-oss","status":"publish","type":"page","link":"https:\/\/top-model.biz\/sv\/om-oss\/","title":{"rendered":"Om oss"},"content":{"rendered":"<p>MOTTO (som sedan sin start i 1985 har haft en ledande plats inom kort- och presentartikelbranschen) \u00e4r i dag den ende distribut\u00f6ren av TOPModel konceptet i Sverige, Finland och Danmark. F\u00f6rutom distribuering av TOPModel till \u00e5terf\u00f6rs\u00e4ljarna st\u00e5r vi ocks\u00e5 f\u00f6r de officiella hemsidorna, t\u00e4vlingar, marknadsf\u00f6ring, m.m. i de vederb\u00f6rande l\u00e4nderna.<br \/>\nMOTTO AB \u00e4r dessutom den ende distribut\u00f6ren av andra trendprodukt koncepter som bl.a. Miss Melody, Ylvi &amp; the Minimoomis, Princess Mimi, Horses Dreams, Dino World och Monster Cars.<\/p>\n<p><img decoding=\"async\" class=\"alignnone wp-image-3052\" src=\"https:\/\/top-model.biz\/sv\/wp-content\/uploads\/sites\/17\/2020\/03\/Header_mottologo_left_squares_silhouettes_100x1150_151119_text-e1584445382277.png\" alt=\"\" width=\"202\" \/><\/p>\n<p><b>Denna hemsida drivs av:<br \/>\n<\/b>MOTTO AB<br \/>\nwww.motto.se<br \/>\nKontaktinformation:<br \/>\nMOTTO AB<br \/>\nMOTTO AB<br \/>\nBox 591<br \/>\n201 25 Malm\u00f6<br \/>\nSverige<br \/>\nTel: (+46) 08-233 233<br \/>\nE-mail: office@motto.se<br \/>\nOrg.nr: 556594-2314<\/p>\n<p><b>www.top-model.biz utarbetas av:<\/b><br \/>\n<img loading=\"lazy\" decoding=\"async\" class=\"alignnone wp-image-3052\" src=\"https:\/\/top-model.biz\/wp-content\/uploads\/2020\/01\/depeschelogo_72dpi-1024x397.jpg\" alt=\"\" width=\"302\" height=\"117\" \/><br \/>\nDepesche Vertrieb GmbH &amp; Co. KG<br \/>\nwww.depesche.com<br \/>\nVierlander Str. 14<br \/>\nD-21502 Geesthacht<br \/>\nKommersiellt register: HRA 283 GE<br \/>\nRegistrera domstolen: L\u00fcbeck<\/p>\n<p><b>i kreativt samarbejde med:<\/b><br \/>\nMartin Pahl \/ Creative Content \u2013 Kreativagentur<br \/>\n<a href=\"https:\/\/www.pahlcc.de\/\" target=\"_blank\" rel=\"noopener noreferrer\">https:\/\/www.pahlcc.de\/<\/a><\/p>\n<p><b>Programmierung &amp; Webumsetzung<\/b><br \/>\nSaskia Teichmann \/ isla Studio WordPress Web Development<br \/>\n<a title=\"WordPress Webentwicklung - Themes und Plugins\" href=\"https:\/\/isla-stud.io\/\" target=\"_blank\">https:\/\/isla-stud.io\/<\/a><\/p>\n<p><b>Tvistl\u00f6sning<\/b><br \/>\nEuropeiska kommissionen tillhandah\u00e5ller en plattform f\u00f6r online tvistl\u00f6sning (OS): <a href=\"https:\/\/ec.europa.eu\/consumers\/odr\" target=\"_blank\" rel=\"noopener noreferrer\">https:\/\/ec.europa.eu\/consumers\/odr<\/a>.<br \/>\nVi \u00e4r inte villiga eller skyldiga att delta i tvistl\u00f6sningsf\u00f6rfaranden vid en konsumentskillnadsn\u00e4mnd.<\/p>\n","protected":false},"excerpt":{"rendered":"<p>MOTTO (som sedan sin start i 1985 har haft en ledande plats inom kort- och presentartikelbranschen) \u00e4r i dag den ende distribut\u00f6ren av TOPModel konceptet i Sverige, Finland och Danmark. F\u00f6rutom distribuering av TOPModel till \u00e5terf\u00f6rs\u00e4ljarna st\u00e5r vi ocks\u00e5 f\u00f6r de officiella hemsidorna, t\u00e4vlingar, marknadsf\u00f6ring, m.m. i de vederb\u00f6rande l\u00e4nderna. MOTTO AB \u00e4r dessutom den [&hellip;]<\/p>\n","protected":false},"author":1,"featured_media":0,"parent":0,"menu_order":0,"comment_status":"closed","ping_status":"closed","template":"page_simple.php","meta":{"_acf_changed":false,"_et_pb_use_builder":"","_et_pb_old_content":"","_et_gb_content_width":"","footnotes":""},"class_list":["post-25","page","type-page","status-publish","hentry"],"acf":[],"yoast_head":"<!-- This site is optimized with the Yoast SEO Premium plugin v24.2 (Yoast SEO v27.2) - https:\/\/yoast.com\/product\/yoast-seo-premium-wordpress\/ -->\n<title>Om oss - TOPModel by Depesche Sverige<\/title>\n<meta name=\"robots\" content=\"index, follow, max-snippet:-1, max-image-preview:large, max-video-preview:-1\" \/>\n<link rel=\"canonical\" href=\"https:\/\/top-model.biz\/sv\/om-oss\/\" \/>\n<meta property=\"og:locale\" content=\"sv_SE\" \/>\n<meta property=\"og:type\" content=\"article\" \/>\n<meta property=\"og:title\" content=\"Om oss\" \/>\n<meta property=\"og:description\" content=\"MOTTO (som sedan sin start i 1985 har haft en ledande plats inom kort- och presentartikelbranschen) \u00e4r i dag den ende distribut\u00f6ren av TOPModel konceptet i Sverige, Finland och Danmark. F\u00f6rutom distribuering av TOPModel till \u00e5terf\u00f6rs\u00e4ljarna st\u00e5r vi ocks\u00e5 f\u00f6r de officiella hemsidorna, t\u00e4vlingar, marknadsf\u00f6ring, m.m. i de vederb\u00f6rande l\u00e4nderna. MOTTO AB \u00e4r dessutom den [&hellip;]\" \/>\n<meta property=\"og:url\" content=\"https:\/\/top-model.biz\/sv\/om-oss\/\" \/>\n<meta property=\"og:site_name\" content=\"TOPModel by Depesche Sverige\" \/>\n<meta property=\"article:modified_time\" content=\"2026-02-20T20:27:55+00:00\" \/>\n<meta property=\"og:image\" content=\"https:\/\/top-model.biz\/sv\/wp-content\/uploads\/sites\/17\/2020\/01\/depeschelogo_72dpi.jpg\" \/>\n\t<meta property=\"og:image:width\" content=\"1600\" \/>\n\t<meta property=\"og:image:height\" content=\"620\" \/>\n\t<meta property=\"og:image:type\" content=\"image\/jpeg\" \/>\n<meta name=\"twitter:card\" content=\"summary_large_image\" \/>\n<meta name=\"twitter:label1\" content=\"Ber\u00e4knad l\u00e4stid\" \/>\n\t<meta name=\"twitter:data1\" content=\"2 minuter\" \/>\n<script type=\"application\/ld+json\" class=\"yoast-schema-graph\">{\"@context\":\"https:\/\/schema.org\",\"@graph\":[{\"@type\":\"WebPage\",\"@id\":\"https:\/\/top-model.biz\/sv\/om-oss\/\",\"url\":\"https:\/\/top-model.biz\/sv\/om-oss\/\",\"name\":\"Om oss - TOPModel by Depesche Sverige\",\"isPartOf\":{\"@id\":\"https:\/\/top-model.biz\/sv\/#website\"},\"primaryImageOfPage\":{\"@id\":\"https:\/\/top-model.biz\/sv\/om-oss\/#primaryimage\"},\"image\":{\"@id\":\"https:\/\/top-model.biz\/sv\/om-oss\/#primaryimage\"},\"thumbnailUrl\":\"https:\/\/top-model.biz\/sv\/wp-content\/uploads\/sites\/17\/2020\/03\/Header_mottologo_left_squares_silhouettes_100x1150_151119_text-e1584445382277.png\",\"datePublished\":\"2019-12-03T05:09:46+00:00\",\"dateModified\":\"2026-02-20T20:27:55+00:00\",\"inLanguage\":\"sv-SE\",\"potentialAction\":[{\"@type\":\"ReadAction\",\"target\":[\"https:\/\/top-model.biz\/sv\/om-oss\/\"]}]},{\"@type\":\"ImageObject\",\"inLanguage\":\"sv-SE\",\"@id\":\"https:\/\/top-model.biz\/sv\/om-oss\/#primaryimage\",\"url\":\"https:\/\/top-model.biz\/sv\/wp-content\/uploads\/sites\/17\/2020\/01\/depeschelogo_72dpi.jpg\",\"contentUrl\":\"https:\/\/top-model.biz\/sv\/wp-content\/uploads\/sites\/17\/2020\/01\/depeschelogo_72dpi.jpg\",\"width\":1600,\"height\":620},{\"@type\":\"WebSite\",\"@id\":\"https:\/\/top-model.biz\/sv\/#website\",\"url\":\"https:\/\/top-model.biz\/sv\/\",\"name\":\"TOPModel by Depesche Sverige\",\"description\":\"TOPModel by Depesche\",\"publisher\":{\"@id\":\"https:\/\/top-model.biz\/sv\/#organization\"},\"potentialAction\":[{\"@type\":\"SearchAction\",\"target\":{\"@type\":\"EntryPoint\",\"urlTemplate\":\"https:\/\/top-model.biz\/sv\/?s={search_term_string}\"},\"query-input\":{\"@type\":\"PropertyValueSpecification\",\"valueRequired\":true,\"valueName\":\"search_term_string\"}}],\"inLanguage\":\"sv-SE\"},{\"@type\":\"Organization\",\"@id\":\"https:\/\/top-model.biz\/sv\/#organization\",\"name\":\"TOPModel by Depesche GmbH & Co. KG\",\"url\":\"https:\/\/top-model.biz\/sv\/\",\"logo\":{\"@type\":\"ImageObject\",\"inLanguage\":\"sv-SE\",\"@id\":\"https:\/\/top-model.biz\/sv\/#\/schema\/logo\/image\/\",\"url\":\"https:\/\/top-model.biz\/sv\/wp-content\/uploads\/sites\/17\/2020\/01\/depeschelogo_72dpi.jpg\",\"contentUrl\":\"https:\/\/top-model.biz\/sv\/wp-content\/uploads\/sites\/17\/2020\/01\/depeschelogo_72dpi.jpg\",\"width\":1600,\"height\":620,\"caption\":\"TOPModel by Depesche GmbH & Co. KG\"},\"image\":{\"@id\":\"https:\/\/top-model.biz\/sv\/#\/schema\/logo\/image\/\"}}]}<\/script>\n<!-- \/ Yoast SEO Premium plugin. -->","yoast_head_json":{"title":"Om oss - TOPModel by Depesche Sverige","robots":{"index":"index","follow":"follow","max-snippet":"max-snippet:-1","max-image-preview":"max-image-preview:large","max-video-preview":"max-video-preview:-1"},"canonical":"https:\/\/top-model.biz\/sv\/om-oss\/","og_locale":"sv_SE","og_type":"article","og_title":"Om oss","og_description":"MOTTO (som sedan sin start i 1985 har haft en ledande plats inom kort- och presentartikelbranschen) \u00e4r i dag den ende distribut\u00f6ren av TOPModel konceptet i Sverige, Finland och Danmark. F\u00f6rutom distribuering av TOPModel till \u00e5terf\u00f6rs\u00e4ljarna st\u00e5r vi ocks\u00e5 f\u00f6r de officiella hemsidorna, t\u00e4vlingar, marknadsf\u00f6ring, m.m. i de vederb\u00f6rande l\u00e4nderna. MOTTO AB \u00e4r dessutom den [&hellip;]","og_url":"https:\/\/top-model.biz\/sv\/om-oss\/","og_site_name":"TOPModel by Depesche Sverige","article_modified_time":"2026-02-20T20:27:55+00:00","og_image":[{"width":1600,"height":620,"url":"https:\/\/top-model.biz\/sv\/wp-content\/uploads\/sites\/17\/2020\/01\/depeschelogo_72dpi.jpg","type":"image\/jpeg"}],"twitter_card":"summary_large_image","twitter_misc":{"Ber\u00e4knad l\u00e4stid":"2 minuter"},"schema":{"@context":"https:\/\/schema.org","@graph":[{"@type":"WebPage","@id":"https:\/\/top-model.biz\/sv\/om-oss\/","url":"https:\/\/top-model.biz\/sv\/om-oss\/","name":"Om oss - TOPModel by Depesche Sverige","isPartOf":{"@id":"https:\/\/top-model.biz\/sv\/#website"},"primaryImageOfPage":{"@id":"https:\/\/top-model.biz\/sv\/om-oss\/#primaryimage"},"image":{"@id":"https:\/\/top-model.biz\/sv\/om-oss\/#primaryimage"},"thumbnailUrl":"https:\/\/top-model.biz\/sv\/wp-content\/uploads\/sites\/17\/2020\/03\/Header_mottologo_left_squares_silhouettes_100x1150_151119_text-e1584445382277.png","datePublished":"2019-12-03T05:09:46+00:00","dateModified":"2026-02-20T20:27:55+00:00","inLanguage":"sv-SE","potentialAction":[{"@type":"ReadAction","target":["https:\/\/top-model.biz\/sv\/om-oss\/"]}]},{"@type":"ImageObject","inLanguage":"sv-SE","@id":"https:\/\/top-model.biz\/sv\/om-oss\/#primaryimage","url":"https:\/\/top-model.biz\/sv\/wp-content\/uploads\/sites\/17\/2020\/01\/depeschelogo_72dpi.jpg","contentUrl":"https:\/\/top-model.biz\/sv\/wp-content\/uploads\/sites\/17\/2020\/01\/depeschelogo_72dpi.jpg","width":1600,"height":620},{"@type":"WebSite","@id":"https:\/\/top-model.biz\/sv\/#website","url":"https:\/\/top-model.biz\/sv\/","name":"TOPModel by Depesche Sverige","description":"TOPModel by Depesche","publisher":{"@id":"https:\/\/top-model.biz\/sv\/#organization"},"potentialAction":[{"@type":"SearchAction","target":{"@type":"EntryPoint","urlTemplate":"https:\/\/top-model.biz\/sv\/?s={search_term_string}"},"query-input":{"@type":"PropertyValueSpecification","valueRequired":true,"valueName":"search_term_string"}}],"inLanguage":"sv-SE"},{"@type":"Organization","@id":"https:\/\/top-model.biz\/sv\/#organization","name":"TOPModel by Depesche GmbH & Co. KG","url":"https:\/\/top-model.biz\/sv\/","logo":{"@type":"ImageObject","inLanguage":"sv-SE","@id":"https:\/\/top-model.biz\/sv\/#\/schema\/logo\/image\/","url":"https:\/\/top-model.biz\/sv\/wp-content\/uploads\/sites\/17\/2020\/01\/depeschelogo_72dpi.jpg","contentUrl":"https:\/\/top-model.biz\/sv\/wp-content\/uploads\/sites\/17\/2020\/01\/depeschelogo_72dpi.jpg","width":1600,"height":620,"caption":"TOPModel by Depesche GmbH & Co. KG"},"image":{"@id":"https:\/\/top-model.biz\/sv\/#\/schema\/logo\/image\/"}}]}},"_links":{"self":[{"href":"https:\/\/top-model.biz\/sv\/wp-json\/wp\/v2\/pages\/25","targetHints":{"allow":["GET"]}}],"collection":[{"href":"https:\/\/top-model.biz\/sv\/wp-json\/wp\/v2\/pages"}],"about":[{"href":"https:\/\/top-model.biz\/sv\/wp-json\/wp\/v2\/types\/page"}],"author":[{"embeddable":true,"href":"https:\/\/top-model.biz\/sv\/wp-json\/wp\/v2\/users\/1"}],"replies":[{"embeddable":true,"href":"https:\/\/top-model.biz\/sv\/wp-json\/wp\/v2\/comments?post=25"}],"version-history":[{"count":11,"href":"https:\/\/top-model.biz\/sv\/wp-json\/wp\/v2\/pages\/25\/revisions"}],"predecessor-version":[{"id":5662,"href":"https:\/\/top-model.biz\/sv\/wp-json\/wp\/v2\/pages\/25\/revisions\/5662"}],"wp:attachment":[{"href":"https:\/\/top-model.biz\/sv\/wp-json\/wp\/v2\/media?parent=25"}],"curies":[{"name":"wp","href":"https:\/\/api.w.org\/{rel}","templated":true}]}}