{"id":25,"date":"2019-12-03T06:09:46","date_gmt":"2019-12-03T05:09:46","guid":{"rendered":"https:\/\/top-model.biz\/?page_id=25"},"modified":"2026-02-20T21:26:40","modified_gmt":"2026-02-20T20:26:40","slug":"colofon","status":"publish","type":"page","link":"https:\/\/top-model.biz\/nl\/colofon\/","title":{"rendered":"Colofon"},"content":{"rendered":"<p>Hier vindt u alle relevante informatie over de identificatie van de provider. Als er enige reden is om te klagen over de inhoud of presentatie van onze website, vragen we u deze informeel per e-mail of per post te verzenden. Gemelde klachten worden onmiddellijk beoordeeld en de oorzaak van een legitieme klacht wordt onmiddellijk verwijderd.<\/p>\n<p><img loading=\"lazy\" decoding=\"async\" class=\"alignnone wp-image-5617 size-medium\" src=\"https:\/\/top-model.biz\/nl\/wp-content\/uploads\/sites\/14\/2020\/11\/DEPESCHE-International-Logo-300x58.jpg\" alt=\"\" width=\"300\" height=\"58\" \/><\/p>\n<p><b>Provider i.S.d. \u00a7 5 TMG<br \/>\n<\/b>Depesche Vertrieb GmbH &amp; Co. KG Nederland<br \/>\nNassauplein 30<br \/>\n2585 EC Den Haag<br \/>\nNederland<\/p>\n<p><b>Vertegenwoordigd door de algemene partner:<\/b><br \/>\nVierlander Str. 14<br \/>\nD-21502 Geesthacht<br \/>\nBedrijfsleiders:<br \/>\nKjeld Schi\u00f8tz, Dine Schi\u00f8tz, Nynne Schi\u00f8tz<br \/>\nHandelsregister: HRB 487 GE<br \/>\nRegisterrechter: L\u00fcbeck<\/p>\n<p><b>Contact<\/b><br \/>\nTelefoon: 0049 (0) 4152 \/ 936-0<br \/>\nFax: 0049 (0) 4152 \/ 936 4 237<br \/>\nredactie@top-model.biz<\/p>\n<p><b>BTW<\/b><br \/>\nBtw-identificatienummer volgens \u00a727 a btw-wet: DE174223143<br \/>\nVerantwoordelijk voor de inhoud volgens \u00a7 55 Abs. 2 RStV<br \/>\nTina Hennig<br \/>\nDepesche Vertrieb GmbH &amp; Co. KG<br \/>\nVierlander Str. 14<br \/>\nD-21502 Geesthacht<\/p>\n<p><b>Webdesign &amp; Development<\/b><br \/>\nMartin Pahl \/ Creative Content \u2013 Kreativagentur<br \/>\n<a href=\"https:\/\/www.pahlcc.de\/\" target=\"_blank\" rel=\"noopener noreferrer\">https:\/\/www.pahlcc.de\/<\/a><\/p>\n<p><b>Programmeren &amp; Web implementatie<\/b><br \/>\nSaskia Teichmann \/ isla Studio WordPress Web Development<br \/>\n<a title=\"WordPress Webentwicklung - Themes und Plugins\" href=\"https:\/\/isla-stud.io\/\" target=\"_blank\">https:\/\/isla-stud.io\/<\/a><\/p>\n<p><b>Geschillenbeslechting<\/b><br \/>\nDe Europese Commissie biedt een platform voor online geschillenbeslechting (OS): <a href=\"https:\/\/ec.europa.eu\/consumers\/odr\" target=\"_blank\" rel=\"noopener noreferrer\">https:\/\/ec.europa.eu\/consumers\/odr<\/a>.<br \/>\nWe zijn niet bereid of verplicht om deel te nemen aan geschillenbeslechtingsprocedures voor een arbitragecommissie voor consumenten.<\/p>\n","protected":false},"excerpt":{"rendered":"<p>Hier vindt u alle relevante informatie over de identificatie van de provider. Als er enige reden is om te klagen over de inhoud of presentatie van onze website, vragen we u deze informeel per e-mail of per post te verzenden. Gemelde klachten worden onmiddellijk beoordeeld en de oorzaak van een legitieme klacht wordt onmiddellijk verwijderd. [&hellip;]<\/p>\n","protected":false},"author":1,"featured_media":0,"parent":0,"menu_order":0,"comment_status":"closed","ping_status":"closed","template":"page_simple.php","meta":{"_acf_changed":false,"_et_pb_use_builder":"","_et_pb_old_content":"","_et_gb_content_width":"","footnotes":""},"class_list":["post-25","page","type-page","status-publish","hentry"],"acf":[],"yoast_head":"<!-- This site is optimized with the Yoast SEO Premium plugin v24.2 (Yoast SEO v27.2) - https:\/\/yoast.com\/product\/yoast-seo-premium-wordpress\/ -->\n<title>Colofon - TOPModel by Depesche Nederland<\/title>\n<meta name=\"robots\" content=\"index, follow, max-snippet:-1, max-image-preview:large, max-video-preview:-1\" \/>\n<link rel=\"canonical\" href=\"https:\/\/top-model.biz\/nl\/colofon\/\" \/>\n<meta property=\"og:locale\" content=\"nl_NL\" \/>\n<meta property=\"og:type\" content=\"article\" \/>\n<meta property=\"og:title\" content=\"Colofon\" \/>\n<meta property=\"og:description\" content=\"Hier vindt u alle relevante informatie over de identificatie van de provider. Als er enige reden is om te klagen over de inhoud of presentatie van onze website, vragen we u deze informeel per e-mail of per post te verzenden. Gemelde klachten worden onmiddellijk beoordeeld en de oorzaak van een legitieme klacht wordt onmiddellijk verwijderd. [&hellip;]\" \/>\n<meta property=\"og:url\" content=\"https:\/\/top-model.biz\/nl\/colofon\/\" \/>\n<meta property=\"og:site_name\" content=\"TOPModel by Depesche Nederland\" \/>\n<meta property=\"article:modified_time\" content=\"2026-02-20T20:26:40+00:00\" \/>\n<meta property=\"og:image\" content=\"https:\/\/top-model.biz\/nl\/wp-content\/uploads\/sites\/14\/2020\/11\/DEPESCHE-International-Logo.jpg\" \/>\n\t<meta property=\"og:image:width\" content=\"1228\" \/>\n\t<meta property=\"og:image:height\" content=\"236\" \/>\n\t<meta property=\"og:image:type\" content=\"image\/jpeg\" \/>\n<meta name=\"twitter:card\" content=\"summary_large_image\" \/>\n<meta name=\"twitter:label1\" content=\"Geschatte leestijd\" \/>\n\t<meta name=\"twitter:data1\" content=\"2 minuten\" \/>\n<script type=\"application\/ld+json\" class=\"yoast-schema-graph\">{\"@context\":\"https:\/\/schema.org\",\"@graph\":[{\"@type\":\"WebPage\",\"@id\":\"https:\/\/top-model.biz\/nl\/colofon\/\",\"url\":\"https:\/\/top-model.biz\/nl\/colofon\/\",\"name\":\"Colofon - TOPModel by Depesche Nederland\",\"isPartOf\":{\"@id\":\"https:\/\/top-model.biz\/nl\/#website\"},\"primaryImageOfPage\":{\"@id\":\"https:\/\/top-model.biz\/nl\/colofon\/#primaryimage\"},\"image\":{\"@id\":\"https:\/\/top-model.biz\/nl\/colofon\/#primaryimage\"},\"thumbnailUrl\":\"https:\/\/top-model.biz\/nl\/wp-content\/uploads\/sites\/14\/2020\/11\/DEPESCHE-International-Logo-300x58.jpg\",\"datePublished\":\"2019-12-03T05:09:46+00:00\",\"dateModified\":\"2026-02-20T20:26:40+00:00\",\"inLanguage\":\"nl-NL\",\"potentialAction\":[{\"@type\":\"ReadAction\",\"target\":[\"https:\/\/top-model.biz\/nl\/colofon\/\"]}]},{\"@type\":\"ImageObject\",\"inLanguage\":\"nl-NL\",\"@id\":\"https:\/\/top-model.biz\/nl\/colofon\/#primaryimage\",\"url\":\"https:\/\/top-model.biz\/nl\/wp-content\/uploads\/sites\/14\/2020\/11\/DEPESCHE-International-Logo.jpg\",\"contentUrl\":\"https:\/\/top-model.biz\/nl\/wp-content\/uploads\/sites\/14\/2020\/11\/DEPESCHE-International-Logo.jpg\",\"width\":1228,\"height\":236},{\"@type\":\"WebSite\",\"@id\":\"https:\/\/top-model.biz\/nl\/#website\",\"url\":\"https:\/\/top-model.biz\/nl\/\",\"name\":\"TOPModel by Depesche Nederland\",\"description\":\"TOPModel by Depesche\",\"publisher\":{\"@id\":\"https:\/\/top-model.biz\/nl\/#organization\"},\"potentialAction\":[{\"@type\":\"SearchAction\",\"target\":{\"@type\":\"EntryPoint\",\"urlTemplate\":\"https:\/\/top-model.biz\/nl\/?s={search_term_string}\"},\"query-input\":{\"@type\":\"PropertyValueSpecification\",\"valueRequired\":true,\"valueName\":\"search_term_string\"}}],\"inLanguage\":\"nl-NL\"},{\"@type\":\"Organization\",\"@id\":\"https:\/\/top-model.biz\/nl\/#organization\",\"name\":\"TOPModel by Depesche GmbH & Co. KG\",\"url\":\"https:\/\/top-model.biz\/nl\/\",\"logo\":{\"@type\":\"ImageObject\",\"inLanguage\":\"nl-NL\",\"@id\":\"https:\/\/top-model.biz\/nl\/#\/schema\/logo\/image\/\",\"url\":\"https:\/\/top-model.biz\/nl\/wp-content\/uploads\/sites\/14\/2020\/01\/depeschelogo_72dpi.jpg\",\"contentUrl\":\"https:\/\/top-model.biz\/nl\/wp-content\/uploads\/sites\/14\/2020\/01\/depeschelogo_72dpi.jpg\",\"width\":1600,\"height\":620,\"caption\":\"TOPModel by Depesche GmbH & Co. KG\"},\"image\":{\"@id\":\"https:\/\/top-model.biz\/nl\/#\/schema\/logo\/image\/\"},\"sameAs\":[\"https:\/\/www.instagram.com\/topmodel_international\"]}]}<\/script>\n<!-- \/ Yoast SEO Premium plugin. -->","yoast_head_json":{"title":"Colofon - TOPModel by Depesche Nederland","robots":{"index":"index","follow":"follow","max-snippet":"max-snippet:-1","max-image-preview":"max-image-preview:large","max-video-preview":"max-video-preview:-1"},"canonical":"https:\/\/top-model.biz\/nl\/colofon\/","og_locale":"nl_NL","og_type":"article","og_title":"Colofon","og_description":"Hier vindt u alle relevante informatie over de identificatie van de provider. Als er enige reden is om te klagen over de inhoud of presentatie van onze website, vragen we u deze informeel per e-mail of per post te verzenden. Gemelde klachten worden onmiddellijk beoordeeld en de oorzaak van een legitieme klacht wordt onmiddellijk verwijderd. [&hellip;]","og_url":"https:\/\/top-model.biz\/nl\/colofon\/","og_site_name":"TOPModel by Depesche Nederland","article_modified_time":"2026-02-20T20:26:40+00:00","og_image":[{"width":1228,"height":236,"url":"https:\/\/top-model.biz\/nl\/wp-content\/uploads\/sites\/14\/2020\/11\/DEPESCHE-International-Logo.jpg","type":"image\/jpeg"}],"twitter_card":"summary_large_image","twitter_misc":{"Geschatte leestijd":"2 minuten"},"schema":{"@context":"https:\/\/schema.org","@graph":[{"@type":"WebPage","@id":"https:\/\/top-model.biz\/nl\/colofon\/","url":"https:\/\/top-model.biz\/nl\/colofon\/","name":"Colofon - TOPModel by Depesche Nederland","isPartOf":{"@id":"https:\/\/top-model.biz\/nl\/#website"},"primaryImageOfPage":{"@id":"https:\/\/top-model.biz\/nl\/colofon\/#primaryimage"},"image":{"@id":"https:\/\/top-model.biz\/nl\/colofon\/#primaryimage"},"thumbnailUrl":"https:\/\/top-model.biz\/nl\/wp-content\/uploads\/sites\/14\/2020\/11\/DEPESCHE-International-Logo-300x58.jpg","datePublished":"2019-12-03T05:09:46+00:00","dateModified":"2026-02-20T20:26:40+00:00","inLanguage":"nl-NL","potentialAction":[{"@type":"ReadAction","target":["https:\/\/top-model.biz\/nl\/colofon\/"]}]},{"@type":"ImageObject","inLanguage":"nl-NL","@id":"https:\/\/top-model.biz\/nl\/colofon\/#primaryimage","url":"https:\/\/top-model.biz\/nl\/wp-content\/uploads\/sites\/14\/2020\/11\/DEPESCHE-International-Logo.jpg","contentUrl":"https:\/\/top-model.biz\/nl\/wp-content\/uploads\/sites\/14\/2020\/11\/DEPESCHE-International-Logo.jpg","width":1228,"height":236},{"@type":"WebSite","@id":"https:\/\/top-model.biz\/nl\/#website","url":"https:\/\/top-model.biz\/nl\/","name":"TOPModel by Depesche Nederland","description":"TOPModel by Depesche","publisher":{"@id":"https:\/\/top-model.biz\/nl\/#organization"},"potentialAction":[{"@type":"SearchAction","target":{"@type":"EntryPoint","urlTemplate":"https:\/\/top-model.biz\/nl\/?s={search_term_string}"},"query-input":{"@type":"PropertyValueSpecification","valueRequired":true,"valueName":"search_term_string"}}],"inLanguage":"nl-NL"},{"@type":"Organization","@id":"https:\/\/top-model.biz\/nl\/#organization","name":"TOPModel by Depesche GmbH & Co. KG","url":"https:\/\/top-model.biz\/nl\/","logo":{"@type":"ImageObject","inLanguage":"nl-NL","@id":"https:\/\/top-model.biz\/nl\/#\/schema\/logo\/image\/","url":"https:\/\/top-model.biz\/nl\/wp-content\/uploads\/sites\/14\/2020\/01\/depeschelogo_72dpi.jpg","contentUrl":"https:\/\/top-model.biz\/nl\/wp-content\/uploads\/sites\/14\/2020\/01\/depeschelogo_72dpi.jpg","width":1600,"height":620,"caption":"TOPModel by Depesche GmbH & Co. KG"},"image":{"@id":"https:\/\/top-model.biz\/nl\/#\/schema\/logo\/image\/"},"sameAs":["https:\/\/www.instagram.com\/topmodel_international"]}]}},"_links":{"self":[{"href":"https:\/\/top-model.biz\/nl\/wp-json\/wp\/v2\/pages\/25","targetHints":{"allow":["GET"]}}],"collection":[{"href":"https:\/\/top-model.biz\/nl\/wp-json\/wp\/v2\/pages"}],"about":[{"href":"https:\/\/top-model.biz\/nl\/wp-json\/wp\/v2\/types\/page"}],"author":[{"embeddable":true,"href":"https:\/\/top-model.biz\/nl\/wp-json\/wp\/v2\/users\/1"}],"replies":[{"embeddable":true,"href":"https:\/\/top-model.biz\/nl\/wp-json\/wp\/v2\/comments?post=25"}],"version-history":[{"count":11,"href":"https:\/\/top-model.biz\/nl\/wp-json\/wp\/v2\/pages\/25\/revisions"}],"predecessor-version":[{"id":7021,"href":"https:\/\/top-model.biz\/nl\/wp-json\/wp\/v2\/pages\/25\/revisions\/7021"}],"wp:attachment":[{"href":"https:\/\/top-model.biz\/nl\/wp-json\/wp\/v2\/media?parent=25"}],"curies":[{"name":"wp","href":"https:\/\/api.w.org\/{rel}","templated":true}]}}