{"id":7622,"date":"2025-07-22T10:42:34","date_gmt":"2025-07-22T08:42:34","guid":{"rendered":"https:\/\/top-model.biz\/fr\/?page_id=7622"},"modified":"2025-07-22T10:42:34","modified_gmt":"2025-07-22T08:42:34","slug":"accessibilite","status":"publish","type":"page","link":"https:\/\/top-model.biz\/fr\/accessibilite\/","title":{"rendered":"Accessibilit\u00e9 chez top-model.biz"},"content":{"rendered":"<p><b>Depesche Vertrieb GmbH &amp; Co. KG<\/b> s\u2019engage pleinement \u00e0 rendre nos services num\u00e9riques accessibles \u00e0 toi et \u00e0 tous les utilisateurs. Nous sommes convaincus que chacun a le droit \u00e0 la dignit\u00e9, \u00e0 l\u2019\u00e9galit\u00e9, au confort et \u00e0 l\u2019autonomie\u2009; c\u2019est pourquoi nous avons investi des ressources importantes pour garantir l\u2019accessibilit\u00e9 de notre site.<\/p>\n<p>L\u2019accessibilit\u00e9 num\u00e9rique n\u2019est pas seulement un objectif ponctuel, mais un engagement continu. Nous surveillons, am\u00e9liorons et adaptons constamment nos services. Voici un aper\u00e7u des mesures que nous avons prises.<\/p>\n<h2>Partenariat avec UserWay<\/h2>\n<p>Au c\u0153ur de notre d\u00e9marche se trouve notre collaboration avec UserWay. Gr\u00e2ce \u00e0 leur <a title=\"Widget d\u2019accessibilit\u00e9 UserWay\" href=\"https:\/\/userway.org\/\" rel=\"nofollow\">Widget d\u2019accessibilit\u00e9<\/a> et \u00e0 un serveur d\u00e9di\u00e9, nous assurons la conformit\u00e9 de notre site aux normes <a title=\"Web Content Accessibility Guidelines\" href=\"https:\/\/www.w3.org\/TR\/WCAG21\/\" rel=\"nofollow\">WCAG<\/a> en vigueur.<\/p>\n<h3>Personnalise ton exp\u00e9rience<\/h3>\n<p>Avec le widget, tu peux ajuster l\u2019accessibilit\u00e9 selon tes besoins :<\/p>\n<ul>\n<li>Augmenter la taille des polices,<\/li>\n<li>Mettre les animations en pause,<\/li>\n<li>Renforcer les contrastes de couleur,<\/li>\n<li>et bien d\u2019autres options.<\/li>\n<\/ul>\n<p>Tu peux ainsi r\u00e9pondre ais\u00e9ment aux exigences du <a title=\"WCAG Level AAA\" href=\"https:\/\/www.w3.org\/WAI\/WCAG22\/Understanding\/contrast-enhanced.html\" rel=\"nofollow\">niveau AAA des WCAG<\/a>.<\/p>\n<h2>Automated Remediation Technology (ART)<\/h2>\n<p>Que tu utilises ou non une technologie d\u2019assistance, notre site active pour tous les visiteurs la <strong>Automated Remediation Technology (ART)<\/strong>. ART am\u00e9liore automatiquement l\u2019accessibilit\u00e9 en : <\/p>\n<ul>\n<li>Ajoutant des textes alternatifs aux images et \u00e9l\u00e9ments non textuels,<\/li>\n<li>Optimisant la navigation au clavier gr\u00e2ce \u00e0 des indicateurs de focus et des \u00ab skip links \u00bb.<\/li>\n<\/ul>\n<h2>Contacte-nous<\/h2>\n<p>Nous voulons que ta visite soit fluide et inclusive. Si tu rencontres un probl\u00e8me d\u2019accessibilit\u00e9 ou souhaites des informations compl\u00e9mentaires, n\u2019h\u00e9site pas \u00e0 nous \u00e9crire !<\/p>\n<ul>\n<li><b>Depesche Vertrieb GmbH &amp; Co. KG<\/b><\/li>\n<li>Email : <a href=\"mailto:kontakt@top-model.biz\" rel=\"nofollow\">kontakt@top-model.biz<\/a><\/li>\n<\/ul>\n<p>Nous prenons l\u2019accessibilit\u00e9 tr\u00e8s au s\u00e9rieux et te r\u00e9pondrons dans les plus brefs d\u00e9lais.<\/p>\n","protected":false},"excerpt":{"rendered":"<p>Depesche Vertrieb GmbH &amp; Co. KG s\u2019engage pleinement \u00e0 rendre nos services num\u00e9riques accessibles \u00e0 toi et \u00e0 tous les utilisateurs. Nous sommes convaincus que chacun a le droit \u00e0 la dignit\u00e9, \u00e0 l\u2019\u00e9galit\u00e9, au confort et \u00e0 l\u2019autonomie\u2009; c\u2019est pourquoi nous avons investi des ressources importantes pour garantir l\u2019accessibilit\u00e9 de notre site. L\u2019accessibilit\u00e9 num\u00e9rique [&hellip;]<\/p>\n","protected":false},"author":1,"featured_media":0,"parent":0,"menu_order":0,"comment_status":"closed","ping_status":"closed","template":"page_simple.php","meta":{"_acf_changed":false,"_et_pb_use_builder":"","_et_pb_old_content":"","_et_gb_content_width":"","footnotes":""},"class_list":["post-7622","page","type-page","status-publish","hentry"],"acf":[],"yoast_head":"<!-- This site is optimized with the Yoast SEO Premium plugin v24.2 (Yoast SEO v27.2) - https:\/\/yoast.com\/product\/yoast-seo-premium-wordpress\/ -->\n<title>Accessibilit\u00e9 chez top-model.biz - TOPModel by Depesche France<\/title>\n<meta name=\"robots\" content=\"index, follow, max-snippet:-1, max-image-preview:large, max-video-preview:-1\" \/>\n<link rel=\"canonical\" href=\"https:\/\/top-model.biz\/fr\/accessibilite\/\" \/>\n<meta property=\"og:locale\" content=\"fr_FR\" \/>\n<meta property=\"og:type\" content=\"article\" \/>\n<meta property=\"og:title\" content=\"Accessibilit\u00e9 chez top-model.biz\" \/>\n<meta property=\"og:description\" content=\"Depesche Vertrieb GmbH &amp; Co. KG s\u2019engage pleinement \u00e0 rendre nos services num\u00e9riques accessibles \u00e0 toi et \u00e0 tous les utilisateurs. Nous sommes convaincus que chacun a le droit \u00e0 la dignit\u00e9, \u00e0 l\u2019\u00e9galit\u00e9, au confort et \u00e0 l\u2019autonomie\u2009; c\u2019est pourquoi nous avons investi des ressources importantes pour garantir l\u2019accessibilit\u00e9 de notre site. L\u2019accessibilit\u00e9 num\u00e9rique [&hellip;]\" \/>\n<meta property=\"og:url\" content=\"https:\/\/top-model.biz\/fr\/accessibilite\/\" \/>\n<meta property=\"og:site_name\" content=\"TOPModel by Depesche France\" \/>\n<meta name=\"twitter:card\" content=\"summary_large_image\" \/>\n<script type=\"application\/ld+json\" class=\"yoast-schema-graph\">{\"@context\":\"https:\/\/schema.org\",\"@graph\":[{\"@type\":\"WebPage\",\"@id\":\"https:\/\/top-model.biz\/fr\/accessibilite\/\",\"url\":\"https:\/\/top-model.biz\/fr\/accessibilite\/\",\"name\":\"Accessibilit\u00e9 chez top-model.biz - TOPModel by Depesche France\",\"isPartOf\":{\"@id\":\"https:\/\/top-model.biz\/fr\/#website\"},\"datePublished\":\"2025-07-22T08:42:34+00:00\",\"inLanguage\":\"fr-FR\",\"potentialAction\":[{\"@type\":\"ReadAction\",\"target\":[\"https:\/\/top-model.biz\/fr\/accessibilite\/\"]}]},{\"@type\":\"WebSite\",\"@id\":\"https:\/\/top-model.biz\/fr\/#website\",\"url\":\"https:\/\/top-model.biz\/fr\/\",\"name\":\"TOPModel by Depesche France\",\"description\":\"TOPModel by Depesche\",\"publisher\":{\"@id\":\"https:\/\/top-model.biz\/fr\/#organization\"},\"potentialAction\":[{\"@type\":\"SearchAction\",\"target\":{\"@type\":\"EntryPoint\",\"urlTemplate\":\"https:\/\/top-model.biz\/fr\/?s={search_term_string}\"},\"query-input\":{\"@type\":\"PropertyValueSpecification\",\"valueRequired\":true,\"valueName\":\"search_term_string\"}}],\"inLanguage\":\"fr-FR\"},{\"@type\":\"Organization\",\"@id\":\"https:\/\/top-model.biz\/fr\/#organization\",\"name\":\"TOPModel by Depesche GmbH & Co. KG\",\"url\":\"https:\/\/top-model.biz\/fr\/\",\"logo\":{\"@type\":\"ImageObject\",\"inLanguage\":\"fr-FR\",\"@id\":\"https:\/\/top-model.biz\/fr\/#\/schema\/logo\/image\/\",\"url\":\"https:\/\/top-model.biz\/fr\/wp-content\/uploads\/sites\/15\/2020\/01\/depeschelogo_72dpi.jpg\",\"contentUrl\":\"https:\/\/top-model.biz\/fr\/wp-content\/uploads\/sites\/15\/2020\/01\/depeschelogo_72dpi.jpg\",\"width\":1600,\"height\":620,\"caption\":\"TOPModel by Depesche GmbH & Co. KG\"},\"image\":{\"@id\":\"https:\/\/top-model.biz\/fr\/#\/schema\/logo\/image\/\"},\"sameAs\":[\"https:\/\/www.instagram.com\/topmodel_international\"]}]}<\/script>\n<!-- \/ Yoast SEO Premium plugin. -->","yoast_head_json":{"title":"Accessibilit\u00e9 chez top-model.biz - TOPModel by Depesche France","robots":{"index":"index","follow":"follow","max-snippet":"max-snippet:-1","max-image-preview":"max-image-preview:large","max-video-preview":"max-video-preview:-1"},"canonical":"https:\/\/top-model.biz\/fr\/accessibilite\/","og_locale":"fr_FR","og_type":"article","og_title":"Accessibilit\u00e9 chez top-model.biz","og_description":"Depesche Vertrieb GmbH &amp; Co. KG s\u2019engage pleinement \u00e0 rendre nos services num\u00e9riques accessibles \u00e0 toi et \u00e0 tous les utilisateurs. Nous sommes convaincus que chacun a le droit \u00e0 la dignit\u00e9, \u00e0 l\u2019\u00e9galit\u00e9, au confort et \u00e0 l\u2019autonomie\u2009; c\u2019est pourquoi nous avons investi des ressources importantes pour garantir l\u2019accessibilit\u00e9 de notre site. L\u2019accessibilit\u00e9 num\u00e9rique [&hellip;]","og_url":"https:\/\/top-model.biz\/fr\/accessibilite\/","og_site_name":"TOPModel by Depesche France","twitter_card":"summary_large_image","schema":{"@context":"https:\/\/schema.org","@graph":[{"@type":"WebPage","@id":"https:\/\/top-model.biz\/fr\/accessibilite\/","url":"https:\/\/top-model.biz\/fr\/accessibilite\/","name":"Accessibilit\u00e9 chez top-model.biz - TOPModel by Depesche France","isPartOf":{"@id":"https:\/\/top-model.biz\/fr\/#website"},"datePublished":"2025-07-22T08:42:34+00:00","inLanguage":"fr-FR","potentialAction":[{"@type":"ReadAction","target":["https:\/\/top-model.biz\/fr\/accessibilite\/"]}]},{"@type":"WebSite","@id":"https:\/\/top-model.biz\/fr\/#website","url":"https:\/\/top-model.biz\/fr\/","name":"TOPModel by Depesche France","description":"TOPModel by Depesche","publisher":{"@id":"https:\/\/top-model.biz\/fr\/#organization"},"potentialAction":[{"@type":"SearchAction","target":{"@type":"EntryPoint","urlTemplate":"https:\/\/top-model.biz\/fr\/?s={search_term_string}"},"query-input":{"@type":"PropertyValueSpecification","valueRequired":true,"valueName":"search_term_string"}}],"inLanguage":"fr-FR"},{"@type":"Organization","@id":"https:\/\/top-model.biz\/fr\/#organization","name":"TOPModel by Depesche GmbH & Co. KG","url":"https:\/\/top-model.biz\/fr\/","logo":{"@type":"ImageObject","inLanguage":"fr-FR","@id":"https:\/\/top-model.biz\/fr\/#\/schema\/logo\/image\/","url":"https:\/\/top-model.biz\/fr\/wp-content\/uploads\/sites\/15\/2020\/01\/depeschelogo_72dpi.jpg","contentUrl":"https:\/\/top-model.biz\/fr\/wp-content\/uploads\/sites\/15\/2020\/01\/depeschelogo_72dpi.jpg","width":1600,"height":620,"caption":"TOPModel by Depesche GmbH & Co. KG"},"image":{"@id":"https:\/\/top-model.biz\/fr\/#\/schema\/logo\/image\/"},"sameAs":["https:\/\/www.instagram.com\/topmodel_international"]}]}},"_links":{"self":[{"href":"https:\/\/top-model.biz\/fr\/wp-json\/wp\/v2\/pages\/7622","targetHints":{"allow":["GET"]}}],"collection":[{"href":"https:\/\/top-model.biz\/fr\/wp-json\/wp\/v2\/pages"}],"about":[{"href":"https:\/\/top-model.biz\/fr\/wp-json\/wp\/v2\/types\/page"}],"author":[{"embeddable":true,"href":"https:\/\/top-model.biz\/fr\/wp-json\/wp\/v2\/users\/1"}],"replies":[{"embeddable":true,"href":"https:\/\/top-model.biz\/fr\/wp-json\/wp\/v2\/comments?post=7622"}],"version-history":[{"count":2,"href":"https:\/\/top-model.biz\/fr\/wp-json\/wp\/v2\/pages\/7622\/revisions"}],"predecessor-version":[{"id":7624,"href":"https:\/\/top-model.biz\/fr\/wp-json\/wp\/v2\/pages\/7622\/revisions\/7624"}],"wp:attachment":[{"href":"https:\/\/top-model.biz\/fr\/wp-json\/wp\/v2\/media?parent=7622"}],"curies":[{"name":"wp","href":"https:\/\/api.w.org\/{rel}","templated":true}]}}