{"id":6529,"date":"2022-05-17T09:00:53","date_gmt":"2022-05-17T07:00:53","guid":{"rendered":"https:\/\/top-model.biz\/fr\/?page_id=6529"},"modified":"2025-12-30T09:42:21","modified_gmt":"2025-12-30T08:42:21","slug":"abo","status":"publish","type":"page","link":"https:\/\/top-model.biz\/fr\/abo\/","title":{"rendered":"Ton magazine cr\u00e9atif abo"},"content":{"rendered":"<p>[et_pb_section fb_built=\u00a0\u00bb1&Prime; custom_padding_last_edited=\u00a0\u00bbon|phone\u00a0\u00bb admin_label=\u00a0\u00bbMagazin-Abo Teaser\u00a0\u00bb module_class=\u00a0\u00bbteaserwelle_unten magazin_teaser_bg\u00a0\u00bb _builder_version=\u00a0\u00bb4.17.3&Prime; _module_preset=\u00a0\u00bbdefault\u00a0\u00bb use_background_color_gradient=\u00a0\u00bbon\u00a0\u00bb background_color_gradient_direction=\u00a0\u00bb45deg\u00a0\u00bb background_color_gradient_stops=\u00a0\u00bb#d5c71c 5%|#ffa600 95%\u00a0\u00bb background_color_gradient_start=\u00a0\u00bb#d5c71c\u00a0\u00bb background_color_gradient_start_position=\u00a0\u00bb5%\u00a0\u00bb background_color_gradient_end=\u00a0\u00bb#ffa600&Prime; background_color_gradient_end_position=\u00a0\u00bb95%\u00a0\u00bb background_enable_image=\u00a0\u00bboff\u00a0\u00bb background_position=\u00a0\u00bbbottom_center\u00a0\u00bb z_index=\u00a0\u00bb0&Prime; overflow-x=\u00a0\u00bbhidden\u00a0\u00bb overflow-y=\u00a0\u00bbhidden\u00a0\u00bb custom_margin=\u00a0\u00bb-8px|||||\u00a0\u00bb custom_padding=\u00a0\u00bb120px||120px||true|false\u00a0\u00bb custom_padding_tablet=\u00a0\u00bb90px||90px||true|false\u00a0\u00bb custom_padding_phone=\u00a0\u00bb60px||60px||true|false\u00a0\u00bb z_index_tablet=\u00a0\u00bb1&Prime; z_index_phone=\u00a0\u00bb\u00a0\u00bb z_index_last_edited=\u00a0\u00bbon|phone\u00a0\u00bb custom_css_main_element=\u00a0\u00bboverflow: hidden;\u00a0\u00bb custom_css_after=\u00a0\u00bbcontent: %22%22;||    width: 100%;||    height: 100%;||    position: absolute;||    left: 0;||    top: 0;||    background-position: bottom center;||    background-repeat: no-repeat;||    background-image: url(\/wp-content\/uploads\/2020\/01\/topmodel_magazin_welle.svg);||    background-size: 120%;\u00a0\u00bb global_colors_info=\u00a0\u00bb{}\u00a0\u00bb custom_css_main_element_last_edited=\u00a0\u00bbon|phone\u00a0\u00bb custom_css_main_element_phone=\u00a0\u00bbbackground-size: 200vw, contain !important;||    background-position: -25vw 100%, center !important;||overflow: hidden;\u00a0\u00bb custom_css_main_element_tablet=\u00a0\u00bb    background-size: 1500px, contain !important;||    background-position: -114px 100%, center !important;||overflow: hidden;\u00a0\u00bb custom_css_after_last_edited=\u00a0\u00bbon|tablet\u00a0\u00bb custom_css_after_tablet=\u00a0\u00bbcontent: %22%22;||width: 100%;||height: 100%;||position: absolute;||left: 0;||top: 0;||background-position: bottom center;||background-repeat: no-repeat;||background-image: url(&lsquo;\/wp-content\/uploads\/2020\/01\/topmodel_magazin_welle.svg&rsquo;);||background-size: 200%;\u00a0\u00bb custom_css_after_phone=\u00a0\u00bbcontent: %22%22;||width: 100%;||height: 100%;||position: absolute;||left: 0;||top: 0;||background-position: bottom center;||background-repeat: no-repeat;||background-image: url(&lsquo;\/wp-content\/uploads\/2020\/01\/topmodel_magazin_welle.svg&rsquo;);||background-size: 250%;\u00a0\u00bb][et_pb_row column_structure=\u00a0\u00bb3_5,2_5&Prime; use_custom_gutter=\u00a0\u00bbon\u00a0\u00bb gutter_width=\u00a0\u00bb2&Prime; make_equal=\u00a0\u00bbon\u00a0\u00bb custom_padding_last_edited=\u00a0\u00bbon|phone\u00a0\u00bb admin_label=\u00a0\u00bbcreative studio top\u00a0\u00bb _builder_version=\u00a0\u00bb4.17.3&Prime; _module_preset=\u00a0\u00bbdefault\u00a0\u00bb background_color=\u00a0\u00bb#ffffff\u00a0\u00bb z_index=\u00a0\u00bb2&Prime; width=\u00a0\u00bb90%\u00a0\u00bb custom_margin=\u00a0\u00bb||||false|false\u00a0\u00bb custom_padding=\u00a0\u00bb40px|60px|40px|40px|true|false\u00a0\u00bb custom_padding_tablet=\u00a0\u00bb|40px||40px|false|true\u00a0\u00bb custom_padding_phone=\u00a0\u00bb30px|10px|30px|10px|true|true\u00a0\u00bb custom_css_before=\u00a0\u00bbposition: absolute;||display: block;||background-image: url(&lsquo;\/wp-content\/uploads\/2022\/05\/Gruppe-153-2x.png&rsquo;);||content:%22%22;||width: 200px;||height: 170px;||background-size: contain;||background-repeat: no-repeat;||background-position: center;||right: -60px;||top: -38px;||z-index: 3;\u00a0\u00bb custom_css_main_element=\u00a0\u00bbposition: relative;||overflow: visible;\u00a0\u00bb border_radii=\u00a0\u00bbon|10px|10px|10px|10px\u00a0\u00bb box_shadow_style=\u00a0\u00bbpreset2&Prime; box_shadow_blur=\u00a0\u00bb20px\u00a0\u00bb box_shadow_color=\u00a0\u00bbrgba(0,0,0,0.26)\u00a0\u00bb global_colors_info=\u00a0\u00bb{}\u00a0\u00bb custom_css_before_last_edited=\u00a0\u00bbon|phone\u00a0\u00bb custom_css_before_phone=\u00a0\u00bbposition: absolute;||display: block;||background-image: url(&lsquo;\/wp-content\/uploads\/2022\/05\/Gruppe-153-2x.png&rsquo;);||content:%22%22;||width: 140px;||height: 140px;||background-size: contain;||background-repeat: no-repeat;||background-position: center;||right: -15px;||top: -58px;||z-index: 3;\u00a0\u00bb custom_css_before_tablet=\u00a0\u00bbposition: absolute;||display: block;||background-image: url(&lsquo;\/wp-content\/uploads\/2022\/05\/Gruppe-153-2x.png&rsquo;);||content:%22%22;||width: 150px;||height: 140px;||background-size: contain;||background-repeat: no-repeat;||background-position: center;||right: -15px;||top: -58px;||z-index: 3;\u00a0\u00bb][et_pb_column type=\u00a0\u00bb3_5&Prime; _builder_version=\u00a0\u00bb4.17.3&Prime; _module_preset=\u00a0\u00bbdefault\u00a0\u00bb global_colors_info=\u00a0\u00bb{}\u00a0\u00bb][et_pb_text admin_label=\u00a0\u00bbHole dir jetzt dein Magazin Abo\u00a0\u00bb module_class=\u00a0\u00bbhomeblurb burtonheading heading_waveline_left text_vor_bgpseudo\u00a0\u00bb _builder_version=\u00a0\u00bb4.17.3&Prime; _module_preset=\u00a0\u00bbdefault\u00a0\u00bb header_2_font=\u00a0\u00bb|||on|||||\u00a0\u00bb header_2_font_size=\u00a0\u00bb56px\u00a0\u00bb background_enable_color=\u00a0\u00bboff\u00a0\u00bb z_index=\u00a0\u00bb1&Prime; max_width=\u00a0\u00bb518px\u00a0\u00bb max_width_tablet=\u00a0\u00bb100%\u00a0\u00bb max_width_phone=\u00a0\u00bb430px\u00a0\u00bb max_width_last_edited=\u00a0\u00bbon|phone\u00a0\u00bb module_alignment=\u00a0\u00bbleft\u00a0\u00bb overflow-x=\u00a0\u00bbvisible\u00a0\u00bb overflow-y=\u00a0\u00bbvisible\u00a0\u00bb custom_margin=\u00a0\u00bb||||false|false\u00a0\u00bb custom_padding_last_edited=\u00a0\u00bboff|phone\u00a0\u00bb header_2_font_size_tablet=\u00a0\u00bb40px\u00a0\u00bb header_2_font_size_phone=\u00a0\u00bb37px\u00a0\u00bb header_2_font_size_last_edited=\u00a0\u00bbon|phone\u00a0\u00bb module_alignment_tablet=\u00a0\u00bbleft\u00a0\u00bb module_alignment_phone=\u00a0\u00bbleft\u00a0\u00bb module_alignment_last_edited=\u00a0\u00bbon|phone\u00a0\u00bb custom_css_main_element=\u00a0\u00bbposition: relative;\u00a0\u00bb global_colors_info=\u00a0\u00bb{}\u00a0\u00bb custom_css_after_last_edited=\u00a0\u00bboff|desktop\u00a0\u00bb custom_css_before_last_edited=\u00a0\u00bboff|desktop\u00a0\u00bb]<span class=\"abovetitlespan\">Toi abonnement magazine<\/span><\/p>\n<h2 style=\"max-width: 9em\">Abonne-toi maintenant!<\/h2>\n<p>Chaque mois, d\u00e9couvre des nouvelles captivantes issues du monde des TOPModels, des id\u00e9es cr\u00e9atives de dessin et de bricolage et des instructions DIY inspirantes dans ton magazine cr\u00e9atif TOPModel.[\/et_pb_text][et_pb_text admin_label=\u00a0\u00bbAbo-Vorteile\u00a0\u00bb module_class=\u00a0\u00bbhomeblurb burtonheading heading_waveline_left text_vor_bgpseudo\u00a0\u00bb _builder_version=\u00a0\u00bb4.27.4&Prime; _module_preset=\u00a0\u00bbdefault\u00a0\u00bb header_2_font=\u00a0\u00bb|||on|||||\u00a0\u00bb header_2_font_size=\u00a0\u00bb56px\u00a0\u00bb background_enable_color=\u00a0\u00bboff\u00a0\u00bb z_index=\u00a0\u00bb1&Prime; max_width_last_edited=\u00a0\u00bboff|phone\u00a0\u00bb module_alignment=\u00a0\u00bbleft\u00a0\u00bb overflow-x=\u00a0\u00bbvisible\u00a0\u00bb overflow-y=\u00a0\u00bbvisible\u00a0\u00bb custom_margin=\u00a0\u00bb||||false|false\u00a0\u00bb custom_padding_last_edited=\u00a0\u00bboff|phone\u00a0\u00bb hover_enabled=\u00a0\u00bb0&Prime; header_2_font_size_tablet=\u00a0\u00bb40px\u00a0\u00bb header_2_font_size_phone=\u00a0\u00bb37px\u00a0\u00bb header_2_font_size_last_edited=\u00a0\u00bbon|phone\u00a0\u00bb module_alignment_tablet=\u00a0\u00bbcenter\u00a0\u00bb module_alignment_phone=\u00a0\u00bbcenter\u00a0\u00bb module_alignment_last_edited=\u00a0\u00bbon|tablet\u00a0\u00bb custom_css_main_element=\u00a0\u00bbposition: relative;\u00a0\u00bb global_colors_info=\u00a0\u00bb{}\u00a0\u00bb custom_css_after_last_edited=\u00a0\u00bboff|desktop\u00a0\u00bb custom_css_before_last_edited=\u00a0\u00bboff|desktop\u00a0\u00bb sticky_enabled=\u00a0\u00bb0&Prime;]<\/p>\n<p>Voici tous les avantages:<\/p>\n<ul class=\"fa-ul tm-pink\">\n<li><i class=\"fas fa-paint-brush\"><\/i>Tu recevras directement ton magazine chez toi sans frais suppl\u00e9mentaires!<\/li>\n<li><i class=\"fas fa-paint-brush\"><\/i>Tu poss\u00e9deras tous les num\u00e9ros de ton magazine pr\u00e9f\u00e9r\u00e9!<\/li>\n<li><i class=\"fas fa-paint-brush\"><\/i>Le prix est assur\u00e9. Durant ta p\u00e9riode de souscription il n\u2019y aura aucune hausse de prix.<\/li>\n<li><i class=\"fas fa-paint-brush\"><\/i>Sans risques. Si un num\u00e9ro se perd en cours de route, nous t\u2019en renverrons un imm\u00e9diatement.<\/li>\n<li><i class=\"fas fa-paint-brush\"><\/i>Pour te souhaiter la bienvenue, un joli cadeau TOPModel sera joint au premier num\u00e9ro que tu recevras.<\/li>\n<\/ul>\n<p>6 num\u00e9ros pour seulement 33,00 \u20ac \/ an<\/p>\n<p>[\/et_pb_text][et_pb_button button_url=\u00a0\u00bbhttps:\/\/www.mag24.fr\/top-model.html\u00a0\u00bb url_new_window=\u00a0\u00bbon\u00a0\u00bb button_text=\u00a0\u00bbD\u00e9couvre l\u2019abonnement\u00a0\u00bb button_alignment_tablet=\u00a0\u00bb\u00a0\u00bb button_alignment_phone=\u00a0\u00bbcenter\u00a0\u00bb button_alignment_last_edited=\u00a0\u00bbon|phone\u00a0\u00bb _builder_version=\u00a0\u00bb4.17.3&Prime; _module_preset=\u00a0\u00bbdefault\u00a0\u00bb custom_margin=\u00a0\u00bb2em||||false|false\u00a0\u00bb global_colors_info=\u00a0\u00bb{}\u00a0\u00bb][\/et_pb_button][\/et_pb_column][et_pb_column type=\u00a0\u00bb2_5&Prime; _builder_version=\u00a0\u00bb4.17.3&Prime; _module_preset=\u00a0\u00bbdefault\u00a0\u00bb z_index=\u00a0\u00bb1&Prime; global_colors_info=\u00a0\u00bb{}\u00a0\u00bb][dpdfg_filtergrid custom_query=\u00a0\u00bbadvanced\u00a0\u00bb multiple_cpt=\u00a0\u00bbmagazine\u00a0\u00bb post_number=\u00a0\u00bb1&Prime; thumbnail_action=\u00a0\u00bbnone\u00a0\u00bb thumbnail_size=\u00a0\u00bbdfg_full\u00a0\u00bb use_overlay=\u00a0\u00bboff\u00a0\u00bb show_title=\u00a0\u00bboff\u00a0\u00bb show_post_meta=\u00a0\u00bboff\u00a0\u00bb custom_content_container=\u00a0\u00bboff\u00a0\u00bb show_filters=\u00a0\u00bboff\u00a0\u00bb show_pagination=\u00a0\u00bboff\u00a0\u00bb items_layout=\u00a0\u00bbdp-dfg-layout-flex\u00a0\u00bb items_width_flex=\u00a0\u00bb100%\u00a0\u00bb row_gutter_flex=\u00a0\u00bb0%\u00a0\u00bb justify_content=\u00a0\u00bbcenter\u00a0\u00bb items_skin=\u00a0\u00bbdp-dfg-skin-none\u00a0\u00bb grid_font_size=\u00a0\u00bb0px\u00a0\u00bb items_width_flex_tablet=\u00a0\u00bb100%\u00a0\u00bb items_width_flex_phone=\u00a0\u00bb100%\u00a0\u00bb items_width_flex_last_edited=\u00a0\u00bbon|tablet\u00a0\u00bb row_gutter_flex_tablet=\u00a0\u00bb0%\u00a0\u00bb row_gutter_flex_phone=\u00a0\u00bb0%\u00a0\u00bb grid_font_size_tablet=\u00a0\u00bb0px\u00a0\u00bb grid_font_size_phone=\u00a0\u00bb0px\u00a0\u00bb admin_label=\u00a0\u00bbAktuelles Magazin-Cover\u00a0\u00bb module_class=\u00a0\u00bbmagazin-abo-cover-geschenk\u00a0\u00bb _builder_version=\u00a0\u00bb4.17.3&Prime; _module_preset=\u00a0\u00bbdefault\u00a0\u00bb read_more_button_rel=\u00a0\u00bbon|off|off|off|off\u00a0\u00bb action_button_rel=\u00a0\u00bboff|off|off|off|off\u00a0\u00bb load_more_button_rel=\u00a0\u00bboff|off|off|off|off\u00a0\u00bb module_alignment=\u00a0\u00bbcenter\u00a0\u00bb custom_margin=\u00a0\u00bb||||false|false\u00a0\u00bb custom_padding=\u00a0\u00bb||||false|false\u00a0\u00bb custom_css_main_element=\u00a0\u00bbmargin-bottom: 0 !important;\u00a0\u00bb custom_css_entry-thumb=\u00a0\u00bbmax-width: 270px;\u00a0\u00bb global_colors_info=\u00a0\u00bb{}\u00a0\u00bb custom_css_entry-thumb_last_edited=\u00a0\u00bbon|phone\u00a0\u00bb custom_css_entry-thumb_tablet=\u00a0\u00bbmax-width: 270px;\u00a0\u00bb custom_css_entry-thumb_phone=\u00a0\u00bbmax-width: 230px;\u00a0\u00bb][\/dpdfg_filtergrid][et_pb_image src=\u00a0\u00bbhttps:\/\/top-model.biz\/fr\/wp-content\/uploads\/sites\/15\/2025\/06\/abo-geschenk-ueberraschung.png\u00a0\u00bb alt=\u00a0\u00bbTOPModel Surprise\u00a0\u00bb title_text=\u00a0\u00bbabo-geschenk-ueberraschung\u00a0\u00bb align=\u00a0\u00bbright\u00a0\u00bb src_tablet=\u00a0\u00bbhttps:\/\/top-model.biz\/fr\/wp-content\/uploads\/sites\/15\/2025\/06\/abo-geschenk-ueberraschung.png\u00a0\u00bb src_phone=\u00a0\u00bbhttps:\/\/top-model.biz\/fr\/wp-content\/uploads\/sites\/15\/2025\/06\/abo-geschenk-ueberraschung.png\u00a0\u00bb src_last_edited=\u00a0\u00bbon|desktop\u00a0\u00bb admin_label=\u00a0\u00bbAbo Grafik\u00a0\u00bb module_class=\u00a0\u00bbplus-geschenkgrafik\u00a0\u00bb _builder_version=\u00a0\u00bb4.27.4&Prime; _module_preset=\u00a0\u00bbdefault\u00a0\u00bb positioning=\u00a0\u00bbrelative\u00a0\u00bb z_index=\u00a0\u00bb1&Prime; max_width=\u00a0\u00bb192px\u00a0\u00bb max_width_tablet=\u00a0\u00bb192px\u00a0\u00bb max_width_phone=\u00a0\u00bb140px\u00a0\u00bb max_width_last_edited=\u00a0\u00bbon|phone\u00a0\u00bb custom_margin=\u00a0\u00bb-150px||2em|160px|false|false\u00a0\u00bb custom_margin_tablet=\u00a0\u00bb-150px||2em|160px|false|false\u00a0\u00bb custom_margin_phone=\u00a0\u00bb-130px|||45%|false|false\u00a0\u00bb custom_margin_last_edited=\u00a0\u00bbon|phone\u00a0\u00bb custom_css_before=\u00a0\u00bbbackground-image: url(&lsquo;\/fr\/wp-content\/uploads\/sites\/15\/2022\/05\/plus.png&rsquo;);||position: absolute;||left: -10%;||bottom: 22%;||display: block;||background-size: contain;||background-repeat: no-repeat;||background-position: center;||width: 25%;||height: 50px;||content: %22%22;||z-index: 1;\u00a0\u00bb global_colors_info=\u00a0\u00bb{}\u00a0\u00bb][\/et_pb_image][\/et_pb_column][\/et_pb_row][\/et_pb_section]<\/p>\n","protected":false},"excerpt":{"rendered":"<p>Toi abonnement magazine Abonne-toi maintenant! Chaque mois, d\u00e9couvre des nouvelles captivantes issues du monde des TOPModels, des id\u00e9es cr\u00e9atives de dessin et de bricolage et des instructions DIY inspirantes dans ton magazine cr\u00e9atif TOPModel.Voici tous les avantages: Tu recevras directement ton magazine chez toi sans frais suppl\u00e9mentaires! Tu poss\u00e9deras tous les num\u00e9ros de ton magazine [&hellip;]<\/p>\n","protected":false},"author":1,"featured_media":0,"parent":0,"menu_order":0,"comment_status":"closed","ping_status":"closed","template":"","meta":{"_acf_changed":false,"_et_pb_use_builder":"on","_et_pb_old_content":"","_et_gb_content_width":"","footnotes":""},"class_list":["post-6529","page","type-page","status-publish","hentry"],"acf":[],"yoast_head":"<!-- This site is optimized with the Yoast SEO Premium plugin v24.2 (Yoast SEO v27.4) - https:\/\/yoast.com\/product\/yoast-seo-premium-wordpress\/ -->\n<title>Ton magazine cr\u00e9atif abo - TOPModel by Depesche France<\/title>\n<meta name=\"robots\" content=\"index, follow, max-snippet:-1, max-image-preview:large, max-video-preview:-1\" \/>\n<link rel=\"canonical\" href=\"https:\/\/top-model.biz\/fr\/abo\/\" \/>\n<meta property=\"og:locale\" content=\"fr_FR\" \/>\n<meta property=\"og:type\" content=\"article\" \/>\n<meta property=\"og:title\" content=\"Ton magazine cr\u00e9atif abo\" \/>\n<meta property=\"og:description\" content=\"Toi abonnement magazine Abonne-toi maintenant! Chaque mois, d\u00e9couvre des nouvelles captivantes issues du monde des TOPModels, des id\u00e9es cr\u00e9atives de dessin et de bricolage et des instructions DIY inspirantes dans ton magazine cr\u00e9atif TOPModel.Voici tous les avantages: Tu recevras directement ton magazine chez toi sans frais suppl\u00e9mentaires! Tu poss\u00e9deras tous les num\u00e9ros de ton magazine [&hellip;]\" \/>\n<meta property=\"og:url\" content=\"https:\/\/top-model.biz\/fr\/abo\/\" \/>\n<meta property=\"og:site_name\" content=\"TOPModel by Depesche France\" \/>\n<meta property=\"article:modified_time\" content=\"2025-12-30T08:42:21+00:00\" \/>\n<meta name=\"twitter:card\" content=\"summary_large_image\" \/>\n<meta name=\"twitter:label1\" content=\"Dur\u00e9e de lecture estim\u00e9e\" \/>\n\t<meta name=\"twitter:data1\" content=\"2 minutes\" \/>\n<script type=\"application\/ld+json\" class=\"yoast-schema-graph\">{\"@context\":\"https:\\\/\\\/schema.org\",\"@graph\":[{\"@type\":\"WebPage\",\"@id\":\"https:\\\/\\\/top-model.biz\\\/fr\\\/abo\\\/\",\"url\":\"https:\\\/\\\/top-model.biz\\\/fr\\\/abo\\\/\",\"name\":\"Ton magazine cr\u00e9atif abo - TOPModel by Depesche France\",\"isPartOf\":{\"@id\":\"https:\\\/\\\/top-model.biz\\\/fr\\\/#website\"},\"datePublished\":\"2022-05-17T07:00:53+00:00\",\"dateModified\":\"2025-12-30T08:42:21+00:00\",\"inLanguage\":\"fr-FR\",\"potentialAction\":[{\"@type\":\"ReadAction\",\"target\":[\"https:\\\/\\\/top-model.biz\\\/fr\\\/abo\\\/\"]}]},{\"@type\":\"WebSite\",\"@id\":\"https:\\\/\\\/top-model.biz\\\/fr\\\/#website\",\"url\":\"https:\\\/\\\/top-model.biz\\\/fr\\\/\",\"name\":\"TOPModel by Depesche France\",\"description\":\"TOPModel by Depesche\",\"publisher\":{\"@id\":\"https:\\\/\\\/top-model.biz\\\/fr\\\/#organization\"},\"potentialAction\":[{\"@type\":\"SearchAction\",\"target\":{\"@type\":\"EntryPoint\",\"urlTemplate\":\"https:\\\/\\\/top-model.biz\\\/fr\\\/?s={search_term_string}\"},\"query-input\":{\"@type\":\"PropertyValueSpecification\",\"valueRequired\":true,\"valueName\":\"search_term_string\"}}],\"inLanguage\":\"fr-FR\"},{\"@type\":\"Organization\",\"@id\":\"https:\\\/\\\/top-model.biz\\\/fr\\\/#organization\",\"name\":\"TOPModel by Depesche GmbH & Co. KG\",\"url\":\"https:\\\/\\\/top-model.biz\\\/fr\\\/\",\"logo\":{\"@type\":\"ImageObject\",\"inLanguage\":\"fr-FR\",\"@id\":\"https:\\\/\\\/top-model.biz\\\/fr\\\/#\\\/schema\\\/logo\\\/image\\\/\",\"url\":\"https:\\\/\\\/top-model.biz\\\/fr\\\/wp-content\\\/uploads\\\/sites\\\/15\\\/2020\\\/01\\\/depeschelogo_72dpi.jpg\",\"contentUrl\":\"https:\\\/\\\/top-model.biz\\\/fr\\\/wp-content\\\/uploads\\\/sites\\\/15\\\/2020\\\/01\\\/depeschelogo_72dpi.jpg\",\"width\":1600,\"height\":620,\"caption\":\"TOPModel by Depesche GmbH & Co. KG\"},\"image\":{\"@id\":\"https:\\\/\\\/top-model.biz\\\/fr\\\/#\\\/schema\\\/logo\\\/image\\\/\"},\"sameAs\":[\"https:\\\/\\\/www.instagram.com\\\/topmodel_international\"]}]}<\/script>\n<!-- \/ Yoast SEO Premium plugin. -->","yoast_head_json":{"title":"Ton magazine cr\u00e9atif abo - TOPModel by Depesche France","robots":{"index":"index","follow":"follow","max-snippet":"max-snippet:-1","max-image-preview":"max-image-preview:large","max-video-preview":"max-video-preview:-1"},"canonical":"https:\/\/top-model.biz\/fr\/abo\/","og_locale":"fr_FR","og_type":"article","og_title":"Ton magazine cr\u00e9atif abo","og_description":"Toi abonnement magazine Abonne-toi maintenant! Chaque mois, d\u00e9couvre des nouvelles captivantes issues du monde des TOPModels, des id\u00e9es cr\u00e9atives de dessin et de bricolage et des instructions DIY inspirantes dans ton magazine cr\u00e9atif TOPModel.Voici tous les avantages: Tu recevras directement ton magazine chez toi sans frais suppl\u00e9mentaires! Tu poss\u00e9deras tous les num\u00e9ros de ton magazine [&hellip;]","og_url":"https:\/\/top-model.biz\/fr\/abo\/","og_site_name":"TOPModel by Depesche France","article_modified_time":"2025-12-30T08:42:21+00:00","twitter_card":"summary_large_image","twitter_misc":{"Dur\u00e9e de lecture estim\u00e9e":"2 minutes"},"schema":{"@context":"https:\/\/schema.org","@graph":[{"@type":"WebPage","@id":"https:\/\/top-model.biz\/fr\/abo\/","url":"https:\/\/top-model.biz\/fr\/abo\/","name":"Ton magazine cr\u00e9atif abo - TOPModel by Depesche France","isPartOf":{"@id":"https:\/\/top-model.biz\/fr\/#website"},"datePublished":"2022-05-17T07:00:53+00:00","dateModified":"2025-12-30T08:42:21+00:00","inLanguage":"fr-FR","potentialAction":[{"@type":"ReadAction","target":["https:\/\/top-model.biz\/fr\/abo\/"]}]},{"@type":"WebSite","@id":"https:\/\/top-model.biz\/fr\/#website","url":"https:\/\/top-model.biz\/fr\/","name":"TOPModel by Depesche France","description":"TOPModel by Depesche","publisher":{"@id":"https:\/\/top-model.biz\/fr\/#organization"},"potentialAction":[{"@type":"SearchAction","target":{"@type":"EntryPoint","urlTemplate":"https:\/\/top-model.biz\/fr\/?s={search_term_string}"},"query-input":{"@type":"PropertyValueSpecification","valueRequired":true,"valueName":"search_term_string"}}],"inLanguage":"fr-FR"},{"@type":"Organization","@id":"https:\/\/top-model.biz\/fr\/#organization","name":"TOPModel by Depesche GmbH & Co. KG","url":"https:\/\/top-model.biz\/fr\/","logo":{"@type":"ImageObject","inLanguage":"fr-FR","@id":"https:\/\/top-model.biz\/fr\/#\/schema\/logo\/image\/","url":"https:\/\/top-model.biz\/fr\/wp-content\/uploads\/sites\/15\/2020\/01\/depeschelogo_72dpi.jpg","contentUrl":"https:\/\/top-model.biz\/fr\/wp-content\/uploads\/sites\/15\/2020\/01\/depeschelogo_72dpi.jpg","width":1600,"height":620,"caption":"TOPModel by Depesche GmbH & Co. KG"},"image":{"@id":"https:\/\/top-model.biz\/fr\/#\/schema\/logo\/image\/"},"sameAs":["https:\/\/www.instagram.com\/topmodel_international"]}]}},"_links":{"self":[{"href":"https:\/\/top-model.biz\/fr\/wp-json\/wp\/v2\/pages\/6529","targetHints":{"allow":["GET"]}}],"collection":[{"href":"https:\/\/top-model.biz\/fr\/wp-json\/wp\/v2\/pages"}],"about":[{"href":"https:\/\/top-model.biz\/fr\/wp-json\/wp\/v2\/types\/page"}],"author":[{"embeddable":true,"href":"https:\/\/top-model.biz\/fr\/wp-json\/wp\/v2\/users\/1"}],"replies":[{"embeddable":true,"href":"https:\/\/top-model.biz\/fr\/wp-json\/wp\/v2\/comments?post=6529"}],"version-history":[{"count":9,"href":"https:\/\/top-model.biz\/fr\/wp-json\/wp\/v2\/pages\/6529\/revisions"}],"predecessor-version":[{"id":7702,"href":"https:\/\/top-model.biz\/fr\/wp-json\/wp\/v2\/pages\/6529\/revisions\/7702"}],"wp:attachment":[{"href":"https:\/\/top-model.biz\/fr\/wp-json\/wp\/v2\/media?parent=6529"}],"curies":[{"name":"wp","href":"https:\/\/api.w.org\/{rel}","templated":true}]}}