{"id":4613,"date":"2020-01-20T11:31:47","date_gmt":"2020-01-20T10:31:47","guid":{"rendered":"https:\/\/top-model.biz\/?page_id=4613"},"modified":"2020-03-13T09:51:24","modified_gmt":"2020-03-13T08:51:24","slug":"guides","status":"publish","type":"page","link":"https:\/\/top-model.biz\/fr\/reseaux-sociaux\/guides\/","title":{"rendered":"Social Media Guides"},"content":{"rendered":"<p>[et_pb_section fb_built=\u00a0\u00bb1&Prime; fullwidth=\u00a0\u00bbon\u00a0\u00bb custom_padding_last_edited=\u00a0\u00bbon|desktop\u00a0\u00bb _builder_version=\u00a0\u00bb4.0.9&Prime; background_color_gradient_direction=\u00a0\u00bb90deg\u00a0\u00bb background_image=\u00a0\u00bbhttps:\/\/top-model.biz\/wp-content\/uploads\/2020\/01\/topmodel_socialmedia_bg.jpg\u00a0\u00bb background_position=\u00a0\u00bbtop_center\u00a0\u00bb height=\u00a0\u00bb770px\u00a0\u00bb height_tablet=\u00a0\u00bb600px\u00a0\u00bb height_phone=\u00a0\u00bb600px\u00a0\u00bb height_last_edited=\u00a0\u00bbon|phone\u00a0\u00bb overflow-x=\u00a0\u00bbhidden\u00a0\u00bb overflow-y=\u00a0\u00bbhidden\u00a0\u00bb custom_margin=\u00a0\u00bb0px||0px||false|false\u00a0\u00bb custom_padding=\u00a0\u00bb46px||0px||false|false\u00a0\u00bb custom_padding_tablet=\u00a0\u00bb53px||||false|false\u00a0\u00bb custom_padding_phone=\u00a0\u00bb\u00a0\u00bb background_last_edited=\u00a0\u00bbon|desktop\u00a0\u00bb background_image_tablet=\u00a0\u00bbhttps:\/\/top-model.biz\/wp-content\/uploads\/2020\/01\/topmodel_socialmedia_bg-2.jpg\u00a0\u00bb background_image_phone=\u00a0\u00bbhttps:\/\/top-model.biz\/wp-content\/uploads\/2020\/01\/topmodel_socialmedia_bg-3.jpg\u00a0\u00bb background_enable_image_tablet=\u00a0\u00bbon\u00a0\u00bb background_enable_image_phone=\u00a0\u00bbon\u00a0\u00bb background_position_phone=\u00a0\u00bbtop_center\u00a0\u00bb custom_css_main_element=\u00a0\u00bbposition: relative;||display: -webkit-box;||  display: -moz-box;||  display: -webkit-flex;||  display: -ms-flexbox;||  display: flex;||align-items: stretch;||justify-content: center;||\u00a0\u00bb saved_tabs=\u00a0\u00bball\u00a0\u00bb custom_css_main_element_last_edited=\u00a0\u00bbon|phone\u00a0\u00bb custom_css_main_element_tablet=\u00a0\u00bbposition: relative;||display: -webkit-box;||  display: -moz-box;||  display: -webkit-flex;||  display: -ms-flexbox;||  display: flex;||align-items: stretch;||justify-content: center;||background-position: 80% top !important;\u00a0\u00bb custom_css_main_element_phone=\u00a0\u00bbposition: relative;||display: -webkit-box;||  display: -moz-box;||  display: -webkit-flex;||  display: -ms-flexbox;||  display: flex;||align-items: stretch;||justify-content: center;||\u00a0\u00bb][et_pb_fullwidth_image src=\u00a0\u00bbhttps:\/\/top-model.biz\/wp-content\/uploads\/2020\/01\/topmodel_socialmedia_desktop2b.png\u00a0\u00bb alt=\u00a0\u00bbTopmodel by Depesche\u00a0\u00bb src_tablet=\u00a0\u00bbhttps:\/\/top-model.biz\/wp-content\/uploads\/2020\/01\/topmodel_socialmedia_tablet-1.png\u00a0\u00bb src_phone=\u00a0\u00bbhttps:\/\/top-model.biz\/wp-content\/uploads\/2019\/12\/socialheader_name_mobile.png\u00a0\u00bb src_last_edited=\u00a0\u00bbon|phone\u00a0\u00bb disabled_on=\u00a0\u00bboff|off|off\u00a0\u00bb module_class=\u00a0\u00bbheader-bild transp_menu_headerbild\u00a0\u00bb _builder_version=\u00a0\u00bb4.1&Prime; background_enable_image=\u00a0\u00bboff\u00a0\u00bb width_last_edited=\u00a0\u00bboff|tablet\u00a0\u00bb max_width=\u00a0\u00bb1200px\u00a0\u00bb max_width_tablet=\u00a0\u00bb\u00a0\u00bb max_width_phone=\u00a0\u00bbnone\u00a0\u00bb max_width_last_edited=\u00a0\u00bbon|phone\u00a0\u00bb module_alignment=\u00a0\u00bbright\u00a0\u00bb height=\u00a0\u00bb100%\u00a0\u00bb height_tablet=\u00a0\u00bb100%\u00a0\u00bb height_phone=\u00a0\u00bb100%\u00a0\u00bb height_last_edited=\u00a0\u00bbon|phone\u00a0\u00bb max_height_tablet=\u00a0\u00bb\u00a0\u00bb max_height_phone=\u00a0\u00bb\u00a0\u00bb max_height_last_edited=\u00a0\u00bbon|tablet\u00a0\u00bb custom_margin=\u00a0\u00bb0px|0px|0px|-206px|false|false\u00a0\u00bb custom_padding=\u00a0\u00bb0px|0px|0px|0px|false|false\u00a0\u00bb custom_css_main_element=\u00a0\u00bbdisplay: -webkit-box;||  display: -moz-box;||  display: -webkit-flex;||  display: -ms-flexbox;||  display: flex;||align-items: flex-end;||\u00a0\u00bb][\/et_pb_fullwidth_image][\/et_pb_section][et_pb_section fb_built=\u00a0\u00bb1&Prime; _builder_version=\u00a0\u00bb4.2.1&Prime; background_image=\u00a0\u00bbhttps:\/\/top-model.biz\/wp-content\/uploads\/2020\/01\/topmodel_upload_sogehts_welle-18.svg\u00a0\u00bb custom_padding=\u00a0\u00bb||299px|||\u00a0\u00bb][et_pb_row _builder_version=\u00a0\u00bb4.0.9&Prime; custom_padding=\u00a0\u00bb||5px|||\u00a0\u00bb custom_css_main_element=\u00a0\u00bbtext-align: center;\u00a0\u00bb][et_pb_column type=\u00a0\u00bb4_4&Prime; _builder_version=\u00a0\u00bb4.0.7&Prime;][et_pb_text module_class=\u00a0\u00bbhomeblurb burtonheading waveline headmbot\u00a0\u00bb _builder_version=\u00a0\u00bb4.4.1&Prime; header_text_align=\u00a0\u00bbcenter\u00a0\u00bb header_font_size=\u00a0\u00bb76px\u00a0\u00bb header_2_font_size=\u00a0\u00bb49px\u00a0\u00bb text_orientation=\u00a0\u00bbcenter\u00a0\u00bb max_width=\u00a0\u00bb850px\u00a0\u00bb max_width_tablet=\u00a0\u00bb600px\u00a0\u00bb max_width_phone=\u00a0\u00bb100%\u00a0\u00bb max_width_last_edited=\u00a0\u00bbon|phone\u00a0\u00bb hover_enabled=\u00a0\u00bb0&Prime; header_font_size_tablet=\u00a0\u00bb52px\u00a0\u00bb header_font_size_phone=\u00a0\u00bb40px\u00a0\u00bb header_font_size_last_edited=\u00a0\u00bbon|phone\u00a0\u00bb header_2_font_size_tablet=\u00a0\u00bb44px\u00a0\u00bb header_2_font_size_phone=\u00a0\u00bb38px\u00a0\u00bb header_2_font_size_last_edited=\u00a0\u00bbon|phone\u00a0\u00bb custom_css_main_element=\u00a0\u00bbdisplay: inline-block;||position: relative;\u00a0\u00bb]<\/p>\n<h1>Guides r\u00e9seaux sociaux<\/h1>\n<p>Ici, nous proposons des instructions vid\u00e9o pour la configuration de nos \u00e9l\u00e9ments Instastory sur ton smartphone !<\/p>\n<p>[\/et_pb_text][\/et_pb_column][\/et_pb_row][et_pb_row column_structure=\u00a0\u00bb1_2,1_2&Prime; use_custom_gutter=\u00a0\u00bbon\u00a0\u00bb gutter_width=\u00a0\u00bb2&Prime; make_equal=\u00a0\u00bbon\u00a0\u00bb custom_padding_last_edited=\u00a0\u00bboff|desktop\u00a0\u00bb _builder_version=\u00a0\u00bb4.0.9&Prime; background_enable_image=\u00a0\u00bboff\u00a0\u00bb background_size=\u00a0\u00bbcontain\u00a0\u00bb background_position=\u00a0\u00bbbottom_right\u00a0\u00bb max_width_tablet=\u00a0\u00bb500px\u00a0\u00bb max_width_phone=\u00a0\u00bb\u00a0\u00bb max_width_last_edited=\u00a0\u00bbon|tablet\u00a0\u00bb custom_margin_tablet=\u00a0\u00bb|auto||auto|false|false\u00a0\u00bb custom_margin_phone=\u00a0\u00bb\u00a0\u00bb custom_margin_last_edited=\u00a0\u00bbon|phone\u00a0\u00bb custom_padding_phone=\u00a0\u00bb||||false|false\u00a0\u00bb module_alignment_last_edited=\u00a0\u00bboff|tablet\u00a0\u00bb][et_pb_column type=\u00a0\u00bb1_2&Prime; _builder_version=\u00a0\u00bb4.0.9&Prime; background_color=\u00a0\u00bb#f88bb3&Prime; border_radii=\u00a0\u00bbon|10px|10px|10px|10px\u00a0\u00bb box_shadow_style=\u00a0\u00bbpreset2&Prime; box_shadow_blur=\u00a0\u00bb20px\u00a0\u00bb box_shadow_color=\u00a0\u00bbrgba(0,0,0,0.24)\u00a0\u00bb][et_pb_video src=\u00a0\u00bbhttps:\/\/www.youtube.com\/watch?v=Dk9-aHhmjnI\u00a0\u00bb image_src=\u00a0\u00bb\/\/i.ytimg.com\/vi\/Dk9-aHhmjnI\/hqdefault.jpg\u00a0\u00bb use_icon_font_size=\u00a0\u00bbon\u00a0\u00bb icon_font_size=\u00a0\u00bb74px\u00a0\u00bb thumbnail_overlay_color=\u00a0\u00bbrgba(0,0,0,0.6)\u00a0\u00bb module_class=\u00a0\u00bbytube\u00a0\u00bb _builder_version=\u00a0\u00bb4.2.1&Prime; min_height=\u00a0\u00bb182px\u00a0\u00bb custom_margin=\u00a0\u00bb||0px||false|false\u00a0\u00bb][\/et_pb_video][et_pb_text module_class=\u00a0\u00bbyoutube-videotext\u00a0\u00bb _builder_version=\u00a0\u00bb4.4.1&Prime; text_line_height=\u00a0\u00bb1.4em\u00a0\u00bb header_2_font_size=\u00a0\u00bb49px\u00a0\u00bb header_3_font=\u00a0\u00bb|600|||||||\u00a0\u00bb header_3_font_size=\u00a0\u00bb26px\u00a0\u00bb header_3_line_height=\u00a0\u00bb1.2em\u00a0\u00bb text_orientation=\u00a0\u00bbcenter\u00a0\u00bb background_layout=\u00a0\u00bbdark\u00a0\u00bb custom_padding=\u00a0\u00bb40px|40px|40px|40px|false|false\u00a0\u00bb hover_enabled=\u00a0\u00bb0&Prime; header_2_font_size_tablet=\u00a0\u00bb44px\u00a0\u00bb header_2_font_size_phone=\u00a0\u00bb38px\u00a0\u00bb header_2_font_size_last_edited=\u00a0\u00bbon|phone\u00a0\u00bb header_3_font_size_tablet=\u00a0\u00bb\u00a0\u00bb header_3_font_size_phone=\u00a0\u00bb\u00a0\u00bb header_3_font_size_last_edited=\u00a0\u00bbon|tablet\u00a0\u00bb]<\/p>\n<h3>Instruction pour Android<\/h3>\n<p>Installer les \u00e9l\u00e9ments Instastory de TOPModel sur ton appareil Android<\/p>\n<p>[\/et_pb_text][\/et_pb_column][et_pb_column type=\u00a0\u00bb1_2&Prime; _builder_version=\u00a0\u00bb4.0.9&Prime; background_color=\u00a0\u00bb#f88bb3&Prime; border_radii=\u00a0\u00bbon|10px|10px|10px|10px\u00a0\u00bb box_shadow_style=\u00a0\u00bbpreset2&Prime; box_shadow_blur=\u00a0\u00bb20px\u00a0\u00bb box_shadow_color=\u00a0\u00bbrgba(0,0,0,0.24)\u00a0\u00bb][et_pb_video src=\u00a0\u00bbhttps:\/\/www.youtube.com\/watch?v=mJNwh7rtZv4&Prime; image_src=\u00a0\u00bb\/\/i.ytimg.com\/vi\/mJNwh7rtZv4\/hqdefault.jpg\u00a0\u00bb use_icon_font_size=\u00a0\u00bbon\u00a0\u00bb icon_font_size=\u00a0\u00bb74px\u00a0\u00bb thumbnail_overlay_color=\u00a0\u00bbrgba(0,0,0,0.6)\u00a0\u00bb module_class=\u00a0\u00bbytube\u00a0\u00bb _builder_version=\u00a0\u00bb4.2.1&Prime; min_height=\u00a0\u00bb182px\u00a0\u00bb custom_margin=\u00a0\u00bb||0px||false|false\u00a0\u00bb][\/et_pb_video][et_pb_text module_class=\u00a0\u00bbyoutube-videotext\u00a0\u00bb _builder_version=\u00a0\u00bb4.4.1&Prime; text_line_height=\u00a0\u00bb1.4em\u00a0\u00bb header_2_font_size=\u00a0\u00bb49px\u00a0\u00bb header_3_font=\u00a0\u00bb|600|||||||\u00a0\u00bb header_3_font_size=\u00a0\u00bb26px\u00a0\u00bb header_3_line_height=\u00a0\u00bb1.2em\u00a0\u00bb text_orientation=\u00a0\u00bbcenter\u00a0\u00bb background_layout=\u00a0\u00bbdark\u00a0\u00bb custom_padding=\u00a0\u00bb40px|40px|40px|40px|false|false\u00a0\u00bb hover_enabled=\u00a0\u00bb0&Prime; header_2_font_size_tablet=\u00a0\u00bb44px\u00a0\u00bb header_2_font_size_phone=\u00a0\u00bb38px\u00a0\u00bb header_2_font_size_last_edited=\u00a0\u00bbon|phone\u00a0\u00bb header_3_font_size_tablet=\u00a0\u00bb\u00a0\u00bb header_3_font_size_phone=\u00a0\u00bb\u00a0\u00bb header_3_font_size_last_edited=\u00a0\u00bbon|tablet\u00a0\u00bb]<\/p>\n<h3>Instruction pour iOS<\/h3>\n<p>Installer les \u00e9l\u00e9ments Instastory de TOPModel sur ton appareil iOS (Apple).<\/p>\n<p>[\/et_pb_text][\/et_pb_column][\/et_pb_row][\/et_pb_section]<\/p>\n","protected":false},"excerpt":{"rendered":"<p>Guides r\u00e9seaux sociaux Ici, nous proposons des instructions vid\u00e9o pour la configuration de nos \u00e9l\u00e9ments Instastory sur ton smartphone !Instruction pour Android Installer les \u00e9l\u00e9ments Instastory de TOPModel sur ton appareil AndroidInstruction pour iOS Installer les \u00e9l\u00e9ments Instastory de TOPModel sur ton appareil iOS (Apple).<\/p>\n","protected":false},"author":1,"featured_media":0,"parent":50,"menu_order":0,"comment_status":"closed","ping_status":"closed","template":"","meta":{"_acf_changed":false,"_et_pb_use_builder":"on","_et_pb_old_content":"","_et_gb_content_width":"","footnotes":""},"class_list":["post-4613","page","type-page","status-publish","hentry"],"acf":[],"yoast_head":"<!-- This site is optimized with the Yoast SEO Premium plugin v24.2 (Yoast SEO v27.2) - https:\/\/yoast.com\/product\/yoast-seo-premium-wordpress\/ -->\n<title>Social Media Guides - TOPModel by Depesche France<\/title>\n<meta name=\"robots\" content=\"index, follow, max-snippet:-1, max-image-preview:large, max-video-preview:-1\" \/>\n<link rel=\"canonical\" href=\"https:\/\/top-model.biz\/fr\/reseaux-sociaux\/guides\/\" \/>\n<meta property=\"og:locale\" content=\"fr_FR\" \/>\n<meta property=\"og:type\" content=\"article\" \/>\n<meta property=\"og:title\" content=\"Social Media Guides\" \/>\n<meta property=\"og:description\" content=\"Guides r\u00e9seaux sociaux Ici, nous proposons des instructions vid\u00e9o pour la configuration de nos \u00e9l\u00e9ments Instastory sur ton smartphone !Instruction pour Android Installer les \u00e9l\u00e9ments Instastory de TOPModel sur ton appareil AndroidInstruction pour iOS Installer les \u00e9l\u00e9ments Instastory de TOPModel sur ton appareil iOS (Apple).\" \/>\n<meta property=\"og:url\" content=\"https:\/\/top-model.biz\/fr\/reseaux-sociaux\/guides\/\" \/>\n<meta property=\"og:site_name\" content=\"TOPModel by Depesche France\" \/>\n<meta property=\"article:modified_time\" content=\"2020-03-13T08:51:24+00:00\" \/>\n<meta name=\"twitter:card\" content=\"summary_large_image\" \/>\n<meta name=\"twitter:label1\" content=\"Dur\u00e9e de lecture estim\u00e9e\" \/>\n\t<meta name=\"twitter:data1\" content=\"5 minutes\" \/>\n<script type=\"application\/ld+json\" class=\"yoast-schema-graph\">{\"@context\":\"https:\/\/schema.org\",\"@graph\":[{\"@type\":\"WebPage\",\"@id\":\"https:\/\/top-model.biz\/fr\/reseaux-sociaux\/guides\/\",\"url\":\"https:\/\/top-model.biz\/fr\/reseaux-sociaux\/guides\/\",\"name\":\"Social Media Guides - TOPModel by Depesche France\",\"isPartOf\":{\"@id\":\"https:\/\/top-model.biz\/fr\/#website\"},\"datePublished\":\"2020-01-20T10:31:47+00:00\",\"dateModified\":\"2020-03-13T08:51:24+00:00\",\"breadcrumb\":{\"@id\":\"https:\/\/top-model.biz\/fr\/reseaux-sociaux\/guides\/#breadcrumb\"},\"inLanguage\":\"fr-FR\",\"potentialAction\":[{\"@type\":\"ReadAction\",\"target\":[\"https:\/\/top-model.biz\/fr\/reseaux-sociaux\/guides\/\"]}]},{\"@type\":\"BreadcrumbList\",\"@id\":\"https:\/\/top-model.biz\/fr\/reseaux-sociaux\/guides\/#breadcrumb\",\"itemListElement\":[{\"@type\":\"ListItem\",\"position\":1,\"name\":\"R\u00e9seaux sociaux\",\"item\":\"https:\/\/top-model.biz\/fr\/reseaux-sociaux\/\"},{\"@type\":\"ListItem\",\"position\":2,\"name\":\"Social Media Guides\"}]},{\"@type\":\"WebSite\",\"@id\":\"https:\/\/top-model.biz\/fr\/#website\",\"url\":\"https:\/\/top-model.biz\/fr\/\",\"name\":\"TOPModel by Depesche France\",\"description\":\"TOPModel by Depesche\",\"publisher\":{\"@id\":\"https:\/\/top-model.biz\/fr\/#organization\"},\"potentialAction\":[{\"@type\":\"SearchAction\",\"target\":{\"@type\":\"EntryPoint\",\"urlTemplate\":\"https:\/\/top-model.biz\/fr\/?s={search_term_string}\"},\"query-input\":{\"@type\":\"PropertyValueSpecification\",\"valueRequired\":true,\"valueName\":\"search_term_string\"}}],\"inLanguage\":\"fr-FR\"},{\"@type\":\"Organization\",\"@id\":\"https:\/\/top-model.biz\/fr\/#organization\",\"name\":\"TOPModel by Depesche GmbH & Co. KG\",\"url\":\"https:\/\/top-model.biz\/fr\/\",\"logo\":{\"@type\":\"ImageObject\",\"inLanguage\":\"fr-FR\",\"@id\":\"https:\/\/top-model.biz\/fr\/#\/schema\/logo\/image\/\",\"url\":\"https:\/\/top-model.biz\/fr\/wp-content\/uploads\/sites\/15\/2020\/01\/depeschelogo_72dpi.jpg\",\"contentUrl\":\"https:\/\/top-model.biz\/fr\/wp-content\/uploads\/sites\/15\/2020\/01\/depeschelogo_72dpi.jpg\",\"width\":1600,\"height\":620,\"caption\":\"TOPModel by Depesche GmbH & Co. KG\"},\"image\":{\"@id\":\"https:\/\/top-model.biz\/fr\/#\/schema\/logo\/image\/\"},\"sameAs\":[\"https:\/\/www.instagram.com\/topmodel_international\"]}]}<\/script>\n<!-- \/ Yoast SEO Premium plugin. -->","yoast_head_json":{"title":"Social Media Guides - TOPModel by Depesche France","robots":{"index":"index","follow":"follow","max-snippet":"max-snippet:-1","max-image-preview":"max-image-preview:large","max-video-preview":"max-video-preview:-1"},"canonical":"https:\/\/top-model.biz\/fr\/reseaux-sociaux\/guides\/","og_locale":"fr_FR","og_type":"article","og_title":"Social Media Guides","og_description":"Guides r\u00e9seaux sociaux Ici, nous proposons des instructions vid\u00e9o pour la configuration de nos \u00e9l\u00e9ments Instastory sur ton smartphone !Instruction pour Android Installer les \u00e9l\u00e9ments Instastory de TOPModel sur ton appareil AndroidInstruction pour iOS Installer les \u00e9l\u00e9ments Instastory de TOPModel sur ton appareil iOS (Apple).","og_url":"https:\/\/top-model.biz\/fr\/reseaux-sociaux\/guides\/","og_site_name":"TOPModel by Depesche France","article_modified_time":"2020-03-13T08:51:24+00:00","twitter_card":"summary_large_image","twitter_misc":{"Dur\u00e9e de lecture estim\u00e9e":"5 minutes"},"schema":{"@context":"https:\/\/schema.org","@graph":[{"@type":"WebPage","@id":"https:\/\/top-model.biz\/fr\/reseaux-sociaux\/guides\/","url":"https:\/\/top-model.biz\/fr\/reseaux-sociaux\/guides\/","name":"Social Media Guides - TOPModel by Depesche France","isPartOf":{"@id":"https:\/\/top-model.biz\/fr\/#website"},"datePublished":"2020-01-20T10:31:47+00:00","dateModified":"2020-03-13T08:51:24+00:00","breadcrumb":{"@id":"https:\/\/top-model.biz\/fr\/reseaux-sociaux\/guides\/#breadcrumb"},"inLanguage":"fr-FR","potentialAction":[{"@type":"ReadAction","target":["https:\/\/top-model.biz\/fr\/reseaux-sociaux\/guides\/"]}]},{"@type":"BreadcrumbList","@id":"https:\/\/top-model.biz\/fr\/reseaux-sociaux\/guides\/#breadcrumb","itemListElement":[{"@type":"ListItem","position":1,"name":"R\u00e9seaux sociaux","item":"https:\/\/top-model.biz\/fr\/reseaux-sociaux\/"},{"@type":"ListItem","position":2,"name":"Social Media Guides"}]},{"@type":"WebSite","@id":"https:\/\/top-model.biz\/fr\/#website","url":"https:\/\/top-model.biz\/fr\/","name":"TOPModel by Depesche France","description":"TOPModel by Depesche","publisher":{"@id":"https:\/\/top-model.biz\/fr\/#organization"},"potentialAction":[{"@type":"SearchAction","target":{"@type":"EntryPoint","urlTemplate":"https:\/\/top-model.biz\/fr\/?s={search_term_string}"},"query-input":{"@type":"PropertyValueSpecification","valueRequired":true,"valueName":"search_term_string"}}],"inLanguage":"fr-FR"},{"@type":"Organization","@id":"https:\/\/top-model.biz\/fr\/#organization","name":"TOPModel by Depesche GmbH & Co. KG","url":"https:\/\/top-model.biz\/fr\/","logo":{"@type":"ImageObject","inLanguage":"fr-FR","@id":"https:\/\/top-model.biz\/fr\/#\/schema\/logo\/image\/","url":"https:\/\/top-model.biz\/fr\/wp-content\/uploads\/sites\/15\/2020\/01\/depeschelogo_72dpi.jpg","contentUrl":"https:\/\/top-model.biz\/fr\/wp-content\/uploads\/sites\/15\/2020\/01\/depeschelogo_72dpi.jpg","width":1600,"height":620,"caption":"TOPModel by Depesche GmbH & Co. KG"},"image":{"@id":"https:\/\/top-model.biz\/fr\/#\/schema\/logo\/image\/"},"sameAs":["https:\/\/www.instagram.com\/topmodel_international"]}]}},"_links":{"self":[{"href":"https:\/\/top-model.biz\/fr\/wp-json\/wp\/v2\/pages\/4613","targetHints":{"allow":["GET"]}}],"collection":[{"href":"https:\/\/top-model.biz\/fr\/wp-json\/wp\/v2\/pages"}],"about":[{"href":"https:\/\/top-model.biz\/fr\/wp-json\/wp\/v2\/types\/page"}],"author":[{"embeddable":true,"href":"https:\/\/top-model.biz\/fr\/wp-json\/wp\/v2\/users\/1"}],"replies":[{"embeddable":true,"href":"https:\/\/top-model.biz\/fr\/wp-json\/wp\/v2\/comments?post=4613"}],"version-history":[{"count":5,"href":"https:\/\/top-model.biz\/fr\/wp-json\/wp\/v2\/pages\/4613\/revisions"}],"predecessor-version":[{"id":4889,"href":"https:\/\/top-model.biz\/fr\/wp-json\/wp\/v2\/pages\/4613\/revisions\/4889"}],"up":[{"embeddable":true,"href":"https:\/\/top-model.biz\/fr\/wp-json\/wp\/v2\/pages\/50"}],"wp:attachment":[{"href":"https:\/\/top-model.biz\/fr\/wp-json\/wp\/v2\/media?parent=4613"}],"curies":[{"name":"wp","href":"https:\/\/api.w.org\/{rel}","templated":true}]}}