{"id":28,"date":"2019-12-03T06:09:46","date_gmt":"2019-12-03T05:09:46","guid":{"rendered":"https:\/\/top-model.biz\/?page_id=28"},"modified":"2025-04-09T20:55:10","modified_gmt":"2025-04-09T18:55:10","slug":"f-a-q","status":"publish","type":"page","link":"https:\/\/top-model.biz\/fr\/f-a-q\/","title":{"rendered":"F.A.Q"},"content":{"rendered":"<p>[et_pb_section fb_built=\u00a0\u00bb1&Prime; custom_padding_last_edited=\u00a0\u00bbon|phone\u00a0\u00bb _builder_version=\u00a0\u00bb4.16&Prime; background_image=\u00a0\u00bbhttps:\/\/top-model.biz\/wp-content\/uploads\/2019\/12\/topmodel_wg2.svg\u00a0\u00bb custom_padding=\u00a0\u00bb||378px||false|false\u00a0\u00bb custom_padding_tablet=\u00a0\u00bb||250px||false|false\u00a0\u00bb custom_padding_phone=\u00a0\u00bb||140px||false|false\u00a0\u00bb custom_css_main_element=\u00a0\u00bbbackground-size: 130%;||background-position: bottom;\u00a0\u00bb global_colors_info=\u00a0\u00bb{}\u00a0\u00bb custom_css_main_element_last_edited=\u00a0\u00bbon|phone\u00a0\u00bb custom_css_main_element_tablet=\u00a0\u00bbbackground-size: 120%;||background-position: bottom;\u00a0\u00bb custom_css_main_element_phone=\u00a0\u00bbbackground-size: 120%;||background-position: bottom;\u00a0\u00bb][et_pb_row _builder_version=\u00a0\u00bb4.16&Prime; custom_padding=\u00a0\u00bb||5px|||\u00a0\u00bb custom_css_main_element=\u00a0\u00bbtext-align: center;\u00a0\u00bb global_colors_info=\u00a0\u00bb{}\u00a0\u00bb][et_pb_column type=\u00a0\u00bb4_4&Prime; _builder_version=\u00a0\u00bb4.16&Prime; global_colors_info=\u00a0\u00bb{}\u00a0\u00bb][et_pb_text module_class=\u00a0\u00bbhomeblurb burtonheading waveline headmbot keinzeilenumbruch\u00a0\u00bb _builder_version=\u00a0\u00bb4.16&Prime; _dynamic_attributes=\u00a0\u00bbcontent\u00a0\u00bb header_text_align=\u00a0\u00bbcenter\u00a0\u00bb header_font_size=\u00a0\u00bb76px\u00a0\u00bb header_2_font_size=\u00a0\u00bb49px\u00a0\u00bb text_orientation=\u00a0\u00bbcenter\u00a0\u00bb max_width=\u00a0\u00bb650px\u00a0\u00bb max_width_tablet=\u00a0\u00bb600px\u00a0\u00bb max_width_phone=\u00a0\u00bb100%\u00a0\u00bb max_width_last_edited=\u00a0\u00bbon|phone\u00a0\u00bb module_alignment=\u00a0\u00bbcenter\u00a0\u00bb header_font_size_tablet=\u00a0\u00bb52px\u00a0\u00bb header_font_size_phone=\u00a0\u00bb40px\u00a0\u00bb header_font_size_last_edited=\u00a0\u00bbon|phone\u00a0\u00bb header_2_font_size_tablet=\u00a0\u00bb44px\u00a0\u00bb header_2_font_size_phone=\u00a0\u00bb38px\u00a0\u00bb header_2_font_size_last_edited=\u00a0\u00bbon|phone\u00a0\u00bb custom_css_main_element=\u00a0\u00bbdisplay: inline-block;||position: relative;||-webkit-hyphens: auto;||-webkit-hyphenate-limit-chars: auto 3;||-webkit-hyphenate-limit-lines: 4;||-ms-hyphens: auto;||-ms-hyphenate-limit-chars: auto 3;||-ms-hyphenate-limit-lines: 4;||hyphens: auto;||hyphenate-limit-chars: auto 5;||hyphenate-limit-lines: 2;\u00a0\u00bb global_colors_info=\u00a0\u00bb{}\u00a0\u00bb]@ET-DC@eyJkeW5hbWljIjp0cnVlLCJjb250ZW50IjoicG9zdF90aXRsZSIsInNldHRpbmdzIjp7ImJlZm9yZSI6IjxoMT4iLCJhZnRlciI6IjwvaDE+In19@[\/et_pb_text][et_pb_text disabled_on=\u00a0\u00bboff|off|off\u00a0\u00bb module_class=\u00a0\u00bbkapraneue\u00a0\u00bb _builder_version=\u00a0\u00bb4.16&Prime; header_2_font_size=\u00a0\u00bb25px\u00a0\u00bb max_width=\u00a0\u00bb767px\u00a0\u00bb module_alignment=\u00a0\u00bbcenter\u00a0\u00bb custom_margin=\u00a0\u00bb||10px||false|false\u00a0\u00bb header_2_font_size_tablet=\u00a0\u00bb\u00a0\u00bb header_2_font_size_phone=\u00a0\u00bb\u00a0\u00bb header_2_font_size_last_edited=\u00a0\u00bbon|desktop\u00a0\u00bb global_colors_info=\u00a0\u00bb{}\u00a0\u00bb]<\/p>\n<h2>Questions sur le magazine<\/h2>\n<p>[\/et_pb_text][et_pb_accordion open_toggle_background_color=\u00a0\u00bb#ffffff\u00a0\u00bb closed_toggle_background_color=\u00a0\u00bb#ffffff\u00a0\u00bb icon_color=\u00a0\u00bb#f8508e\u00a0\u00bb use_icon_font_size=\u00a0\u00bbon\u00a0\u00bb icon_font_size=\u00a0\u00bb22px\u00a0\u00bb disabled_on=\u00a0\u00bboff|off|off\u00a0\u00bb admin_label=\u00a0\u00bbFAQs\u00a0\u00bb module_class=\u00a0\u00bbfaq\u00a0\u00bb _builder_version=\u00a0\u00bb4.16&Prime; toggle_text_align=\u00a0\u00bbleft\u00a0\u00bb toggle_font_size=\u00a0\u00bb20px\u00a0\u00bb closed_toggle_text_align=\u00a0\u00bbleft\u00a0\u00bb closed_toggle_font_size=\u00a0\u00bb20px\u00a0\u00bb body_text_align=\u00a0\u00bbleft\u00a0\u00bb body_line_height=\u00a0\u00bb1.5em\u00a0\u00bb background_enable_color=\u00a0\u00bboff\u00a0\u00bb max_width=\u00a0\u00bb767px\u00a0\u00bb module_alignment=\u00a0\u00bbcenter\u00a0\u00bb custom_padding=\u00a0\u00bb|0px||0px|false|false\u00a0\u00bb custom_css_toggle=\u00a0\u00bbmargin-bottom: 0 !important;\u00a0\u00bb border_radii=\u00a0\u00bbon|10px|10px|10px|10px\u00a0\u00bb border_width_all=\u00a0\u00bb0px\u00a0\u00bb global_colors_info=\u00a0\u00bb{}\u00a0\u00bb custom_css_toggle_last_edited=\u00a0\u00bboff|desktop\u00a0\u00bb][et_pb_accordion_item title=\u00a0\u00bbComment puis-je poser ma candidature pour la rubrique \u00ab Styliste du mois \u00bb ?\u00a0\u00bb open=\u00a0\u00bbon\u00a0\u00bb _builder_version=\u00a0\u00bb4.16&Prime; global_colors_info=\u00a0\u00bb{}\u00a0\u00bb]<\/p>\n<p>Nous sommes toujours \u00e0 la recherche de dessinatrices de talent! Tu en es une ? Alors \u00e9cris-nous un e-mail \u00e0 redaction@top-model.biz! Tu peux aussi postuler sur Instagram par Direct Message ou en ajoutant le tag topmodel_de \u00e0 tes cr\u00e9ations.<\/p>\n<p>[\/et_pb_accordion_item][\/et_pb_accordion][et_pb_text module_class=\u00a0\u00bbkapraneue\u00a0\u00bb _builder_version=\u00a0\u00bb4.16&Prime; header_2_font_size=\u00a0\u00bb25px\u00a0\u00bb max_width=\u00a0\u00bb767px\u00a0\u00bb module_alignment=\u00a0\u00bbcenter\u00a0\u00bb custom_margin=\u00a0\u00bb||10px||false|false\u00a0\u00bb header_2_font_size_tablet=\u00a0\u00bb\u00a0\u00bb header_2_font_size_phone=\u00a0\u00bb\u00a0\u00bb header_2_font_size_last_edited=\u00a0\u00bbon|desktop\u00a0\u00bb global_colors_info=\u00a0\u00bb{}\u00a0\u00bb]<\/p>\n<h2>Questions g\u00e9n\u00e9rales<\/h2>\n<p>[\/et_pb_text][et_pb_accordion open_toggle_background_color=\u00a0\u00bb#ffffff\u00a0\u00bb closed_toggle_background_color=\u00a0\u00bb#ffffff\u00a0\u00bb icon_color=\u00a0\u00bb#f8508e\u00a0\u00bb use_icon_font_size=\u00a0\u00bbon\u00a0\u00bb icon_font_size=\u00a0\u00bb22px\u00a0\u00bb admin_label=\u00a0\u00bbFAQs\u00a0\u00bb module_class=\u00a0\u00bbfaq\u00a0\u00bb _builder_version=\u00a0\u00bb4.16&Prime; toggle_text_align=\u00a0\u00bbleft\u00a0\u00bb toggle_font_size=\u00a0\u00bb20px\u00a0\u00bb closed_toggle_text_align=\u00a0\u00bbleft\u00a0\u00bb closed_toggle_font_size=\u00a0\u00bb20px\u00a0\u00bb body_text_align=\u00a0\u00bbleft\u00a0\u00bb body_line_height=\u00a0\u00bb1.5em\u00a0\u00bb background_enable_color=\u00a0\u00bboff\u00a0\u00bb max_width=\u00a0\u00bb767px\u00a0\u00bb module_alignment=\u00a0\u00bbcenter\u00a0\u00bb custom_padding=\u00a0\u00bb|0px||0px|false|false\u00a0\u00bb custom_css_toggle=\u00a0\u00bbmargin-bottom: 0 !important;\u00a0\u00bb border_radii=\u00a0\u00bbon|10px|10px|10px|10px\u00a0\u00bb border_width_all=\u00a0\u00bb0px\u00a0\u00bb global_colors_info=\u00a0\u00bb{}\u00a0\u00bb][et_pb_accordion_item title=\u00a0\u00bbJ\u2019ai achet\u00e9 un article avec un code secret, mais je ne peux pas l\u2019ouvrir. Comment faire ?\u00a0\u00bb _builder_version=\u00a0\u00bb4.16&Prime; global_colors_info=\u00a0\u00bb{}\u00a0\u00bb open=\u00a0\u00bbon\u00a0\u00bb]Tu peux suivre cette proc\u00e9dure:<\/p>\n<ol class=\"fa-ol\">\n<li>Le mot de passe pr\u00e9configur\u00e9 est \u201c0000\u201d. Saisis ce mot de passe : l\u2019article se d\u00e9verrouille en musique.<\/li>\n<li>Apr\u00e8s avoir d\u00e9verrouill\u00e9 l\u2019article, appuie imm\u00e9diatement sur la touche \u201c*\u201d et maintiens-la enfonc\u00e9e pendant trois secondes.<\/li>\n<li>Tu as d\u00e9sormais 10 secondes pour saisir un nouveau mot de passe \u00e0 quatre chiffres. Si tu saisis plus de quatre chiffres, seuls les quatre premiers chiffres sont pris en compte. Appuie sur la touche \u201c#\u201d<br \/>\npour confirmer et activer le nouveau mot de passe.\n<\/li>\n<li>Si tu as oubli\u00e9 ton propre mot de passe, appuie tout simplement sur les touches \u201c1\u201d, \u201c3\u201d et \u201c0\u201d en m\u00eame temps pendant quatre secondes. Tu peux ensuite saisir un nouveau mot de passe, comme pr\u00e9cis\u00e9 aux \u00e9tapes 2 et 3. (Garde bien cette astuce en t\u00eate!)<\/li>\n<li>Si les piles sont vides, voici comment les changer : tourne les vis du compartiment des piles dans le sens inverse des aiguilles d\u2019une montre et retire le couvercle. Ins\u00e8re ensuite les piles AG13\/LR44 dans le sens indiqu\u00e9 \u00e0 l\u2019int\u00e9rieur du compartiment. Referme le couvercle et serre bien les vis.<\/li>\n<li>Ton mot de passe reste actif m\u00eame si tu as chang\u00e9 les piles!<\/li>\n<\/ol>\n<p>[\/et_pb_accordion_item][et_pb_accordion_item title=\u00a0\u00bbJ\u2019aimerais faire une r\u00e9clamation. \u00c0 qui puis-je l\u2019adresser ?\u00a0\u00bb _builder_version=\u00a0\u00bb4.16&Prime; global_colors_info=\u00a0\u00bb{}\u00a0\u00bb open=\u00a0\u00bboff\u00a0\u00bb]<\/p>\n<p>La r\u00e9clamation peut \u00eatre adress\u00e9e directement dans le magasin o\u00f9 l\u2019article a \u00e9t\u00e9 achet\u00e9, ou par e-mail \u00e0 l\u2019adresse : redaction@top-model.biz<\/p>\n<p>[\/et_pb_accordion_item][et_pb_accordion_item title=\u00a0\u00bbEffectuez-vous des ventes en magasin d\u2019usine ?\u00a0\u00bb open=\u00a0\u00bboff\u00a0\u00bb _builder_version=\u00a0\u00bb4.16&Prime; global_colors_info=\u00a0\u00bb{}\u00a0\u00bb]<\/p>\n<p>Non, nous n\u2019effectuons aucune vente en magasin d\u2019usine.<\/p>\n<p>[\/et_pb_accordion_item][et_pb_accordion_item title=\u00a0\u00bbPeut-on directement commander un article TOPModel ?\u00a0\u00bb _builder_version=\u00a0\u00bb4.16&Prime; global_colors_info=\u00a0\u00bb{}\u00a0\u00bb open=\u00a0\u00bboff\u00a0\u00bb]<\/p>\n<p>Malheureusement, les clients finaux ne peuvent pas passer commande chez nous. En effet, nous sommes un grossiste et nous approvisionnons uniquement les d\u00e9taillants.<\/p>\n<p>[\/et_pb_accordion_item][\/et_pb_accordion][\/et_pb_column][\/et_pb_row][\/et_pb_section]<\/p>\n","protected":false},"excerpt":{"rendered":"<p>Questions sur le magazineNous sommes toujours \u00e0 la recherche de dessinatrices de talent! Tu en es une ? Alors \u00e9cris-nous un e-mail \u00e0 redaction@top-model.biz! Tu peux aussi postuler sur Instagram par Direct Message ou en ajoutant le tag topmodel_de \u00e0 tes cr\u00e9ations.Questions g\u00e9n\u00e9ralesTu peux suivre cette proc\u00e9dure: Le mot de passe pr\u00e9configur\u00e9 est \u201c0000\u201d. Saisis [&hellip;]<\/p>\n","protected":false},"author":1,"featured_media":0,"parent":0,"menu_order":0,"comment_status":"closed","ping_status":"closed","template":"","meta":{"_acf_changed":false,"_et_pb_use_builder":"on","_et_pb_old_content":"","_et_gb_content_width":"","footnotes":""},"class_list":["post-28","page","type-page","status-publish","hentry"],"acf":[],"yoast_head":"<!-- This site is optimized with the Yoast SEO Premium plugin v24.2 (Yoast SEO v27.2) - https:\/\/yoast.com\/product\/yoast-seo-premium-wordpress\/ -->\n<title>F.A.Q - TOPModel by Depesche France<\/title>\n<meta name=\"robots\" content=\"index, follow, max-snippet:-1, max-image-preview:large, max-video-preview:-1\" \/>\n<link rel=\"canonical\" href=\"https:\/\/top-model.biz\/fr\/f-a-q\/\" \/>\n<meta property=\"og:locale\" content=\"fr_FR\" \/>\n<meta property=\"og:type\" content=\"article\" \/>\n<meta property=\"og:title\" content=\"F.A.Q\" \/>\n<meta property=\"og:description\" content=\"Questions sur le magazineNous sommes toujours \u00e0 la recherche de dessinatrices de talent! Tu en es une ? Alors \u00e9cris-nous un e-mail \u00e0 redaction@top-model.biz! Tu peux aussi postuler sur Instagram par Direct Message ou en ajoutant le tag topmodel_de \u00e0 tes cr\u00e9ations.Questions g\u00e9n\u00e9ralesTu peux suivre cette proc\u00e9dure: Le mot de passe pr\u00e9configur\u00e9 est \u201c0000\u201d. Saisis [&hellip;]\" \/>\n<meta property=\"og:url\" content=\"https:\/\/top-model.biz\/fr\/f-a-q\/\" \/>\n<meta property=\"og:site_name\" content=\"TOPModel by Depesche France\" \/>\n<meta property=\"article:modified_time\" content=\"2025-04-09T18:55:10+00:00\" \/>\n<meta name=\"twitter:card\" content=\"summary_large_image\" \/>\n<meta name=\"twitter:label1\" content=\"Dur\u00e9e de lecture estim\u00e9e\" \/>\n\t<meta name=\"twitter:data1\" content=\"2 minutes\" \/>\n<script type=\"application\/ld+json\" class=\"yoast-schema-graph\">{\"@context\":\"https:\/\/schema.org\",\"@graph\":[{\"@type\":\"WebPage\",\"@id\":\"https:\/\/top-model.biz\/fr\/f-a-q\/\",\"url\":\"https:\/\/top-model.biz\/fr\/f-a-q\/\",\"name\":\"F.A.Q - TOPModel by Depesche France\",\"isPartOf\":{\"@id\":\"https:\/\/top-model.biz\/fr\/#website\"},\"datePublished\":\"2019-12-03T05:09:46+00:00\",\"dateModified\":\"2025-04-09T18:55:10+00:00\",\"inLanguage\":\"fr-FR\",\"potentialAction\":[{\"@type\":\"ReadAction\",\"target\":[\"https:\/\/top-model.biz\/fr\/f-a-q\/\"]}]},{\"@type\":\"WebSite\",\"@id\":\"https:\/\/top-model.biz\/fr\/#website\",\"url\":\"https:\/\/top-model.biz\/fr\/\",\"name\":\"TOPModel by Depesche France\",\"description\":\"TOPModel by Depesche\",\"publisher\":{\"@id\":\"https:\/\/top-model.biz\/fr\/#organization\"},\"potentialAction\":[{\"@type\":\"SearchAction\",\"target\":{\"@type\":\"EntryPoint\",\"urlTemplate\":\"https:\/\/top-model.biz\/fr\/?s={search_term_string}\"},\"query-input\":{\"@type\":\"PropertyValueSpecification\",\"valueRequired\":true,\"valueName\":\"search_term_string\"}}],\"inLanguage\":\"fr-FR\"},{\"@type\":\"Organization\",\"@id\":\"https:\/\/top-model.biz\/fr\/#organization\",\"name\":\"TOPModel by Depesche GmbH & Co. KG\",\"url\":\"https:\/\/top-model.biz\/fr\/\",\"logo\":{\"@type\":\"ImageObject\",\"inLanguage\":\"fr-FR\",\"@id\":\"https:\/\/top-model.biz\/fr\/#\/schema\/logo\/image\/\",\"url\":\"https:\/\/top-model.biz\/fr\/wp-content\/uploads\/sites\/15\/2020\/01\/depeschelogo_72dpi.jpg\",\"contentUrl\":\"https:\/\/top-model.biz\/fr\/wp-content\/uploads\/sites\/15\/2020\/01\/depeschelogo_72dpi.jpg\",\"width\":1600,\"height\":620,\"caption\":\"TOPModel by Depesche GmbH & Co. KG\"},\"image\":{\"@id\":\"https:\/\/top-model.biz\/fr\/#\/schema\/logo\/image\/\"},\"sameAs\":[\"https:\/\/www.instagram.com\/topmodel_international\"]}]}<\/script>\n<!-- \/ Yoast SEO Premium plugin. -->","yoast_head_json":{"title":"F.A.Q - TOPModel by Depesche France","robots":{"index":"index","follow":"follow","max-snippet":"max-snippet:-1","max-image-preview":"max-image-preview:large","max-video-preview":"max-video-preview:-1"},"canonical":"https:\/\/top-model.biz\/fr\/f-a-q\/","og_locale":"fr_FR","og_type":"article","og_title":"F.A.Q","og_description":"Questions sur le magazineNous sommes toujours \u00e0 la recherche de dessinatrices de talent! Tu en es une ? Alors \u00e9cris-nous un e-mail \u00e0 redaction@top-model.biz! Tu peux aussi postuler sur Instagram par Direct Message ou en ajoutant le tag topmodel_de \u00e0 tes cr\u00e9ations.Questions g\u00e9n\u00e9ralesTu peux suivre cette proc\u00e9dure: Le mot de passe pr\u00e9configur\u00e9 est \u201c0000\u201d. Saisis [&hellip;]","og_url":"https:\/\/top-model.biz\/fr\/f-a-q\/","og_site_name":"TOPModel by Depesche France","article_modified_time":"2025-04-09T18:55:10+00:00","twitter_card":"summary_large_image","twitter_misc":{"Dur\u00e9e de lecture estim\u00e9e":"2 minutes"},"schema":{"@context":"https:\/\/schema.org","@graph":[{"@type":"WebPage","@id":"https:\/\/top-model.biz\/fr\/f-a-q\/","url":"https:\/\/top-model.biz\/fr\/f-a-q\/","name":"F.A.Q - TOPModel by Depesche France","isPartOf":{"@id":"https:\/\/top-model.biz\/fr\/#website"},"datePublished":"2019-12-03T05:09:46+00:00","dateModified":"2025-04-09T18:55:10+00:00","inLanguage":"fr-FR","potentialAction":[{"@type":"ReadAction","target":["https:\/\/top-model.biz\/fr\/f-a-q\/"]}]},{"@type":"WebSite","@id":"https:\/\/top-model.biz\/fr\/#website","url":"https:\/\/top-model.biz\/fr\/","name":"TOPModel by Depesche France","description":"TOPModel by Depesche","publisher":{"@id":"https:\/\/top-model.biz\/fr\/#organization"},"potentialAction":[{"@type":"SearchAction","target":{"@type":"EntryPoint","urlTemplate":"https:\/\/top-model.biz\/fr\/?s={search_term_string}"},"query-input":{"@type":"PropertyValueSpecification","valueRequired":true,"valueName":"search_term_string"}}],"inLanguage":"fr-FR"},{"@type":"Organization","@id":"https:\/\/top-model.biz\/fr\/#organization","name":"TOPModel by Depesche GmbH & Co. KG","url":"https:\/\/top-model.biz\/fr\/","logo":{"@type":"ImageObject","inLanguage":"fr-FR","@id":"https:\/\/top-model.biz\/fr\/#\/schema\/logo\/image\/","url":"https:\/\/top-model.biz\/fr\/wp-content\/uploads\/sites\/15\/2020\/01\/depeschelogo_72dpi.jpg","contentUrl":"https:\/\/top-model.biz\/fr\/wp-content\/uploads\/sites\/15\/2020\/01\/depeschelogo_72dpi.jpg","width":1600,"height":620,"caption":"TOPModel by Depesche GmbH & Co. KG"},"image":{"@id":"https:\/\/top-model.biz\/fr\/#\/schema\/logo\/image\/"},"sameAs":["https:\/\/www.instagram.com\/topmodel_international"]}]}},"_links":{"self":[{"href":"https:\/\/top-model.biz\/fr\/wp-json\/wp\/v2\/pages\/28","targetHints":{"allow":["GET"]}}],"collection":[{"href":"https:\/\/top-model.biz\/fr\/wp-json\/wp\/v2\/pages"}],"about":[{"href":"https:\/\/top-model.biz\/fr\/wp-json\/wp\/v2\/types\/page"}],"author":[{"embeddable":true,"href":"https:\/\/top-model.biz\/fr\/wp-json\/wp\/v2\/users\/1"}],"replies":[{"embeddable":true,"href":"https:\/\/top-model.biz\/fr\/wp-json\/wp\/v2\/comments?post=28"}],"version-history":[{"count":10,"href":"https:\/\/top-model.biz\/fr\/wp-json\/wp\/v2\/pages\/28\/revisions"}],"predecessor-version":[{"id":7519,"href":"https:\/\/top-model.biz\/fr\/wp-json\/wp\/v2\/pages\/28\/revisions\/7519"}],"wp:attachment":[{"href":"https:\/\/top-model.biz\/fr\/wp-json\/wp\/v2\/media?parent=28"}],"curies":[{"name":"wp","href":"https:\/\/api.w.org\/{rel}","templated":true}]}}