{"id":27,"date":"2019-12-03T06:09:46","date_gmt":"2019-12-03T05:09:46","guid":{"rendered":"https:\/\/top-model.biz\/?page_id=27"},"modified":"2020-03-13T13:43:11","modified_gmt":"2020-03-13T12:43:11","slug":"conditions-dutilisation","status":"publish","type":"page","link":"https:\/\/top-model.biz\/fr\/conditions-dutilisation\/","title":{"rendered":"Conditions d&rsquo;utilisation"},"content":{"rendered":"<p>Le pr\u00e9sent site Internet permet \u00e0 Depesche de pr\u00e9senter la marque TOPModel sur le m\u00e9dia Internet. L&rsquo;offre en ligne (ci-apr\u00e8s d\u00e9sign\u00e9e le \u00ab\u00a0Site Internet TOPModel\u00a0\u00bb) et le recours aux prestations et services propos\u00e9s sont soumis aux Conditions d&rsquo;utilisation suivantes.<\/p>\n<p><strong>1.<\/strong><\/p>\n<p>Le site Internet TOPModel est exploit\u00e9 par la soci\u00e9t\u00e9 Depesche Vertrieb GmbH &amp; Co. KG, Vierlander Str. 14, D-21502 Geesthacht (ci-apr\u00e8s d\u00e9sign\u00e9e \u201cDepesche\u201d).<br \/>\n<strong>2.<\/strong><\/p>\n<p>En utilisant le site Internet, l&rsquo;utilisateur d\u00e9clare approuver les pr\u00e9sentes Conditions d&rsquo;utilisation dans leur int\u00e9gralit\u00e9. \u00c0 d\u00e9faut de quoi, l&rsquo;utilisation du site Internet TOPModel et des services qui y sont propos\u00e9s est interdite.<\/p>\n<p>L&rsquo;ensemble des textes, photos, graphiques, fichiers audio, vid\u00e9o et animations ainsi que leur disposition sont prot\u00e9g\u00e9s par la Loi sur les droits d&rsquo;auteur et d&rsquo;autres lois de protection de la propri\u00e9t\u00e9 intellectuelle.<\/p>\n<p>Sauf mention contraire, l&rsquo;ensemble des marques commerciales figurant sur le pr\u00e9sent site Internet sont prot\u00e9g\u00e9es au b\u00e9n\u00e9fice de Depesche.<\/p>\n<p>Le contenu du pr\u00e9sent site Internet ne doit pas \u00eatre copi\u00e9, diffus\u00e9 ou rendu accessible \u00e0 des tiers d&rsquo;une quelconque autre mani\u00e8re en l&rsquo;absence d&rsquo;une autorisation \u00e9crite expresse de Depesche.<\/p>\n<p>Cette pr\u00e9sentation de la marque n&rsquo;implique en rien l&rsquo;octroi \u00e0 des tiers d&rsquo;une licence d&rsquo;utilisation de la propri\u00e9t\u00e9 intellectuelle contenue sur le pr\u00e9sent site Internet de Depesche.<\/p>\n<p><strong>3.<\/strong><\/p>\n<p>Le site Internet TOPModel contient des liens (\u00ab\u00a0R\u00e9f\u00e9rences\u00a0\u00bb) vers d&rsquo;autres sites Internet. Depesche contr\u00f4le ces sites lors de la premi\u00e8re publication des liens vers ceux-ci, mais n&rsquo;a aucune influence sur la pr\u00e9sentation, les contenus et les modifications ult\u00e9rieures de ces sites Internet et d\u00e9cline par cons\u00e9quent toute responsabilit\u00e9 quant \u00e0 la l\u00e9galit\u00e9, l&rsquo;exactitude, l&rsquo;actualit\u00e9, l&rsquo;int\u00e9gralit\u00e9 et la qualit\u00e9 des informations qui y sont pr\u00e9sent\u00e9es.<\/p>\n<p>Depesche prend express\u00e9ment ses distances avec l&rsquo;int\u00e9gralit\u00e9 des contenus de l&rsquo;ensemble des sites Internet r\u00e9f\u00e9renc\u00e9s ayant \u00e9t\u00e9 modifi\u00e9s suite \u00e0 la publication des liens en question. Cette disposition s&rsquo;applique \u00e0 l&rsquo;ensemble des liens figurant sur le site Internet de Depesche. Depesche ne saurait \u00eatre tenue responsable des dommages r\u00e9sultant de l&rsquo;utilisation ou de la non-utilisation par l&rsquo;utilisateur des informations et prestations propos\u00e9es sur lesdits sites Internet.<\/p>\n<p>Aucun contrat d&rsquo;achat ou autre contrat n&rsquo;est conclu avec Depesche s&rsquo;agissant de l&rsquo;achat des produits ou de la prestation des services propos\u00e9s sur lesdits sites Internet. En cas de difficult\u00e9s ou d&rsquo;autres probl\u00e8mes li\u00e9s \u00e0 ces sites Internet, nous vous prions de vous adresser directement aux exploitants des sites en question et d&rsquo;en informer Depesche par la m\u00eame occasion.<\/p>\n<p><strong>4.<\/strong><\/p>\n<p>Les informations et donn\u00e9es figurant sur le pr\u00e9sent site Internet ne constituent en rien une assurance ou une garantie, expresse ou tacite.<\/p>\n<p>Nous avons apport\u00e9 le plus grand soin \u00e0 la cr\u00e9ation du site Internet. Nous ne sommes toutefois pas en mesure de garantir l&rsquo;absence de dysfonctionnements et l&rsquo;exactitude des informations qu&rsquo;il contient. De par leur nature, Internet et les syst\u00e8mes informatiques ne permettent pas \u00e0 Depesche d&rsquo;accorder une quelconque garantie quant \u00e0 la disponibilit\u00e9 permanente du site Internet TOPModel. Bien que Depesche veille en permanence \u00e0 ce que son site Internet TOPModel ne contienne aucun virus, l&rsquo;absence totale de virus ne peut \u00eatre garantie.<\/p>\n<p>Depesche peut uniquement \u00eatre tenue responsable des dommages d\u00e9coulant de l&rsquo;utilisation du pr\u00e9sent site Internet, qu&rsquo;ils soient directs ou indirects, en cas de faute intentionnelle ou de n\u00e9gligence grave, de dol, d&rsquo;octroi d&rsquo;une garantie quant aux propri\u00e9t\u00e9s d&rsquo;un produit, de pr\u00e9tentions d\u00e9coulant de la Loi sur la responsabilit\u00e9 du fait des produits ainsi que de dommages physiques ou d&rsquo;atteintes \u00e0 la sant\u00e9.<\/p>\n<p>Pour les dommages d\u00e9coulant de manquements dus \u00e0 une n\u00e9gligence minime, Depesche n&rsquo;est responsable qu&rsquo;en cas de manquement \u00e0 ses obligations contractuelles essentielles (les \u00ab Obligations essentielles \u00bb), et uniquement dans le cadre des dommages typiques et pr\u00e9visibles pour ce genre de contrats.<\/p>\n<p><strong>5.<\/strong><\/p>\n<p>Lors de l&rsquo;utilisation des offres propos\u00e9es sur le pr\u00e9sent site Internet, vous pouvez \u00eatre amen\u00e9 \u00e0 renseigner des informations personnelles. Vous fournissez toutes ces informations de votre plein gr\u00e9. Les donn\u00e9es personnelles vous concernant sont enregistr\u00e9es, trait\u00e9es et utilis\u00e9es exclusivement en conformit\u00e9 avec les dispositions de protection des donn\u00e9es en vigueur en Allemagne.<\/p>\n<p>Les donn\u00e9es \u00e0 caract\u00e8re personnel collect\u00e9es dans le cadre de l&rsquo;utilisation de notre offre sont utilis\u00e9es aux fins du traitement de vos demandes. Une utilisation des donn\u00e9es \u00e0 des fins publicitaires et de marketing n&rsquo;est possible qu&rsquo;avec votre accord. Vous pouvez r\u00e9voquer votre consentement \u00e0 tout moment avec effet pour l&rsquo;avenir.<\/p>\n<p><strong>6.<\/strong><\/p>\n<p>Afin d&rsquo;am\u00e9liorer l&rsquo;exp\u00e9rience d&rsquo;utilisation du site Internet, comme de nombreux autres fournisseurs en ligne, Depesche utilise des fichiers appel\u00e9s \u00ab cookies \u00bb. Il s&rsquo;agit de petits fichiers textes enregistr\u00e9s sur votre ordinateur. Cela permet \u00e0 Depesche de reconna\u00eetre votre ordinateur lors de vos consultations futures et de rendre l&rsquo;utilisation du site Internet TOPModel plus confortable pour vous. Les cookies ne collectent en aucun cas des donn\u00e9es personnelles vous concernant. Ils ne provoquent aucun dommage sur votre ordinateur et ne contiennent aucun virus.<\/p>\n<p>Bien s\u00fbr, vous pouvez supprimer les cookies enregistr\u00e9s sur votre ordinateur \u00e0 tout moment. Si vous ne souhaitez pas recevoir de cookies, vous pouvez d\u00e9sactiver cette fonction \u00e0 tout moment en param\u00e9trant votre navigateur en cons\u00e9quence.<\/p>\n<p>Naturellement, vous pouvez \u00e9galement utiliser le site Internet TOPModel sans cookies, mais l&rsquo;utilisation sera plus confortable pour vous si vous autorisez les cookies.<\/p>\n<p><strong>7.<\/strong><\/p>\n<p>Depesche se r\u00e9serve le droit de modifier ou d&rsquo;actualiser les pr\u00e9sentes Conditions g\u00e9n\u00e9rales d&rsquo;utilisation \u00e0 tout moment, avec effet pour l&rsquo;avenir. Les modifications sont affich\u00e9es sur le site Internet TOPModel. Nous vous prions de consulter r\u00e9guli\u00e8rement notre site Internet \u00e0 ce sujet. La poursuite de l&rsquo;utilisation du site Internet TOPModel n&rsquo;est possible que si vous approuvez les conditions d&rsquo;utilisation amend\u00e9es.<\/p>\n","protected":false},"excerpt":{"rendered":"<p>Le pr\u00e9sent site Internet permet \u00e0 Depesche de pr\u00e9senter la marque TOPModel sur le m\u00e9dia Internet. L&rsquo;offre en ligne (ci-apr\u00e8s d\u00e9sign\u00e9e le \u00ab\u00a0Site Internet TOPModel\u00a0\u00bb) et le recours aux prestations et services propos\u00e9s sont soumis aux Conditions d&rsquo;utilisation suivantes. 1. Le site Internet TOPModel est exploit\u00e9 par la soci\u00e9t\u00e9 Depesche Vertrieb GmbH &amp; Co. KG, [&hellip;]<\/p>\n","protected":false},"author":1,"featured_media":0,"parent":0,"menu_order":0,"comment_status":"closed","ping_status":"closed","template":"page_simple.php","meta":{"_acf_changed":false,"_et_pb_use_builder":"off","_et_pb_old_content":"","_et_gb_content_width":"","footnotes":""},"class_list":["post-27","page","type-page","status-publish","hentry"],"acf":[],"yoast_head":"<!-- This site is optimized with the Yoast SEO Premium plugin v24.2 (Yoast SEO v27.2) - https:\/\/yoast.com\/product\/yoast-seo-premium-wordpress\/ -->\n<title>Conditions d&#039;utilisation - TOPModel by Depesche France<\/title>\n<meta name=\"robots\" content=\"index, follow, max-snippet:-1, max-image-preview:large, max-video-preview:-1\" \/>\n<link rel=\"canonical\" href=\"https:\/\/top-model.biz\/fr\/conditions-dutilisation\/\" \/>\n<meta property=\"og:locale\" content=\"fr_FR\" \/>\n<meta property=\"og:type\" content=\"article\" \/>\n<meta property=\"og:title\" content=\"Conditions d&#039;utilisation\" \/>\n<meta property=\"og:description\" content=\"Le pr\u00e9sent site Internet permet \u00e0 Depesche de pr\u00e9senter la marque TOPModel sur le m\u00e9dia Internet. L&rsquo;offre en ligne (ci-apr\u00e8s d\u00e9sign\u00e9e le \u00ab\u00a0Site Internet TOPModel\u00a0\u00bb) et le recours aux prestations et services propos\u00e9s sont soumis aux Conditions d&rsquo;utilisation suivantes. 1. Le site Internet TOPModel est exploit\u00e9 par la soci\u00e9t\u00e9 Depesche Vertrieb GmbH &amp; Co. KG, [&hellip;]\" \/>\n<meta property=\"og:url\" content=\"https:\/\/top-model.biz\/fr\/conditions-dutilisation\/\" \/>\n<meta property=\"og:site_name\" content=\"TOPModel by Depesche France\" \/>\n<meta property=\"article:modified_time\" content=\"2020-03-13T12:43:11+00:00\" \/>\n<meta name=\"twitter:card\" content=\"summary_large_image\" \/>\n<meta name=\"twitter:label1\" content=\"Dur\u00e9e de lecture estim\u00e9e\" \/>\n\t<meta name=\"twitter:data1\" content=\"5 minutes\" \/>\n<script type=\"application\/ld+json\" class=\"yoast-schema-graph\">{\"@context\":\"https:\/\/schema.org\",\"@graph\":[{\"@type\":\"WebPage\",\"@id\":\"https:\/\/top-model.biz\/fr\/conditions-dutilisation\/\",\"url\":\"https:\/\/top-model.biz\/fr\/conditions-dutilisation\/\",\"name\":\"Conditions d'utilisation - TOPModel by Depesche France\",\"isPartOf\":{\"@id\":\"https:\/\/top-model.biz\/fr\/#website\"},\"datePublished\":\"2019-12-03T05:09:46+00:00\",\"dateModified\":\"2020-03-13T12:43:11+00:00\",\"inLanguage\":\"fr-FR\",\"potentialAction\":[{\"@type\":\"ReadAction\",\"target\":[\"https:\/\/top-model.biz\/fr\/conditions-dutilisation\/\"]}]},{\"@type\":\"WebSite\",\"@id\":\"https:\/\/top-model.biz\/fr\/#website\",\"url\":\"https:\/\/top-model.biz\/fr\/\",\"name\":\"TOPModel by Depesche France\",\"description\":\"TOPModel by Depesche\",\"publisher\":{\"@id\":\"https:\/\/top-model.biz\/fr\/#organization\"},\"potentialAction\":[{\"@type\":\"SearchAction\",\"target\":{\"@type\":\"EntryPoint\",\"urlTemplate\":\"https:\/\/top-model.biz\/fr\/?s={search_term_string}\"},\"query-input\":{\"@type\":\"PropertyValueSpecification\",\"valueRequired\":true,\"valueName\":\"search_term_string\"}}],\"inLanguage\":\"fr-FR\"},{\"@type\":\"Organization\",\"@id\":\"https:\/\/top-model.biz\/fr\/#organization\",\"name\":\"TOPModel by Depesche GmbH & Co. KG\",\"url\":\"https:\/\/top-model.biz\/fr\/\",\"logo\":{\"@type\":\"ImageObject\",\"inLanguage\":\"fr-FR\",\"@id\":\"https:\/\/top-model.biz\/fr\/#\/schema\/logo\/image\/\",\"url\":\"https:\/\/top-model.biz\/fr\/wp-content\/uploads\/sites\/15\/2020\/01\/depeschelogo_72dpi.jpg\",\"contentUrl\":\"https:\/\/top-model.biz\/fr\/wp-content\/uploads\/sites\/15\/2020\/01\/depeschelogo_72dpi.jpg\",\"width\":1600,\"height\":620,\"caption\":\"TOPModel by Depesche GmbH & Co. KG\"},\"image\":{\"@id\":\"https:\/\/top-model.biz\/fr\/#\/schema\/logo\/image\/\"},\"sameAs\":[\"https:\/\/www.instagram.com\/topmodel_international\"]}]}<\/script>\n<!-- \/ Yoast SEO Premium plugin. -->","yoast_head_json":{"title":"Conditions d'utilisation - TOPModel by Depesche France","robots":{"index":"index","follow":"follow","max-snippet":"max-snippet:-1","max-image-preview":"max-image-preview:large","max-video-preview":"max-video-preview:-1"},"canonical":"https:\/\/top-model.biz\/fr\/conditions-dutilisation\/","og_locale":"fr_FR","og_type":"article","og_title":"Conditions d'utilisation","og_description":"Le pr\u00e9sent site Internet permet \u00e0 Depesche de pr\u00e9senter la marque TOPModel sur le m\u00e9dia Internet. L&rsquo;offre en ligne (ci-apr\u00e8s d\u00e9sign\u00e9e le \u00ab\u00a0Site Internet TOPModel\u00a0\u00bb) et le recours aux prestations et services propos\u00e9s sont soumis aux Conditions d&rsquo;utilisation suivantes. 1. Le site Internet TOPModel est exploit\u00e9 par la soci\u00e9t\u00e9 Depesche Vertrieb GmbH &amp; Co. KG, [&hellip;]","og_url":"https:\/\/top-model.biz\/fr\/conditions-dutilisation\/","og_site_name":"TOPModel by Depesche France","article_modified_time":"2020-03-13T12:43:11+00:00","twitter_card":"summary_large_image","twitter_misc":{"Dur\u00e9e de lecture estim\u00e9e":"5 minutes"},"schema":{"@context":"https:\/\/schema.org","@graph":[{"@type":"WebPage","@id":"https:\/\/top-model.biz\/fr\/conditions-dutilisation\/","url":"https:\/\/top-model.biz\/fr\/conditions-dutilisation\/","name":"Conditions d'utilisation - TOPModel by Depesche France","isPartOf":{"@id":"https:\/\/top-model.biz\/fr\/#website"},"datePublished":"2019-12-03T05:09:46+00:00","dateModified":"2020-03-13T12:43:11+00:00","inLanguage":"fr-FR","potentialAction":[{"@type":"ReadAction","target":["https:\/\/top-model.biz\/fr\/conditions-dutilisation\/"]}]},{"@type":"WebSite","@id":"https:\/\/top-model.biz\/fr\/#website","url":"https:\/\/top-model.biz\/fr\/","name":"TOPModel by Depesche France","description":"TOPModel by Depesche","publisher":{"@id":"https:\/\/top-model.biz\/fr\/#organization"},"potentialAction":[{"@type":"SearchAction","target":{"@type":"EntryPoint","urlTemplate":"https:\/\/top-model.biz\/fr\/?s={search_term_string}"},"query-input":{"@type":"PropertyValueSpecification","valueRequired":true,"valueName":"search_term_string"}}],"inLanguage":"fr-FR"},{"@type":"Organization","@id":"https:\/\/top-model.biz\/fr\/#organization","name":"TOPModel by Depesche GmbH & Co. KG","url":"https:\/\/top-model.biz\/fr\/","logo":{"@type":"ImageObject","inLanguage":"fr-FR","@id":"https:\/\/top-model.biz\/fr\/#\/schema\/logo\/image\/","url":"https:\/\/top-model.biz\/fr\/wp-content\/uploads\/sites\/15\/2020\/01\/depeschelogo_72dpi.jpg","contentUrl":"https:\/\/top-model.biz\/fr\/wp-content\/uploads\/sites\/15\/2020\/01\/depeschelogo_72dpi.jpg","width":1600,"height":620,"caption":"TOPModel by Depesche GmbH & Co. KG"},"image":{"@id":"https:\/\/top-model.biz\/fr\/#\/schema\/logo\/image\/"},"sameAs":["https:\/\/www.instagram.com\/topmodel_international"]}]}},"_links":{"self":[{"href":"https:\/\/top-model.biz\/fr\/wp-json\/wp\/v2\/pages\/27","targetHints":{"allow":["GET"]}}],"collection":[{"href":"https:\/\/top-model.biz\/fr\/wp-json\/wp\/v2\/pages"}],"about":[{"href":"https:\/\/top-model.biz\/fr\/wp-json\/wp\/v2\/types\/page"}],"author":[{"embeddable":true,"href":"https:\/\/top-model.biz\/fr\/wp-json\/wp\/v2\/users\/1"}],"replies":[{"embeddable":true,"href":"https:\/\/top-model.biz\/fr\/wp-json\/wp\/v2\/comments?post=27"}],"version-history":[{"count":10,"href":"https:\/\/top-model.biz\/fr\/wp-json\/wp\/v2\/pages\/27\/revisions"}],"predecessor-version":[{"id":4981,"href":"https:\/\/top-model.biz\/fr\/wp-json\/wp\/v2\/pages\/27\/revisions\/4981"}],"wp:attachment":[{"href":"https:\/\/top-model.biz\/fr\/wp-json\/wp\/v2\/media?parent=27"}],"curies":[{"name":"wp","href":"https:\/\/api.w.org\/{rel}","templated":true}]}}