{"id":25,"date":"2019-12-03T06:09:46","date_gmt":"2019-12-03T05:09:46","guid":{"rendered":"https:\/\/top-model.biz\/?page_id=25"},"modified":"2026-02-20T18:43:08","modified_gmt":"2026-02-20T17:43:08","slug":"mentions-legales","status":"publish","type":"page","link":"https:\/\/top-model.biz\/fr\/mentions-legales\/","title":{"rendered":"Mentions l\u00e9gales"},"content":{"rendered":"<p>Vous trouverez ici toutes les informations importantes relatives \u00e0 l&rsquo;identification du prestataire. En cas de r\u00e9clamations concernant les contenus ou la pr\u00e9sentation de notre site Internet, nous vous invitons \u00e0 nous les transmettre de mani\u00e8re informelle par e-mail ou par courrier. Nous examinons les r\u00e9clamations qui nous sont transmises sans d\u00e9lai et corrigeons imm\u00e9diatement les points ayant motiv\u00e9 celles-ci.<\/p>\n<p><img loading=\"lazy\" decoding=\"async\" class=\"alignnone wp-image-5796 size-medium\" src=\"https:\/\/top-model.biz\/fr\/wp-content\/uploads\/sites\/15\/2020\/11\/DEPESCHE-International-Logo-300x58.jpg\" alt=\"\" width=\"300\" height=\"58\" \/><\/p>\n<p><b>Fournisseur au sens du \u00a7 5 TMG (Loi allemande sur les t\u00e9l\u00e9m\u00e9dias)<br \/>\n<\/b>Depesche Vertrieb GmbH &amp; Co. KG succursale Franc<br \/>\n2, rue des Comm\u00e8res<br \/>\n78310 Coigni\u00e8res<br \/>\nFrance<\/p>\n<p><b>Repr\u00e9sent\u00e9e par son associ\u00e9e personnellement responsable:<\/b><br \/>\nSoci\u00e9t\u00e9 de gestion \u201eDepesche\u201c Vertrieb mbH<br \/>\nVierlander Str. 14<br \/>\nD-21502 Geesthacht<br \/>\nPDG: Kjeld Schi\u00f8tz, Dine Schi\u00f8tz, Nynne Schi\u00f8tz<br \/>\nRegistre du commerce: HRB 487 GE<br \/>\nTribunal en charge du registre: L\u00fcbeck<\/p>\n<p><b>Contact<\/b><br \/>\nredaction@top-model.biz<\/p>\n<p><b>Taxe sur la valeur ajout\u00e9e<\/b><br \/>\nNum\u00e9ro d&rsquo;identification TVA conform\u00e9ment \u00e0 l&rsquo;art. 27 a de la Loi allemande sur la TVA : DE174223143<br \/>\nResponsable du contenu au sens de l&rsquo;art. 55 al. 2 RStV (Trait\u00e9 d&rsquo;\u00c9tat allemand sur la radiodiffusion)<br \/>\nTina Hennig<br \/>\nDepesche Vertrieb GmbH &amp; Co. KG<br \/>\nVierlander Str. 14<br \/>\nD-21502 Geesthacht<\/p>\n<p><b>Conception web<\/b><br \/>\nMartin Pahl \/ Creative Content \u2013 Kreativagentur<br \/>\n<a href=\"https:\/\/www.pahlcc.de\/\" target=\"_blank\" rel=\"noopener noreferrer\">https:\/\/www.pahlcc.de\/<\/a><\/p>\n<p><b>Programmation &amp; d\u00e9veloppement web<\/b><br \/>\nSaskia Teichmann \/ isla Studio WordPress Web Development<br \/>\n<a title=\"WordPress Webentwicklung - Themes et Plugins\" href=\"https:\/\/isla-stud.io\/\" target=\"_blank\">https:\/\/isla-stud.io\/<\/a><\/p>\n<p><b>R\u00e8glement des litiges<\/b><br \/>\nLa Commission europ\u00e9enne met \u00e0 disposition une plateforme aux fins du r\u00e8glement en ligne des litiges (RLL): <a href=\"https:\/\/ec.europa.eu\/consumers\/odr\" target=\"_blank\" rel=\"noopener noreferrer\">https:\/\/ec.europa.eu\/consumers\/odr<\/a>.<br \/>\nNous ne sommes ni dispos\u00e9s \u00e0, ni contraints de prendre part aux proc\u00e9dures de r\u00e8glement de litiges devant un organisme de conciliation destin\u00e9 aux consommateurs.<\/p>\n","protected":false},"excerpt":{"rendered":"<p>Vous trouverez ici toutes les informations importantes relatives \u00e0 l&rsquo;identification du prestataire. En cas de r\u00e9clamations concernant les contenus ou la pr\u00e9sentation de notre site Internet, nous vous invitons \u00e0 nous les transmettre de mani\u00e8re informelle par e-mail ou par courrier. Nous examinons les r\u00e9clamations qui nous sont transmises sans d\u00e9lai et corrigeons imm\u00e9diatement les [&hellip;]<\/p>\n","protected":false},"author":1,"featured_media":0,"parent":0,"menu_order":0,"comment_status":"closed","ping_status":"closed","template":"page_simple.php","meta":{"_acf_changed":false,"_et_pb_use_builder":"","_et_pb_old_content":"","_et_gb_content_width":"","footnotes":""},"class_list":["post-25","page","type-page","status-publish","hentry"],"acf":[],"yoast_head":"<!-- This site is optimized with the Yoast SEO Premium plugin v24.2 (Yoast SEO v27.2) - https:\/\/yoast.com\/product\/yoast-seo-premium-wordpress\/ -->\n<title>Mentions l\u00e9gales - TOPModel by Depesche France<\/title>\n<meta name=\"robots\" content=\"index, follow, max-snippet:-1, max-image-preview:large, max-video-preview:-1\" \/>\n<link rel=\"canonical\" href=\"https:\/\/top-model.biz\/fr\/mentions-legales\/\" \/>\n<meta property=\"og:locale\" content=\"fr_FR\" \/>\n<meta property=\"og:type\" content=\"article\" \/>\n<meta property=\"og:title\" content=\"Mentions l\u00e9gales\" \/>\n<meta property=\"og:description\" content=\"Vous trouverez ici toutes les informations importantes relatives \u00e0 l&rsquo;identification du prestataire. En cas de r\u00e9clamations concernant les contenus ou la pr\u00e9sentation de notre site Internet, nous vous invitons \u00e0 nous les transmettre de mani\u00e8re informelle par e-mail ou par courrier. Nous examinons les r\u00e9clamations qui nous sont transmises sans d\u00e9lai et corrigeons imm\u00e9diatement les [&hellip;]\" \/>\n<meta property=\"og:url\" content=\"https:\/\/top-model.biz\/fr\/mentions-legales\/\" \/>\n<meta property=\"og:site_name\" content=\"TOPModel by Depesche France\" \/>\n<meta property=\"article:modified_time\" content=\"2026-02-20T17:43:08+00:00\" \/>\n<meta property=\"og:image\" content=\"https:\/\/top-model.biz\/fr\/wp-content\/uploads\/sites\/15\/2020\/11\/DEPESCHE-International-Logo.jpg\" \/>\n\t<meta property=\"og:image:width\" content=\"1228\" \/>\n\t<meta property=\"og:image:height\" content=\"236\" \/>\n\t<meta property=\"og:image:type\" content=\"image\/jpeg\" \/>\n<meta name=\"twitter:card\" content=\"summary_large_image\" \/>\n<meta name=\"twitter:label1\" content=\"Dur\u00e9e de lecture estim\u00e9e\" \/>\n\t<meta name=\"twitter:data1\" content=\"2 minutes\" \/>\n<script type=\"application\/ld+json\" class=\"yoast-schema-graph\">{\"@context\":\"https:\/\/schema.org\",\"@graph\":[{\"@type\":\"WebPage\",\"@id\":\"https:\/\/top-model.biz\/fr\/mentions-legales\/\",\"url\":\"https:\/\/top-model.biz\/fr\/mentions-legales\/\",\"name\":\"Mentions l\u00e9gales - TOPModel by Depesche France\",\"isPartOf\":{\"@id\":\"https:\/\/top-model.biz\/fr\/#website\"},\"primaryImageOfPage\":{\"@id\":\"https:\/\/top-model.biz\/fr\/mentions-legales\/#primaryimage\"},\"image\":{\"@id\":\"https:\/\/top-model.biz\/fr\/mentions-legales\/#primaryimage\"},\"thumbnailUrl\":\"https:\/\/top-model.biz\/fr\/wp-content\/uploads\/sites\/15\/2020\/11\/DEPESCHE-International-Logo-300x58.jpg\",\"datePublished\":\"2019-12-03T05:09:46+00:00\",\"dateModified\":\"2026-02-20T17:43:08+00:00\",\"inLanguage\":\"fr-FR\",\"potentialAction\":[{\"@type\":\"ReadAction\",\"target\":[\"https:\/\/top-model.biz\/fr\/mentions-legales\/\"]}]},{\"@type\":\"ImageObject\",\"inLanguage\":\"fr-FR\",\"@id\":\"https:\/\/top-model.biz\/fr\/mentions-legales\/#primaryimage\",\"url\":\"https:\/\/top-model.biz\/fr\/wp-content\/uploads\/sites\/15\/2020\/11\/DEPESCHE-International-Logo.jpg\",\"contentUrl\":\"https:\/\/top-model.biz\/fr\/wp-content\/uploads\/sites\/15\/2020\/11\/DEPESCHE-International-Logo.jpg\",\"width\":1228,\"height\":236},{\"@type\":\"WebSite\",\"@id\":\"https:\/\/top-model.biz\/fr\/#website\",\"url\":\"https:\/\/top-model.biz\/fr\/\",\"name\":\"TOPModel by Depesche France\",\"description\":\"TOPModel by Depesche\",\"publisher\":{\"@id\":\"https:\/\/top-model.biz\/fr\/#organization\"},\"potentialAction\":[{\"@type\":\"SearchAction\",\"target\":{\"@type\":\"EntryPoint\",\"urlTemplate\":\"https:\/\/top-model.biz\/fr\/?s={search_term_string}\"},\"query-input\":{\"@type\":\"PropertyValueSpecification\",\"valueRequired\":true,\"valueName\":\"search_term_string\"}}],\"inLanguage\":\"fr-FR\"},{\"@type\":\"Organization\",\"@id\":\"https:\/\/top-model.biz\/fr\/#organization\",\"name\":\"TOPModel by Depesche GmbH & Co. KG\",\"url\":\"https:\/\/top-model.biz\/fr\/\",\"logo\":{\"@type\":\"ImageObject\",\"inLanguage\":\"fr-FR\",\"@id\":\"https:\/\/top-model.biz\/fr\/#\/schema\/logo\/image\/\",\"url\":\"https:\/\/top-model.biz\/fr\/wp-content\/uploads\/sites\/15\/2020\/01\/depeschelogo_72dpi.jpg\",\"contentUrl\":\"https:\/\/top-model.biz\/fr\/wp-content\/uploads\/sites\/15\/2020\/01\/depeschelogo_72dpi.jpg\",\"width\":1600,\"height\":620,\"caption\":\"TOPModel by Depesche GmbH & Co. KG\"},\"image\":{\"@id\":\"https:\/\/top-model.biz\/fr\/#\/schema\/logo\/image\/\"},\"sameAs\":[\"https:\/\/www.instagram.com\/topmodel_international\"]}]}<\/script>\n<!-- \/ Yoast SEO Premium plugin. -->","yoast_head_json":{"title":"Mentions l\u00e9gales - TOPModel by Depesche France","robots":{"index":"index","follow":"follow","max-snippet":"max-snippet:-1","max-image-preview":"max-image-preview:large","max-video-preview":"max-video-preview:-1"},"canonical":"https:\/\/top-model.biz\/fr\/mentions-legales\/","og_locale":"fr_FR","og_type":"article","og_title":"Mentions l\u00e9gales","og_description":"Vous trouverez ici toutes les informations importantes relatives \u00e0 l&rsquo;identification du prestataire. En cas de r\u00e9clamations concernant les contenus ou la pr\u00e9sentation de notre site Internet, nous vous invitons \u00e0 nous les transmettre de mani\u00e8re informelle par e-mail ou par courrier. Nous examinons les r\u00e9clamations qui nous sont transmises sans d\u00e9lai et corrigeons imm\u00e9diatement les [&hellip;]","og_url":"https:\/\/top-model.biz\/fr\/mentions-legales\/","og_site_name":"TOPModel by Depesche France","article_modified_time":"2026-02-20T17:43:08+00:00","og_image":[{"width":1228,"height":236,"url":"https:\/\/top-model.biz\/fr\/wp-content\/uploads\/sites\/15\/2020\/11\/DEPESCHE-International-Logo.jpg","type":"image\/jpeg"}],"twitter_card":"summary_large_image","twitter_misc":{"Dur\u00e9e de lecture estim\u00e9e":"2 minutes"},"schema":{"@context":"https:\/\/schema.org","@graph":[{"@type":"WebPage","@id":"https:\/\/top-model.biz\/fr\/mentions-legales\/","url":"https:\/\/top-model.biz\/fr\/mentions-legales\/","name":"Mentions l\u00e9gales - TOPModel by Depesche France","isPartOf":{"@id":"https:\/\/top-model.biz\/fr\/#website"},"primaryImageOfPage":{"@id":"https:\/\/top-model.biz\/fr\/mentions-legales\/#primaryimage"},"image":{"@id":"https:\/\/top-model.biz\/fr\/mentions-legales\/#primaryimage"},"thumbnailUrl":"https:\/\/top-model.biz\/fr\/wp-content\/uploads\/sites\/15\/2020\/11\/DEPESCHE-International-Logo-300x58.jpg","datePublished":"2019-12-03T05:09:46+00:00","dateModified":"2026-02-20T17:43:08+00:00","inLanguage":"fr-FR","potentialAction":[{"@type":"ReadAction","target":["https:\/\/top-model.biz\/fr\/mentions-legales\/"]}]},{"@type":"ImageObject","inLanguage":"fr-FR","@id":"https:\/\/top-model.biz\/fr\/mentions-legales\/#primaryimage","url":"https:\/\/top-model.biz\/fr\/wp-content\/uploads\/sites\/15\/2020\/11\/DEPESCHE-International-Logo.jpg","contentUrl":"https:\/\/top-model.biz\/fr\/wp-content\/uploads\/sites\/15\/2020\/11\/DEPESCHE-International-Logo.jpg","width":1228,"height":236},{"@type":"WebSite","@id":"https:\/\/top-model.biz\/fr\/#website","url":"https:\/\/top-model.biz\/fr\/","name":"TOPModel by Depesche France","description":"TOPModel by Depesche","publisher":{"@id":"https:\/\/top-model.biz\/fr\/#organization"},"potentialAction":[{"@type":"SearchAction","target":{"@type":"EntryPoint","urlTemplate":"https:\/\/top-model.biz\/fr\/?s={search_term_string}"},"query-input":{"@type":"PropertyValueSpecification","valueRequired":true,"valueName":"search_term_string"}}],"inLanguage":"fr-FR"},{"@type":"Organization","@id":"https:\/\/top-model.biz\/fr\/#organization","name":"TOPModel by Depesche GmbH & Co. KG","url":"https:\/\/top-model.biz\/fr\/","logo":{"@type":"ImageObject","inLanguage":"fr-FR","@id":"https:\/\/top-model.biz\/fr\/#\/schema\/logo\/image\/","url":"https:\/\/top-model.biz\/fr\/wp-content\/uploads\/sites\/15\/2020\/01\/depeschelogo_72dpi.jpg","contentUrl":"https:\/\/top-model.biz\/fr\/wp-content\/uploads\/sites\/15\/2020\/01\/depeschelogo_72dpi.jpg","width":1600,"height":620,"caption":"TOPModel by Depesche GmbH & Co. KG"},"image":{"@id":"https:\/\/top-model.biz\/fr\/#\/schema\/logo\/image\/"},"sameAs":["https:\/\/www.instagram.com\/topmodel_international"]}]}},"_links":{"self":[{"href":"https:\/\/top-model.biz\/fr\/wp-json\/wp\/v2\/pages\/25","targetHints":{"allow":["GET"]}}],"collection":[{"href":"https:\/\/top-model.biz\/fr\/wp-json\/wp\/v2\/pages"}],"about":[{"href":"https:\/\/top-model.biz\/fr\/wp-json\/wp\/v2\/types\/page"}],"author":[{"embeddable":true,"href":"https:\/\/top-model.biz\/fr\/wp-json\/wp\/v2\/users\/1"}],"replies":[{"embeddable":true,"href":"https:\/\/top-model.biz\/fr\/wp-json\/wp\/v2\/comments?post=25"}],"version-history":[{"count":11,"href":"https:\/\/top-model.biz\/fr\/wp-json\/wp\/v2\/pages\/25\/revisions"}],"predecessor-version":[{"id":7721,"href":"https:\/\/top-model.biz\/fr\/wp-json\/wp\/v2\/pages\/25\/revisions\/7721"}],"wp:attachment":[{"href":"https:\/\/top-model.biz\/fr\/wp-json\/wp\/v2\/media?parent=25"}],"curies":[{"name":"wp","href":"https:\/\/api.w.org\/{rel}","templated":true}]}}