{"id":5641,"date":"2025-07-22T10:55:01","date_gmt":"2025-07-22T08:55:01","guid":{"rendered":"https:\/\/top-model.biz\/fi\/?page_id=5641"},"modified":"2025-07-22T10:55:01","modified_gmt":"2025-07-22T08:55:01","slug":"accessibility","status":"publish","type":"page","link":"https:\/\/top-model.biz\/fi\/accessibility\/","title":{"rendered":"Esteett\u00f6myys top-model.biz:ss\u00e4"},"content":{"rendered":"<p><b>Depesche Vertrieb GmbH &amp; Co. KG<\/b> tekee kaikkensa, jotta digitaaliset palvelumme ovat saavutettavissa sinulle ja kaikille muille k\u00e4ytt\u00e4jille. Uskomme vahvasti, ett\u00e4 jokaisella on oikeus arvokkuuteen, yhdenvertaisuuteen, mukavuuteen ja itsen\u00e4isyyteen \u2013 siksi olemme sijoittaneet merkitt\u00e4vi\u00e4 resursseja sivustomme esteett\u00f6myyden varmistamiseen.<\/p>\n<p>Verkon esteett\u00f6myys ei ole meille kertaluonteinen tavoite, vaan jatkuva lupaus. Seuraamme, kehit\u00e4mme ja mukautamme digitaalisia palvelujamme jatkuvasti. Alta l\u00f6yd\u00e4t kuvan toimenpiteist\u00e4, joita olemme toteuttaneet.<\/p>\n<h2>Yhteisty\u00f6 UserWayn kanssa<\/h2>\n<p>Yksi aloitteemme kulmakivist\u00e4 on kumppanuus UserWayn kanssa. Heid\u00e4n <a title=\"UserWay website\" href=\"https:\/\/userway.org\/\" rel=\"nofollow\">Website Accessibility Widget<\/a> -ty\u00f6kalunsa ja omistettu palvelin takaavat, ett\u00e4 sivustomme noudattaa ajantasaisia <a title=\"Web Content Accessibility Guidelines\" href=\"https:\/\/www.w3.org\/TR\/WCAG21\/\" rel=\"nofollow\">WCAG-standardeja<\/a>.<\/p>\n<h2>Omat s\u00e4\u00e4t\u00f6mahdollisuutesi<\/h2>\n<p>Widgetin avulla voit helposti mukauttaa esteett\u00f6myytt\u00e4 omien tarpeidesi mukaan. Voit esimerkiksi:<\/p>\n<ul>\n<li>Lis\u00e4t\u00e4 tekstin kokoa,<\/li>\n<li>Pys\u00e4ytt\u00e4\u00e4 animaatiot,<\/li>\n<li>Vahvistaa v\u00e4rikontrasteja,<\/li>\n<li>ja paljon muuta.<\/li>\n<\/ul>\n<p>N\u00e4m\u00e4 asetukset auttavat sinua t\u00e4ytt\u00e4m\u00e4\u00e4n <a title=\"Web Content Accessibility Guidelines\" href=\"https:\/\/www.w3.org\/WAI\/WCAG22\/Understanding\/contrast-enhanced.html\" rel=\"nofollow\">WCAG Level AAA<\/a> -vaatimukset vaivatta.<\/p>\n<h2>Automated Remediation Technology (ART)<\/h2>\n<p>Sivustomme aktivoituu kaikille vierailijoille \u2013 riippumatta siit\u00e4, k\u00e4yt\u00e4tk\u00f6 avustavia teknologioita vai et \u2013 Automated Remediation Technologyn (ART). ART parantaa esteett\u00f6myytt\u00e4 automaattisesti esimerkiksi siten, ett\u00e4:<\/p>\n<ul>\n<li>Kuville ja muille ei-tekstielementeille lis\u00e4t\u00e4\u00e4n tarvittaessa vaihtoehtoiset tekstit,<\/li>\n<li>N\u00e4pp\u00e4imist\u00f6navigointi optimoidaan korostuksin ja pikalinkein (\u201cskip links\u201d).<\/li>\n<\/ul>\n<h2>Ota yhteytt\u00e4<\/h2>\n<p>Haluamme tehd\u00e4 vierailustasi mahdollisimman sujuvan ja yhdenvertaisen. Jos havaitset sivulla esteit\u00e4 tai sinulla on kysytt\u00e4v\u00e4\u00e4 digitaalisen esteett\u00f6myyden suhteen, ota rohkeasti yhteytt\u00e4!<\/p>\n<ul>\n<li><b>Depesche Vertrieb GmbH &amp; Co. KG<\/b><\/li>\n<li>S\u00e4hk\u00f6posti: <a href=\"mailto:kontakt@top-model.biz\" rel=\"nofollow\">kontakt@top-model.biz<\/a><\/li>\n<\/ul>\n<p>Otamme esteett\u00f6myyden vakavasti ja vastaamme sinulle mahdollisimman pian.<\/p>\n","protected":false},"excerpt":{"rendered":"<p>Depesche Vertrieb GmbH &amp; Co. KG tekee kaikkensa, jotta digitaaliset palvelumme ovat saavutettavissa sinulle ja kaikille muille k\u00e4ytt\u00e4jille. Uskomme vahvasti, ett\u00e4 jokaisella on oikeus arvokkuuteen, yhdenvertaisuuteen, mukavuuteen ja itsen\u00e4isyyteen \u2013 siksi olemme sijoittaneet merkitt\u00e4vi\u00e4 resursseja sivustomme esteett\u00f6myyden varmistamiseen. Verkon esteett\u00f6myys ei ole meille kertaluonteinen tavoite, vaan jatkuva lupaus. Seuraamme, kehit\u00e4mme ja mukautamme digitaalisia palvelujamme jatkuvasti. [&hellip;]<\/p>\n","protected":false},"author":1,"featured_media":0,"parent":0,"menu_order":0,"comment_status":"closed","ping_status":"closed","template":"page_simple.php","meta":{"_acf_changed":false,"_et_pb_use_builder":"","_et_pb_old_content":"","_et_gb_content_width":"","footnotes":""},"class_list":["post-5641","page","type-page","status-publish","hentry"],"acf":[],"yoast_head":"<!-- This site is optimized with the Yoast SEO Premium plugin v24.2 (Yoast SEO v27.2) - https:\/\/yoast.com\/product\/yoast-seo-premium-wordpress\/ -->\n<title>Esteett\u00f6myys top-model.biz:ss\u00e4 - TOPModel by Depesche Suomi<\/title>\n<meta name=\"robots\" content=\"index, follow, max-snippet:-1, max-image-preview:large, max-video-preview:-1\" \/>\n<link rel=\"canonical\" href=\"https:\/\/top-model.biz\/fi\/accessibility\/\" \/>\n<meta property=\"og:locale\" content=\"fi_FI\" \/>\n<meta property=\"og:type\" content=\"article\" \/>\n<meta property=\"og:title\" content=\"Esteett\u00f6myys top-model.biz:ss\u00e4\" \/>\n<meta property=\"og:description\" content=\"Depesche Vertrieb GmbH &amp; Co. KG tekee kaikkensa, jotta digitaaliset palvelumme ovat saavutettavissa sinulle ja kaikille muille k\u00e4ytt\u00e4jille. Uskomme vahvasti, ett\u00e4 jokaisella on oikeus arvokkuuteen, yhdenvertaisuuteen, mukavuuteen ja itsen\u00e4isyyteen \u2013 siksi olemme sijoittaneet merkitt\u00e4vi\u00e4 resursseja sivustomme esteett\u00f6myyden varmistamiseen. Verkon esteett\u00f6myys ei ole meille kertaluonteinen tavoite, vaan jatkuva lupaus. Seuraamme, kehit\u00e4mme ja mukautamme digitaalisia palvelujamme jatkuvasti. [&hellip;]\" \/>\n<meta property=\"og:url\" content=\"https:\/\/top-model.biz\/fi\/accessibility\/\" \/>\n<meta property=\"og:site_name\" content=\"TOPModel by Depesche Suomi\" \/>\n<meta name=\"twitter:card\" content=\"summary_large_image\" \/>\n<meta name=\"twitter:label1\" content=\"Arvioitu lukuaika\" \/>\n\t<meta name=\"twitter:data1\" content=\"1 minuutti\" \/>\n<script type=\"application\/ld+json\" class=\"yoast-schema-graph\">{\"@context\":\"https:\/\/schema.org\",\"@graph\":[{\"@type\":\"WebPage\",\"@id\":\"https:\/\/top-model.biz\/fi\/accessibility\/\",\"url\":\"https:\/\/top-model.biz\/fi\/accessibility\/\",\"name\":\"Esteett\u00f6myys top-model.biz:ss\u00e4 - TOPModel by Depesche Suomi\",\"isPartOf\":{\"@id\":\"https:\/\/top-model.biz\/fi\/#website\"},\"datePublished\":\"2025-07-22T08:55:01+00:00\",\"inLanguage\":\"fi\",\"potentialAction\":[{\"@type\":\"ReadAction\",\"target\":[\"https:\/\/top-model.biz\/fi\/accessibility\/\"]}]},{\"@type\":\"WebSite\",\"@id\":\"https:\/\/top-model.biz\/fi\/#website\",\"url\":\"https:\/\/top-model.biz\/fi\/\",\"name\":\"TOPModel by Depesche Suomi\",\"description\":\"TOPModel by Depesche\",\"publisher\":{\"@id\":\"https:\/\/top-model.biz\/fi\/#organization\"},\"potentialAction\":[{\"@type\":\"SearchAction\",\"target\":{\"@type\":\"EntryPoint\",\"urlTemplate\":\"https:\/\/top-model.biz\/fi\/?s={search_term_string}\"},\"query-input\":{\"@type\":\"PropertyValueSpecification\",\"valueRequired\":true,\"valueName\":\"search_term_string\"}}],\"inLanguage\":\"fi\"},{\"@type\":\"Organization\",\"@id\":\"https:\/\/top-model.biz\/fi\/#organization\",\"name\":\"TOPModel by Depesche GmbH & Co. KG\",\"url\":\"https:\/\/top-model.biz\/fi\/\",\"logo\":{\"@type\":\"ImageObject\",\"inLanguage\":\"fi\",\"@id\":\"https:\/\/top-model.biz\/fi\/#\/schema\/logo\/image\/\",\"url\":\"https:\/\/top-model.biz\/fi\/wp-content\/uploads\/sites\/18\/2020\/01\/depeschelogo_72dpi.jpg\",\"contentUrl\":\"https:\/\/top-model.biz\/fi\/wp-content\/uploads\/sites\/18\/2020\/01\/depeschelogo_72dpi.jpg\",\"width\":1600,\"height\":620,\"caption\":\"TOPModel by Depesche GmbH & Co. KG\"},\"image\":{\"@id\":\"https:\/\/top-model.biz\/fi\/#\/schema\/logo\/image\/\"}}]}<\/script>\n<!-- \/ Yoast SEO Premium plugin. -->","yoast_head_json":{"title":"Esteett\u00f6myys top-model.biz:ss\u00e4 - TOPModel by Depesche Suomi","robots":{"index":"index","follow":"follow","max-snippet":"max-snippet:-1","max-image-preview":"max-image-preview:large","max-video-preview":"max-video-preview:-1"},"canonical":"https:\/\/top-model.biz\/fi\/accessibility\/","og_locale":"fi_FI","og_type":"article","og_title":"Esteett\u00f6myys top-model.biz:ss\u00e4","og_description":"Depesche Vertrieb GmbH &amp; Co. KG tekee kaikkensa, jotta digitaaliset palvelumme ovat saavutettavissa sinulle ja kaikille muille k\u00e4ytt\u00e4jille. Uskomme vahvasti, ett\u00e4 jokaisella on oikeus arvokkuuteen, yhdenvertaisuuteen, mukavuuteen ja itsen\u00e4isyyteen \u2013 siksi olemme sijoittaneet merkitt\u00e4vi\u00e4 resursseja sivustomme esteett\u00f6myyden varmistamiseen. Verkon esteett\u00f6myys ei ole meille kertaluonteinen tavoite, vaan jatkuva lupaus. Seuraamme, kehit\u00e4mme ja mukautamme digitaalisia palvelujamme jatkuvasti. [&hellip;]","og_url":"https:\/\/top-model.biz\/fi\/accessibility\/","og_site_name":"TOPModel by Depesche Suomi","twitter_card":"summary_large_image","twitter_misc":{"Arvioitu lukuaika":"1 minuutti"},"schema":{"@context":"https:\/\/schema.org","@graph":[{"@type":"WebPage","@id":"https:\/\/top-model.biz\/fi\/accessibility\/","url":"https:\/\/top-model.biz\/fi\/accessibility\/","name":"Esteett\u00f6myys top-model.biz:ss\u00e4 - TOPModel by Depesche Suomi","isPartOf":{"@id":"https:\/\/top-model.biz\/fi\/#website"},"datePublished":"2025-07-22T08:55:01+00:00","inLanguage":"fi","potentialAction":[{"@type":"ReadAction","target":["https:\/\/top-model.biz\/fi\/accessibility\/"]}]},{"@type":"WebSite","@id":"https:\/\/top-model.biz\/fi\/#website","url":"https:\/\/top-model.biz\/fi\/","name":"TOPModel by Depesche Suomi","description":"TOPModel by Depesche","publisher":{"@id":"https:\/\/top-model.biz\/fi\/#organization"},"potentialAction":[{"@type":"SearchAction","target":{"@type":"EntryPoint","urlTemplate":"https:\/\/top-model.biz\/fi\/?s={search_term_string}"},"query-input":{"@type":"PropertyValueSpecification","valueRequired":true,"valueName":"search_term_string"}}],"inLanguage":"fi"},{"@type":"Organization","@id":"https:\/\/top-model.biz\/fi\/#organization","name":"TOPModel by Depesche GmbH & Co. KG","url":"https:\/\/top-model.biz\/fi\/","logo":{"@type":"ImageObject","inLanguage":"fi","@id":"https:\/\/top-model.biz\/fi\/#\/schema\/logo\/image\/","url":"https:\/\/top-model.biz\/fi\/wp-content\/uploads\/sites\/18\/2020\/01\/depeschelogo_72dpi.jpg","contentUrl":"https:\/\/top-model.biz\/fi\/wp-content\/uploads\/sites\/18\/2020\/01\/depeschelogo_72dpi.jpg","width":1600,"height":620,"caption":"TOPModel by Depesche GmbH & Co. KG"},"image":{"@id":"https:\/\/top-model.biz\/fi\/#\/schema\/logo\/image\/"}}]}},"_links":{"self":[{"href":"https:\/\/top-model.biz\/fi\/wp-json\/wp\/v2\/pages\/5641","targetHints":{"allow":["GET"]}}],"collection":[{"href":"https:\/\/top-model.biz\/fi\/wp-json\/wp\/v2\/pages"}],"about":[{"href":"https:\/\/top-model.biz\/fi\/wp-json\/wp\/v2\/types\/page"}],"author":[{"embeddable":true,"href":"https:\/\/top-model.biz\/fi\/wp-json\/wp\/v2\/users\/1"}],"replies":[{"embeddable":true,"href":"https:\/\/top-model.biz\/fi\/wp-json\/wp\/v2\/comments?post=5641"}],"version-history":[{"count":2,"href":"https:\/\/top-model.biz\/fi\/wp-json\/wp\/v2\/pages\/5641\/revisions"}],"predecessor-version":[{"id":5643,"href":"https:\/\/top-model.biz\/fi\/wp-json\/wp\/v2\/pages\/5641\/revisions\/5643"}],"wp:attachment":[{"href":"https:\/\/top-model.biz\/fi\/wp-json\/wp\/v2\/media?parent=5641"}],"curies":[{"name":"wp","href":"https:\/\/api.w.org\/{rel}","templated":true}]}}