{"id":4613,"date":"2020-01-20T11:31:47","date_gmt":"2020-01-20T10:31:47","guid":{"rendered":"https:\/\/top-model.biz\/?page_id=4613"},"modified":"2020-03-20T09:10:56","modified_gmt":"2020-03-20T08:10:56","slug":"sosiaalisen-median-opas","status":"publish","type":"page","link":"https:\/\/top-model.biz\/fi\/sosiaalinen-media\/sosiaalisen-median-opas\/","title":{"rendered":"Sosiaalisen median opas"},"content":{"rendered":"<p>[et_pb_section fb_built=&#8221;1&#8243; fullwidth=&#8221;on&#8221; custom_padding_last_edited=&#8221;on|desktop&#8221; _builder_version=&#8221;4.0.9&#8243; background_color_gradient_direction=&#8221;90deg&#8221; background_image=&#8221;https:\/\/top-model.biz\/wp-content\/uploads\/sites\/18\/2020\/01\/topmodel_socialmedia_bg.jpg&#8221; background_position=&#8221;top_center&#8221; height=&#8221;770px&#8221; height_tablet=&#8221;600px&#8221; height_phone=&#8221;600px&#8221; height_last_edited=&#8221;on|phone&#8221; overflow-x=&#8221;hidden&#8221; overflow-y=&#8221;hidden&#8221; custom_margin=&#8221;0px||0px||false|false&#8221; custom_padding=&#8221;46px||0px||false|false&#8221; custom_padding_tablet=&#8221;53px||||false|false&#8221; custom_padding_phone=&#8221;&#8221; background_last_edited=&#8221;on|desktop&#8221; background_image_tablet=&#8221;https:\/\/top-model.biz\/wp-content\/uploads\/sites\/18\/2020\/01\/topmodel_socialmedia_bg-2.jpg&#8221; background_image_phone=&#8221;https:\/\/top-model.biz\/wp-content\/uploads\/sites\/18\/2020\/01\/topmodel_socialmedia_bg-3.jpg&#8221; background_enable_image_tablet=&#8221;on&#8221; background_enable_image_phone=&#8221;on&#8221; background_position_phone=&#8221;top_center&#8221; custom_css_main_element=&#8221;position: relative;||display: -webkit-box;||  display: -moz-box;||  display: -webkit-flex;||  display: -ms-flexbox;||  display: flex;||align-items: stretch;||justify-content: center;||&#8221; saved_tabs=&#8221;all&#8221; custom_css_main_element_last_edited=&#8221;on|phone&#8221; custom_css_main_element_tablet=&#8221;position: relative;||display: -webkit-box;||  display: -moz-box;||  display: -webkit-flex;||  display: -ms-flexbox;||  display: flex;||align-items: stretch;||justify-content: center;||background-position: 80% top !important;&#8221; custom_css_main_element_phone=&#8221;position: relative;||display: -webkit-box;||  display: -moz-box;||  display: -webkit-flex;||  display: -ms-flexbox;||  display: flex;||align-items: stretch;||justify-content: center;||&#8221;][et_pb_fullwidth_image src=&#8221;https:\/\/top-model.biz\/wp-content\/uploads\/sites\/18\/2020\/01\/topmodel_socialmedia_desktop2b.png&#8221; alt=&#8221;Topmodel by Depesche&#8221; src_tablet=&#8221;https:\/\/top-model.biz\/wp-content\/uploads\/sites\/18\/2020\/01\/topmodel_socialmedia_tablet-1.png&#8221; src_phone=&#8221;https:\/\/top-model.biz\/wp-content\/uploads\/sites\/18\/2019\/12\/socialheader_name_mobile.png&#8221; src_last_edited=&#8221;on|phone&#8221; disabled_on=&#8221;off|off|off&#8221; module_class=&#8221;header-bild transp_menu_headerbild&#8221; _builder_version=&#8221;4.1&#8243; background_enable_image=&#8221;off&#8221; width_last_edited=&#8221;off|tablet&#8221; max_width=&#8221;1200px&#8221; max_width_tablet=&#8221;&#8221; max_width_phone=&#8221;none&#8221; max_width_last_edited=&#8221;on|phone&#8221; module_alignment=&#8221;right&#8221; height=&#8221;100%&#8221; height_tablet=&#8221;100%&#8221; height_phone=&#8221;100%&#8221; height_last_edited=&#8221;on|phone&#8221; max_height_tablet=&#8221;&#8221; max_height_phone=&#8221;&#8221; max_height_last_edited=&#8221;on|tablet&#8221; custom_margin=&#8221;0px|0px|0px|-206px|false|false&#8221; custom_padding=&#8221;0px|0px|0px|0px|false|false&#8221; custom_css_main_element=&#8221;display: -webkit-box;||  display: -moz-box;||  display: -webkit-flex;||  display: -ms-flexbox;||  display: flex;||align-items: flex-end;||&#8221;][\/et_pb_fullwidth_image][\/et_pb_section][et_pb_section fb_built=&#8221;1&#8243; _builder_version=&#8221;4.2.1&#8243; background_image=&#8221;https:\/\/top-model.biz\/wp-content\/uploads\/sites\/18\/2020\/01\/topmodel_upload_sogehts_welle-18.svg&#8221; custom_padding=&#8221;||299px|||&#8221;][et_pb_row _builder_version=&#8221;4.0.9&#8243; custom_padding=&#8221;||5px|||&#8221; custom_css_main_element=&#8221;text-align: center;&#8221;][et_pb_column type=&#8221;4_4&#8243; _builder_version=&#8221;4.0.7&#8243;][et_pb_text module_class=&#8221;homeblurb burtonheading waveline headmbot&#8221; _builder_version=&#8221;4.4.1&#8243; header_text_align=&#8221;center&#8221; header_font_size=&#8221;76px&#8221; header_2_font_size=&#8221;49px&#8221; text_orientation=&#8221;center&#8221; max_width=&#8221;850px&#8221; max_width_tablet=&#8221;600px&#8221; max_width_phone=&#8221;100%&#8221; max_width_last_edited=&#8221;on|phone&#8221; hover_enabled=&#8221;0&#8243; header_font_size_tablet=&#8221;52px&#8221; header_font_size_phone=&#8221;40px&#8221; header_font_size_last_edited=&#8221;on|phone&#8221; header_2_font_size_tablet=&#8221;44px&#8221; header_2_font_size_phone=&#8221;38px&#8221; header_2_font_size_last_edited=&#8221;on|phone&#8221; custom_css_main_element=&#8221;display: inline-block;||position: relative;&#8221;]<\/p>\n<h1>Sosiaalisen median opas<\/h1>\n<p>Olemme laatineen video-ohjeistuksen, jonka avulla n\u00e4et miten voit asentaa meid\u00e4n Instastory-elementit \u00e4lypuhelimeesi.<\/p>\n<p>[\/et_pb_text][\/et_pb_column][\/et_pb_row][et_pb_row column_structure=&#8221;1_2,1_2&#8243; use_custom_gutter=&#8221;on&#8221; gutter_width=&#8221;2&#8243; make_equal=&#8221;on&#8221; custom_padding_last_edited=&#8221;off|desktop&#8221; _builder_version=&#8221;4.0.9&#8243; background_enable_image=&#8221;off&#8221; background_size=&#8221;contain&#8221; background_position=&#8221;bottom_right&#8221; max_width_tablet=&#8221;500px&#8221; max_width_phone=&#8221;&#8221; max_width_last_edited=&#8221;on|tablet&#8221; custom_margin_tablet=&#8221;|auto||auto|false|false&#8221; custom_margin_phone=&#8221;&#8221; custom_margin_last_edited=&#8221;on|phone&#8221; custom_padding_phone=&#8221;||||false|false&#8221; module_alignment_last_edited=&#8221;off|tablet&#8221;][et_pb_column type=&#8221;1_2&#8243; _builder_version=&#8221;4.0.9&#8243; background_color=&#8221;#f88bb3&#8243; border_radii=&#8221;on|10px|10px|10px|10px&#8221; box_shadow_style=&#8221;preset2&#8243; box_shadow_blur=&#8221;20px&#8221; box_shadow_color=&#8221;rgba(0,0,0,0.24)&#8221;][et_pb_video src=&#8221;https:\/\/www.youtube.com\/watch?v=Dk9-aHhmjnI&#8221; image_src=&#8221;\/\/i.ytimg.com\/vi\/Dk9-aHhmjnI\/hqdefault.jpg&#8221; use_icon_font_size=&#8221;on&#8221; icon_font_size=&#8221;74px&#8221; thumbnail_overlay_color=&#8221;rgba(0,0,0,0.6)&#8221; module_class=&#8221;ytube&#8221; _builder_version=&#8221;4.2.1&#8243; min_height=&#8221;182px&#8221; custom_margin=&#8221;||0px||false|false&#8221;][\/et_pb_video][et_pb_text module_class=&#8221;youtube-videotext&#8221; _builder_version=&#8221;4.4.1&#8243; text_line_height=&#8221;1.4em&#8221; header_2_font_size=&#8221;49px&#8221; header_3_font=&#8221;|600|||||||&#8221; header_3_font_size=&#8221;26px&#8221; header_3_line_height=&#8221;1.2em&#8221; text_orientation=&#8221;center&#8221; background_layout=&#8221;dark&#8221; custom_padding=&#8221;40px|40px|40px|40px|false|false&#8221; hover_enabled=&#8221;0&#8243; header_2_font_size_tablet=&#8221;44px&#8221; header_2_font_size_phone=&#8221;38px&#8221; header_2_font_size_last_edited=&#8221;on|phone&#8221; header_3_font_size_tablet=&#8221;&#8221; header_3_font_size_phone=&#8221;&#8221; header_3_font_size_last_edited=&#8221;on|tablet&#8221;]<\/p>\n<h3>Ohjeet Android<\/h3>\n<p>Asenna TOPModelin Instastory-elementit Android-laitteeseesi.[\/et_pb_text][\/et_pb_column][et_pb_column type=&#8221;1_2&#8243; _builder_version=&#8221;4.0.9&#8243; background_color=&#8221;#f88bb3&#8243; border_radii=&#8221;on|10px|10px|10px|10px&#8221; box_shadow_style=&#8221;preset2&#8243; box_shadow_blur=&#8221;20px&#8221; box_shadow_color=&#8221;rgba(0,0,0,0.24)&#8221;][et_pb_video src=&#8221;https:\/\/www.youtube.com\/watch?v=mJNwh7rtZv4&#8243; image_src=&#8221;\/\/i.ytimg.com\/vi\/mJNwh7rtZv4\/hqdefault.jpg&#8221; use_icon_font_size=&#8221;on&#8221; icon_font_size=&#8221;74px&#8221; thumbnail_overlay_color=&#8221;rgba(0,0,0,0.6)&#8221; module_class=&#8221;ytube&#8221; _builder_version=&#8221;4.2.1&#8243; min_height=&#8221;182px&#8221; custom_margin=&#8221;||0px||false|false&#8221;][\/et_pb_video][et_pb_text module_class=&#8221;youtube-videotext&#8221; _builder_version=&#8221;4.4.1&#8243; text_line_height=&#8221;1.4em&#8221; header_2_font_size=&#8221;49px&#8221; header_3_font=&#8221;|600|||||||&#8221; header_3_font_size=&#8221;26px&#8221; header_3_line_height=&#8221;1.2em&#8221; text_orientation=&#8221;center&#8221; background_layout=&#8221;dark&#8221; custom_padding=&#8221;40px|40px|40px|40px|false|false&#8221; hover_enabled=&#8221;0&#8243; header_2_font_size_tablet=&#8221;44px&#8221; header_2_font_size_phone=&#8221;38px&#8221; header_2_font_size_last_edited=&#8221;on|phone&#8221; header_3_font_size_tablet=&#8221;&#8221; header_3_font_size_phone=&#8221;&#8221; header_3_font_size_last_edited=&#8221;on|tablet&#8221;]<\/p>\n<h3>Ohjeet iOS<\/h3>\n<p>Asenna TOPModelin Instastory-elementit iOS-laitteeseesi.<\/p>\n<p>[\/et_pb_text][\/et_pb_column][\/et_pb_row][\/et_pb_section]<\/p>\n","protected":false},"excerpt":{"rendered":"<p>Sosiaalisen median opas Olemme laatineen video-ohjeistuksen, jonka avulla n\u00e4et miten voit asentaa meid\u00e4n Instastory-elementit \u00e4lypuhelimeesi.Ohjeet Android Asenna TOPModelin Instastory-elementit Android-laitteeseesi.Ohjeet iOS Asenna TOPModelin Instastory-elementit iOS-laitteeseesi.<\/p>\n","protected":false},"author":1,"featured_media":0,"parent":50,"menu_order":0,"comment_status":"closed","ping_status":"closed","template":"","meta":{"_acf_changed":false,"_et_pb_use_builder":"on","_et_pb_old_content":"","_et_gb_content_width":"","footnotes":""},"class_list":["post-4613","page","type-page","status-publish","hentry"],"acf":[],"yoast_head":"<!-- This site is optimized with the Yoast SEO Premium plugin v24.2 (Yoast SEO v27.2) - https:\/\/yoast.com\/product\/yoast-seo-premium-wordpress\/ -->\n<title>Sosiaalisen median opas - TOPModel by Depesche Suomi<\/title>\n<meta name=\"robots\" content=\"index, follow, max-snippet:-1, max-image-preview:large, max-video-preview:-1\" \/>\n<link rel=\"canonical\" href=\"https:\/\/top-model.biz\/fi\/sosiaalinen-media\/sosiaalisen-median-opas\/\" \/>\n<meta property=\"og:locale\" content=\"fi_FI\" \/>\n<meta property=\"og:type\" content=\"article\" \/>\n<meta property=\"og:title\" content=\"Sosiaalisen median opas\" \/>\n<meta property=\"og:description\" content=\"Sosiaalisen median opas Olemme laatineen video-ohjeistuksen, jonka avulla n\u00e4et miten voit asentaa meid\u00e4n Instastory-elementit \u00e4lypuhelimeesi.Ohjeet Android Asenna TOPModelin Instastory-elementit Android-laitteeseesi.Ohjeet iOS Asenna TOPModelin Instastory-elementit iOS-laitteeseesi.\" \/>\n<meta property=\"og:url\" content=\"https:\/\/top-model.biz\/fi\/sosiaalinen-media\/sosiaalisen-median-opas\/\" \/>\n<meta property=\"og:site_name\" content=\"TOPModel by Depesche Suomi\" \/>\n<meta property=\"article:modified_time\" content=\"2020-03-20T08:10:56+00:00\" \/>\n<meta name=\"twitter:card\" content=\"summary_large_image\" \/>\n<meta name=\"twitter:label1\" content=\"Arvioitu lukuaika\" \/>\n\t<meta name=\"twitter:data1\" content=\"5 minuuttia\" \/>\n<script type=\"application\/ld+json\" class=\"yoast-schema-graph\">{\"@context\":\"https:\/\/schema.org\",\"@graph\":[{\"@type\":\"WebPage\",\"@id\":\"https:\/\/top-model.biz\/fi\/sosiaalinen-media\/sosiaalisen-median-opas\/\",\"url\":\"https:\/\/top-model.biz\/fi\/sosiaalinen-media\/sosiaalisen-median-opas\/\",\"name\":\"Sosiaalisen median opas - TOPModel by Depesche Suomi\",\"isPartOf\":{\"@id\":\"https:\/\/top-model.biz\/fi\/#website\"},\"datePublished\":\"2020-01-20T10:31:47+00:00\",\"dateModified\":\"2020-03-20T08:10:56+00:00\",\"breadcrumb\":{\"@id\":\"https:\/\/top-model.biz\/fi\/sosiaalinen-media\/sosiaalisen-median-opas\/#breadcrumb\"},\"inLanguage\":\"fi\",\"potentialAction\":[{\"@type\":\"ReadAction\",\"target\":[\"https:\/\/top-model.biz\/fi\/sosiaalinen-media\/sosiaalisen-median-opas\/\"]}]},{\"@type\":\"BreadcrumbList\",\"@id\":\"https:\/\/top-model.biz\/fi\/sosiaalinen-media\/sosiaalisen-median-opas\/#breadcrumb\",\"itemListElement\":[{\"@type\":\"ListItem\",\"position\":1,\"name\":\"Sosiaalinen media\",\"item\":\"https:\/\/top-model.biz\/fi\/sosiaalinen-media\/\"},{\"@type\":\"ListItem\",\"position\":2,\"name\":\"Sosiaalisen median opas\"}]},{\"@type\":\"WebSite\",\"@id\":\"https:\/\/top-model.biz\/fi\/#website\",\"url\":\"https:\/\/top-model.biz\/fi\/\",\"name\":\"TOPModel by Depesche Suomi\",\"description\":\"TOPModel by Depesche\",\"publisher\":{\"@id\":\"https:\/\/top-model.biz\/fi\/#organization\"},\"potentialAction\":[{\"@type\":\"SearchAction\",\"target\":{\"@type\":\"EntryPoint\",\"urlTemplate\":\"https:\/\/top-model.biz\/fi\/?s={search_term_string}\"},\"query-input\":{\"@type\":\"PropertyValueSpecification\",\"valueRequired\":true,\"valueName\":\"search_term_string\"}}],\"inLanguage\":\"fi\"},{\"@type\":\"Organization\",\"@id\":\"https:\/\/top-model.biz\/fi\/#organization\",\"name\":\"TOPModel by Depesche GmbH & Co. KG\",\"url\":\"https:\/\/top-model.biz\/fi\/\",\"logo\":{\"@type\":\"ImageObject\",\"inLanguage\":\"fi\",\"@id\":\"https:\/\/top-model.biz\/fi\/#\/schema\/logo\/image\/\",\"url\":\"https:\/\/top-model.biz\/fi\/wp-content\/uploads\/sites\/18\/2020\/01\/depeschelogo_72dpi.jpg\",\"contentUrl\":\"https:\/\/top-model.biz\/fi\/wp-content\/uploads\/sites\/18\/2020\/01\/depeschelogo_72dpi.jpg\",\"width\":1600,\"height\":620,\"caption\":\"TOPModel by Depesche GmbH & Co. KG\"},\"image\":{\"@id\":\"https:\/\/top-model.biz\/fi\/#\/schema\/logo\/image\/\"}}]}<\/script>\n<!-- \/ Yoast SEO Premium plugin. -->","yoast_head_json":{"title":"Sosiaalisen median opas - TOPModel by Depesche Suomi","robots":{"index":"index","follow":"follow","max-snippet":"max-snippet:-1","max-image-preview":"max-image-preview:large","max-video-preview":"max-video-preview:-1"},"canonical":"https:\/\/top-model.biz\/fi\/sosiaalinen-media\/sosiaalisen-median-opas\/","og_locale":"fi_FI","og_type":"article","og_title":"Sosiaalisen median opas","og_description":"Sosiaalisen median opas Olemme laatineen video-ohjeistuksen, jonka avulla n\u00e4et miten voit asentaa meid\u00e4n Instastory-elementit \u00e4lypuhelimeesi.Ohjeet Android Asenna TOPModelin Instastory-elementit Android-laitteeseesi.Ohjeet iOS Asenna TOPModelin Instastory-elementit iOS-laitteeseesi.","og_url":"https:\/\/top-model.biz\/fi\/sosiaalinen-media\/sosiaalisen-median-opas\/","og_site_name":"TOPModel by Depesche Suomi","article_modified_time":"2020-03-20T08:10:56+00:00","twitter_card":"summary_large_image","twitter_misc":{"Arvioitu lukuaika":"5 minuuttia"},"schema":{"@context":"https:\/\/schema.org","@graph":[{"@type":"WebPage","@id":"https:\/\/top-model.biz\/fi\/sosiaalinen-media\/sosiaalisen-median-opas\/","url":"https:\/\/top-model.biz\/fi\/sosiaalinen-media\/sosiaalisen-median-opas\/","name":"Sosiaalisen median opas - TOPModel by Depesche Suomi","isPartOf":{"@id":"https:\/\/top-model.biz\/fi\/#website"},"datePublished":"2020-01-20T10:31:47+00:00","dateModified":"2020-03-20T08:10:56+00:00","breadcrumb":{"@id":"https:\/\/top-model.biz\/fi\/sosiaalinen-media\/sosiaalisen-median-opas\/#breadcrumb"},"inLanguage":"fi","potentialAction":[{"@type":"ReadAction","target":["https:\/\/top-model.biz\/fi\/sosiaalinen-media\/sosiaalisen-median-opas\/"]}]},{"@type":"BreadcrumbList","@id":"https:\/\/top-model.biz\/fi\/sosiaalinen-media\/sosiaalisen-median-opas\/#breadcrumb","itemListElement":[{"@type":"ListItem","position":1,"name":"Sosiaalinen media","item":"https:\/\/top-model.biz\/fi\/sosiaalinen-media\/"},{"@type":"ListItem","position":2,"name":"Sosiaalisen median opas"}]},{"@type":"WebSite","@id":"https:\/\/top-model.biz\/fi\/#website","url":"https:\/\/top-model.biz\/fi\/","name":"TOPModel by Depesche Suomi","description":"TOPModel by Depesche","publisher":{"@id":"https:\/\/top-model.biz\/fi\/#organization"},"potentialAction":[{"@type":"SearchAction","target":{"@type":"EntryPoint","urlTemplate":"https:\/\/top-model.biz\/fi\/?s={search_term_string}"},"query-input":{"@type":"PropertyValueSpecification","valueRequired":true,"valueName":"search_term_string"}}],"inLanguage":"fi"},{"@type":"Organization","@id":"https:\/\/top-model.biz\/fi\/#organization","name":"TOPModel by Depesche GmbH & Co. KG","url":"https:\/\/top-model.biz\/fi\/","logo":{"@type":"ImageObject","inLanguage":"fi","@id":"https:\/\/top-model.biz\/fi\/#\/schema\/logo\/image\/","url":"https:\/\/top-model.biz\/fi\/wp-content\/uploads\/sites\/18\/2020\/01\/depeschelogo_72dpi.jpg","contentUrl":"https:\/\/top-model.biz\/fi\/wp-content\/uploads\/sites\/18\/2020\/01\/depeschelogo_72dpi.jpg","width":1600,"height":620,"caption":"TOPModel by Depesche GmbH & Co. KG"},"image":{"@id":"https:\/\/top-model.biz\/fi\/#\/schema\/logo\/image\/"}}]}},"_links":{"self":[{"href":"https:\/\/top-model.biz\/fi\/wp-json\/wp\/v2\/pages\/4613","targetHints":{"allow":["GET"]}}],"collection":[{"href":"https:\/\/top-model.biz\/fi\/wp-json\/wp\/v2\/pages"}],"about":[{"href":"https:\/\/top-model.biz\/fi\/wp-json\/wp\/v2\/types\/page"}],"author":[{"embeddable":true,"href":"https:\/\/top-model.biz\/fi\/wp-json\/wp\/v2\/users\/1"}],"replies":[{"embeddable":true,"href":"https:\/\/top-model.biz\/fi\/wp-json\/wp\/v2\/comments?post=4613"}],"version-history":[{"count":6,"href":"https:\/\/top-model.biz\/fi\/wp-json\/wp\/v2\/pages\/4613\/revisions"}],"predecessor-version":[{"id":4895,"href":"https:\/\/top-model.biz\/fi\/wp-json\/wp\/v2\/pages\/4613\/revisions\/4895"}],"up":[{"embeddable":true,"href":"https:\/\/top-model.biz\/fi\/wp-json\/wp\/v2\/pages\/50"}],"wp:attachment":[{"href":"https:\/\/top-model.biz\/fi\/wp-json\/wp\/v2\/media?parent=4613"}],"curies":[{"name":"wp","href":"https:\/\/api.w.org\/{rel}","templated":true}]}}