{"id":28,"date":"2019-12-03T06:09:46","date_gmt":"2019-12-03T05:09:46","guid":{"rendered":"https:\/\/top-model.biz\/?page_id=28"},"modified":"2025-04-09T20:56:32","modified_gmt":"2025-04-09T18:56:32","slug":"f-a-q","status":"publish","type":"page","link":"https:\/\/top-model.biz\/fi\/f-a-q\/","title":{"rendered":"FAQ"},"content":{"rendered":"<p>[et_pb_section fb_built=&#8221;1&#8243; custom_padding_last_edited=&#8221;on|phone&#8221; _builder_version=&#8221;4.16&#8243; background_image=&#8221;https:\/\/top-model.biz\/wp-content\/uploads\/sites\/18\/2019\/12\/topmodel_wg2.svg&#8221; custom_padding=&#8221;||378px||false|false&#8221; custom_padding_tablet=&#8221;||250px||false|false&#8221; custom_padding_phone=&#8221;||140px||false|false&#8221; custom_css_main_element=&#8221;background-size: 130%;||background-position: bottom;&#8221; global_colors_info=&#8221;{}&#8221; custom_css_main_element_last_edited=&#8221;on|phone&#8221; custom_css_main_element_tablet=&#8221;background-size: 120%;||background-position: bottom;&#8221; custom_css_main_element_phone=&#8221;background-size: 120%;||background-position: bottom;&#8221;][et_pb_row _builder_version=&#8221;4.16&#8243; custom_padding=&#8221;||5px|||&#8221; custom_css_main_element=&#8221;text-align: center;&#8221; global_colors_info=&#8221;{}&#8221;][et_pb_column type=&#8221;4_4&#8243; _builder_version=&#8221;4.16&#8243; global_colors_info=&#8221;{}&#8221;][et_pb_text module_class=&#8221;homeblurb burtonheading waveline headmbot keinzeilenumbruch&#8221; _builder_version=&#8221;4.16&#8243; _dynamic_attributes=&#8221;content&#8221; header_text_align=&#8221;center&#8221; header_font_size=&#8221;76px&#8221; header_2_font_size=&#8221;49px&#8221; text_orientation=&#8221;center&#8221; max_width=&#8221;650px&#8221; max_width_tablet=&#8221;600px&#8221; max_width_phone=&#8221;100%&#8221; max_width_last_edited=&#8221;on|phone&#8221; module_alignment=&#8221;center&#8221; header_font_size_tablet=&#8221;52px&#8221; header_font_size_phone=&#8221;40px&#8221; header_font_size_last_edited=&#8221;on|phone&#8221; header_2_font_size_tablet=&#8221;44px&#8221; header_2_font_size_phone=&#8221;38px&#8221; header_2_font_size_last_edited=&#8221;on|phone&#8221; custom_css_main_element=&#8221;display: inline-block;||position: relative;||-webkit-hyphens: auto;||-webkit-hyphenate-limit-chars: auto 3;||-webkit-hyphenate-limit-lines: 4;||-ms-hyphens: auto;||-ms-hyphenate-limit-chars: auto 3;||-ms-hyphenate-limit-lines: 4;||hyphens: auto;||hyphenate-limit-chars: auto 5;||hyphenate-limit-lines: 2;&#8221; global_colors_info=&#8221;{}&#8221;]@ET-DC@eyJkeW5hbWljIjp0cnVlLCJjb250ZW50IjoicG9zdF90aXRsZSIsInNldHRpbmdzIjp7ImJlZm9yZSI6IjxoMT4iLCJhZnRlciI6IjwvaDE+In19@[\/et_pb_text][et_pb_text module_class=&#8221;kapraneue&#8221; _builder_version=&#8221;4.16&#8243; header_2_font_size=&#8221;25px&#8221; max_width=&#8221;767px&#8221; module_alignment=&#8221;center&#8221; custom_margin=&#8221;||10px||false|false&#8221; header_2_font_size_tablet=&#8221;&#8221; header_2_font_size_phone=&#8221;&#8221; header_2_font_size_last_edited=&#8221;on|desktop&#8221; global_colors_info=&#8221;{}&#8221;]<\/p>\n<h2>TOPModel-lehti<\/h2>\n<p>[\/et_pb_text][et_pb_accordion open_toggle_background_color=&#8221;#ffffff&#8221; closed_toggle_background_color=&#8221;#ffffff&#8221; icon_color=&#8221;#f8508e&#8221; use_icon_font_size=&#8221;on&#8221; icon_font_size=&#8221;22px&#8221; admin_label=&#8221;FAQs&#8221; module_class=&#8221;faq&#8221; _builder_version=&#8221;4.16&#8243; toggle_text_align=&#8221;left&#8221; toggle_font_size=&#8221;20px&#8221; closed_toggle_text_align=&#8221;left&#8221; closed_toggle_font_size=&#8221;20px&#8221; body_text_align=&#8221;left&#8221; body_line_height=&#8221;1.5em&#8221; background_enable_color=&#8221;off&#8221; max_width=&#8221;767px&#8221; module_alignment=&#8221;center&#8221; custom_padding=&#8221;|0px||0px|false|false&#8221; custom_css_toggle=&#8221;margin-bottom: 0 !important;&#8221; border_radii=&#8221;on|10px|10px|10px|10px&#8221; border_width_all=&#8221;0px&#8221; global_colors_info=&#8221;{}&#8221; custom_css_toggle_last_edited=&#8221;off|desktop&#8221;][et_pb_accordion_item title=&#8221;Miten p\u00e4\u00e4sen Kuukauden suunnittelijaksi? &#8221; open=&#8221;on&#8221; _builder_version=&#8221;4.16&#8243; global_colors_info=&#8221;{}&#8221;]<\/p>\n<p>Jos haluat TOPModel-lehden Kuukauden suunnittelijaksi ja olet valmis esittelem\u00e4\u00e4n suunnittelemiasi asuja lehden sivuilla, ker\u00e4\u00e4 muutama suosikkipiirustuksesi, kirjoita itsest\u00e4si muutama rivi ja l\u00e4het\u00e4 postia osoitteeseen<\/p>\n<p>Kuukauden suunnittelija \/ TOPModel<br \/>\nEgmont Kustannus Oy Ab<br \/>\nPL 1269<br \/>\n00101 Helsinki<\/p>\n<p>Huomaathan, ett\u00e4 alle 18-vuotiaalla tulee olla huoltajan lupa t\u00f6iden l\u00e4hett\u00e4miseen. Kilpailuihin l\u00e4hetettyj\u00e4 henkil\u00f6tietoja k\u00e4sitell\u00e4\u00e4n EU:n tietosuoja-asetuksen mukaisesti. Saatuja tietoja tai kuvia ei k\u00e4ytet\u00e4 markkinointitarkoituksiin, ja ne h\u00e4vitet\u00e4\u00e4n sen j\u00e4lkeen, kun palkinnot on toimitettu vastaanottajille.\n<\/p>\n<p>[\/et_pb_accordion_item][et_pb_accordion_item title=&#8221;Mihin voin ilmoittaa osoitteenmuutoksen koskien TOPModel-lehden tilausta?&#8221; _builder_version=&#8221;4.16&#8243; global_colors_info=&#8221;{}&#8221; open=&#8221;off&#8221;]<\/p>\n<p>Otathan yhteytt\u00e4 Egmont Kustannus Oy Ab:n tilaajapalveluun kaikissa TOPModel-lehden tilausta koskevissa kysymyksiss\u00e4:<\/p>\n<p>Egmont Kustannus Oy Ab<br \/>\nInternet: tilaajapalvelu.egmont.fi<br \/>\nChat: egmont.fi\/asiakaspalvelu<br \/>\nS\u00e4hk\u00f6posti: tilaajapalvelu@egmont.fi<br \/>\nPuh. 0203 39000 (8,4 snt\/min, arkisin 8-18)\n<\/p>\n<p>[\/et_pb_accordion_item][et_pb_accordion_item title=&#8221;Voinko tilata TOPModel-lehden?&#8221; _builder_version=&#8221;4.16&#8243; global_colors_info=&#8221;{}&#8221; open=&#8221;off&#8221;]<\/p>\n<p>Voit tilata TOPModel-lehden ottamalla yhteytt\u00e4 Egmont Kustannus Oy Ab:n asiakaspalveluun: <\/p>\n<p>Egmont Kustannus Oy Ab<br \/>\nInternet: tilaa.egmont.fi\/topmodel<br \/>\nChat: egmont.fi\/asiakaspalvelu<br \/>\nS\u00e4hk\u00f6posti: tilaajapalvelu@egmont.fi<br \/>\nPuh. 0203 39000 (8,4 snt\/min, arkisin 8-18)\n<\/p>\n<p>[\/et_pb_accordion_item][et_pb_accordion_item title=&#8221;Mist\u00e4 voin ostaa TOPModel-lehden?&#8221; _builder_version=&#8221;4.16&#8243; global_colors_info=&#8221;{}&#8221; open=&#8221;off&#8221;]<\/p>\n<p>Lehti on saatavilla Lehtipisteist\u00e4 ymp\u00e4ri maata.<\/p>\n<p>[\/et_pb_accordion_item][\/et_pb_accordion][et_pb_text module_class=&#8221;kapraneue&#8221; _builder_version=&#8221;4.16&#8243; header_2_font_size=&#8221;25px&#8221; max_width=&#8221;767px&#8221; module_alignment=&#8221;center&#8221; custom_margin=&#8221;||10px||false|false&#8221; header_2_font_size_tablet=&#8221;&#8221; header_2_font_size_phone=&#8221;&#8221; header_2_font_size_last_edited=&#8221;on|desktop&#8221; global_colors_info=&#8221;{}&#8221;]<\/p>\n<h2>Yleiset kysymykset:<\/h2>\n<p>[\/et_pb_text][et_pb_accordion open_toggle_background_color=&#8221;#ffffff&#8221; closed_toggle_background_color=&#8221;#ffffff&#8221; icon_color=&#8221;#f8508e&#8221; use_icon_font_size=&#8221;on&#8221; icon_font_size=&#8221;22px&#8221; admin_label=&#8221;FAQs&#8221; module_class=&#8221;faq&#8221; _builder_version=&#8221;4.16&#8243; toggle_text_align=&#8221;left&#8221; toggle_font_size=&#8221;20px&#8221; closed_toggle_text_align=&#8221;left&#8221; closed_toggle_font_size=&#8221;20px&#8221; body_text_align=&#8221;left&#8221; body_line_height=&#8221;1.5em&#8221; background_enable_color=&#8221;off&#8221; max_width=&#8221;767px&#8221; module_alignment=&#8221;center&#8221; custom_padding=&#8221;|0px||0px|false|false&#8221; custom_css_toggle=&#8221;margin-bottom: 0 !important;&#8221; border_radii=&#8221;on|10px|10px|10px|10px&#8221; border_width_all=&#8221;0px&#8221; global_colors_info=&#8221;{}&#8221;][et_pb_accordion_item title=&#8221;Minulla on koodillinen tuote, jota en saa auki. Mit\u00e4 voin tehd\u00e4? &#8221; open=&#8221;on&#8221; _builder_version=&#8221;4.16&#8243; global_colors_info=&#8221;{}&#8221;]Seuraa seuraavaa ohjeistusta:<\/p>\n<ol class=\"fa-ol\">\n<li>Tehdasasetuskoodi on 0000. Paina \u201c0000\u201d ja lukko avautuu ja musiikki alkaa soimaan.<\/li>\n<li>Kun lukko on avautunut, paina v\u00e4litt\u00f6m\u00e4sti \u201c*\u201d -n\u00e4pp\u00e4int\u00e4 noin kolmen sekunnin ajan.<\/li>\n<li>Sinulla on 10 sekuntia aikaa painella uusi nelinumeroinen pin-koodisi ja paina lopuksi \u201c#\u201d -merkki\u00e4 vahvistaaksesi uusi pin-koodisi. Jos painat enemm\u00e4n kuin nelj\u00e4 numeroa, huomioithan, ett\u00e4 uusi pin-koodisi on nelj\u00e4 ensimm\u00e4iseksi painettua numeroa.<\/li>\n<li>Jos unohdat pin-koodisi, paina numeroita \u201c1\u201d, \u201c3\u201d ja \u201c0\u201d kaikkia yht\u00e4 aikaa noin nelj\u00e4n sekunnin ajan ja voit tehd\u00e4 itsellesi uuden pin-koodin seuraamalla ohjeen kohtia 2 ja 3. (Pid\u00e4 t\u00e4m\u00e4 kikka muistissasi!)\n<\/li>\n<li>Pattereiden vaihtoon tarvitset ruuvimeisselin. Patterirasiassa on pieni ruuvi, joka tulee ruuvata irti. Kun patterirasia on auki, p\u00e4\u00e4set vaihtamaan patterin. Olethan tarkkana, ett\u00e4 k\u00e4yt\u00e4t oikeanlaisia pattereita (AG13 \/ LR44), ja ett\u00e4 asetat ne rasiaan oikein p\u00e4in. Kirist\u00e4 viel\u00e4 ruuvi takaisin napakasti.\n<\/li>\n<li>Pin-koodisi pysyy kirjan muistissa, vaikka joutuisit vaihtamaan pattereita.<\/li>\n<\/ol>\n<p>[\/et_pb_accordion_item][et_pb_accordion_item title=&#8221;Minulla on reklamaatio. Keneen voin olla yhteydess\u00e4 asiasta?&#8221; _builder_version=&#8221;4.16&#8243; global_colors_info=&#8221;{}&#8221; open=&#8221;off&#8221;]<\/p>\n<p>Reklamaatiot tulee hoitaa suoraan j\u00e4lleenmyyj\u00e4n kanssa, joten otathan yhteytt\u00e4 siihen liikkeeseen, josta ostit tuotteen. Muissa asioissa tai kysymyksiss\u00e4 voit olla yhteydess\u00e4 s\u00e4hk\u00f6postitse osoitteeseen office@motto.fi. <\/p>\n<p>[\/et_pb_accordion_item][et_pb_accordion_item title=&#8221;Onko teill\u00e4 tehtaanmyym\u00e4l\u00e4\u00e4?&#8221; _builder_version=&#8221;4.16&#8243; global_colors_info=&#8221;{}&#8221; open=&#8221;off&#8221;]<\/p>\n<p>Ei, meill\u00e4 ei ole tehtaanmyym\u00e4l\u00e4\u00e4.<\/p>\n<p>[\/et_pb_accordion_item][et_pb_accordion_item title=&#8221;Voinko tilata TOPModel-tuotteita suoraan teilt\u00e4?&#8221; _builder_version=&#8221;4.16&#8243; global_colors_info=&#8221;{}&#8221; open=&#8221;off&#8221;]<\/p>\n<p>Emme ik\u00e4v\u00e4 kyll\u00e4 voi myyd\u00e4 tuotteita suoraan kuluttajille, sill\u00e4 myymme tuotteita ainoastaan j\u00e4lleenmyyjille..<\/p>\n<p>[\/et_pb_accordion_item][\/et_pb_accordion][\/et_pb_column][\/et_pb_row][\/et_pb_section]<\/p>\n","protected":false},"excerpt":{"rendered":"<p>TOPModel-lehtiJos haluat TOPModel-lehden Kuukauden suunnittelijaksi ja olet valmis esittelem\u00e4\u00e4n suunnittelemiasi asuja lehden sivuilla, ker\u00e4\u00e4 muutama suosikkipiirustuksesi, kirjoita itsest\u00e4si muutama rivi ja l\u00e4het\u00e4 postia osoitteeseen Kuukauden suunnittelija \/ TOPModel Egmont Kustannus Oy Ab PL 1269 00101 Helsinki Huomaathan, ett\u00e4 alle 18-vuotiaalla tulee olla huoltajan lupa t\u00f6iden l\u00e4hett\u00e4miseen. Kilpailuihin l\u00e4hetettyj\u00e4 henkil\u00f6tietoja k\u00e4sitell\u00e4\u00e4n EU:n tietosuoja-asetuksen mukaisesti. Saatuja tietoja [&hellip;]<\/p>\n","protected":false},"author":1,"featured_media":0,"parent":0,"menu_order":0,"comment_status":"closed","ping_status":"closed","template":"","meta":{"_acf_changed":false,"_et_pb_use_builder":"on","_et_pb_old_content":"","_et_gb_content_width":"","footnotes":""},"class_list":["post-28","page","type-page","status-publish","hentry"],"acf":[],"yoast_head":"<!-- This site is optimized with the Yoast SEO Premium plugin v24.2 (Yoast SEO v27.2) - https:\/\/yoast.com\/product\/yoast-seo-premium-wordpress\/ -->\n<title>FAQ - TOPModel by Depesche Suomi<\/title>\n<meta name=\"robots\" content=\"index, follow, max-snippet:-1, max-image-preview:large, max-video-preview:-1\" \/>\n<link rel=\"canonical\" href=\"https:\/\/top-model.biz\/fi\/f-a-q\/\" \/>\n<meta property=\"og:locale\" content=\"fi_FI\" \/>\n<meta property=\"og:type\" content=\"article\" \/>\n<meta property=\"og:title\" content=\"FAQ\" \/>\n<meta property=\"og:description\" content=\"TOPModel-lehtiJos haluat TOPModel-lehden Kuukauden suunnittelijaksi ja olet valmis esittelem\u00e4\u00e4n suunnittelemiasi asuja lehden sivuilla, ker\u00e4\u00e4 muutama suosikkipiirustuksesi, kirjoita itsest\u00e4si muutama rivi ja l\u00e4het\u00e4 postia osoitteeseen Kuukauden suunnittelija \/ TOPModel Egmont Kustannus Oy Ab PL 1269 00101 Helsinki Huomaathan, ett\u00e4 alle 18-vuotiaalla tulee olla huoltajan lupa t\u00f6iden l\u00e4hett\u00e4miseen. Kilpailuihin l\u00e4hetettyj\u00e4 henkil\u00f6tietoja k\u00e4sitell\u00e4\u00e4n EU:n tietosuoja-asetuksen mukaisesti. Saatuja tietoja [&hellip;]\" \/>\n<meta property=\"og:url\" content=\"https:\/\/top-model.biz\/fi\/f-a-q\/\" \/>\n<meta property=\"og:site_name\" content=\"TOPModel by Depesche Suomi\" \/>\n<meta property=\"article:modified_time\" content=\"2025-04-09T18:56:32+00:00\" \/>\n<meta name=\"twitter:card\" content=\"summary_large_image\" \/>\n<meta name=\"twitter:label1\" content=\"Arvioitu lukuaika\" \/>\n\t<meta name=\"twitter:data1\" content=\"5 minuuttia\" \/>\n<script type=\"application\/ld+json\" class=\"yoast-schema-graph\">{\"@context\":\"https:\/\/schema.org\",\"@graph\":[{\"@type\":\"WebPage\",\"@id\":\"https:\/\/top-model.biz\/fi\/f-a-q\/\",\"url\":\"https:\/\/top-model.biz\/fi\/f-a-q\/\",\"name\":\"FAQ - TOPModel by Depesche Suomi\",\"isPartOf\":{\"@id\":\"https:\/\/top-model.biz\/fi\/#website\"},\"datePublished\":\"2019-12-03T05:09:46+00:00\",\"dateModified\":\"2025-04-09T18:56:32+00:00\",\"inLanguage\":\"fi\",\"potentialAction\":[{\"@type\":\"ReadAction\",\"target\":[\"https:\/\/top-model.biz\/fi\/f-a-q\/\"]}]},{\"@type\":\"WebSite\",\"@id\":\"https:\/\/top-model.biz\/fi\/#website\",\"url\":\"https:\/\/top-model.biz\/fi\/\",\"name\":\"TOPModel by Depesche Suomi\",\"description\":\"TOPModel by Depesche\",\"publisher\":{\"@id\":\"https:\/\/top-model.biz\/fi\/#organization\"},\"potentialAction\":[{\"@type\":\"SearchAction\",\"target\":{\"@type\":\"EntryPoint\",\"urlTemplate\":\"https:\/\/top-model.biz\/fi\/?s={search_term_string}\"},\"query-input\":{\"@type\":\"PropertyValueSpecification\",\"valueRequired\":true,\"valueName\":\"search_term_string\"}}],\"inLanguage\":\"fi\"},{\"@type\":\"Organization\",\"@id\":\"https:\/\/top-model.biz\/fi\/#organization\",\"name\":\"TOPModel by Depesche GmbH & Co. KG\",\"url\":\"https:\/\/top-model.biz\/fi\/\",\"logo\":{\"@type\":\"ImageObject\",\"inLanguage\":\"fi\",\"@id\":\"https:\/\/top-model.biz\/fi\/#\/schema\/logo\/image\/\",\"url\":\"https:\/\/top-model.biz\/fi\/wp-content\/uploads\/sites\/18\/2020\/01\/depeschelogo_72dpi.jpg\",\"contentUrl\":\"https:\/\/top-model.biz\/fi\/wp-content\/uploads\/sites\/18\/2020\/01\/depeschelogo_72dpi.jpg\",\"width\":1600,\"height\":620,\"caption\":\"TOPModel by Depesche GmbH & Co. KG\"},\"image\":{\"@id\":\"https:\/\/top-model.biz\/fi\/#\/schema\/logo\/image\/\"}}]}<\/script>\n<!-- \/ Yoast SEO Premium plugin. -->","yoast_head_json":{"title":"FAQ - TOPModel by Depesche Suomi","robots":{"index":"index","follow":"follow","max-snippet":"max-snippet:-1","max-image-preview":"max-image-preview:large","max-video-preview":"max-video-preview:-1"},"canonical":"https:\/\/top-model.biz\/fi\/f-a-q\/","og_locale":"fi_FI","og_type":"article","og_title":"FAQ","og_description":"TOPModel-lehtiJos haluat TOPModel-lehden Kuukauden suunnittelijaksi ja olet valmis esittelem\u00e4\u00e4n suunnittelemiasi asuja lehden sivuilla, ker\u00e4\u00e4 muutama suosikkipiirustuksesi, kirjoita itsest\u00e4si muutama rivi ja l\u00e4het\u00e4 postia osoitteeseen Kuukauden suunnittelija \/ TOPModel Egmont Kustannus Oy Ab PL 1269 00101 Helsinki Huomaathan, ett\u00e4 alle 18-vuotiaalla tulee olla huoltajan lupa t\u00f6iden l\u00e4hett\u00e4miseen. Kilpailuihin l\u00e4hetettyj\u00e4 henkil\u00f6tietoja k\u00e4sitell\u00e4\u00e4n EU:n tietosuoja-asetuksen mukaisesti. Saatuja tietoja [&hellip;]","og_url":"https:\/\/top-model.biz\/fi\/f-a-q\/","og_site_name":"TOPModel by Depesche Suomi","article_modified_time":"2025-04-09T18:56:32+00:00","twitter_card":"summary_large_image","twitter_misc":{"Arvioitu lukuaika":"5 minuuttia"},"schema":{"@context":"https:\/\/schema.org","@graph":[{"@type":"WebPage","@id":"https:\/\/top-model.biz\/fi\/f-a-q\/","url":"https:\/\/top-model.biz\/fi\/f-a-q\/","name":"FAQ - TOPModel by Depesche Suomi","isPartOf":{"@id":"https:\/\/top-model.biz\/fi\/#website"},"datePublished":"2019-12-03T05:09:46+00:00","dateModified":"2025-04-09T18:56:32+00:00","inLanguage":"fi","potentialAction":[{"@type":"ReadAction","target":["https:\/\/top-model.biz\/fi\/f-a-q\/"]}]},{"@type":"WebSite","@id":"https:\/\/top-model.biz\/fi\/#website","url":"https:\/\/top-model.biz\/fi\/","name":"TOPModel by Depesche Suomi","description":"TOPModel by Depesche","publisher":{"@id":"https:\/\/top-model.biz\/fi\/#organization"},"potentialAction":[{"@type":"SearchAction","target":{"@type":"EntryPoint","urlTemplate":"https:\/\/top-model.biz\/fi\/?s={search_term_string}"},"query-input":{"@type":"PropertyValueSpecification","valueRequired":true,"valueName":"search_term_string"}}],"inLanguage":"fi"},{"@type":"Organization","@id":"https:\/\/top-model.biz\/fi\/#organization","name":"TOPModel by Depesche GmbH & Co. KG","url":"https:\/\/top-model.biz\/fi\/","logo":{"@type":"ImageObject","inLanguage":"fi","@id":"https:\/\/top-model.biz\/fi\/#\/schema\/logo\/image\/","url":"https:\/\/top-model.biz\/fi\/wp-content\/uploads\/sites\/18\/2020\/01\/depeschelogo_72dpi.jpg","contentUrl":"https:\/\/top-model.biz\/fi\/wp-content\/uploads\/sites\/18\/2020\/01\/depeschelogo_72dpi.jpg","width":1600,"height":620,"caption":"TOPModel by Depesche GmbH & Co. KG"},"image":{"@id":"https:\/\/top-model.biz\/fi\/#\/schema\/logo\/image\/"}}]}},"_links":{"self":[{"href":"https:\/\/top-model.biz\/fi\/wp-json\/wp\/v2\/pages\/28","targetHints":{"allow":["GET"]}}],"collection":[{"href":"https:\/\/top-model.biz\/fi\/wp-json\/wp\/v2\/pages"}],"about":[{"href":"https:\/\/top-model.biz\/fi\/wp-json\/wp\/v2\/types\/page"}],"author":[{"embeddable":true,"href":"https:\/\/top-model.biz\/fi\/wp-json\/wp\/v2\/users\/1"}],"replies":[{"embeddable":true,"href":"https:\/\/top-model.biz\/fi\/wp-json\/wp\/v2\/comments?post=28"}],"version-history":[{"count":10,"href":"https:\/\/top-model.biz\/fi\/wp-json\/wp\/v2\/pages\/28\/revisions"}],"predecessor-version":[{"id":5607,"href":"https:\/\/top-model.biz\/fi\/wp-json\/wp\/v2\/pages\/28\/revisions\/5607"}],"wp:attachment":[{"href":"https:\/\/top-model.biz\/fi\/wp-json\/wp\/v2\/media?parent=28"}],"curies":[{"name":"wp","href":"https:\/\/api.w.org\/{rel}","templated":true}]}}