{"id":27,"date":"2019-12-03T06:09:46","date_gmt":"2019-12-03T05:09:46","guid":{"rendered":"https:\/\/top-model.biz\/?page_id=27"},"modified":"2022-05-03T15:57:53","modified_gmt":"2022-05-03T13:57:53","slug":"yleiset-kayttajaehdot","status":"publish","type":"page","link":"https:\/\/top-model.biz\/fi\/yleiset-kayttajaehdot\/","title":{"rendered":"Yleiset k\u00e4ytt\u00e4j\u00e4\u00adehdot"},"content":{"rendered":"<p>[et_pb_section][et_pb_row][et_pb_column type=&#8221;4_4&#8243;][et_pb_text]<\/p>\n<p>www.top-model.biz -sivujen yleiset k\u00e4ytt\u00e4j\u00e4ehdot<\/p>\n<p>Tervetuloa mukaan seikkailuun top-model.biz -sivuston onlinemaailmaan! T\u00e4llainen kutsu sis\u00e4lt\u00e4\u00e4 tietysti muutamat s\u00e4\u00e4nn\u00f6t. T\u00e4\u00e4lt\u00e4 l\u00f6yd\u00e4t sivuston k\u00e4ytt\u00f6\u00e4 sek\u00e4 sivuilla tarjottavia palveluita koskevat yleiset k\u00e4ytt\u00e4j\u00e4ehdot ja s\u00e4\u00e4nn\u00f6t.<\/p>\n<p><strong>1.<\/strong><\/p>\n<p>TOPModel-verkkosivuja yll\u00e4pit\u00e4\u00e4 M\u00f6tto Oy, PL 2890, 00002 Helsinki, Suomi.<\/p>\n<p><strong>2.<\/strong><\/p>\n<p>K\u00e4ytt\u00e4m\u00e4ll\u00e4 t\u00e4t\u00e4 sivustoa vahvistat M\u00f6tto Oy:lle n\u00e4iden ehtojen t\u00e4yden ymm\u00e4rt\u00e4misen sek\u00e4 hyv\u00e4ksymisen. Muutoin sivujen sek\u00e4 sen palveluiden k\u00e4ytt\u00f6 ei ole sallittua.<\/p>\n<p><strong>3.<\/strong><\/p>\n<p>www.top-model.biz -sivusto sis\u00e4lt\u00e4\u00e4 materiaalia, joka on suojattu tekij\u00e4noikeudella, tavaramerkeill\u00e4 tai muilla tekij\u00e4noikeustiedoilla ja jotka voivat olla esimerkiksi tekstej\u00e4, ohjelmistoja, kuvia, videoita, \u00e4\u00e4nitiedostoja, grafiikkaa ja musiikkia. Koko verkkosivuston sis\u00e4lt\u00f6 on suojattu tekij\u00e4noikeuksin ja sivusto k\u00e4sitell\u00e4\u00e4n kokonaisena teoksena Suomen lains\u00e4\u00e4d\u00e4nn\u00f6n mukaisesti. Muut verkkosivustolla esiintyv\u00e4t tavaramerkit kuuluvat kyseess\u00e4 olevalle omistajalle ja joissakin tapauksissa my\u00f6s M\u00f6tto Oy:lle. Kaikki oikeudet pid\u00e4tet\u00e4\u00e4n. Tavaramerkkiemme tai nimiemme k\u00e4ytt\u00f6 muilla verkkosivuilla on kielletty\u00e4 ilman M\u00f6tto Oy:n kanssa ennalta tehty\u00e4 kirjallista sopimusta. Verkkosivuston sivuja saa tallentaa ja tulostaa ainoastaan yksityiseen k\u00e4ytt\u00f6\u00f6n. Tietojen kopiointi kaupalliseen tarkoitukseen ja luovuttaminen kolmansille osapuolille on sallittua ainoastaan, jos M\u00f6tto Oy on hyv\u00e4ksynyt t\u00e4m\u00e4n kirjallisesti.<\/p>\n<p><strong>4.<\/strong><\/p>\n<p>TOPModel-kotisivut voivat sis\u00e4lt\u00e4\u00e4 linkkej\u00e4 muille verkkosivuille. M\u00f6tto Oy tarkistaa lis\u00e4tt\u00e4v\u00e4n linkin verkkosivun kerran sit\u00e4 lis\u00e4tt\u00e4ess\u00e4, mutta M\u00f6tto Oy:ll\u00e4 ei ole t\u00e4m\u00e4n j\u00e4lkeen vaikutusvaltaa sivuston malliin, sis\u00e4lt\u00f6\u00f6n tai muihin muutoksiin. Ymm\u00e4rr\u00e4t, ett\u00e4 M\u00f6tto Oy ei ole vastuussa n\u00e4iden ulkoisten verkkosivujen laillisuudesta, oikeellisuudesta, saatavuudesta, ajantasaisuudesta eik\u00e4 saatavilla olevista tiedoista tai niiden sis\u00e4ll\u00f6st\u00e4 ja laadusta. Ymm\u00e4rr\u00e4t, ett\u00e4 k\u00e4yt\u00e4t ulkoisia verkkosivuja omalla vastuullasi ja ett\u00e4 M\u00f6tto Oy ei ole vastuussa mist\u00e4\u00e4n suorista tai ep\u00e4suorista vahingoista tai haitoista, jotka ovat aiheutuneet ulkoisten sivustojen k\u00e4yt\u00f6st\u00e4, ja t\u00e4m\u00e4n sopimuksen my\u00f6t\u00e4 luovut peruuttamattomasti kaikista vaateista M\u00f6tto Oy:ta kohtaan. Kaikki ulkoisia sivustoja koskevat asiat tulee esitt\u00e4\u00e4 kyseess\u00e4 olevan sivuston yll\u00e4pit\u00e4j\u00e4lle tai verkkovastaavalle.<\/p>\n<p><strong>5.<\/strong><\/p>\n<p>Olemme kiinnitt\u00e4neet erityisen paljon huomiota turvallisuuteesi ja sivuston sis\u00e4lt\u00f6\u00f6n verkkosivustoa luodessa. Siit\u00e4 huolimatta M\u00f6tto Oy ei takaa verkkosivuston sis\u00e4ll\u00f6n, yksityiskohtien sek\u00e4 tietojen oikeellisuutta, p\u00e4tevyytt\u00e4, t\u00e4ydellisyytt\u00e4 ja turvallisuutta. Internetin ja erilaisten tietokonej\u00e4rjestelmien luonteen vuoksi M\u00f6tto Oy ei voi taata TOPModel-verkkosivuston t\u00e4ydellist\u00e4 ja keskeytym\u00e4t\u00f6nt\u00e4 saatavuutta. M\u00f6tto Oy ei voi taata, ett\u00e4 verkkosivusto on suojattu viruksilta tai ett\u00e4 sivustolta ei voisi saada virusta siit\u00e4 huolimatta, ett\u00e4 pyrimme aina pit\u00e4m\u00e4\u00e4n TOPModel-sivuston virusvapaana. M\u00f6tto Oy ei ole vastuussa mist\u00e4\u00e4n suorista tai ep\u00e4suorista vahingoista tai haitoista, jotka johtuvat t\u00e4m\u00e4n verkkosivuston k\u00e4yt\u00f6st\u00e4 paitsi silloin, jos kyseess\u00e4 on sellainen henkil\u00f6kohtainen, fyysinen tai terveydellinen vahinko tai haitta, joka johtuu M\u00f6tto Oy:n t\u00f6rke\u00e4st\u00e4 tai tahallisesta huolimattomuudesta ja t\u00e4ten sopimusrikkomuksesta. M\u00f6tto Oy on vastuussa vain olennaisten sopimusvelvoitteiden rikkomisesta ja vastuu rajoittuu vain niihin vahinkoihin tai haittoihin, jotka olisivat olleet ennakoitavissa.<\/p>\n<p><strong>6.<\/strong><\/p>\n<p>Sinulta voidaan pyyt\u00e4\u00e4 henkil\u00f6kohtaisia tietoja, kun k\u00e4yt\u00e4t verkkosivuston palveluita ja tarjoomaa. Tietojen antaminen on t\u00e4ysin vapaaehtoista. Henkil\u00f6tietojasi tallennetaan, k\u00e4sitell\u00e4\u00e4n ja k\u00e4ytet\u00e4\u00e4n ainoastaan Suomessa sovellettavien tietosuojas\u00e4\u00e4nn\u00f6sten mukaisesti. Verkkosivustomme k\u00e4yt\u00f6n aikana ker\u00e4ttyj\u00e4 henkil\u00f6tietoja k\u00e4ytet\u00e4\u00e4n pyynt\u00f6jenne k\u00e4sittelyyn ja tietoja k\u00e4ytet\u00e4\u00e4n mainonta- ja markkinointitarkoituksiin ainoastaan silloin, kun annat suostumuksesi siihen. Voit peruuttaa suostumuksesi milloin tahansa.<\/p>\n<p><strong>7.<\/strong><\/p>\n<p>M\u00f6tto Oy:ll\u00e4 on automaattisesti oikeus julkaista l\u00e4hetetyt kuvat, tekstit ja muut materiaalit M\u00f6tto Oy:n olemassa olevissa medioissa (verkkosivut, lehti, sosiaalinen media), ellei muuta ole kirjallisesti sovittu k\u00e4ytt\u00e4j\u00e4n ja M\u00f6tt\u00f6 Oy:n v\u00e4lill\u00e4. M\u00f6tto Oy:ll\u00e4 ei kuitenkaan ole velvoitetta julkaista kaikkea vastaanottamaansa aineistoa. M\u00f6tto Oy:ll\u00e4 on oikeus pienent\u00e4\u00e4, lyhent\u00e4\u00e4, korjata tai oikaista julkaistava materiaali oman harkintansa mukaan. M\u00f6tto Oy ei l\u00e4het\u00e4 materiaalia takaisin l\u00e4hett\u00e4j\u00e4lle, ellei toisin ole sovittu.<\/p>\n<p><strong>8.<\/strong><\/p>\n<p>Osallistuminen peleihin, kilpailuihin ja muihin aktiviteetteihin TOPModel-verkkosivuilla ja M\u00f6tto Oy:n sosiaalisen median kanavissa poissulkee kaikki oikeudelliset vaatimukset. M\u00f6tto Oy pid\u00e4tt\u00e4\u00e4 oikeuden muuttaa palkintoja ja kilpailus\u00e4\u00e4nt\u00f6j\u00e4 milloin tahansa. M\u00f6tto Oy:n henkil\u00f6kunta ja heid\u00e4n omaisensa eiv\u00e4t saa osallistua verkkosivujen kilpailuihin.<\/p>\n<p><strong>9.<\/strong><\/p>\n<p>Aivan kuten useat muutkin verkkosivustojen tarjoajat, my\u00f6s me k\u00e4yt\u00e4mme sivustollamme ev\u00e4steit\u00e4, jotta voimme tarjota sinulle mahdollisimman hyv\u00e4n k\u00e4ytt\u00f6kokemuksen. Ev\u00e4steet ovat pieni\u00e4 tekstitiedostoja, jotka tallennetaan tietokoneellesi ja selaimeesi. Ev\u00e4steet mahdollistavat sen, ett\u00e4 tunnistamme selaimesi seuraavan vierailusi aikana, jonka avulla voimme tarjota sinulle paremman ja k\u00e4ytt\u00e4j\u00e4yst\u00e4v\u00e4llisemm\u00e4n kokemuksen TOPModel-verkkosivuilla. Ev\u00e4steet eiv\u00e4t ker\u00e4\u00e4 mit\u00e4\u00e4n henkil\u00f6kohtaisia tietoja eiv\u00e4tk\u00e4 ne vahingoita tietokonettasi tai sis\u00e4ll\u00e4 viruksia. Voit aina poistaa tietokoneellesi tallennetut ev\u00e4steet. Voit my\u00f6s est\u00e4\u00e4 ev\u00e4steiden k\u00e4yt\u00f6n selaimesi asetuksissa. TOPModel-verkkosivuja voi k\u00e4ytt\u00e4\u00e4 my\u00f6s ilman ev\u00e4steit\u00e4, mutta t\u00e4m\u00e4 voi rajoittaa sivuston toimivuutta.<\/p>\n<p><strong>10.<\/strong><\/p>\n<p>M\u00f6tto Oy pid\u00e4tt\u00e4\u00e4 oikeuden k\u00e4ytt\u00e4j\u00e4ehtojen muuttamiseen, lis\u00e4\u00e4miseen ja poistamiseen ilman varoitusta ja milloin tahansa. Muutokset n\u00e4kyv\u00e4t TOPModel-verkkosivuilla, joten k\u00e4y s\u00e4\u00e4nn\u00f6llisesti lukemassa verkkosivujen k\u00e4ytt\u00e4j\u00e4ehdot. TOPModel-verkkosivujen k\u00e4ytt\u00f6 on sallittua vain, jos hyv\u00e4ksyt muutokset. Jatkamalla verkkosivuston k\u00e4ytt\u00f6\u00e4 vahvistat, ett\u00e4 olet tietoinen ehtojen p\u00e4ivityksist\u00e4 sek\u00e4 muutoksista ja ett\u00e4 hyv\u00e4ksyt ne.<\/p>\n<p>[\/et_pb_text][\/et_pb_column][\/et_pb_row][\/et_pb_section]<\/p>\n","protected":false},"excerpt":{"rendered":"<p><div class=\"et_pb_section et_pb_section_0 et_section_regular\" >\n\t\t\t\t\n\t\t\t\t\n\t\t\t\t\n\t\t\t\t\n\t\t\t\t\n\t\t\t\t\n\t\t\t\t\n\t\t\t\t\n\t\t\t\t\n\t\t\t<\/div><div class=\"et_pb_row et_pb_row_0 et_pb_row_empty\">\n\t\t\t\t\n\t\t\t\t\n\t\t\t\t\n\t\t\t\t\n\t\t\t\t\n\t\t\t<\/div><div class=\"et_pb_module et_pb_text et_pb_text_0  et_pb_text_align_left et_pb_bg_layout_light\">\n\t\t\t\t\n\t\t\t\t\n\t\t\t\t\n\t\t\t\t\n\t\t\t\t\n\t\t\t<\/div> www.top-model.biz -sivujen yleiset k\u00e4ytt\u00e4j\u00e4ehdot Tervetuloa mukaan seikkailuun top-model.biz -sivuston onlinemaailmaan! T\u00e4llainen kutsu sis\u00e4lt\u00e4\u00e4 tietysti muutamat s\u00e4\u00e4nn\u00f6t. T\u00e4\u00e4lt\u00e4 l\u00f6yd\u00e4t sivuston k\u00e4ytt\u00f6\u00e4 sek\u00e4 sivuilla tarjottavia palveluita koskevat yleiset k\u00e4ytt\u00e4j\u00e4ehdot ja s\u00e4\u00e4nn\u00f6t. 1. TOPModel-verkkosivuja yll\u00e4pit\u00e4\u00e4 M\u00f6tto Oy, PL 2890, 00002 Helsinki, Suomi. 2. K\u00e4ytt\u00e4m\u00e4ll\u00e4 t\u00e4t\u00e4 sivustoa vahvistat M\u00f6tto Oy:lle n\u00e4iden ehtojen t\u00e4yden ymm\u00e4rt\u00e4misen sek\u00e4 hyv\u00e4ksymisen. Muutoin sivujen [&hellip;]<\/p>\n","protected":false},"author":1,"featured_media":0,"parent":0,"menu_order":0,"comment_status":"closed","ping_status":"closed","template":"page_simple.php","meta":{"_acf_changed":false,"_et_pb_use_builder":"on","_et_pb_old_content":"<p>www.top-model.biz -sivujen yleiset k\u00e4ytt\u00e4j\u00e4ehdot<\/p><p>Tervetuloa mukaan seikkailuun top-model.biz -sivuston onlinemaailmaan! T\u00e4llainen kutsu sis\u00e4lt\u00e4\u00e4 tietysti muutamat s\u00e4\u00e4nn\u00f6t. T\u00e4\u00e4lt\u00e4 l\u00f6yd\u00e4t sivuston k\u00e4ytt\u00f6\u00e4 sek\u00e4 sivuilla tarjottavia palveluita koskevat yleiset k\u00e4ytt\u00e4j\u00e4ehdot ja s\u00e4\u00e4nn\u00f6t.<\/p><p><strong>1.<\/strong><\/p><p>TOPModel-verkkosivuja yll\u00e4pit\u00e4\u00e4 M\u00f6tto Oy, PL 2890, 00002 Helsinki, Suomi.<\/p><p><strong>2.<\/strong><\/p><p>K\u00e4ytt\u00e4m\u00e4ll\u00e4 t\u00e4t\u00e4 sivustoa vahvistat M\u00f6tto Oy:lle n\u00e4iden ehtojen t\u00e4yden ymm\u00e4rt\u00e4misen sek\u00e4 hyv\u00e4ksymisen. Muutoin sivujen sek\u00e4 sen palveluiden k\u00e4ytt\u00f6 ei ole sallittua.<\/p><p><strong>3.<\/strong><\/p><p>www.top-model.biz -sivusto sis\u00e4lt\u00e4\u00e4 materiaalia, joka on suojattu tekij\u00e4noikeudella, tavaramerkeill\u00e4 tai muilla tekij\u00e4noikeustiedoilla ja jotka voivat olla esimerkiksi tekstej\u00e4, ohjelmistoja, kuvia, videoita, \u00e4\u00e4nitiedostoja, grafiikkaa ja musiikkia. Koko verkkosivuston sis\u00e4lt\u00f6 on suojattu tekij\u00e4noikeuksin ja sivusto k\u00e4sitell\u00e4\u00e4n kokonaisena teoksena Suomen lains\u00e4\u00e4d\u00e4nn\u00f6n mukaisesti. Muut verkkosivustolla esiintyv\u00e4t tavaramerkit kuuluvat kyseess\u00e4 olevalle omistajalle ja joissakin tapauksissa my\u00f6s M\u00f6tto Oy:lle. Kaikki oikeudet pid\u00e4tet\u00e4\u00e4n. Tavaramerkkiemme tai nimiemme k\u00e4ytt\u00f6 muilla verkkosivuilla on kielletty\u00e4 ilman M\u00f6tto Oy:n kanssa ennalta tehty\u00e4 kirjallista sopimusta. Verkkosivuston sivuja saa tallentaa ja tulostaa ainoastaan yksityiseen k\u00e4ytt\u00f6\u00f6n. Tietojen kopiointi kaupalliseen tarkoitukseen ja luovuttaminen kolmansille osapuolille on sallittua ainoastaan, jos M\u00f6tto Oy on hyv\u00e4ksynyt t\u00e4m\u00e4n kirjallisesti.<\/p><p><strong>4.<\/strong><\/p><p>TOPModel-kotisivut voivat sis\u00e4lt\u00e4\u00e4 linkkej\u00e4 muille verkkosivuille. M\u00f6tto Oy tarkistaa lis\u00e4tt\u00e4v\u00e4n linkin verkkosivun kerran sit\u00e4 lis\u00e4tt\u00e4ess\u00e4, mutta M\u00f6tto Oy:ll\u00e4 ei ole t\u00e4m\u00e4n j\u00e4lkeen vaikutusvaltaa sivuston malliin, sis\u00e4lt\u00f6\u00f6n tai muihin muutoksiin. Ymm\u00e4rr\u00e4t, ett\u00e4 M\u00f6tto Oy ei ole vastuussa n\u00e4iden ulkoisten verkkosivujen laillisuudesta, oikeellisuudesta, saatavuudesta, ajantasaisuudesta eik\u00e4 saatavilla olevista tiedoista tai niiden sis\u00e4ll\u00f6st\u00e4 ja laadusta. Ymm\u00e4rr\u00e4t, ett\u00e4 k\u00e4yt\u00e4t ulkoisia verkkosivuja omalla vastuullasi ja ett\u00e4 M\u00f6tto Oy ei ole vastuussa mist\u00e4\u00e4n suorista tai ep\u00e4suorista vahingoista tai haitoista, jotka ovat aiheutuneet ulkoisten sivustojen k\u00e4yt\u00f6st\u00e4, ja t\u00e4m\u00e4n sopimuksen my\u00f6t\u00e4 luovut peruuttamattomasti kaikista vaateista M\u00f6tto Oy:ta kohtaan. Kaikki ulkoisia sivustoja koskevat asiat tulee esitt\u00e4\u00e4 kyseess\u00e4 olevan sivuston yll\u00e4pit\u00e4j\u00e4lle tai verkkovastaavalle.<\/p><p><strong>5.<\/strong><\/p><p>Olemme kiinnitt\u00e4neet erityisen paljon huomiota turvallisuuteesi ja sivuston sis\u00e4lt\u00f6\u00f6n verkkosivustoa luodessa. Siit\u00e4 huolimatta M\u00f6tto Oy ei takaa verkkosivuston sis\u00e4ll\u00f6n, yksityiskohtien sek\u00e4 tietojen oikeellisuutta, p\u00e4tevyytt\u00e4, t\u00e4ydellisyytt\u00e4 ja turvallisuutta. Internetin ja erilaisten tietokonej\u00e4rjestelmien luonteen vuoksi M\u00f6tto Oy ei voi taata TOPModel-verkkosivuston t\u00e4ydellist\u00e4 ja keskeytym\u00e4t\u00f6nt\u00e4 saatavuutta. M\u00f6tto Oy ei voi taata, ett\u00e4 verkkosivusto on suojattu viruksilta tai ett\u00e4 sivustolta ei voisi saada virusta siit\u00e4 huolimatta, ett\u00e4 pyrimme aina pit\u00e4m\u00e4\u00e4n TOPModel-sivuston virusvapaana. M\u00f6tto Oy ei ole vastuussa mist\u00e4\u00e4n suorista tai ep\u00e4suorista vahingoista tai haitoista, jotka johtuvat t\u00e4m\u00e4n verkkosivuston k\u00e4yt\u00f6st\u00e4 paitsi silloin, jos kyseess\u00e4 on sellainen henkil\u00f6kohtainen, fyysinen tai terveydellinen vahinko tai haitta, joka johtuu M\u00f6tto Oy:n t\u00f6rke\u00e4st\u00e4 tai tahallisesta huolimattomuudesta ja t\u00e4ten sopimusrikkomuksesta. M\u00f6tto Oy on vastuussa vain olennaisten sopimusvelvoitteiden rikkomisesta ja vastuu rajoittuu vain niihin vahinkoihin tai haittoihin, jotka olisivat olleet ennakoitavissa.<\/p><p><strong>6.<\/strong><\/p><p>Sinulta voidaan pyyt\u00e4\u00e4 henkil\u00f6kohtaisia tietoja, kun k\u00e4yt\u00e4t verkkosivuston palveluita ja tarjoomaa. Tietojen antaminen on t\u00e4ysin vapaaehtoista. Henkil\u00f6tietojasi tallennetaan, k\u00e4sitell\u00e4\u00e4n ja k\u00e4ytet\u00e4\u00e4n ainoastaan Suomessa sovellettavien tietosuojas\u00e4\u00e4nn\u00f6sten mukaisesti. Verkkosivustomme k\u00e4yt\u00f6n aikana ker\u00e4ttyj\u00e4 henkil\u00f6tietoja k\u00e4ytet\u00e4\u00e4n pyynt\u00f6jenne k\u00e4sittelyyn ja tietoja k\u00e4ytet\u00e4\u00e4n mainonta- ja markkinointitarkoituksiin ainoastaan silloin, kun annat suostumuksesi siihen. Voit peruuttaa suostumuksesi milloin tahansa.<\/p><p><strong>7.<\/strong><\/p><p>M\u00f6tto Oy:ll\u00e4 on automaattisesti oikeus julkaista l\u00e4hetetyt kuvat, tekstit ja muut materiaalit M\u00f6tto Oy:n olemassa olevissa medioissa (verkkosivut, lehti, sosiaalinen media), ellei muuta ole kirjallisesti sovittu k\u00e4ytt\u00e4j\u00e4n ja M\u00f6tt\u00f6 Oy:n v\u00e4lill\u00e4. M\u00f6tto Oy:ll\u00e4 ei kuitenkaan ole velvoitetta julkaista kaikkea vastaanottamaansa aineistoa. M\u00f6tto Oy:ll\u00e4 on oikeus pienent\u00e4\u00e4, lyhent\u00e4\u00e4, korjata tai oikaista julkaistava materiaali oman harkintansa mukaan. M\u00f6tto Oy ei l\u00e4het\u00e4 materiaalia takaisin l\u00e4hett\u00e4j\u00e4lle, ellei toisin ole sovittu.<\/p><p><strong>8.<\/strong><\/p><p>Osallistuminen peleihin, kilpailuihin ja muihin aktiviteetteihin TOPModel-verkkosivuilla ja M\u00f6tto Oy:n sosiaalisen median kanavissa poissulkee kaikki oikeudelliset vaatimukset. M\u00f6tto Oy pid\u00e4tt\u00e4\u00e4 oikeuden muuttaa palkintoja ja kilpailus\u00e4\u00e4nt\u00f6j\u00e4 milloin tahansa. M\u00f6tto Oy:n henkil\u00f6kunta ja heid\u00e4n omaisensa eiv\u00e4t saa osallistua verkkosivujen kilpailuihin.<\/p><p><strong>9.<\/strong><\/p><p>Aivan kuten useat muutkin verkkosivustojen tarjoajat, my\u00f6s me k\u00e4yt\u00e4mme sivustollamme ev\u00e4steit\u00e4, jotta voimme tarjota sinulle mahdollisimman hyv\u00e4n k\u00e4ytt\u00f6kokemuksen. Ev\u00e4steet ovat pieni\u00e4 tekstitiedostoja, jotka tallennetaan tietokoneellesi ja selaimeesi. Ev\u00e4steet mahdollistavat sen, ett\u00e4 tunnistamme selaimesi seuraavan vierailusi aikana, jonka avulla voimme tarjota sinulle paremman ja k\u00e4ytt\u00e4j\u00e4yst\u00e4v\u00e4llisemm\u00e4n kokemuksen TOPModel-verkkosivuilla. Ev\u00e4steet eiv\u00e4t ker\u00e4\u00e4 mit\u00e4\u00e4n henkil\u00f6kohtaisia tietoja eiv\u00e4tk\u00e4 ne vahingoita tietokonettasi tai sis\u00e4ll\u00e4 viruksia. Voit aina poistaa tietokoneellesi tallennetut ev\u00e4steet. Voit my\u00f6s est\u00e4\u00e4 ev\u00e4steiden k\u00e4yt\u00f6n selaimesi asetuksissa. TOPModel-verkkosivuja voi k\u00e4ytt\u00e4\u00e4 my\u00f6s ilman ev\u00e4steit\u00e4, mutta t\u00e4m\u00e4 voi rajoittaa sivuston toimivuutta.<\/p><p><strong>10.<\/strong><\/p><p>M\u00f6tto Oy pid\u00e4tt\u00e4\u00e4 oikeuden k\u00e4ytt\u00e4j\u00e4ehtojen muuttamiseen, lis\u00e4\u00e4miseen ja poistamiseen ilman varoitusta ja milloin tahansa. Muutokset n\u00e4kyv\u00e4t TOPModel-verkkosivuilla, joten k\u00e4y s\u00e4\u00e4nn\u00f6llisesti lukemassa verkkosivujen k\u00e4ytt\u00e4j\u00e4ehdot. TOPModel-verkkosivujen k\u00e4ytt\u00f6 on sallittua vain, jos hyv\u00e4ksyt muutokset. Jatkamalla verkkosivuston k\u00e4ytt\u00f6\u00e4 vahvistat, ett\u00e4 olet tietoinen ehtojen p\u00e4ivityksist\u00e4 sek\u00e4 muutoksista ja ett\u00e4 hyv\u00e4ksyt ne.<\/p>","_et_gb_content_width":"","footnotes":""},"class_list":["post-27","page","type-page","status-publish","hentry"],"acf":[],"yoast_head":"<!-- This site is optimized with the Yoast SEO Premium plugin v24.2 (Yoast SEO v27.2) - https:\/\/yoast.com\/product\/yoast-seo-premium-wordpress\/ -->\n<title>Yleiset k\u00e4ytt\u00e4j\u00e4\u00adehdot - TOPModel by Depesche Suomi<\/title>\n<meta name=\"robots\" content=\"index, follow, max-snippet:-1, max-image-preview:large, max-video-preview:-1\" \/>\n<link rel=\"canonical\" href=\"https:\/\/top-model.biz\/fi\/yleiset-kayttajaehdot\/\" \/>\n<meta property=\"og:locale\" content=\"fi_FI\" \/>\n<meta property=\"og:type\" content=\"article\" \/>\n<meta property=\"og:title\" content=\"Yleiset k\u00e4ytt\u00e4j\u00e4\u00adehdot\" \/>\n<meta property=\"og:description\" content=\"www.top-model.biz -sivujen yleiset k\u00e4ytt\u00e4j\u00e4ehdot Tervetuloa mukaan seikkailuun top-model.biz -sivuston onlinemaailmaan! T\u00e4llainen kutsu sis\u00e4lt\u00e4\u00e4 tietysti muutamat s\u00e4\u00e4nn\u00f6t. T\u00e4\u00e4lt\u00e4 l\u00f6yd\u00e4t sivuston k\u00e4ytt\u00f6\u00e4 sek\u00e4 sivuilla tarjottavia palveluita koskevat yleiset k\u00e4ytt\u00e4j\u00e4ehdot ja s\u00e4\u00e4nn\u00f6t. 1. TOPModel-verkkosivuja yll\u00e4pit\u00e4\u00e4 M\u00f6tto Oy, PL 2890, 00002 Helsinki, Suomi. 2. K\u00e4ytt\u00e4m\u00e4ll\u00e4 t\u00e4t\u00e4 sivustoa vahvistat M\u00f6tto Oy:lle n\u00e4iden ehtojen t\u00e4yden ymm\u00e4rt\u00e4misen sek\u00e4 hyv\u00e4ksymisen. Muutoin sivujen [&hellip;]\" \/>\n<meta property=\"og:url\" content=\"https:\/\/top-model.biz\/fi\/yleiset-kayttajaehdot\/\" \/>\n<meta property=\"og:site_name\" content=\"TOPModel by Depesche Suomi\" \/>\n<meta property=\"article:modified_time\" content=\"2022-05-03T13:57:53+00:00\" \/>\n<meta name=\"twitter:card\" content=\"summary_large_image\" \/>\n<meta name=\"twitter:label1\" content=\"Arvioitu lukuaika\" \/>\n\t<meta name=\"twitter:data1\" content=\"5 minuuttia\" \/>\n<script type=\"application\/ld+json\" class=\"yoast-schema-graph\">{\"@context\":\"https:\/\/schema.org\",\"@graph\":[{\"@type\":\"WebPage\",\"@id\":\"https:\/\/top-model.biz\/fi\/yleiset-kayttajaehdot\/\",\"url\":\"https:\/\/top-model.biz\/fi\/yleiset-kayttajaehdot\/\",\"name\":\"Yleiset k\u00e4ytt\u00e4j\u00e4\u00adehdot - TOPModel by Depesche Suomi\",\"isPartOf\":{\"@id\":\"https:\/\/top-model.biz\/fi\/#website\"},\"datePublished\":\"2019-12-03T05:09:46+00:00\",\"dateModified\":\"2022-05-03T13:57:53+00:00\",\"inLanguage\":\"fi\",\"potentialAction\":[{\"@type\":\"ReadAction\",\"target\":[\"https:\/\/top-model.biz\/fi\/yleiset-kayttajaehdot\/\"]}]},{\"@type\":\"WebSite\",\"@id\":\"https:\/\/top-model.biz\/fi\/#website\",\"url\":\"https:\/\/top-model.biz\/fi\/\",\"name\":\"TOPModel by Depesche Suomi\",\"description\":\"TOPModel by Depesche\",\"publisher\":{\"@id\":\"https:\/\/top-model.biz\/fi\/#organization\"},\"potentialAction\":[{\"@type\":\"SearchAction\",\"target\":{\"@type\":\"EntryPoint\",\"urlTemplate\":\"https:\/\/top-model.biz\/fi\/?s={search_term_string}\"},\"query-input\":{\"@type\":\"PropertyValueSpecification\",\"valueRequired\":true,\"valueName\":\"search_term_string\"}}],\"inLanguage\":\"fi\"},{\"@type\":\"Organization\",\"@id\":\"https:\/\/top-model.biz\/fi\/#organization\",\"name\":\"TOPModel by Depesche GmbH & Co. KG\",\"url\":\"https:\/\/top-model.biz\/fi\/\",\"logo\":{\"@type\":\"ImageObject\",\"inLanguage\":\"fi\",\"@id\":\"https:\/\/top-model.biz\/fi\/#\/schema\/logo\/image\/\",\"url\":\"https:\/\/top-model.biz\/fi\/wp-content\/uploads\/sites\/18\/2020\/01\/depeschelogo_72dpi.jpg\",\"contentUrl\":\"https:\/\/top-model.biz\/fi\/wp-content\/uploads\/sites\/18\/2020\/01\/depeschelogo_72dpi.jpg\",\"width\":1600,\"height\":620,\"caption\":\"TOPModel by Depesche GmbH & Co. KG\"},\"image\":{\"@id\":\"https:\/\/top-model.biz\/fi\/#\/schema\/logo\/image\/\"}}]}<\/script>\n<!-- \/ Yoast SEO Premium plugin. -->","yoast_head_json":{"title":"Yleiset k\u00e4ytt\u00e4j\u00e4\u00adehdot - TOPModel by Depesche Suomi","robots":{"index":"index","follow":"follow","max-snippet":"max-snippet:-1","max-image-preview":"max-image-preview:large","max-video-preview":"max-video-preview:-1"},"canonical":"https:\/\/top-model.biz\/fi\/yleiset-kayttajaehdot\/","og_locale":"fi_FI","og_type":"article","og_title":"Yleiset k\u00e4ytt\u00e4j\u00e4\u00adehdot","og_description":"www.top-model.biz -sivujen yleiset k\u00e4ytt\u00e4j\u00e4ehdot Tervetuloa mukaan seikkailuun top-model.biz -sivuston onlinemaailmaan! T\u00e4llainen kutsu sis\u00e4lt\u00e4\u00e4 tietysti muutamat s\u00e4\u00e4nn\u00f6t. T\u00e4\u00e4lt\u00e4 l\u00f6yd\u00e4t sivuston k\u00e4ytt\u00f6\u00e4 sek\u00e4 sivuilla tarjottavia palveluita koskevat yleiset k\u00e4ytt\u00e4j\u00e4ehdot ja s\u00e4\u00e4nn\u00f6t. 1. TOPModel-verkkosivuja yll\u00e4pit\u00e4\u00e4 M\u00f6tto Oy, PL 2890, 00002 Helsinki, Suomi. 2. K\u00e4ytt\u00e4m\u00e4ll\u00e4 t\u00e4t\u00e4 sivustoa vahvistat M\u00f6tto Oy:lle n\u00e4iden ehtojen t\u00e4yden ymm\u00e4rt\u00e4misen sek\u00e4 hyv\u00e4ksymisen. Muutoin sivujen [&hellip;]","og_url":"https:\/\/top-model.biz\/fi\/yleiset-kayttajaehdot\/","og_site_name":"TOPModel by Depesche Suomi","article_modified_time":"2022-05-03T13:57:53+00:00","twitter_card":"summary_large_image","twitter_misc":{"Arvioitu lukuaika":"5 minuuttia"},"schema":{"@context":"https:\/\/schema.org","@graph":[{"@type":"WebPage","@id":"https:\/\/top-model.biz\/fi\/yleiset-kayttajaehdot\/","url":"https:\/\/top-model.biz\/fi\/yleiset-kayttajaehdot\/","name":"Yleiset k\u00e4ytt\u00e4j\u00e4\u00adehdot - TOPModel by Depesche Suomi","isPartOf":{"@id":"https:\/\/top-model.biz\/fi\/#website"},"datePublished":"2019-12-03T05:09:46+00:00","dateModified":"2022-05-03T13:57:53+00:00","inLanguage":"fi","potentialAction":[{"@type":"ReadAction","target":["https:\/\/top-model.biz\/fi\/yleiset-kayttajaehdot\/"]}]},{"@type":"WebSite","@id":"https:\/\/top-model.biz\/fi\/#website","url":"https:\/\/top-model.biz\/fi\/","name":"TOPModel by Depesche Suomi","description":"TOPModel by Depesche","publisher":{"@id":"https:\/\/top-model.biz\/fi\/#organization"},"potentialAction":[{"@type":"SearchAction","target":{"@type":"EntryPoint","urlTemplate":"https:\/\/top-model.biz\/fi\/?s={search_term_string}"},"query-input":{"@type":"PropertyValueSpecification","valueRequired":true,"valueName":"search_term_string"}}],"inLanguage":"fi"},{"@type":"Organization","@id":"https:\/\/top-model.biz\/fi\/#organization","name":"TOPModel by Depesche GmbH & Co. KG","url":"https:\/\/top-model.biz\/fi\/","logo":{"@type":"ImageObject","inLanguage":"fi","@id":"https:\/\/top-model.biz\/fi\/#\/schema\/logo\/image\/","url":"https:\/\/top-model.biz\/fi\/wp-content\/uploads\/sites\/18\/2020\/01\/depeschelogo_72dpi.jpg","contentUrl":"https:\/\/top-model.biz\/fi\/wp-content\/uploads\/sites\/18\/2020\/01\/depeschelogo_72dpi.jpg","width":1600,"height":620,"caption":"TOPModel by Depesche GmbH & Co. KG"},"image":{"@id":"https:\/\/top-model.biz\/fi\/#\/schema\/logo\/image\/"}}]}},"_links":{"self":[{"href":"https:\/\/top-model.biz\/fi\/wp-json\/wp\/v2\/pages\/27","targetHints":{"allow":["GET"]}}],"collection":[{"href":"https:\/\/top-model.biz\/fi\/wp-json\/wp\/v2\/pages"}],"about":[{"href":"https:\/\/top-model.biz\/fi\/wp-json\/wp\/v2\/types\/page"}],"author":[{"embeddable":true,"href":"https:\/\/top-model.biz\/fi\/wp-json\/wp\/v2\/users\/1"}],"replies":[{"embeddable":true,"href":"https:\/\/top-model.biz\/fi\/wp-json\/wp\/v2\/comments?post=27"}],"version-history":[{"count":10,"href":"https:\/\/top-model.biz\/fi\/wp-json\/wp\/v2\/pages\/27\/revisions"}],"predecessor-version":[{"id":5421,"href":"https:\/\/top-model.biz\/fi\/wp-json\/wp\/v2\/pages\/27\/revisions\/5421"}],"wp:attachment":[{"href":"https:\/\/top-model.biz\/fi\/wp-json\/wp\/v2\/media?parent=27"}],"curies":[{"name":"wp","href":"https:\/\/api.w.org\/{rel}","templated":true}]}}