{"id":25,"date":"2019-12-03T06:09:46","date_gmt":"2019-12-03T05:09:46","guid":{"rendered":"https:\/\/top-model.biz\/?page_id=25"},"modified":"2026-02-20T21:27:26","modified_gmt":"2026-02-20T20:27:26","slug":"meista","status":"publish","type":"page","link":"https:\/\/top-model.biz\/fi\/meista\/","title":{"rendered":"Meist\u00e4"},"content":{"rendered":"<p>MOTTO on ollut johtava kortti- ja lahjatavaratoimittaja alallaan jo vuodesta 1985 l\u00e4htien ja yritys on toiminut Suomessa nimell\u00e4 M\u00f6tto Oy vuodesta 2001 l\u00e4htien. M\u00f6tto Oy on TOPModel-tuotesarjan yksinedustaja Suomessa, Ruotsissa, Tanskassa, Ven\u00e4j\u00e4ll\u00e4 ja Ukrainassa. TOPModel-tuotteiden jakelun lis\u00e4ksi yritys vastaa virallisista kotisivuista, kilpailuista, markkinoinnista jne. kyseisiss\u00e4 maissa. M\u00f6tto Oy toimii eksklusiivisena tavarantoimittajana my\u00f6s usealle muulle j\u00e4nnitt\u00e4v\u00e4lle tuotesarjalle, kuten Horses Dreams, FANTASYModel, Princess Mimi, Creative Studio, Miss Melody, Monster Cars, Dino World ja trendikk\u00e4ille lahjatavaroille.             <\/p>\n<p>T\u00e4m\u00e4n verkkosivuston tietojenk\u00e4sittelij\u00e4 on:<\/p>\n<p>MOTTO OY<br \/>\nwww.motto.fi<br \/>\n<img loading=\"lazy\" decoding=\"async\" class=\"alignnone wp-image-3052\" src=\"https:\/\/top-model.biz\/fi\/wp-content\/uploads\/sites\/18\/2020\/03\/Header_mottologo_left_squares_silhouettes_100x1150_151119_text-e1584445382277.png\" alt=\"\" width=\"302\" height=\"117\" \/><br \/>\nYhteystiedot:<br \/>\nM\u00d6TTO OY<br \/>\nPL 2890<br \/>\n00002 Helsinki<br \/>\nEmail: office@motto.fi<br \/>\nPuh.: (+358) 0201 553 450<br \/>\nY-tunnus: 1735040-2<\/p>\n<p>www.top-model.biz-sivuston on rakentanut:                        <\/p>\n<p>Depesche Vertrieb GmbH &amp; Co. KG<br \/>\nwww.depesche.com<br \/>\n<img loading=\"lazy\" decoding=\"async\" class=\"alignnone wp-image-3052\" src=\"https:\/\/top-model.biz\/wp-content\/uploads\/sites\/18\/2020\/01\/depeschelogo_72dpi-1024x397.jpg\" alt=\"\" width=\"302\" height=\"117\" \/><\/p>\n<p>yhteisty\u00f6ss\u00e4 seuraavan yrityksen kanssa<\/p>\n<p><b>Verkkosuunnittelu &amp; K\u00e4site<\/b><br \/>\nMartin Pahl \/ Creative Content \u2013 Kreativagentur<br \/>\n<a href=\"https:\/\/www.pahlcc.de\/\" target=\"_blank\" rel=\"noopener noreferrer\">https:\/\/www.pahlcc.de\/<\/a><\/p>\n<p><b>Ohjelmointi &amp; Web-kehitys<\/b><br \/>\nSaskia Teichmann \/ isla Studio WordPress Web Development<br \/>\n<a title=\"WordPress Webentwicklung - Themes und Plugins\" href=\"https:\/\/isla-stud.io\/\" target=\"_blank\">https:\/\/isla-stud.io\/<\/a><\/p>\n<p><b>Riitojen ratkaiseminen<\/b><br \/>\nEuroopan komissio tarjoaa alustan online-riitojenratkaisulle (OS): <a href=\"https:\/\/ec.europa.eu\/consumers\/odr\" target=\"_blank\" rel=\"noopener noreferrer\">https:\/\/ec.europa.eu\/consumers\/odr<\/a>.<br \/>\nEmme halua tai ole velvollisia osallistumaan riitojenratkaisumenettelyihin kuluttajav\u00e4limiespaneelissa.<\/p>\n","protected":false},"excerpt":{"rendered":"<p>MOTTO on ollut johtava kortti- ja lahjatavaratoimittaja alallaan jo vuodesta 1985 l\u00e4htien ja yritys on toiminut Suomessa nimell\u00e4 M\u00f6tto Oy vuodesta 2001 l\u00e4htien. M\u00f6tto Oy on TOPModel-tuotesarjan yksinedustaja Suomessa, Ruotsissa, Tanskassa, Ven\u00e4j\u00e4ll\u00e4 ja Ukrainassa. TOPModel-tuotteiden jakelun lis\u00e4ksi yritys vastaa virallisista kotisivuista, kilpailuista, markkinoinnista jne. kyseisiss\u00e4 maissa. M\u00f6tto Oy toimii eksklusiivisena tavarantoimittajana my\u00f6s usealle muulle j\u00e4nnitt\u00e4v\u00e4lle [&hellip;]<\/p>\n","protected":false},"author":1,"featured_media":0,"parent":0,"menu_order":0,"comment_status":"closed","ping_status":"closed","template":"page_simple.php","meta":{"_acf_changed":false,"_et_pb_use_builder":"off","_et_pb_old_content":"","_et_gb_content_width":"","footnotes":""},"class_list":["post-25","page","type-page","status-publish","hentry"],"acf":[],"yoast_head":"<!-- This site is optimized with the Yoast SEO Premium plugin v24.2 (Yoast SEO v27.2) - https:\/\/yoast.com\/product\/yoast-seo-premium-wordpress\/ -->\n<title>Meist\u00e4 - TOPModel by Depesche Suomi<\/title>\n<meta name=\"robots\" content=\"index, follow, max-snippet:-1, max-image-preview:large, max-video-preview:-1\" \/>\n<link rel=\"canonical\" href=\"https:\/\/top-model.biz\/fi\/meista\/\" \/>\n<meta property=\"og:locale\" content=\"fi_FI\" \/>\n<meta property=\"og:type\" content=\"article\" \/>\n<meta property=\"og:title\" content=\"Meist\u00e4\" \/>\n<meta property=\"og:description\" content=\"MOTTO on ollut johtava kortti- ja lahjatavaratoimittaja alallaan jo vuodesta 1985 l\u00e4htien ja yritys on toiminut Suomessa nimell\u00e4 M\u00f6tto Oy vuodesta 2001 l\u00e4htien. M\u00f6tto Oy on TOPModel-tuotesarjan yksinedustaja Suomessa, Ruotsissa, Tanskassa, Ven\u00e4j\u00e4ll\u00e4 ja Ukrainassa. TOPModel-tuotteiden jakelun lis\u00e4ksi yritys vastaa virallisista kotisivuista, kilpailuista, markkinoinnista jne. kyseisiss\u00e4 maissa. M\u00f6tto Oy toimii eksklusiivisena tavarantoimittajana my\u00f6s usealle muulle j\u00e4nnitt\u00e4v\u00e4lle [&hellip;]\" \/>\n<meta property=\"og:url\" content=\"https:\/\/top-model.biz\/fi\/meista\/\" \/>\n<meta property=\"og:site_name\" content=\"TOPModel by Depesche Suomi\" \/>\n<meta property=\"article:modified_time\" content=\"2026-02-20T20:27:26+00:00\" \/>\n<meta property=\"og:image\" content=\"https:\/\/top-model.biz\/fi\/wp-content\/uploads\/sites\/18\/2020\/01\/depeschelogo_72dpi.jpg\" \/>\n\t<meta property=\"og:image:width\" content=\"1600\" \/>\n\t<meta property=\"og:image:height\" content=\"620\" \/>\n\t<meta property=\"og:image:type\" content=\"image\/jpeg\" \/>\n<meta name=\"twitter:card\" content=\"summary_large_image\" \/>\n<meta name=\"twitter:label1\" content=\"Arvioitu lukuaika\" \/>\n\t<meta name=\"twitter:data1\" content=\"1 minuutti\" \/>\n<script type=\"application\/ld+json\" class=\"yoast-schema-graph\">{\"@context\":\"https:\/\/schema.org\",\"@graph\":[{\"@type\":\"WebPage\",\"@id\":\"https:\/\/top-model.biz\/fi\/meista\/\",\"url\":\"https:\/\/top-model.biz\/fi\/meista\/\",\"name\":\"Meist\u00e4 - TOPModel by Depesche Suomi\",\"isPartOf\":{\"@id\":\"https:\/\/top-model.biz\/fi\/#website\"},\"primaryImageOfPage\":{\"@id\":\"https:\/\/top-model.biz\/fi\/meista\/#primaryimage\"},\"image\":{\"@id\":\"https:\/\/top-model.biz\/fi\/meista\/#primaryimage\"},\"thumbnailUrl\":\"https:\/\/top-model.biz\/fi\/wp-content\/uploads\/sites\/18\/2020\/03\/Header_mottologo_left_squares_silhouettes_100x1150_151119_text-e1584445382277.png\",\"datePublished\":\"2019-12-03T05:09:46+00:00\",\"dateModified\":\"2026-02-20T20:27:26+00:00\",\"inLanguage\":\"fi\",\"potentialAction\":[{\"@type\":\"ReadAction\",\"target\":[\"https:\/\/top-model.biz\/fi\/meista\/\"]}]},{\"@type\":\"ImageObject\",\"inLanguage\":\"fi\",\"@id\":\"https:\/\/top-model.biz\/fi\/meista\/#primaryimage\",\"url\":\"https:\/\/top-model.biz\/fi\/wp-content\/uploads\/sites\/18\/2020\/01\/depeschelogo_72dpi.jpg\",\"contentUrl\":\"https:\/\/top-model.biz\/fi\/wp-content\/uploads\/sites\/18\/2020\/01\/depeschelogo_72dpi.jpg\",\"width\":1600,\"height\":620},{\"@type\":\"WebSite\",\"@id\":\"https:\/\/top-model.biz\/fi\/#website\",\"url\":\"https:\/\/top-model.biz\/fi\/\",\"name\":\"TOPModel by Depesche Suomi\",\"description\":\"TOPModel by Depesche\",\"publisher\":{\"@id\":\"https:\/\/top-model.biz\/fi\/#organization\"},\"potentialAction\":[{\"@type\":\"SearchAction\",\"target\":{\"@type\":\"EntryPoint\",\"urlTemplate\":\"https:\/\/top-model.biz\/fi\/?s={search_term_string}\"},\"query-input\":{\"@type\":\"PropertyValueSpecification\",\"valueRequired\":true,\"valueName\":\"search_term_string\"}}],\"inLanguage\":\"fi\"},{\"@type\":\"Organization\",\"@id\":\"https:\/\/top-model.biz\/fi\/#organization\",\"name\":\"TOPModel by Depesche GmbH & Co. KG\",\"url\":\"https:\/\/top-model.biz\/fi\/\",\"logo\":{\"@type\":\"ImageObject\",\"inLanguage\":\"fi\",\"@id\":\"https:\/\/top-model.biz\/fi\/#\/schema\/logo\/image\/\",\"url\":\"https:\/\/top-model.biz\/fi\/wp-content\/uploads\/sites\/18\/2020\/01\/depeschelogo_72dpi.jpg\",\"contentUrl\":\"https:\/\/top-model.biz\/fi\/wp-content\/uploads\/sites\/18\/2020\/01\/depeschelogo_72dpi.jpg\",\"width\":1600,\"height\":620,\"caption\":\"TOPModel by Depesche GmbH & Co. KG\"},\"image\":{\"@id\":\"https:\/\/top-model.biz\/fi\/#\/schema\/logo\/image\/\"}}]}<\/script>\n<!-- \/ Yoast SEO Premium plugin. -->","yoast_head_json":{"title":"Meist\u00e4 - TOPModel by Depesche Suomi","robots":{"index":"index","follow":"follow","max-snippet":"max-snippet:-1","max-image-preview":"max-image-preview:large","max-video-preview":"max-video-preview:-1"},"canonical":"https:\/\/top-model.biz\/fi\/meista\/","og_locale":"fi_FI","og_type":"article","og_title":"Meist\u00e4","og_description":"MOTTO on ollut johtava kortti- ja lahjatavaratoimittaja alallaan jo vuodesta 1985 l\u00e4htien ja yritys on toiminut Suomessa nimell\u00e4 M\u00f6tto Oy vuodesta 2001 l\u00e4htien. M\u00f6tto Oy on TOPModel-tuotesarjan yksinedustaja Suomessa, Ruotsissa, Tanskassa, Ven\u00e4j\u00e4ll\u00e4 ja Ukrainassa. TOPModel-tuotteiden jakelun lis\u00e4ksi yritys vastaa virallisista kotisivuista, kilpailuista, markkinoinnista jne. kyseisiss\u00e4 maissa. M\u00f6tto Oy toimii eksklusiivisena tavarantoimittajana my\u00f6s usealle muulle j\u00e4nnitt\u00e4v\u00e4lle [&hellip;]","og_url":"https:\/\/top-model.biz\/fi\/meista\/","og_site_name":"TOPModel by Depesche Suomi","article_modified_time":"2026-02-20T20:27:26+00:00","og_image":[{"width":1600,"height":620,"url":"https:\/\/top-model.biz\/fi\/wp-content\/uploads\/sites\/18\/2020\/01\/depeschelogo_72dpi.jpg","type":"image\/jpeg"}],"twitter_card":"summary_large_image","twitter_misc":{"Arvioitu lukuaika":"1 minuutti"},"schema":{"@context":"https:\/\/schema.org","@graph":[{"@type":"WebPage","@id":"https:\/\/top-model.biz\/fi\/meista\/","url":"https:\/\/top-model.biz\/fi\/meista\/","name":"Meist\u00e4 - TOPModel by Depesche Suomi","isPartOf":{"@id":"https:\/\/top-model.biz\/fi\/#website"},"primaryImageOfPage":{"@id":"https:\/\/top-model.biz\/fi\/meista\/#primaryimage"},"image":{"@id":"https:\/\/top-model.biz\/fi\/meista\/#primaryimage"},"thumbnailUrl":"https:\/\/top-model.biz\/fi\/wp-content\/uploads\/sites\/18\/2020\/03\/Header_mottologo_left_squares_silhouettes_100x1150_151119_text-e1584445382277.png","datePublished":"2019-12-03T05:09:46+00:00","dateModified":"2026-02-20T20:27:26+00:00","inLanguage":"fi","potentialAction":[{"@type":"ReadAction","target":["https:\/\/top-model.biz\/fi\/meista\/"]}]},{"@type":"ImageObject","inLanguage":"fi","@id":"https:\/\/top-model.biz\/fi\/meista\/#primaryimage","url":"https:\/\/top-model.biz\/fi\/wp-content\/uploads\/sites\/18\/2020\/01\/depeschelogo_72dpi.jpg","contentUrl":"https:\/\/top-model.biz\/fi\/wp-content\/uploads\/sites\/18\/2020\/01\/depeschelogo_72dpi.jpg","width":1600,"height":620},{"@type":"WebSite","@id":"https:\/\/top-model.biz\/fi\/#website","url":"https:\/\/top-model.biz\/fi\/","name":"TOPModel by Depesche Suomi","description":"TOPModel by Depesche","publisher":{"@id":"https:\/\/top-model.biz\/fi\/#organization"},"potentialAction":[{"@type":"SearchAction","target":{"@type":"EntryPoint","urlTemplate":"https:\/\/top-model.biz\/fi\/?s={search_term_string}"},"query-input":{"@type":"PropertyValueSpecification","valueRequired":true,"valueName":"search_term_string"}}],"inLanguage":"fi"},{"@type":"Organization","@id":"https:\/\/top-model.biz\/fi\/#organization","name":"TOPModel by Depesche GmbH & Co. KG","url":"https:\/\/top-model.biz\/fi\/","logo":{"@type":"ImageObject","inLanguage":"fi","@id":"https:\/\/top-model.biz\/fi\/#\/schema\/logo\/image\/","url":"https:\/\/top-model.biz\/fi\/wp-content\/uploads\/sites\/18\/2020\/01\/depeschelogo_72dpi.jpg","contentUrl":"https:\/\/top-model.biz\/fi\/wp-content\/uploads\/sites\/18\/2020\/01\/depeschelogo_72dpi.jpg","width":1600,"height":620,"caption":"TOPModel by Depesche GmbH & Co. KG"},"image":{"@id":"https:\/\/top-model.biz\/fi\/#\/schema\/logo\/image\/"}}]}},"_links":{"self":[{"href":"https:\/\/top-model.biz\/fi\/wp-json\/wp\/v2\/pages\/25","targetHints":{"allow":["GET"]}}],"collection":[{"href":"https:\/\/top-model.biz\/fi\/wp-json\/wp\/v2\/pages"}],"about":[{"href":"https:\/\/top-model.biz\/fi\/wp-json\/wp\/v2\/types\/page"}],"author":[{"embeddable":true,"href":"https:\/\/top-model.biz\/fi\/wp-json\/wp\/v2\/users\/1"}],"replies":[{"embeddable":true,"href":"https:\/\/top-model.biz\/fi\/wp-json\/wp\/v2\/comments?post=25"}],"version-history":[{"count":10,"href":"https:\/\/top-model.biz\/fi\/wp-json\/wp\/v2\/pages\/25\/revisions"}],"predecessor-version":[{"id":5648,"href":"https:\/\/top-model.biz\/fi\/wp-json\/wp\/v2\/pages\/25\/revisions\/5648"}],"wp:attachment":[{"href":"https:\/\/top-model.biz\/fi\/wp-json\/wp\/v2\/media?parent=25"}],"curies":[{"name":"wp","href":"https:\/\/api.w.org\/{rel}","templated":true}]}}