{"id":7884,"date":"2025-07-22T09:40:47","date_gmt":"2025-07-22T07:40:47","guid":{"rendered":"https:\/\/top-model.biz\/es\/?page_id=7884"},"modified":"2025-07-22T09:40:47","modified_gmt":"2025-07-22T07:40:47","slug":"accessibility","status":"publish","type":"page","link":"https:\/\/top-model.biz\/es\/accessibility\/","title":{"rendered":"Declaraci\u00f3n de accesibilidad"},"content":{"rendered":"<p><b>Depesche Vertrieb GmbH &amp; Co. KG<\/b> se compromete a que nuestras ofertas digitales sean accesibles para ti y para todos los dem\u00e1s usuarios. Creemos firmemente que toda persona tiene derecho a la dignidad, la igualdad, la comodidad y la independencia, por lo que hemos invertido importantes recursos para que nuestro sitio web sea accesible para todos.<\/p>\n<p>Para nosotros, la accesibilidad web no es un objetivo puntual, sino un compromiso continuo. Supervisamos, mejoramos y adaptamos nuestros servicios digitales de forma constante. A continuaci\u00f3n, te explicamos qu\u00e9 medidas hemos adoptado.<\/p>\n<h2>Colaboraci\u00f3n con UserWay<\/h2>\n<p>Una parte fundamental de nuestra iniciativa es la colaboraci\u00f3n con UserWay. Gracias a su <a title=\"UserWay website\" href=\"https:\/\/userway.org\/\" rel=\"nofollow\">widget de accesibilidad web<\/a> y a un servidor dedicado, garantizamos que nuestro sitio cumpla con los est\u00e1ndares actuales de la <a title=\"Web Content Accessibility Guidelines\" href=\"https:\/\/www.w3.org\/TR\/WCAG21\/\" rel=\"nofollow\">WCAG<\/a>.<\/p>\n<h2>Tus opciones de configuraci\u00f3n<\/h2>\n<p>Con el widget puedes adaptar f\u00e1cilmente la accesibilidad a tus necesidades. Por ejemplo, puedes:<\/p>\n<ul>\n<li>aumentar el tama\u00f1o de la fuente,<\/li>\n<li>pausar las animaciones,<\/li>\n<li>mejorar el contraste de los colores,<\/li>\n<li>y mucho m\u00e1s.<\/li>\n<\/ul>\n<p>As\u00ed puedes cumplir f\u00e1cilmente con los requisitos del <a title=\"Web Content Accessibility Guidelines\" href=\"https:\/\/www.w3.org\/WAI\/WCAG22\/Understanding\/contrast-enhanced.html\" rel=\"nofollow\">nivel AAA de la WCAG<\/a>.<\/p>\n<h2>Tecnolog\u00eda de correcci\u00f3n autom\u00e1tica (ART)<\/h2>\n<p>Independientemente de si utilizas tecnolog\u00edas de asistencia o no, nuestro sitio activa para todos los visitantes la Tecnolog\u00eda de Correcci\u00f3n Autom\u00e1tica (ART). ART mejora autom\u00e1ticamente la accesibilidad, por ejemplo:<\/p>\n<ul>\n<li>a\u00f1adiendo textos alternativos a im\u00e1genes y elementos no textuales,<\/li>\n<li>optimizando la navegaci\u00f3n con el teclado mediante indicadores de enfoque y enlaces de salto (\u201cskip links\u201d).<\/li>\n<\/ul>\n<h2>Cont\u00e1ctanos<\/h2>\n<p>Queremos que tu visita sea lo m\u00e1s fluida e inclusiva posible. Si notas algo en el sitio o tienes preguntas sobre accesibilidad, \u00a1no dudes en escribirnos!<\/p>\n<ul>\n<li><b>Depesche Vertrieb GmbH &amp; Co. KG<\/b><\/li>\n<li>Email: <a href=\"mailto:kontakt@top-model.biz\" rel=\"nofollow\">kontakt@top-model.biz<\/a><\/li>\n<\/ul>\n<p>Nos tomamos muy en serio el tema de la accesibilidad y te responderemos lo antes posible.<\/p>\n","protected":false},"excerpt":{"rendered":"<p>Depesche Vertrieb GmbH &amp; Co. KG se compromete a que nuestras ofertas digitales sean accesibles para ti y para todos los dem\u00e1s usuarios. Creemos firmemente que toda persona tiene derecho a la dignidad, la igualdad, la comodidad y la independencia, por lo que hemos invertido importantes recursos para que nuestro sitio web sea accesible para [&hellip;]<\/p>\n","protected":false},"author":1,"featured_media":0,"parent":0,"menu_order":0,"comment_status":"closed","ping_status":"closed","template":"page_simple.php","meta":{"_acf_changed":false,"_et_pb_use_builder":"","_et_pb_old_content":"","_et_gb_content_width":"","footnotes":""},"class_list":["post-7884","page","type-page","status-publish","hentry"],"acf":[],"yoast_head":"<!-- This site is optimized with the Yoast SEO Premium plugin v24.2 (Yoast SEO v27.2) - https:\/\/yoast.com\/product\/yoast-seo-premium-wordpress\/ -->\n<title>Declaraci\u00f3n de accesibilidad - TOPModel by Depesche Espana<\/title>\n<meta name=\"robots\" content=\"index, follow, max-snippet:-1, max-image-preview:large, max-video-preview:-1\" \/>\n<link rel=\"canonical\" href=\"https:\/\/top-model.biz\/es\/accessibility\/\" \/>\n<meta property=\"og:locale\" content=\"es_ES\" \/>\n<meta property=\"og:type\" content=\"article\" \/>\n<meta property=\"og:title\" content=\"Declaraci\u00f3n de accesibilidad\" \/>\n<meta property=\"og:description\" content=\"Depesche Vertrieb GmbH &amp; Co. KG se compromete a que nuestras ofertas digitales sean accesibles para ti y para todos los dem\u00e1s usuarios. Creemos firmemente que toda persona tiene derecho a la dignidad, la igualdad, la comodidad y la independencia, por lo que hemos invertido importantes recursos para que nuestro sitio web sea accesible para [&hellip;]\" \/>\n<meta property=\"og:url\" content=\"https:\/\/top-model.biz\/es\/accessibility\/\" \/>\n<meta property=\"og:site_name\" content=\"TOPModel by Depesche Espana\" \/>\n<meta property=\"article:publisher\" content=\"https:\/\/www.facebook.com\/TOPModel.by.Depesche.UK\" \/>\n<meta name=\"twitter:card\" content=\"summary_large_image\" \/>\n<script type=\"application\/ld+json\" class=\"yoast-schema-graph\">{\"@context\":\"https:\/\/schema.org\",\"@graph\":[{\"@type\":\"WebPage\",\"@id\":\"https:\/\/top-model.biz\/es\/accessibility\/\",\"url\":\"https:\/\/top-model.biz\/es\/accessibility\/\",\"name\":\"Declaraci\u00f3n de accesibilidad - TOPModel by Depesche Espana\",\"isPartOf\":{\"@id\":\"https:\/\/top-model.biz\/es\/#website\"},\"datePublished\":\"2025-07-22T07:40:47+00:00\",\"inLanguage\":\"es\",\"potentialAction\":[{\"@type\":\"ReadAction\",\"target\":[\"https:\/\/top-model.biz\/es\/accessibility\/\"]}]},{\"@type\":\"WebSite\",\"@id\":\"https:\/\/top-model.biz\/es\/#website\",\"url\":\"https:\/\/top-model.biz\/es\/\",\"name\":\"TOPModel by Depesche Espana\",\"description\":\"TOPModel by Depesche\",\"publisher\":{\"@id\":\"https:\/\/top-model.biz\/es\/#organization\"},\"potentialAction\":[{\"@type\":\"SearchAction\",\"target\":{\"@type\":\"EntryPoint\",\"urlTemplate\":\"https:\/\/top-model.biz\/es\/?s={search_term_string}\"},\"query-input\":{\"@type\":\"PropertyValueSpecification\",\"valueRequired\":true,\"valueName\":\"search_term_string\"}}],\"inLanguage\":\"es\"},{\"@type\":\"Organization\",\"@id\":\"https:\/\/top-model.biz\/es\/#organization\",\"name\":\"TOPModel by Depesche GmbH & Co. KG\",\"url\":\"https:\/\/top-model.biz\/es\/\",\"logo\":{\"@type\":\"ImageObject\",\"inLanguage\":\"es\",\"@id\":\"https:\/\/top-model.biz\/es\/#\/schema\/logo\/image\/\",\"url\":\"https:\/\/top-model.biz\/es\/wp-content\/uploads\/sites\/13\/2020\/01\/depeschelogo_72dpi.jpg\",\"contentUrl\":\"https:\/\/top-model.biz\/es\/wp-content\/uploads\/sites\/13\/2020\/01\/depeschelogo_72dpi.jpg\",\"width\":1600,\"height\":620,\"caption\":\"TOPModel by Depesche GmbH & Co. KG\"},\"image\":{\"@id\":\"https:\/\/top-model.biz\/es\/#\/schema\/logo\/image\/\"},\"sameAs\":[\"https:\/\/www.facebook.com\/TOPModel.by.Depesche.UK\",\"https:\/\/www.instagram.com\/topmodel_international\"]}]}<\/script>\n<!-- \/ Yoast SEO Premium plugin. -->","yoast_head_json":{"title":"Declaraci\u00f3n de accesibilidad - TOPModel by Depesche Espana","robots":{"index":"index","follow":"follow","max-snippet":"max-snippet:-1","max-image-preview":"max-image-preview:large","max-video-preview":"max-video-preview:-1"},"canonical":"https:\/\/top-model.biz\/es\/accessibility\/","og_locale":"es_ES","og_type":"article","og_title":"Declaraci\u00f3n de accesibilidad","og_description":"Depesche Vertrieb GmbH &amp; Co. KG se compromete a que nuestras ofertas digitales sean accesibles para ti y para todos los dem\u00e1s usuarios. Creemos firmemente que toda persona tiene derecho a la dignidad, la igualdad, la comodidad y la independencia, por lo que hemos invertido importantes recursos para que nuestro sitio web sea accesible para [&hellip;]","og_url":"https:\/\/top-model.biz\/es\/accessibility\/","og_site_name":"TOPModel by Depesche Espana","article_publisher":"https:\/\/www.facebook.com\/TOPModel.by.Depesche.UK","twitter_card":"summary_large_image","schema":{"@context":"https:\/\/schema.org","@graph":[{"@type":"WebPage","@id":"https:\/\/top-model.biz\/es\/accessibility\/","url":"https:\/\/top-model.biz\/es\/accessibility\/","name":"Declaraci\u00f3n de accesibilidad - TOPModel by Depesche Espana","isPartOf":{"@id":"https:\/\/top-model.biz\/es\/#website"},"datePublished":"2025-07-22T07:40:47+00:00","inLanguage":"es","potentialAction":[{"@type":"ReadAction","target":["https:\/\/top-model.biz\/es\/accessibility\/"]}]},{"@type":"WebSite","@id":"https:\/\/top-model.biz\/es\/#website","url":"https:\/\/top-model.biz\/es\/","name":"TOPModel by Depesche Espana","description":"TOPModel by Depesche","publisher":{"@id":"https:\/\/top-model.biz\/es\/#organization"},"potentialAction":[{"@type":"SearchAction","target":{"@type":"EntryPoint","urlTemplate":"https:\/\/top-model.biz\/es\/?s={search_term_string}"},"query-input":{"@type":"PropertyValueSpecification","valueRequired":true,"valueName":"search_term_string"}}],"inLanguage":"es"},{"@type":"Organization","@id":"https:\/\/top-model.biz\/es\/#organization","name":"TOPModel by Depesche GmbH & Co. KG","url":"https:\/\/top-model.biz\/es\/","logo":{"@type":"ImageObject","inLanguage":"es","@id":"https:\/\/top-model.biz\/es\/#\/schema\/logo\/image\/","url":"https:\/\/top-model.biz\/es\/wp-content\/uploads\/sites\/13\/2020\/01\/depeschelogo_72dpi.jpg","contentUrl":"https:\/\/top-model.biz\/es\/wp-content\/uploads\/sites\/13\/2020\/01\/depeschelogo_72dpi.jpg","width":1600,"height":620,"caption":"TOPModel by Depesche GmbH & Co. KG"},"image":{"@id":"https:\/\/top-model.biz\/es\/#\/schema\/logo\/image\/"},"sameAs":["https:\/\/www.facebook.com\/TOPModel.by.Depesche.UK","https:\/\/www.instagram.com\/topmodel_international"]}]}},"_links":{"self":[{"href":"https:\/\/top-model.biz\/es\/wp-json\/wp\/v2\/pages\/7884","targetHints":{"allow":["GET"]}}],"collection":[{"href":"https:\/\/top-model.biz\/es\/wp-json\/wp\/v2\/pages"}],"about":[{"href":"https:\/\/top-model.biz\/es\/wp-json\/wp\/v2\/types\/page"}],"author":[{"embeddable":true,"href":"https:\/\/top-model.biz\/es\/wp-json\/wp\/v2\/users\/1"}],"replies":[{"embeddable":true,"href":"https:\/\/top-model.biz\/es\/wp-json\/wp\/v2\/comments?post=7884"}],"version-history":[{"count":3,"href":"https:\/\/top-model.biz\/es\/wp-json\/wp\/v2\/pages\/7884\/revisions"}],"predecessor-version":[{"id":7887,"href":"https:\/\/top-model.biz\/es\/wp-json\/wp\/v2\/pages\/7884\/revisions\/7887"}],"wp:attachment":[{"href":"https:\/\/top-model.biz\/es\/wp-json\/wp\/v2\/media?parent=7884"}],"curies":[{"name":"wp","href":"https:\/\/api.w.org\/{rel}","templated":true}]}}