{"id":61,"date":"2019-12-03T06:16:53","date_gmt":"2019-12-03T05:16:53","guid":{"rendered":"https:\/\/top-model.biz\/?page_id=61"},"modified":"2025-04-10T02:13:09","modified_gmt":"2025-04-10T00:13:09","slug":"subir-obra","status":"publish","type":"page","link":"https:\/\/top-model.biz\/es\/subir-obra\/","title":{"rendered":"Subir Obra"},"content":{"rendered":"<p>[et_pb_section fb_built=\u00bb1&#8243; custom_padding_last_edited=\u00bbon|phone\u00bb _builder_version=\u00bb4.16&#8243; custom_padding=\u00bb||30px|||\u00bb custom_padding_tablet=\u00bb||0px||false|false\u00bb custom_padding_phone=\u00bb\u00bb global_colors_info=\u00bb{}\u00bb][et_pb_row _builder_version=\u00bb4.16&#8243; custom_padding=\u00bb||5px|||\u00bb custom_css_main_element=\u00bbtext-align: center;\u00bb global_colors_info=\u00bb{}\u00bb][et_pb_column type=\u00bb4_4&#8243; _builder_version=\u00bb4.16&#8243; global_colors_info=\u00bb{}\u00bb][et_pb_text module_class=\u00bbhomeblurb burtonheading waveline headmbot\u00bb _builder_version=\u00bb4.16&#8243; header_text_align=\u00bbcenter\u00bb header_font_size=\u00bb76px\u00bb header_2_font_size=\u00bb49px\u00bb text_orientation=\u00bbcenter\u00bb max_width=\u00bb850px\u00bb max_width_tablet=\u00bb600px\u00bb max_width_phone=\u00bb100%\u00bb max_width_last_edited=\u00bbon|phone\u00bb header_font_size_tablet=\u00bb52px\u00bb header_font_size_phone=\u00bb40px\u00bb header_font_size_last_edited=\u00bbon|phone\u00bb header_2_font_size_tablet=\u00bb44px\u00bb header_2_font_size_phone=\u00bb38px\u00bb header_2_font_size_last_edited=\u00bbon|phone\u00bb custom_css_main_element=\u00bbdisplay: inline-block;||position: relative;\u00bb global_colors_info=\u00bb{}\u00bb]<\/p>\n<h1>Sube tu obra de arte<\/h1>\n<p>Be creative!<br \/>\u00a1Ens\u00e9\u00f1anos tus looks m\u00e1s chulos!<\/p>\n<p>[\/et_pb_text][\/et_pb_column][\/et_pb_row][\/et_pb_section][et_pb_section fb_built=\u00bb1&#8243; _builder_version=\u00bb4.16&#8243; background_image=\u00bbhttps:\/\/top-model.biz\/wp-content\/uploads\/2020\/01\/topmodel_upload_sogehts_welle-18.svg\u00bb background_position=\u00bbbottom_center\u00bb custom_padding=\u00bb0px||0px|||\u00bb global_colors_info=\u00bb{}\u00bb][et_pb_row make_equal=\u00bbon\u00bb custom_padding_last_edited=\u00bboff|desktop\u00bb _builder_version=\u00bb4.16&#8243; background_enable_image=\u00bboff\u00bb background_size=\u00bbcontain\u00bb background_position=\u00bbbottom_right\u00bb width_last_edited=\u00bboff|desktop\u00bb max_width=\u00bb1080px\u00bb height=\u00bb100%\u00bb custom_padding=\u00bb0px||0px||false|false\u00bb custom_padding_tablet=\u00bb50px||480px||false|false\u00bb global_colors_info=\u00bb{}\u00bb custom_css_main_element_last_edited=\u00bboff|tablet\u00bb][et_pb_column type=\u00bb4_4&#8243; module_class=\u00bbupload_info_model\u00bb _builder_version=\u00bb4.16&#8243; background_enable_image=\u00bboff\u00bb background_size=\u00bbcontain\u00bb background_position=\u00bbbottom_left\u00bb custom_css_main_element=\u00bbmax-width: 445px;||position: relative;||height: 100%;\u00bb custom_css_after=\u00bbcontent: \u00bb;||background-image: url(&#8216;\/wp-content\/uploads\/2020\/01\/topmodel_upload_sogehts_talita.png&#8217;);||position: absolute;||display: block;||width: 578px;||height: 100%;||bottom: 0;||background-size: contain;||background-repeat: no-repeat;||left: 465px;||background-position: left bottom;\u00bb global_colors_info=\u00bb{}\u00bb custom_css_after_last_edited=\u00bbon|phone\u00bb custom_css_after_tablet=\u00bbcontent: \u00bb;||background-image: url(&#8216;\/wp-content\/uploads\/2020\/01\/topmodel_upload_sogehts_talita.png&#8217;);||position: absolute;||display: block;||width: 578px;||height: 100%;||bottom: 0;||background-size: contain;||background-repeat: no-repeat;||left: 394px;||background-position: left bottom;\u00bb custom_css_after_phone=\u00bbcontent: \u00bb;||    background-image: url(\/wp-content\/uploads\/2020\/01\/topmodel_upload_sogehts_talita.png);||    position: absolute;||    display: block;||    width: 487px;||    height: 100%;||    bottom: 0;||    background-size: contain;||    background-repeat: no-repeat;||    left: 236px;||    background-position: bottom;\u00bb][et_pb_text module_class=\u00bbhomeblurb burtonheading heading_waveline_left upload_info\u00bb _builder_version=\u00bb4.16&#8243; text_font_size=\u00bb22px\u00bb header_2_font_size=\u00bb49px\u00bb background_enable_color=\u00bboff\u00bb background_image=\u00bbhttps:\/\/top-model.biz\/wp-content\/uploads\/2020\/01\/topmodel_upload_sogehts_box.png\u00bb background_size=\u00bbcontain\u00bb width=\u00bb445px\u00bb width_tablet=\u00bb394px\u00bb width_phone=\u00bb\u00bb width_last_edited=\u00bbon|tablet\u00bb max_width_tablet=\u00bb340px\u00bb max_width_last_edited=\u00bboff|desktop\u00bb height=\u00bb440px\u00bb height_tablet=\u00bb440px\u00bb height_phone=\u00bb440px\u00bb height_last_edited=\u00bbon|phone\u00bb custom_margin=\u00bb70px||100px||false|false\u00bb custom_margin_tablet=\u00bb40px||100px||false|false\u00bb custom_margin_phone=\u00bb0px||300px||false|false\u00bb custom_margin_last_edited=\u00bbon|tablet\u00bb custom_padding=\u00bb60px|60px|60px|60px|false|false\u00bb custom_padding_tablet=\u00bb\u00bb custom_padding_phone=\u00bb30px|40px|30px|40px|false|false\u00bb custom_padding_last_edited=\u00bbon|phone\u00bb text_font_size_tablet=\u00bb20px\u00bb text_font_size_phone=\u00bb18px\u00bb text_font_size_last_edited=\u00bbon|phone\u00bb module_alignment_tablet=\u00bbleft\u00bb module_alignment_phone=\u00bb\u00bb module_alignment_last_edited=\u00bbon|tablet\u00bb custom_css_main_element=\u00bbdisplay: -webkit-box;||  display: -moz-box;||  display: -webkit-flex;||  display: -ms-flexbox;||  display: flex;||  align-items: center;||  justify-content: center;\u00bb border_radii=\u00bbon|10px|10px|10px|10px\u00bb border_style_all=\u00bbnone\u00bb global_colors_info=\u00bb{}\u00bb]<\/p>\n<p><strong style=\"font-size: 1.6em;\">As\u00ed se hace<\/strong><\/p>\n<ol class=\"fa-ol\">\n<li>Dibuja un dise\u00f1o con ayuda de un boceto TOPModel. <\/li>\n<li>Haz una foto de tu dise\u00f1o <\/li>\n<li>Sube la foto aqu\u00ed al estudio creativo <\/li>\n<\/ol>\n<p>\u00a1Con un mont\u00f3n de suerte tu dise\u00f1o se convertir\u00e1 en un conjunto de las supermodelos! <\/p>\n<p>[\/et_pb_text][\/et_pb_column][\/et_pb_row][\/et_pb_section][et_pb_section fb_built=\u00bb1&#8243; use_custom_gutter=\u00bbon\u00bb gutter_width=\u00bb2&#8243; specialty=\u00bbon\u00bb padding_top_1=\u00bb0px\u00bb padding_top_2=\u00bb0px\u00bb padding_bottom_1=\u00bb0px\u00bb padding_bottom_2=\u00bb0px\u00bb padding_top_bottom_link_1=\u00bbfalse\u00bb padding_top_bottom_link_2=\u00bbfalse\u00bb padding_left_right_link_1=\u00bbfalse\u00bb padding_left_right_link_2=\u00bbfalse\u00bb custom_css_main_1=\u00bbmargin-top: 0 !important;||padding-top: 0 !important;||margin-bottom: 0 !important;||padding-bottom: 0 !important;\u00bb custom_css_main_2=\u00bbz-index: 1;||margin-top: 0 !important;||padding-top: 0 !important;||margin-bottom: 0 !important;||padding-bottom: 0 !important;\u00bb _builder_version=\u00bb4.16&#8243; background_image=\u00bbhttps:\/\/top-model.biz\/wp-content\/uploads\/2020\/01\/topmodel_upload_formular_bg.jpg\u00bb background_position=\u00bbbottom_left\u00bb inner_width_tablet=\u00bb95%\u00bb inner_width_phone=\u00bb\u00bb inner_width_last_edited=\u00bbon|desktop\u00bb inner_max_width=\u00bb1400px\u00bb overflow-x=\u00bbhidden\u00bb overflow-y=\u00bbhidden\u00bb custom_margin=\u00bb0px||0px||false|false\u00bb custom_padding=\u00bb0px||0px||false|false\u00bb custom_css_main_element=\u00bbposition: relative;||z-index: 1;\u00bb global_colors_info=\u00bb{}\u00bb custom_css_main_element_last_edited=\u00bbon|phone\u00bb custom_css_main_element_phone=\u00bb    background-position: 27% 0%!important;||    background-size: 1237px!important;||position: relative;||z-index: 1;\u00bb custom_css_main_element_tablet=\u00bbposition: relative;||z-index: 1;\u00bb][et_pb_column type=\u00bb1_2&#8243; specialty_columns=\u00bb2&#8243; _builder_version=\u00bb4.16&#8243; custom_padding=\u00bb|||\u00bb global_colors_info=\u00bb{}\u00bb custom_padding__hover=\u00bb|||\u00bb][et_pb_row_inner _builder_version=\u00bb4.16&#8243; height=\u00bb100%\u00bb custom_padding=\u00bb||0px|||\u00bb global_colors_info=\u00bb{}\u00bb][et_pb_column_inner saved_specialty_column_type=\u00bb1_2&#8243; _builder_version=\u00bb4.16&#8243; custom_css_main_element=\u00bbposition: relative;||height: 100%;\u00bb global_colors_info=\u00bb{}\u00bb][et_pb_divider show_divider=\u00bboff\u00bb disabled_on=\u00bboff|on|on\u00bb _builder_version=\u00bb4.16&#8243; height=\u00bb300px\u00bb global_colors_info=\u00bb{}\u00bb][\/et_pb_divider][\/et_pb_column_inner][\/et_pb_row_inner][\/et_pb_column][et_pb_column type=\u00bb1_2&#8243; _builder_version=\u00bb4.16&#8243; custom_padding=\u00bb|||\u00bb global_colors_info=\u00bb{}\u00bb custom_padding__hover=\u00bb|||\u00bb][et_pb_text module_id=\u00bbupload-formular\u00bb module_class=\u00bbhomeblurb burtonheading heading_waveline_left text_vor_bgpseudo upload_formular_modul\u00bb _builder_version=\u00bb4.16&#8243; header_2_font_size=\u00bb49px\u00bb background_color=\u00bb#404040&#8243; background_layout=\u00bbdark\u00bb max_width=\u00bb540px\u00bb max_width_tablet=\u00bb480px\u00bb max_width_phone=\u00bb80%\u00bb max_width_last_edited=\u00bbon|tablet\u00bb module_alignment=\u00bbright\u00bb custom_margin=\u00bb70px||70px||false|false\u00bb custom_padding=\u00bb40px|40px|40px|40px|false|false\u00bb custom_padding_tablet=\u00bb\u00bb custom_padding_phone=\u00bb30px|30px|30px|30px|false|false\u00bb custom_padding_last_edited=\u00bbon|desktop\u00bb header_2_font_size_tablet=\u00bb44px\u00bb header_2_font_size_phone=\u00bb38px\u00bb header_2_font_size_last_edited=\u00bbon|phone\u00bb module_alignment_tablet=\u00bbright\u00bb module_alignment_phone=\u00bbcenter\u00bb module_alignment_last_edited=\u00bbon|phone\u00bb custom_css_before=\u00bbcontent: %22%22;||display: inline-block;||position: absolute;||background-color: #ffffff;||width: 1200px;||height: 1200px;||-webkit-border-radius: 100%;||-moz-border-radius: 100%;||border-radius: 100%;||-webkit-box-shadow: 6px 6px 20px 0px rgba(0,0,0,0.24);||-moz-box-shadow: 6px 6px 20px 0px rgba(0,0,0,0.24);||box-shadow: 6px 6px 20px 0px rgba(0,0,0,0.24);||z-index: -2;||left: -220px;||top: calc(50% &#8211; 600px);||background-size: contain;||background-repeat: no-repeat;\u00bb custom_css_main_element=\u00bbposition: relative;||overflow: unset;\u00bb custom_css_after=\u00bbcontent: %22%22;||display: block;||background-image: url(&#8216;\/wp-content\/uploads\/2020\/01\/topmodel_upload_formular_nyela.png&#8217;);||    max-width: 713px;||    width: 130%;||height: calc(100% + 140px);||position: absolute;||bottom: -70px;||left: -125%;||background-size: contain;||background-repeat: no-repeat;||z-index: 1;||background-position: bottom center;\u00bb border_radii=\u00bbon|10px|10px|10px|10px\u00bb global_colors_info=\u00bb{}\u00bb custom_css_main_element__hover_enabled=\u00bbon|desktop\u00bb custom_css_after_last_edited=\u00bbon|phone\u00bb custom_css_after_phone=\u00bbcontent: %22%22;||    display: block;||    background-image: url(\/wp-content\/uploads\/2020\/01\/topmodel_upload_formular_nyela.png);||    max-width: 753px;||    width: 143%;||    height: 410px;||    position: absolute;||    top: -410px;||    left: -22%;||    background-size: contain;||    background-repeat: no-repeat;||    z-index: -3;||    background-position: center;\u00bb custom_css_before_last_edited=\u00bbon|phone\u00bb custom_css_before_tablet=\u00bbcontent: %22%22;||    display: inline-block;||    position: absolute;||    background-color: #ffffff;||    width: 1000px;||    height: 2000px;||    -webkit-border-radius: 100%;||    -moz-border-radius: 100%;||    border-radius: 100%;||    -webkit-box-shadow: 6px 6px 20px 0px rgba(0,0,0,0.24);||    -moz-box-shadow: 6px 6px 20px 0px rgba(0,0,0,0.24);||    box-shadow: 6px 6px 20px 0px rgba(0,0,0,0.24);||    z-index: -2;||    left: -120px;||    top: calc(50% &#8211; 1000px);||    background-size: contain;||    background-repeat: no-repeat;\u00bb custom_css_after_tablet=\u00bbcontent: %22%22;||    display: block;||    background-image: url(\/wp-content\/uploads\/2020\/01\/topmodel_upload_formular_nyela_tablet.png);||    max-width: 345px;||    width: 120vw;||    height: calc(100% + 140px);||    position: absolute;||    bottom: -70px;||    left: -36vw;||    background-size: 39vw;||    background-repeat: no-repeat;||    z-index: 1;||    background-position: bottom center;\u00bb custom_css_before_phone=\u00bbcontent: %22%22;||    display: inline-block;||    position: absolute;||    background-color: #ffffff;||    width: 1600px;||    height: 200%;||    -webkit-border-radius: 100%;||    -moz-border-radius: 100%;||    border-radius: 100%;||    -webkit-box-shadow: 6px 6px 20px 0px rgba(0,0,0,0.24);||    -moz-box-shadow: 6px 6px 20px 0px rgba(0,0,0,0.24);||    box-shadow: 6px 6px 20px 0px rgba(0,0,0,0.24);||    z-index: -2;||    right: calc(50% &#8211; 800px);||    bottom: -95%;||    background-size: contain;||    background-repeat: no-repeat;\u00bb custom_css_main_element__hover=\u00bbposition: relative;||overflow: unset;\u00bb]<\/p>\n<p style=\"font-size: 1.5em; font-weight: 600; line-height: 1.2em;\">Aqu\u00ed puedes subir f\u00e1cilmente el dibujo hecho por ti misma a nuestra galer\u00eda:     <\/p>\n<p><div id=\"cf7_2_post_5639bd847f\" class=\"cf7_2_post cf7_form_2914\">\n<div class=\"wpcf7 no-js\" id=\"wpcf7-f2914-o1\" lang=\"de-DE\" dir=\"ltr\" data-wpcf7-id=\"2914\">\n<div class=\"screen-reader-response\"><p role=\"status\" aria-live=\"polite\" aria-atomic=\"true\"><\/p> <ul><\/ul><\/div>\n<form action=\"\/es\/wp-json\/wp\/v2\/pages\/61#wpcf7-f2914-o1\" method=\"post\" class=\"wpcf7-form init\" aria-label=\"Kontaktformular\" enctype=\"multipart\/form-data\" novalidate=\"novalidate\" data-status=\"init\">\n<fieldset class=\"hidden-fields-container\"><input type=\"hidden\" name=\"_wpcf7\" value=\"2914\" \/><input type=\"hidden\" name=\"_wpcf7_version\" value=\"6.1.5\" \/><input type=\"hidden\" name=\"_wpcf7_locale\" value=\"de_DE\" \/><input type=\"hidden\" name=\"_wpcf7_unit_tag\" value=\"wpcf7-f2914-o1\" \/><input type=\"hidden\" name=\"_wpcf7_container_post\" value=\"0\" \/><input type=\"hidden\" name=\"_wpcf7_posted_data_hash\" value=\"\" \/><input type=\"hidden\" name=\"_map_author\" value=\"1\" \/><input type=\"hidden\" name=\"_c2p_nonce\" value=\"2cf25e049e\" \/><input type=\"hidden\" name=\"_wpnonce\" value=\"fb52353e33\" \/><input type=\"hidden\" name=\"_wpcf7_recaptcha_response\" value=\"\" \/>\n<\/fieldset>\n<div class=\"upload-formular tm-form\">\n\t<div class=\"tm-form-row\">\n\t\t<div class=\"tm-form-col\">\n\t\t\t<p><span class=\"wpcf7-form-control-wrap\" data-name=\"your-first-name\"><input size=\"40\" maxlength=\"400\" class=\"wpcf7-form-control wpcf7-text wpcf7-validates-as-required\" aria-required=\"true\" aria-invalid=\"false\" placeholder=\"Nombre*\" value=\"\" type=\"text\" name=\"your-first-name\" \/><\/span>\n\t\t\t<\/p>\n\t\t<\/div>\n\t\t<div class=\"tm-form-col\">\n\t\t\t<p><span class=\"wpcf7-form-control-wrap\" data-name=\"your-last-name\"><input size=\"40\" maxlength=\"400\" class=\"wpcf7-form-control wpcf7-text wpcf7-validates-as-required\" aria-required=\"true\" aria-invalid=\"false\" placeholder=\"Apellido*\" value=\"\" type=\"text\" name=\"your-last-name\" \/><\/span>\n\t\t\t<\/p>\n\t\t<\/div>\n\t<\/div>\n\t<div class=\"tm-form-row\">\n\t\t<div class=\"tm-form-col\">\n\t\t\t<p><span class=\"wpcf7-form-control-wrap\" data-name=\"your-instagram-name\"><input size=\"40\" maxlength=\"400\" class=\"wpcf7-form-control wpcf7-text\" aria-invalid=\"false\" placeholder=\"Nombre de Instagram\" value=\"\" type=\"text\" name=\"your-instagram-name\" \/><\/span>\n\t\t\t<\/p>\n\t\t<\/div>\n\t\t<div class=\"tm-form-col\">\n\t\t\t<p><span class=\"wpcf7-form-control-wrap\" data-name=\"your-email\"><input size=\"40\" maxlength=\"400\" class=\"wpcf7-form-control wpcf7-email wpcf7-validates-as-required wpcf7-text wpcf7-validates-as-email\" aria-required=\"true\" aria-invalid=\"false\" placeholder=\"Correo electr\u00f3nico*\" value=\"\" type=\"email\" name=\"your-email\" \/><\/span>\n\t\t\t<\/p>\n\t\t<\/div>\n\t<\/div>\n\t<div class=\"tm-form-row\">\n\t\t<div class=\"tm-form-col\">\n\t\t\t<p><span class=\"wpcf7-form-control-wrap\" data-name=\"your-age\"><input class=\"wpcf7-form-control wpcf7-number wpcf7-validates-as-required wpcf7-validates-as-number\" aria-required=\"true\" aria-invalid=\"false\" placeholder=\"Edad*\" value=\"\" type=\"number\" name=\"your-age\" \/><\/span>\n\t\t\t<\/p>\n\t\t<\/div>\n\t\t<div class=\"tm-form-col\">\n\t\t\t<p><span class=\"wpcf7-form-control-wrap\" data-name=\"your-city\"><input size=\"40\" maxlength=\"400\" class=\"wpcf7-form-control wpcf7-text wpcf7-validates-as-required\" aria-required=\"true\" aria-invalid=\"false\" placeholder=\"Residencia*\" value=\"\" type=\"text\" name=\"your-city\" \/><\/span>\n\t\t\t<\/p>\n\t\t<\/div>\n\t<\/div>\n\t<p><span class=\"wpcf7-form-control-wrap\" data-name=\"your-message\"><textarea cols=\"40\" rows=\"4\" maxlength=\"2000\" class=\"wpcf7-form-control wpcf7-textarea\" aria-invalid=\"false\" placeholder=\"Si quieres decirnos algo sobre tu imagen...\" name=\"your-message\"><\/textarea><\/span><span class=\"wpcf7-form-control-wrap\" data-name=\"file-kunstwerk\"><input size=\"40\" class=\"wpcf7-form-control wpcf7-file wpcf7-validates-as-required\" id=\"werksfile\" accept=\".jpg,.png\" aria-required=\"true\" aria-invalid=\"false\" type=\"file\" name=\"file-kunstwerk\" \/><\/span><label for=\"werksfile\" data-multiple-caption=\"{count} Obra escogida\"><i class=\"fas fa-palette\"><\/i> <span>Escoger tu obra<span class=\"newline\">(Tama\u00f1o m\u00e1ximo de archivo permitido: 512kb, formatos posibles: archivos .jpg o .png)<\/span><\/span><\/label>\n\t<\/p>\n\t<div class=\"app customCheckbox\">\n\t\t<p><span class=\"wpcf7-form-control-wrap\" data-name=\"acceptance-629\"><span class=\"wpcf7-form-control wpcf7-acceptance\"><span class=\"wpcf7-list-item\"><input type=\"checkbox\" name=\"acceptance-629\" value=\"1\" aria-invalid=\"false\" \/><\/span><\/span><\/span><strong>Formulario de consentimiento Protecci\u00f3n de datos*<\/strong> <span class=\"newline\">He tomado nota de los <a href=\"https:\/\/top-model.biz\/es\/proteccion-de-datos\/\" title=\"Aviso de privacidad y declaraci\u00f3n de confidencialidad de TOPModel by Depesche\">Aviso de privacidad <\/a> y los <a href=\"\/es\/condiciones-de-uso\/\">Condiciones de uso<\/a> y estoy de acuerdo con que el archivo subido por mi y mis datos declarados sigan utilizados por ejemplo como imagen en la galer\u00eda de arte de TOPModel o para una subida en la p\u00e1gina Instagram de TOPModel. <\/span>\n\t\t<\/p>\n\t<\/div>\n\t<p><input class=\"wpcf7-form-control wpcf7-submit has-spinner\" type=\"submit\" value=\"Subir ahora\" \/>\n\t<\/p>\n<\/div><div class=\"wpcf7-response-output\" aria-hidden=\"true\"><\/div>\n<\/form>\n<\/div>\n\n<\/div>[\/et_pb_text][\/et_pb_column][\/et_pb_section]<\/p>\n","protected":false},"excerpt":{"rendered":"<p>Sube tu obra de arte Be creative!\u00a1Ens\u00e9\u00f1anos tus looks m\u00e1s chulos!As\u00ed se hace Dibuja un dise\u00f1o con ayuda de un boceto TOPModel. Haz una foto de tu dise\u00f1o Sube la foto aqu\u00ed al estudio creativo \u00a1Con un mont\u00f3n de suerte tu dise\u00f1o se convertir\u00e1 en un conjunto de las supermodelos! Aqu\u00ed puedes subir f\u00e1cilmente el [&hellip;]<\/p>\n","protected":false},"author":1,"featured_media":0,"parent":0,"menu_order":0,"comment_status":"closed","ping_status":"closed","template":"","meta":{"_acf_changed":false,"_et_pb_use_builder":"on","_et_pb_old_content":"","_et_gb_content_width":"","footnotes":""},"class_list":["post-61","page","type-page","status-publish","hentry"],"acf":[],"yoast_head":"<!-- This site is optimized with the Yoast SEO Premium plugin v24.2 (Yoast SEO v27.2) - https:\/\/yoast.com\/product\/yoast-seo-premium-wordpress\/ -->\n<title>Subir Obra - TOPModel by Depesche Espana<\/title>\n<meta name=\"robots\" content=\"index, follow, max-snippet:-1, max-image-preview:large, max-video-preview:-1\" \/>\n<link rel=\"canonical\" href=\"https:\/\/top-model.biz\/es\/subir-obra\/\" \/>\n<meta property=\"og:locale\" content=\"es_ES\" \/>\n<meta property=\"og:type\" content=\"article\" \/>\n<meta property=\"og:title\" content=\"Subir Obra\" \/>\n<meta property=\"og:description\" content=\"Sube tu obra de arte Be creative!\u00a1Ens\u00e9\u00f1anos tus looks m\u00e1s chulos!As\u00ed se hace Dibuja un dise\u00f1o con ayuda de un boceto TOPModel. Haz una foto de tu dise\u00f1o Sube la foto aqu\u00ed al estudio creativo \u00a1Con un mont\u00f3n de suerte tu dise\u00f1o se convertir\u00e1 en un conjunto de las supermodelos! Aqu\u00ed puedes subir f\u00e1cilmente el [&hellip;]\" \/>\n<meta property=\"og:url\" content=\"https:\/\/top-model.biz\/es\/subir-obra\/\" \/>\n<meta property=\"og:site_name\" content=\"TOPModel by Depesche Espana\" \/>\n<meta property=\"article:publisher\" content=\"https:\/\/www.facebook.com\/TOPModel.by.Depesche.UK\" \/>\n<meta property=\"article:modified_time\" content=\"2025-04-10T00:13:09+00:00\" \/>\n<meta name=\"twitter:card\" content=\"summary_large_image\" \/>\n<meta name=\"twitter:label1\" content=\"Tiempo de lectura\" \/>\n\t<meta name=\"twitter:data1\" content=\"1 minuto\" \/>\n<script type=\"application\/ld+json\" class=\"yoast-schema-graph\">{\"@context\":\"https:\/\/schema.org\",\"@graph\":[{\"@type\":\"WebPage\",\"@id\":\"https:\/\/top-model.biz\/es\/subir-obra\/\",\"url\":\"https:\/\/top-model.biz\/es\/subir-obra\/\",\"name\":\"Subir Obra - TOPModel by Depesche Espana\",\"isPartOf\":{\"@id\":\"https:\/\/top-model.biz\/es\/#website\"},\"datePublished\":\"2019-12-03T05:16:53+00:00\",\"dateModified\":\"2025-04-10T00:13:09+00:00\",\"inLanguage\":\"es\",\"potentialAction\":[{\"@type\":\"ReadAction\",\"target\":[\"https:\/\/top-model.biz\/es\/subir-obra\/\"]}]},{\"@type\":\"WebSite\",\"@id\":\"https:\/\/top-model.biz\/es\/#website\",\"url\":\"https:\/\/top-model.biz\/es\/\",\"name\":\"TOPModel by Depesche Espana\",\"description\":\"TOPModel by Depesche\",\"publisher\":{\"@id\":\"https:\/\/top-model.biz\/es\/#organization\"},\"potentialAction\":[{\"@type\":\"SearchAction\",\"target\":{\"@type\":\"EntryPoint\",\"urlTemplate\":\"https:\/\/top-model.biz\/es\/?s={search_term_string}\"},\"query-input\":{\"@type\":\"PropertyValueSpecification\",\"valueRequired\":true,\"valueName\":\"search_term_string\"}}],\"inLanguage\":\"es\"},{\"@type\":\"Organization\",\"@id\":\"https:\/\/top-model.biz\/es\/#organization\",\"name\":\"TOPModel by Depesche GmbH & Co. KG\",\"url\":\"https:\/\/top-model.biz\/es\/\",\"logo\":{\"@type\":\"ImageObject\",\"inLanguage\":\"es\",\"@id\":\"https:\/\/top-model.biz\/es\/#\/schema\/logo\/image\/\",\"url\":\"https:\/\/top-model.biz\/es\/wp-content\/uploads\/sites\/13\/2020\/01\/depeschelogo_72dpi.jpg\",\"contentUrl\":\"https:\/\/top-model.biz\/es\/wp-content\/uploads\/sites\/13\/2020\/01\/depeschelogo_72dpi.jpg\",\"width\":1600,\"height\":620,\"caption\":\"TOPModel by Depesche GmbH & Co. KG\"},\"image\":{\"@id\":\"https:\/\/top-model.biz\/es\/#\/schema\/logo\/image\/\"},\"sameAs\":[\"https:\/\/www.facebook.com\/TOPModel.by.Depesche.UK\",\"https:\/\/www.instagram.com\/topmodel_international\"]}]}<\/script>\n<!-- \/ Yoast SEO Premium plugin. -->","yoast_head_json":{"title":"Subir Obra - TOPModel by Depesche Espana","robots":{"index":"index","follow":"follow","max-snippet":"max-snippet:-1","max-image-preview":"max-image-preview:large","max-video-preview":"max-video-preview:-1"},"canonical":"https:\/\/top-model.biz\/es\/subir-obra\/","og_locale":"es_ES","og_type":"article","og_title":"Subir Obra","og_description":"Sube tu obra de arte Be creative!\u00a1Ens\u00e9\u00f1anos tus looks m\u00e1s chulos!As\u00ed se hace Dibuja un dise\u00f1o con ayuda de un boceto TOPModel. Haz una foto de tu dise\u00f1o Sube la foto aqu\u00ed al estudio creativo \u00a1Con un mont\u00f3n de suerte tu dise\u00f1o se convertir\u00e1 en un conjunto de las supermodelos! Aqu\u00ed puedes subir f\u00e1cilmente el [&hellip;]","og_url":"https:\/\/top-model.biz\/es\/subir-obra\/","og_site_name":"TOPModel by Depesche Espana","article_publisher":"https:\/\/www.facebook.com\/TOPModel.by.Depesche.UK","article_modified_time":"2025-04-10T00:13:09+00:00","twitter_card":"summary_large_image","twitter_misc":{"Tiempo de lectura":"1 minuto"},"schema":{"@context":"https:\/\/schema.org","@graph":[{"@type":"WebPage","@id":"https:\/\/top-model.biz\/es\/subir-obra\/","url":"https:\/\/top-model.biz\/es\/subir-obra\/","name":"Subir Obra - TOPModel by Depesche Espana","isPartOf":{"@id":"https:\/\/top-model.biz\/es\/#website"},"datePublished":"2019-12-03T05:16:53+00:00","dateModified":"2025-04-10T00:13:09+00:00","inLanguage":"es","potentialAction":[{"@type":"ReadAction","target":["https:\/\/top-model.biz\/es\/subir-obra\/"]}]},{"@type":"WebSite","@id":"https:\/\/top-model.biz\/es\/#website","url":"https:\/\/top-model.biz\/es\/","name":"TOPModel by Depesche Espana","description":"TOPModel by Depesche","publisher":{"@id":"https:\/\/top-model.biz\/es\/#organization"},"potentialAction":[{"@type":"SearchAction","target":{"@type":"EntryPoint","urlTemplate":"https:\/\/top-model.biz\/es\/?s={search_term_string}"},"query-input":{"@type":"PropertyValueSpecification","valueRequired":true,"valueName":"search_term_string"}}],"inLanguage":"es"},{"@type":"Organization","@id":"https:\/\/top-model.biz\/es\/#organization","name":"TOPModel by Depesche GmbH & Co. KG","url":"https:\/\/top-model.biz\/es\/","logo":{"@type":"ImageObject","inLanguage":"es","@id":"https:\/\/top-model.biz\/es\/#\/schema\/logo\/image\/","url":"https:\/\/top-model.biz\/es\/wp-content\/uploads\/sites\/13\/2020\/01\/depeschelogo_72dpi.jpg","contentUrl":"https:\/\/top-model.biz\/es\/wp-content\/uploads\/sites\/13\/2020\/01\/depeschelogo_72dpi.jpg","width":1600,"height":620,"caption":"TOPModel by Depesche GmbH & Co. KG"},"image":{"@id":"https:\/\/top-model.biz\/es\/#\/schema\/logo\/image\/"},"sameAs":["https:\/\/www.facebook.com\/TOPModel.by.Depesche.UK","https:\/\/www.instagram.com\/topmodel_international"]}]}},"_links":{"self":[{"href":"https:\/\/top-model.biz\/es\/wp-json\/wp\/v2\/pages\/61","targetHints":{"allow":["GET"]}}],"collection":[{"href":"https:\/\/top-model.biz\/es\/wp-json\/wp\/v2\/pages"}],"about":[{"href":"https:\/\/top-model.biz\/es\/wp-json\/wp\/v2\/types\/page"}],"author":[{"embeddable":true,"href":"https:\/\/top-model.biz\/es\/wp-json\/wp\/v2\/users\/1"}],"replies":[{"embeddable":true,"href":"https:\/\/top-model.biz\/es\/wp-json\/wp\/v2\/comments?post=61"}],"version-history":[{"count":10,"href":"https:\/\/top-model.biz\/es\/wp-json\/wp\/v2\/pages\/61\/revisions"}],"predecessor-version":[{"id":7785,"href":"https:\/\/top-model.biz\/es\/wp-json\/wp\/v2\/pages\/61\/revisions\/7785"}],"wp:attachment":[{"href":"https:\/\/top-model.biz\/es\/wp-json\/wp\/v2\/media?parent=61"}],"curies":[{"name":"wp","href":"https:\/\/api.w.org\/{rel}","templated":true}]}}