{"id":28,"date":"2019-12-03T06:09:46","date_gmt":"2019-12-03T05:09:46","guid":{"rendered":"https:\/\/top-model.biz\/?page_id=28"},"modified":"2025-04-09T20:54:12","modified_gmt":"2025-04-09T18:54:12","slug":"f-a-q","status":"publish","type":"page","link":"https:\/\/top-model.biz\/es\/f-a-q\/","title":{"rendered":"F.A.Q."},"content":{"rendered":"<p>[et_pb_section fb_built=\u00bb1&#8243; custom_padding_last_edited=\u00bbon|phone\u00bb _builder_version=\u00bb4.16&#8243; background_image=\u00bbhttps:\/\/top-model.biz\/wp-content\/uploads\/2019\/12\/topmodel_wg2.svg\u00bb custom_padding=\u00bb||378px||false|false\u00bb custom_padding_tablet=\u00bb||250px||false|false\u00bb custom_padding_phone=\u00bb||140px||false|false\u00bb custom_css_main_element=\u00bbbackground-size: 130%;||background-position: bottom;\u00bb global_colors_info=\u00bb{}\u00bb custom_css_main_element_last_edited=\u00bbon|phone\u00bb custom_css_main_element_tablet=\u00bbbackground-size: 120%;||background-position: bottom;\u00bb custom_css_main_element_phone=\u00bbbackground-size: 120%;||background-position: bottom;\u00bb][et_pb_row _builder_version=\u00bb4.16&#8243; custom_padding=\u00bb||5px|||\u00bb custom_css_main_element=\u00bbtext-align: center;\u00bb global_colors_info=\u00bb{}\u00bb][et_pb_column type=\u00bb4_4&#8243; _builder_version=\u00bb4.16&#8243; global_colors_info=\u00bb{}\u00bb][et_pb_text module_class=\u00bbhomeblurb burtonheading waveline headmbot keinzeilenumbruch\u00bb _builder_version=\u00bb4.16&#8243; _dynamic_attributes=\u00bbcontent\u00bb header_text_align=\u00bbcenter\u00bb header_font_size=\u00bb76px\u00bb header_2_font_size=\u00bb49px\u00bb text_orientation=\u00bbcenter\u00bb max_width=\u00bb650px\u00bb max_width_tablet=\u00bb600px\u00bb max_width_phone=\u00bb100%\u00bb max_width_last_edited=\u00bbon|phone\u00bb module_alignment=\u00bbcenter\u00bb header_font_size_tablet=\u00bb52px\u00bb header_font_size_phone=\u00bb40px\u00bb header_font_size_last_edited=\u00bbon|phone\u00bb header_2_font_size_tablet=\u00bb44px\u00bb header_2_font_size_phone=\u00bb38px\u00bb header_2_font_size_last_edited=\u00bbon|phone\u00bb custom_css_main_element=\u00bbdisplay: inline-block;||position: relative;||-webkit-hyphens: auto;||-webkit-hyphenate-limit-chars: auto 3;||-webkit-hyphenate-limit-lines: 4;||-ms-hyphens: auto;||-ms-hyphenate-limit-chars: auto 3;||-ms-hyphenate-limit-lines: 4;||hyphens: auto;||hyphenate-limit-chars: auto 5;||hyphenate-limit-lines: 2;\u00bb global_colors_info=\u00bb{}\u00bb]@ET-DC@eyJkeW5hbWljIjp0cnVlLCJjb250ZW50IjoicG9zdF90aXRsZSIsInNldHRpbmdzIjp7ImJlZm9yZSI6IjxoMT4iLCJhZnRlciI6IjwvaDE+In19@[\/et_pb_text][et_pb_text module_class=\u00bbkapraneue\u00bb _builder_version=\u00bb4.16&#8243; header_2_font_size=\u00bb25px\u00bb max_width=\u00bb767px\u00bb module_alignment=\u00bbcenter\u00bb custom_margin=\u00bb||10px||false|false\u00bb header_2_font_size_tablet=\u00bb\u00bb header_2_font_size_phone=\u00bb\u00bb header_2_font_size_last_edited=\u00bbon|desktop\u00bb global_colors_info=\u00bb{}\u00bb]<\/p>\n<h2>Revista TOPModel<\/h2>\n<p>[\/et_pb_text][et_pb_accordion open_toggle_background_color=\u00bb#ffffff\u00bb closed_toggle_background_color=\u00bb#ffffff\u00bb icon_color=\u00bb#f8508e\u00bb use_icon_font_size=\u00bbon\u00bb icon_font_size=\u00bb22px\u00bb admin_label=\u00bbFAQs\u00bb module_class=\u00bbfaq\u00bb _builder_version=\u00bb4.16&#8243; toggle_text_align=\u00bbleft\u00bb toggle_font_size=\u00bb20px\u00bb closed_toggle_text_align=\u00bbleft\u00bb closed_toggle_font_size=\u00bb20px\u00bb body_text_align=\u00bbleft\u00bb body_line_height=\u00bb1.5em\u00bb background_enable_color=\u00bboff\u00bb max_width=\u00bb767px\u00bb module_alignment=\u00bbcenter\u00bb custom_padding=\u00bb|0px||0px|false|false\u00bb custom_css_toggle=\u00bbmargin-bottom: 0 !important;\u00bb border_radii=\u00bbon|10px|10px|10px|10px\u00bb border_width_all=\u00bb0px\u00bb global_colors_info=\u00bb{}\u00bb custom_css_toggle_last_edited=\u00bboff|desktop\u00bb][et_pb_accordion_item title=\u00bb\u00bfC\u00f3mo puedo solicitarme como dise\u00f1ador del mes?\u00bb open=\u00bbon\u00bb _builder_version=\u00bb4.16&#8243; global_colors_info=\u00bb{}\u00bb]<\/p>\n<p>Siempre estamos buscando talentos de dibujo. \u00bfEres uno de ellos? Entonces escr\u00edbenos un correo elcetr\u00f3nico a: redaktion@top-model.biz.<br \/>\nTambi\u00e9n puedes enviarnos un mensaje directo via Instagram o etiquetar tus dise\u00f1os con topmodel_de<\/p>\n<p>[\/et_pb_accordion_item][et_pb_accordion_item title=\u00bb\u00bfC\u00f3mo puedo solicitarme para la acci\u00f3n TOPModel por un d\u00eda?\u00bb _builder_version=\u00bb4.16&#8243; global_colors_info=\u00bb{}\u00bb open=\u00bboff\u00bb]<\/p>\n<p>Env\u00edanos un correco electr\u00f3nico con una foto y una corta ficha a: Redaktion@top-model.biz. Por favor ten en cuenta que recibimos muchas solicitudes y no podr\u00e9mos considerar todas. <\/p>\n<p>[\/et_pb_accordion_item][et_pb_accordion_item title=\u00bb\u00bfTienes una pregunta acerca la suscripci\u00f3n de la revista TOPModel?\u00bb _builder_version=\u00bb4.16&#8243; global_colors_info=\u00bb{}\u00bb open=\u00bboff\u00bb]<\/p>\n<p>\u00bfD\u00f3nde puedo comunicar un cambio de direcci\u00f3n para mi suscripci\u00f3n de la revista TOPModel?  Podr\u00e1s ponerte en contacto con nuestro servicio para suscripciones bajo los siguientes datos de contacto<br \/>\n:<br \/>\nAboservice TOPModel<br \/>\nDataM-Services GmbH<br \/>\nFranz-Horn-Stra\u00dfe 2<br \/>\n97082 W\u00fcrzburg<br \/>\nTel. Nr.  0931 4170-178<br \/>\nFax Nr.  0931 4170-497<br \/>\naboservice@top-model.biz\n<\/p>\n<p>[\/et_pb_accordion_item][et_pb_accordion_item title=\u00bb\u00bfPuedo suscribir la revista TOPModel?\u00bb _builder_version=\u00bb4.16&#8243; global_colors_info=\u00bb{}\u00bb open=\u00bboff\u00bb]<\/p>\n<p>Podr\u00e1s ponerte en contacto con nuestro servicio para suscripciones bajo los siguientes datos de contacto:<br \/>\n Aboservice TOPModel<br \/>\nDataM-Services GmbH<br \/>\nFranz-Horn-Stra\u00dfe 2<br \/>\n97082 W\u00fcrzburg<br \/>\nTel. Nr.  0931 4170-178<br \/>\nFax Nr.  0931 4170-497<br \/>\naboservice@top-model.biz\n<\/p>\n<p>[\/et_pb_accordion_item][et_pb_accordion_item title=\u00bb\u00bfD\u00f3nde puedo comprar la revista TOPModel?\u00bb _builder_version=\u00bb4.16&#8243; global_colors_info=\u00bb{}\u00bb open=\u00bboff\u00bb]<\/p>\n<p>Echa un vistazo a www.mykiosk.de y introduce tu c\u00f3digo postal y TOPModel en la b\u00fasqueda.<\/p>\n<p>[\/et_pb_accordion_item][\/et_pb_accordion][et_pb_text module_class=\u00bbkapraneue\u00bb _builder_version=\u00bb4.16&#8243; header_2_font_size=\u00bb25px\u00bb max_width=\u00bb767px\u00bb module_alignment=\u00bbcenter\u00bb custom_margin=\u00bb||10px||false|false\u00bb header_2_font_size_tablet=\u00bb\u00bb header_2_font_size_phone=\u00bb\u00bb header_2_font_size_last_edited=\u00bbon|desktop\u00bb global_colors_info=\u00bb{}\u00bb]<\/p>\n<h2>Preguntas Generales<\/h2>\n<p>[\/et_pb_text][et_pb_accordion open_toggle_background_color=\u00bb#ffffff\u00bb closed_toggle_background_color=\u00bb#ffffff\u00bb icon_color=\u00bb#f8508e\u00bb use_icon_font_size=\u00bbon\u00bb icon_font_size=\u00bb22px\u00bb admin_label=\u00bbFAQs\u00bb module_class=\u00bbfaq\u00bb _builder_version=\u00bb4.16&#8243; toggle_text_align=\u00bbleft\u00bb toggle_font_size=\u00bb20px\u00bb closed_toggle_text_align=\u00bbleft\u00bb closed_toggle_font_size=\u00bb20px\u00bb body_text_align=\u00bbleft\u00bb body_line_height=\u00bb1.5em\u00bb background_enable_color=\u00bboff\u00bb max_width=\u00bb767px\u00bb module_alignment=\u00bbcenter\u00bb custom_padding=\u00bb|0px||0px|false|false\u00bb custom_css_toggle=\u00bbmargin-bottom: 0 !important;\u00bb border_radii=\u00bbon|10px|10px|10px|10px\u00bb border_width_all=\u00bb0px\u00bb global_colors_info=\u00bb{}\u00bb][et_pb_accordion_item title=\u00bbTengo un art\u00edculo con c\u00f3digo secreto que ya no se abre. \u00bfQu\u00e9 puedo hacer?\u00bb open=\u00bbon\u00bb _builder_version=\u00bb4.16&#8243; global_colors_info=\u00bb{}\u00bb]<\/p>\n<ol class=\"fa-ol\">\n<li>La contrase\u00f1a predeterminada es \u00ab0000\u00bb. Introd\u00facela \u2013 y el candado se abrir\u00e1 mientras suena m\u00fasica.<\/li>\n<li>Presiona el bot\u00f3n \u00ab*\u00bb inmediatamente despu\u00e9s de haber abierto el candado y presi\u00f3nalo durante 3 segundos.<\/li>\n<li>Tienes 10 segundos para introducir una nueva contrase\u00f1a de 4 cifras.Si introduces m\u00e1s de 4 cifras se guardar\u00e1n las primeras 4. Presiona el bot\u00f3n \u00ab#\u00bb para confirmar la nueva contrase\u00f1a y asegurarla.<\/li>\n<li>Si te olvidas tu propia contrase\u00f1a presiona el \u00ab1\u00bb, \u00ab3\u00bb y \u00ab0\u00bb al mismo tiempo y mant\u00e9nlos presionados durante 4 segundos. Puedes introducir la nueva contrase\u00f1a como se te ha explicado en los pasos 2. y 3. (\u00a1Por favor acu\u00e9rdate de ese truco!)<\/li>\n<li>Si se acabaron las bater\u00edas las puedes cambiar as\u00ed: D\u00e1le la vuelta al tornillo del compartimento de la bater\u00eda en sentido antihorario y quita la tapa.<br \/>Meta las bater\u00edas AG13\/LR44 tal como lo dice el dibujo en la parte interior. Pon la tapa encima y apreta el tornillo.<\/li>\n<li>\u00a1Tu contrase\u00f1a quedar\u00e1 guardada si cambias las bater\u00edas!<\/li>\n<\/ol>\n<p>[\/et_pb_accordion_item][et_pb_accordion_item title=\u00bbTengo una reclamaci\u00f3n. \u00bfCon qui\u00e9n me puedo poner en contacto?\u00bb _builder_version=\u00bb4.16&#8243; global_colors_info=\u00bb{}\u00bb open=\u00bboff\u00bb]<\/p>\n<p>Directamente en una tienda en la que se ha comprado el art\u00edculo o a trav\u00e9s de correo electr\u00f3nico bajo: info@depesche.com<\/p>\n<p>[\/et_pb_accordion_item][et_pb_accordion_item title=\u00bb\u00bfHay ventas directas?\u00bb _builder_version=\u00bb4.16&#8243; global_colors_info=\u00bb{}\u00bb open=\u00bboff\u00bb]<\/p>\n<p>No, no hay ventas directas.\n<\/p>\n<p>[\/et_pb_accordion_item][et_pb_accordion_item title=\u00bb\u00bfSe puede pedir un producto TOPModel directamente a la casa?\u00bb _builder_version=\u00bb4.16&#8243; global_colors_info=\u00bb{}\u00bb open=\u00bboff\u00bb]<\/p>\n<p>Un pedido por parte del consumidor final no es posible porque somos un Comercio al por mayor y solamente podemos abastecer al comercio minorista.<\/p>\n<p>[\/et_pb_accordion_item][\/et_pb_accordion][\/et_pb_column][\/et_pb_row][\/et_pb_section]<\/p>\n","protected":false},"excerpt":{"rendered":"<p>Revista TOPModelSiempre estamos buscando talentos de dibujo. \u00bfEres uno de ellos? Entonces escr\u00edbenos un correo elcetr\u00f3nico a: redaktion@top-model.biz. Tambi\u00e9n puedes enviarnos un mensaje directo via Instagram o etiquetar tus dise\u00f1os con topmodel_deEnv\u00edanos un correco electr\u00f3nico con una foto y una corta ficha a: Redaktion@top-model.biz. Por favor ten en cuenta que recibimos muchas solicitudes y no [&hellip;]<\/p>\n","protected":false},"author":1,"featured_media":0,"parent":0,"menu_order":0,"comment_status":"closed","ping_status":"closed","template":"","meta":{"_acf_changed":false,"_et_pb_use_builder":"on","_et_pb_old_content":"","_et_gb_content_width":"","footnotes":""},"class_list":["post-28","page","type-page","status-publish","hentry"],"acf":[],"yoast_head":"<!-- This site is optimized with the Yoast SEO Premium plugin v24.2 (Yoast SEO v27.2) - https:\/\/yoast.com\/product\/yoast-seo-premium-wordpress\/ -->\n<title>F.A.Q. - TOPModel by Depesche Espana<\/title>\n<meta name=\"robots\" content=\"index, follow, max-snippet:-1, max-image-preview:large, max-video-preview:-1\" \/>\n<link rel=\"canonical\" href=\"https:\/\/top-model.biz\/es\/f-a-q\/\" \/>\n<meta property=\"og:locale\" content=\"es_ES\" \/>\n<meta property=\"og:type\" content=\"article\" \/>\n<meta property=\"og:title\" content=\"F.A.Q.\" \/>\n<meta property=\"og:description\" content=\"Revista TOPModelSiempre estamos buscando talentos de dibujo. \u00bfEres uno de ellos? Entonces escr\u00edbenos un correo elcetr\u00f3nico a: redaktion@top-model.biz. Tambi\u00e9n puedes enviarnos un mensaje directo via Instagram o etiquetar tus dise\u00f1os con topmodel_deEnv\u00edanos un correco electr\u00f3nico con una foto y una corta ficha a: Redaktion@top-model.biz. Por favor ten en cuenta que recibimos muchas solicitudes y no [&hellip;]\" \/>\n<meta property=\"og:url\" content=\"https:\/\/top-model.biz\/es\/f-a-q\/\" \/>\n<meta property=\"og:site_name\" content=\"TOPModel by Depesche Espana\" \/>\n<meta property=\"article:publisher\" content=\"https:\/\/www.facebook.com\/TOPModel.by.Depesche.UK\" \/>\n<meta property=\"article:modified_time\" content=\"2025-04-09T18:54:12+00:00\" \/>\n<meta name=\"twitter:card\" content=\"summary_large_image\" \/>\n<meta name=\"twitter:label1\" content=\"Tiempo de lectura\" \/>\n\t<meta name=\"twitter:data1\" content=\"3 minutos\" \/>\n<script type=\"application\/ld+json\" class=\"yoast-schema-graph\">{\"@context\":\"https:\/\/schema.org\",\"@graph\":[{\"@type\":\"WebPage\",\"@id\":\"https:\/\/top-model.biz\/es\/f-a-q\/\",\"url\":\"https:\/\/top-model.biz\/es\/f-a-q\/\",\"name\":\"F.A.Q. - TOPModel by Depesche Espana\",\"isPartOf\":{\"@id\":\"https:\/\/top-model.biz\/es\/#website\"},\"datePublished\":\"2019-12-03T05:09:46+00:00\",\"dateModified\":\"2025-04-09T18:54:12+00:00\",\"inLanguage\":\"es\",\"potentialAction\":[{\"@type\":\"ReadAction\",\"target\":[\"https:\/\/top-model.biz\/es\/f-a-q\/\"]}]},{\"@type\":\"WebSite\",\"@id\":\"https:\/\/top-model.biz\/es\/#website\",\"url\":\"https:\/\/top-model.biz\/es\/\",\"name\":\"TOPModel by Depesche Espana\",\"description\":\"TOPModel by Depesche\",\"publisher\":{\"@id\":\"https:\/\/top-model.biz\/es\/#organization\"},\"potentialAction\":[{\"@type\":\"SearchAction\",\"target\":{\"@type\":\"EntryPoint\",\"urlTemplate\":\"https:\/\/top-model.biz\/es\/?s={search_term_string}\"},\"query-input\":{\"@type\":\"PropertyValueSpecification\",\"valueRequired\":true,\"valueName\":\"search_term_string\"}}],\"inLanguage\":\"es\"},{\"@type\":\"Organization\",\"@id\":\"https:\/\/top-model.biz\/es\/#organization\",\"name\":\"TOPModel by Depesche GmbH & Co. KG\",\"url\":\"https:\/\/top-model.biz\/es\/\",\"logo\":{\"@type\":\"ImageObject\",\"inLanguage\":\"es\",\"@id\":\"https:\/\/top-model.biz\/es\/#\/schema\/logo\/image\/\",\"url\":\"https:\/\/top-model.biz\/es\/wp-content\/uploads\/sites\/13\/2020\/01\/depeschelogo_72dpi.jpg\",\"contentUrl\":\"https:\/\/top-model.biz\/es\/wp-content\/uploads\/sites\/13\/2020\/01\/depeschelogo_72dpi.jpg\",\"width\":1600,\"height\":620,\"caption\":\"TOPModel by Depesche GmbH & Co. KG\"},\"image\":{\"@id\":\"https:\/\/top-model.biz\/es\/#\/schema\/logo\/image\/\"},\"sameAs\":[\"https:\/\/www.facebook.com\/TOPModel.by.Depesche.UK\",\"https:\/\/www.instagram.com\/topmodel_international\"]}]}<\/script>\n<!-- \/ Yoast SEO Premium plugin. -->","yoast_head_json":{"title":"F.A.Q. - TOPModel by Depesche Espana","robots":{"index":"index","follow":"follow","max-snippet":"max-snippet:-1","max-image-preview":"max-image-preview:large","max-video-preview":"max-video-preview:-1"},"canonical":"https:\/\/top-model.biz\/es\/f-a-q\/","og_locale":"es_ES","og_type":"article","og_title":"F.A.Q.","og_description":"Revista TOPModelSiempre estamos buscando talentos de dibujo. \u00bfEres uno de ellos? Entonces escr\u00edbenos un correo elcetr\u00f3nico a: redaktion@top-model.biz. Tambi\u00e9n puedes enviarnos un mensaje directo via Instagram o etiquetar tus dise\u00f1os con topmodel_deEnv\u00edanos un correco electr\u00f3nico con una foto y una corta ficha a: Redaktion@top-model.biz. Por favor ten en cuenta que recibimos muchas solicitudes y no [&hellip;]","og_url":"https:\/\/top-model.biz\/es\/f-a-q\/","og_site_name":"TOPModel by Depesche Espana","article_publisher":"https:\/\/www.facebook.com\/TOPModel.by.Depesche.UK","article_modified_time":"2025-04-09T18:54:12+00:00","twitter_card":"summary_large_image","twitter_misc":{"Tiempo de lectura":"3 minutos"},"schema":{"@context":"https:\/\/schema.org","@graph":[{"@type":"WebPage","@id":"https:\/\/top-model.biz\/es\/f-a-q\/","url":"https:\/\/top-model.biz\/es\/f-a-q\/","name":"F.A.Q. - TOPModel by Depesche Espana","isPartOf":{"@id":"https:\/\/top-model.biz\/es\/#website"},"datePublished":"2019-12-03T05:09:46+00:00","dateModified":"2025-04-09T18:54:12+00:00","inLanguage":"es","potentialAction":[{"@type":"ReadAction","target":["https:\/\/top-model.biz\/es\/f-a-q\/"]}]},{"@type":"WebSite","@id":"https:\/\/top-model.biz\/es\/#website","url":"https:\/\/top-model.biz\/es\/","name":"TOPModel by Depesche Espana","description":"TOPModel by Depesche","publisher":{"@id":"https:\/\/top-model.biz\/es\/#organization"},"potentialAction":[{"@type":"SearchAction","target":{"@type":"EntryPoint","urlTemplate":"https:\/\/top-model.biz\/es\/?s={search_term_string}"},"query-input":{"@type":"PropertyValueSpecification","valueRequired":true,"valueName":"search_term_string"}}],"inLanguage":"es"},{"@type":"Organization","@id":"https:\/\/top-model.biz\/es\/#organization","name":"TOPModel by Depesche GmbH & Co. KG","url":"https:\/\/top-model.biz\/es\/","logo":{"@type":"ImageObject","inLanguage":"es","@id":"https:\/\/top-model.biz\/es\/#\/schema\/logo\/image\/","url":"https:\/\/top-model.biz\/es\/wp-content\/uploads\/sites\/13\/2020\/01\/depeschelogo_72dpi.jpg","contentUrl":"https:\/\/top-model.biz\/es\/wp-content\/uploads\/sites\/13\/2020\/01\/depeschelogo_72dpi.jpg","width":1600,"height":620,"caption":"TOPModel by Depesche GmbH & Co. KG"},"image":{"@id":"https:\/\/top-model.biz\/es\/#\/schema\/logo\/image\/"},"sameAs":["https:\/\/www.facebook.com\/TOPModel.by.Depesche.UK","https:\/\/www.instagram.com\/topmodel_international"]}]}},"_links":{"self":[{"href":"https:\/\/top-model.biz\/es\/wp-json\/wp\/v2\/pages\/28","targetHints":{"allow":["GET"]}}],"collection":[{"href":"https:\/\/top-model.biz\/es\/wp-json\/wp\/v2\/pages"}],"about":[{"href":"https:\/\/top-model.biz\/es\/wp-json\/wp\/v2\/types\/page"}],"author":[{"embeddable":true,"href":"https:\/\/top-model.biz\/es\/wp-json\/wp\/v2\/users\/1"}],"replies":[{"embeddable":true,"href":"https:\/\/top-model.biz\/es\/wp-json\/wp\/v2\/comments?post=28"}],"version-history":[{"count":10,"href":"https:\/\/top-model.biz\/es\/wp-json\/wp\/v2\/pages\/28\/revisions"}],"predecessor-version":[{"id":7765,"href":"https:\/\/top-model.biz\/es\/wp-json\/wp\/v2\/pages\/28\/revisions\/7765"}],"wp:attachment":[{"href":"https:\/\/top-model.biz\/es\/wp-json\/wp\/v2\/media?parent=28"}],"curies":[{"name":"wp","href":"https:\/\/api.w.org\/{rel}","templated":true}]}}