{"id":27,"date":"2019-12-03T06:09:46","date_gmt":"2019-12-03T05:09:46","guid":{"rendered":"https:\/\/top-model.biz\/?page_id=27"},"modified":"2020-02-27T11:10:04","modified_gmt":"2020-02-27T10:10:04","slug":"condiciones-de-uso","status":"publish","type":"page","link":"https:\/\/top-model.biz\/es\/condiciones-de-uso\/","title":{"rendered":"Condiciones de uso"},"content":{"rendered":"<p>Con este sitio web, se presenta en el medio de Internet la empresa Depesche la marca TOPModel. La oferta en la web (en adelante denominada \u201csitio web TOPModel\u201d) y la utilizaci\u00f3n de las prestaciones y servicios que en ella se ofrecen est\u00e1n sujetas a las siguientes condiciones generales de uso.<\/p>\n<p><strong>1.<\/strong><\/p>\n<p>El sitio web de Depesche lo explota la empresa Depesche Vertrieb GmbH &#038; Co. KG, Vierlander Str. 14, D-21502 Geesthacht (en adelante denominada \u201cDepesche\u201d).<\/p>\n<p><strong>2.<\/strong><\/p>\n<p>Como usuario\/a de este sitio web declaras ante Depesche tu completa conformidad con las presentes Condiciones generales de uso. De no ser as\u00ed, no est\u00e1s autorizado a usar el sitio web de TOPModel y los servicios ofrecidos en \u00e9l.<\/p>\n<p>Todos los textos, im\u00e1genes, archivos de audio, documentos sonoros y de animaci\u00f3n as\u00ed como su disposici\u00f3n est\u00e1n sujetos a las leyes de protecci\u00f3n de los derechos de autor y la propiedad intelectual de los titulares respectivos.<\/p>\n<p>Siempre que no se especifique lo contrario, todas las marcas que aparecen en este sitio web est\u00e1n protegidas a favor de Depesche.<\/p>\n<p>El contenido de este sitio web no se debe copiar, difundir ni facilitar a terceros de cualquier otro modo para fines comerciales, a menos que exista la expresa autorizaci\u00f3n por escrito de Depesche.<\/p>\n<p>La presentaci\u00f3n de esta marca no implica la concesi\u00f3n de ninguna licencia de uso de la propiedad intelectual de Depesche o de terceros.<\/p>\n<p><strong>3.<\/strong><\/p>\n<p>Este sitio web contiene enlaces a otros sitios web. Aunque Depesche comprueba en un primer momento dichos enlaces, carece de influencia sobre el dise\u00f1o y los contenidos de tales sitios web y permanentes cambios del sitio web, por lo que no garantiza que all\u00ed se ofrezca informaci\u00f3n leg\u00edtima, correcta, actualizada, exhaustiva ni de calidad de las informaciones proporcionadas.<\/p>\n<p>Depesche se distancia expresamente de todos los contenidos de cualquier sitio web enlazado que hayan cambiado una vez dispuesto el enlace. Lo dicho se aplica a todos los enlaces que aparezcan dentro de la oferta de internet propia, as\u00ed como a los que introduzcan terceros en foros de debate y similares. Depesche no se responsabiliza de los da\u00f1os que ocasione al usuario el uso o no uso de las informaciones y prestaciones que ofrecen los sitios web de otras empresas. <\/p>\n<p>Se hace constar que Depesche no efect\u00faa contratos de compra ni de ning\u00fan otro tipo relativo a la adquisici\u00f3n de los productos expuestos en dichos sitios web ni a la prestaci\u00f3n de los servicios ofrecidos en ellos. Si le surgen problemas en relaci\u00f3n con dichos sitios web, le rogamos que se dirija directamente al titular correspondiente, y que informas al respecto tambi\u00e9n a Depesche.<\/p>\n<p><strong>4.<\/strong><\/p>\n<p>Las informaciones y los datos que figuran en esta p\u00e1gina no suponen ninguna garant\u00eda expresa ni t\u00e1cita.<\/p>\n<p>El sitio web se ha creado con el mayor esmero posible. No obstante, a pesar de ello, no se puede asumir ninguna responsabilidad por la ausencia de errores y la exactitud de las informaciones que contiene. Debido a las caracter\u00edsticas de Internet y los sistemas inform\u00e1ticos, Depesche no se responsabiliza de la disponibilidad ininterrumpida del sitio web de Depesche. A pesar de que Depesche se esfuerza siempre por mantener el sitio web de Depesche libre de virus, Depesche no puede garantizar la ausencia de virus.<\/p>\n<p>Depesche s\u00f3lo se hace responsable de da\u00f1os resultantes del uso de este sitio web, ya sean directos o indirectos, en caso de premeditaci\u00f3n o negligencia grave, en caso de dolo, de aceptaci\u00f3n de una garant\u00eda propia y de derechos de acuerdo con la ley sobre productos defectuosos, tales como da\u00f1os f\u00edsicos y da\u00f1os para la salud.<\/p>\n<p>Depesche s\u00f3lo se responsabiliza de da\u00f1os derivados de lesiones por negligencia leve si se vulneran las obligaciones principales del contrato (\u00abobligaciones cardinales\u00bb) y s\u00f3lo dentro del marco del da\u00f1o t\u00edpico contractual y previsible.<\/p>\n<p><strong>5.<\/strong><\/p>\n<p>Al hacer uso de las ofertas de este sitio web, se puede solicitar la introducci\u00f3n de informaci\u00f3n personal. Todos los datos son voluntarios. Los datos personales \u00fanicamente se almacenan, procesan y utilizan de acuerdo con las disposiciones alemanas vigentes relativas a la protecci\u00f3n de datos.<\/p>\n<p>Los datos personales facilitados dentro del marco de uso de nuestra oferta se emplean para la tramitaci\u00f3n de consultas. S\u00f3lo se utilizar\u00e1n los datos para fines publicitarios y de marketing con su autorizaci\u00f3n. Usted puede retirar su autorizaci\u00f3n en cualquier momento con efecto futuro.<\/p>\n<p><strong>6.<\/strong><\/p>\n<p>Con el fin de mejorar el uso del sitio web, Depesche, al igual que la mayor\u00eda de los dem\u00e1s proveedores en Internet, utiliza las denominadas \u00abcookies\u00bb. Se trata de peque\u00f1os archivos de texto que se almacenan en su ordenador. Esto permite a Depesche identificar su ordenador en futuras visitas y hacerle m\u00e1s agradable la visita al sitio web de Depesche. Las cookies no facilitan ning\u00fan tipo de datos personales sobre usted. Tampoco ocasionan ning\u00fan da\u00f1o a su ordenador ni contienen virus.<\/p>\n<p>Naturalmente, usted puede borrar en cualquier momento las cookies de su ordenador. Si no desea recibir ninguna cookie, puede desactivar la funci\u00f3n en cualquier momento configurando su navegador.<\/p>\n<p>Asimismo, usted puede utilizar el sitio web de Depesche sin cookies, aunque el uso del sitio web de Depesche ser\u00e1 m\u00e1s agradable para usted si emplea cookies.<\/p>\n<p><strong>7.<\/strong><\/p>\n<p>Depesche se reserva el derecho a modificar o renovar en cualquier momento las presentes condiciones generales de uso con efecto futuro. Las modificaciones se mostrar\u00e1n en el sitio web TOPModel. Para ello, le rogamos que visite nuestra p\u00e1gina peri\u00f3dicamente. S\u00f3lo es posible continuar utilizando el sitio web TOPModel si se aceptan las condiciones modificadas. <\/p>\n","protected":false},"excerpt":{"rendered":"<p>Con este sitio web, se presenta en el medio de Internet la empresa Depesche la marca TOPModel. La oferta en la web (en adelante denominada \u201csitio web TOPModel\u201d) y la utilizaci\u00f3n de las prestaciones y servicios que en ella se ofrecen est\u00e1n sujetas a las siguientes condiciones generales de uso. 1. El sitio web de [&hellip;]<\/p>\n","protected":false},"author":1,"featured_media":0,"parent":0,"menu_order":0,"comment_status":"closed","ping_status":"closed","template":"page_simple.php","meta":{"_acf_changed":false,"_et_pb_use_builder":"off","_et_pb_old_content":"","_et_gb_content_width":"","footnotes":""},"class_list":["post-27","page","type-page","status-publish","hentry"],"acf":[],"yoast_head":"<!-- This site is optimized with the Yoast SEO Premium plugin v24.2 (Yoast SEO v27.2) - https:\/\/yoast.com\/product\/yoast-seo-premium-wordpress\/ -->\n<title>Condiciones de uso - TOPModel by Depesche Espana<\/title>\n<meta name=\"robots\" content=\"index, follow, max-snippet:-1, max-image-preview:large, max-video-preview:-1\" \/>\n<link rel=\"canonical\" href=\"https:\/\/top-model.biz\/es\/condiciones-de-uso\/\" \/>\n<meta property=\"og:locale\" content=\"es_ES\" \/>\n<meta property=\"og:type\" content=\"article\" \/>\n<meta property=\"og:title\" content=\"Condiciones de uso\" \/>\n<meta property=\"og:description\" content=\"Con este sitio web, se presenta en el medio de Internet la empresa Depesche la marca TOPModel. La oferta en la web (en adelante denominada \u201csitio web TOPModel\u201d) y la utilizaci\u00f3n de las prestaciones y servicios que en ella se ofrecen est\u00e1n sujetas a las siguientes condiciones generales de uso. 1. El sitio web de [&hellip;]\" \/>\n<meta property=\"og:url\" content=\"https:\/\/top-model.biz\/es\/condiciones-de-uso\/\" \/>\n<meta property=\"og:site_name\" content=\"TOPModel by Depesche Espana\" \/>\n<meta property=\"article:publisher\" content=\"https:\/\/www.facebook.com\/TOPModel.by.Depesche.UK\" \/>\n<meta property=\"article:modified_time\" content=\"2020-02-27T10:10:04+00:00\" \/>\n<meta name=\"twitter:card\" content=\"summary_large_image\" \/>\n<meta name=\"twitter:label1\" content=\"Tiempo de lectura\" \/>\n\t<meta name=\"twitter:data1\" content=\"5 minutos\" \/>\n<script type=\"application\/ld+json\" class=\"yoast-schema-graph\">{\"@context\":\"https:\/\/schema.org\",\"@graph\":[{\"@type\":\"WebPage\",\"@id\":\"https:\/\/top-model.biz\/es\/condiciones-de-uso\/\",\"url\":\"https:\/\/top-model.biz\/es\/condiciones-de-uso\/\",\"name\":\"Condiciones de uso - TOPModel by Depesche Espana\",\"isPartOf\":{\"@id\":\"https:\/\/top-model.biz\/es\/#website\"},\"datePublished\":\"2019-12-03T05:09:46+00:00\",\"dateModified\":\"2020-02-27T10:10:04+00:00\",\"inLanguage\":\"es\",\"potentialAction\":[{\"@type\":\"ReadAction\",\"target\":[\"https:\/\/top-model.biz\/es\/condiciones-de-uso\/\"]}]},{\"@type\":\"WebSite\",\"@id\":\"https:\/\/top-model.biz\/es\/#website\",\"url\":\"https:\/\/top-model.biz\/es\/\",\"name\":\"TOPModel by Depesche Espana\",\"description\":\"TOPModel by Depesche\",\"publisher\":{\"@id\":\"https:\/\/top-model.biz\/es\/#organization\"},\"potentialAction\":[{\"@type\":\"SearchAction\",\"target\":{\"@type\":\"EntryPoint\",\"urlTemplate\":\"https:\/\/top-model.biz\/es\/?s={search_term_string}\"},\"query-input\":{\"@type\":\"PropertyValueSpecification\",\"valueRequired\":true,\"valueName\":\"search_term_string\"}}],\"inLanguage\":\"es\"},{\"@type\":\"Organization\",\"@id\":\"https:\/\/top-model.biz\/es\/#organization\",\"name\":\"TOPModel by Depesche GmbH & Co. KG\",\"url\":\"https:\/\/top-model.biz\/es\/\",\"logo\":{\"@type\":\"ImageObject\",\"inLanguage\":\"es\",\"@id\":\"https:\/\/top-model.biz\/es\/#\/schema\/logo\/image\/\",\"url\":\"https:\/\/top-model.biz\/es\/wp-content\/uploads\/sites\/13\/2020\/01\/depeschelogo_72dpi.jpg\",\"contentUrl\":\"https:\/\/top-model.biz\/es\/wp-content\/uploads\/sites\/13\/2020\/01\/depeschelogo_72dpi.jpg\",\"width\":1600,\"height\":620,\"caption\":\"TOPModel by Depesche GmbH & Co. KG\"},\"image\":{\"@id\":\"https:\/\/top-model.biz\/es\/#\/schema\/logo\/image\/\"},\"sameAs\":[\"https:\/\/www.facebook.com\/TOPModel.by.Depesche.UK\",\"https:\/\/www.instagram.com\/topmodel_international\"]}]}<\/script>\n<!-- \/ Yoast SEO Premium plugin. -->","yoast_head_json":{"title":"Condiciones de uso - TOPModel by Depesche Espana","robots":{"index":"index","follow":"follow","max-snippet":"max-snippet:-1","max-image-preview":"max-image-preview:large","max-video-preview":"max-video-preview:-1"},"canonical":"https:\/\/top-model.biz\/es\/condiciones-de-uso\/","og_locale":"es_ES","og_type":"article","og_title":"Condiciones de uso","og_description":"Con este sitio web, se presenta en el medio de Internet la empresa Depesche la marca TOPModel. La oferta en la web (en adelante denominada \u201csitio web TOPModel\u201d) y la utilizaci\u00f3n de las prestaciones y servicios que en ella se ofrecen est\u00e1n sujetas a las siguientes condiciones generales de uso. 1. El sitio web de [&hellip;]","og_url":"https:\/\/top-model.biz\/es\/condiciones-de-uso\/","og_site_name":"TOPModel by Depesche Espana","article_publisher":"https:\/\/www.facebook.com\/TOPModel.by.Depesche.UK","article_modified_time":"2020-02-27T10:10:04+00:00","twitter_card":"summary_large_image","twitter_misc":{"Tiempo de lectura":"5 minutos"},"schema":{"@context":"https:\/\/schema.org","@graph":[{"@type":"WebPage","@id":"https:\/\/top-model.biz\/es\/condiciones-de-uso\/","url":"https:\/\/top-model.biz\/es\/condiciones-de-uso\/","name":"Condiciones de uso - TOPModel by Depesche Espana","isPartOf":{"@id":"https:\/\/top-model.biz\/es\/#website"},"datePublished":"2019-12-03T05:09:46+00:00","dateModified":"2020-02-27T10:10:04+00:00","inLanguage":"es","potentialAction":[{"@type":"ReadAction","target":["https:\/\/top-model.biz\/es\/condiciones-de-uso\/"]}]},{"@type":"WebSite","@id":"https:\/\/top-model.biz\/es\/#website","url":"https:\/\/top-model.biz\/es\/","name":"TOPModel by Depesche Espana","description":"TOPModel by Depesche","publisher":{"@id":"https:\/\/top-model.biz\/es\/#organization"},"potentialAction":[{"@type":"SearchAction","target":{"@type":"EntryPoint","urlTemplate":"https:\/\/top-model.biz\/es\/?s={search_term_string}"},"query-input":{"@type":"PropertyValueSpecification","valueRequired":true,"valueName":"search_term_string"}}],"inLanguage":"es"},{"@type":"Organization","@id":"https:\/\/top-model.biz\/es\/#organization","name":"TOPModel by Depesche GmbH & Co. KG","url":"https:\/\/top-model.biz\/es\/","logo":{"@type":"ImageObject","inLanguage":"es","@id":"https:\/\/top-model.biz\/es\/#\/schema\/logo\/image\/","url":"https:\/\/top-model.biz\/es\/wp-content\/uploads\/sites\/13\/2020\/01\/depeschelogo_72dpi.jpg","contentUrl":"https:\/\/top-model.biz\/es\/wp-content\/uploads\/sites\/13\/2020\/01\/depeschelogo_72dpi.jpg","width":1600,"height":620,"caption":"TOPModel by Depesche GmbH & Co. KG"},"image":{"@id":"https:\/\/top-model.biz\/es\/#\/schema\/logo\/image\/"},"sameAs":["https:\/\/www.facebook.com\/TOPModel.by.Depesche.UK","https:\/\/www.instagram.com\/topmodel_international"]}]}},"_links":{"self":[{"href":"https:\/\/top-model.biz\/es\/wp-json\/wp\/v2\/pages\/27","targetHints":{"allow":["GET"]}}],"collection":[{"href":"https:\/\/top-model.biz\/es\/wp-json\/wp\/v2\/pages"}],"about":[{"href":"https:\/\/top-model.biz\/es\/wp-json\/wp\/v2\/types\/page"}],"author":[{"embeddable":true,"href":"https:\/\/top-model.biz\/es\/wp-json\/wp\/v2\/users\/1"}],"replies":[{"embeddable":true,"href":"https:\/\/top-model.biz\/es\/wp-json\/wp\/v2\/comments?post=27"}],"version-history":[{"count":10,"href":"https:\/\/top-model.biz\/es\/wp-json\/wp\/v2\/pages\/27\/revisions"}],"predecessor-version":[{"id":4968,"href":"https:\/\/top-model.biz\/es\/wp-json\/wp\/v2\/pages\/27\/revisions\/4968"}],"wp:attachment":[{"href":"https:\/\/top-model.biz\/es\/wp-json\/wp\/v2\/media?parent=27"}],"curies":[{"name":"wp","href":"https:\/\/api.w.org\/{rel}","templated":true}]}}