{"id":25,"date":"2019-12-03T06:09:46","date_gmt":"2019-12-03T05:09:46","guid":{"rendered":"https:\/\/top-model.biz\/?page_id=25"},"modified":"2026-02-20T18:42:33","modified_gmt":"2026-02-20T17:42:33","slug":"aviso-legal","status":"publish","type":"page","link":"https:\/\/top-model.biz\/es\/aviso-legal\/","title":{"rendered":"Aviso Legal"},"content":{"rendered":"<p>Aqu\u00ed encontrar\u00e1 todas las informaciones relevantes sobre la identificaci\u00f3n del proveedor. Si hay alguna raz\u00f3n para quejarse por los contenidos o la presentaci\u00f3n de nuestra p\u00e1gina web, inf\u00f3rmenos por correo electr\u00f3nico o correo postal. Las disconformidades ser\u00e1n revisadas r\u00e1pidamente y la causa de una queja leg\u00edtima ser\u00e1 eliminada de inmediato.<\/p>\n<p><img loading=\"lazy\" decoding=\"async\" class=\"alignnone wp-image-5890 size-medium\" src=\"https:\/\/top-model.biz\/es\/wp-content\/uploads\/sites\/13\/2020\/11\/DEPESCHE-International-Logo-300x58.jpg\" alt=\"\" width=\"300\" height=\"58\" \/><\/p>\n<p><b>proveedor<br \/>\n<\/b>Depesche Espa\u00f1a<br \/>\nSucursal de Depesche Vertrieb GmbH &amp; Co. KG en Espa\u00f1a<br \/>\nAv. Riera Principal Nr. 8<br \/>\n08328 Alella \/ Barcelona<br \/>\nRegistro Mercantil: HRA 283 GE<br \/>\nTribunal de Registro: L\u00fcbeck<\/p>\n<p><b>Representado por los socios con responsabilidad personal:<br \/>\n<\/b><br \/>\nSociedad gestora \u00abDepesche\u00bb Vertrieb mbH<br \/>\nVierlander Str. 14<br \/>\nD-21502 Geesthacht<br \/>\nDirectores: Kjeld Schi\u00f8tz, Dine Schi\u00f8tz, Nynne Schi\u00f8tz<br \/>\nRegistro Mercantil: HRB 487 GE<br \/>\nTribunal de Registro: L\u00fcbeck<\/p>\n<p><b> Contacto <\/b><br \/>\n93 1807327<br \/>\nredaccion@top-model.biz<\/p>\n<p><b>Impuesto de venta<br \/>\n<\/b><br \/>\nN\u00famero de IVA conforme a \u00a727 a Ley sobre el IVA: DE174223143<br \/>\nResponsable por el contenido seg\u00fan p\u00e1rrafo 55 apartado 2 RStV (Acuerdo nacional de radiofusi\u00f3n):<br \/>\nTina Hennig<br \/>\nDepesche Vertrieb GmbH &amp; Co. KG<br \/>\nVierlander Str. 14<br \/>\nD-21502 Geesthacht<\/p>\n<p><b>Webdesign &amp; Development<\/b><br \/>\nMartin Pahl \/ Creative Content \u2013 agencia creativa<br \/>\n<a href=\"https:\/\/www.pahlcc.de\/\" target=\"_blank\" rel=\"noopener noreferrer\">https:\/\/www.pahlcc.de\/<\/a><\/p>\n<p><b>programaci\u00f3n &amp; Implementaci\u00f3n web<\/b><br \/>\nSaskia Teichmann \/ isla Studio WordPress Web Development<br \/>\n<a title=\"WordPress Webentwicklung - Themes y Plugins\" href=\"https:\/\/isla-stud.io\/\" target=\"_blank\">https:\/\/isla-stud.io\/<\/a><\/p>\n<p><b>Resoluci\u00f3n de disputas<br \/>\n<\/b><br \/>\nLa Comisi\u00f3n Europea pone a disposici\u00f3n una plataforma para la resoluci\u00f3n de disputas en l\u00ednea (OS): <a href=\"https:\/\/ec.europa.eu\/consumers\/odr\" target=\"_blank\" rel=\"noopener noreferrer\">https:\/\/ec.europa.eu\/consumers\/odr<\/a>.<br \/>\nNo estamos dispuestos o obligados a participar en una soluci\u00f3n de litigios delante de la oficina del consumidor de resoluci\u00f3n alternativa de conflictos de consumo.<\/p>\n","protected":false},"excerpt":{"rendered":"<p>Aqu\u00ed encontrar\u00e1 todas las informaciones relevantes sobre la identificaci\u00f3n del proveedor. Si hay alguna raz\u00f3n para quejarse por los contenidos o la presentaci\u00f3n de nuestra p\u00e1gina web, inf\u00f3rmenos por correo electr\u00f3nico o correo postal. Las disconformidades ser\u00e1n revisadas r\u00e1pidamente y la causa de una queja leg\u00edtima ser\u00e1 eliminada de inmediato. proveedor Depesche Espa\u00f1a Sucursal de [&hellip;]<\/p>\n","protected":false},"author":1,"featured_media":0,"parent":0,"menu_order":0,"comment_status":"closed","ping_status":"closed","template":"page_simple.php","meta":{"_acf_changed":false,"_et_pb_use_builder":"","_et_pb_old_content":"","_et_gb_content_width":"","footnotes":""},"class_list":["post-25","page","type-page","status-publish","hentry"],"acf":[],"yoast_head":"<!-- This site is optimized with the Yoast SEO Premium plugin v24.2 (Yoast SEO v27.2) - https:\/\/yoast.com\/product\/yoast-seo-premium-wordpress\/ -->\n<title>Aviso Legal - TOPModel by Depesche Espana<\/title>\n<meta name=\"robots\" content=\"index, follow, max-snippet:-1, max-image-preview:large, max-video-preview:-1\" \/>\n<link rel=\"canonical\" href=\"https:\/\/top-model.biz\/es\/aviso-legal\/\" \/>\n<meta property=\"og:locale\" content=\"es_ES\" \/>\n<meta property=\"og:type\" content=\"article\" \/>\n<meta property=\"og:title\" content=\"Aviso Legal\" \/>\n<meta property=\"og:description\" content=\"Aqu\u00ed encontrar\u00e1 todas las informaciones relevantes sobre la identificaci\u00f3n del proveedor. Si hay alguna raz\u00f3n para quejarse por los contenidos o la presentaci\u00f3n de nuestra p\u00e1gina web, inf\u00f3rmenos por correo electr\u00f3nico o correo postal. Las disconformidades ser\u00e1n revisadas r\u00e1pidamente y la causa de una queja leg\u00edtima ser\u00e1 eliminada de inmediato. proveedor Depesche Espa\u00f1a Sucursal de [&hellip;]\" \/>\n<meta property=\"og:url\" content=\"https:\/\/top-model.biz\/es\/aviso-legal\/\" \/>\n<meta property=\"og:site_name\" content=\"TOPModel by Depesche Espana\" \/>\n<meta property=\"article:publisher\" content=\"https:\/\/www.facebook.com\/TOPModel.by.Depesche.UK\" \/>\n<meta property=\"article:modified_time\" content=\"2026-02-20T17:42:33+00:00\" \/>\n<meta property=\"og:image\" content=\"https:\/\/top-model.biz\/es\/wp-content\/uploads\/sites\/13\/2020\/11\/DEPESCHE-International-Logo.jpg\" \/>\n\t<meta property=\"og:image:width\" content=\"1228\" \/>\n\t<meta property=\"og:image:height\" content=\"236\" \/>\n\t<meta property=\"og:image:type\" content=\"image\/jpeg\" \/>\n<meta name=\"twitter:card\" content=\"summary_large_image\" \/>\n<meta name=\"twitter:label1\" content=\"Tiempo de lectura\" \/>\n\t<meta name=\"twitter:data1\" content=\"2 minutos\" \/>\n<script type=\"application\/ld+json\" class=\"yoast-schema-graph\">{\"@context\":\"https:\/\/schema.org\",\"@graph\":[{\"@type\":\"WebPage\",\"@id\":\"https:\/\/top-model.biz\/es\/aviso-legal\/\",\"url\":\"https:\/\/top-model.biz\/es\/aviso-legal\/\",\"name\":\"Aviso Legal - TOPModel by Depesche Espana\",\"isPartOf\":{\"@id\":\"https:\/\/top-model.biz\/es\/#website\"},\"primaryImageOfPage\":{\"@id\":\"https:\/\/top-model.biz\/es\/aviso-legal\/#primaryimage\"},\"image\":{\"@id\":\"https:\/\/top-model.biz\/es\/aviso-legal\/#primaryimage\"},\"thumbnailUrl\":\"https:\/\/top-model.biz\/es\/wp-content\/uploads\/sites\/13\/2020\/11\/DEPESCHE-International-Logo-300x58.jpg\",\"datePublished\":\"2019-12-03T05:09:46+00:00\",\"dateModified\":\"2026-02-20T17:42:33+00:00\",\"inLanguage\":\"es\",\"potentialAction\":[{\"@type\":\"ReadAction\",\"target\":[\"https:\/\/top-model.biz\/es\/aviso-legal\/\"]}]},{\"@type\":\"ImageObject\",\"inLanguage\":\"es\",\"@id\":\"https:\/\/top-model.biz\/es\/aviso-legal\/#primaryimage\",\"url\":\"https:\/\/top-model.biz\/es\/wp-content\/uploads\/sites\/13\/2020\/11\/DEPESCHE-International-Logo.jpg\",\"contentUrl\":\"https:\/\/top-model.biz\/es\/wp-content\/uploads\/sites\/13\/2020\/11\/DEPESCHE-International-Logo.jpg\",\"width\":1228,\"height\":236},{\"@type\":\"WebSite\",\"@id\":\"https:\/\/top-model.biz\/es\/#website\",\"url\":\"https:\/\/top-model.biz\/es\/\",\"name\":\"TOPModel by Depesche Espana\",\"description\":\"TOPModel by Depesche\",\"publisher\":{\"@id\":\"https:\/\/top-model.biz\/es\/#organization\"},\"potentialAction\":[{\"@type\":\"SearchAction\",\"target\":{\"@type\":\"EntryPoint\",\"urlTemplate\":\"https:\/\/top-model.biz\/es\/?s={search_term_string}\"},\"query-input\":{\"@type\":\"PropertyValueSpecification\",\"valueRequired\":true,\"valueName\":\"search_term_string\"}}],\"inLanguage\":\"es\"},{\"@type\":\"Organization\",\"@id\":\"https:\/\/top-model.biz\/es\/#organization\",\"name\":\"TOPModel by Depesche GmbH & Co. KG\",\"url\":\"https:\/\/top-model.biz\/es\/\",\"logo\":{\"@type\":\"ImageObject\",\"inLanguage\":\"es\",\"@id\":\"https:\/\/top-model.biz\/es\/#\/schema\/logo\/image\/\",\"url\":\"https:\/\/top-model.biz\/es\/wp-content\/uploads\/sites\/13\/2020\/01\/depeschelogo_72dpi.jpg\",\"contentUrl\":\"https:\/\/top-model.biz\/es\/wp-content\/uploads\/sites\/13\/2020\/01\/depeschelogo_72dpi.jpg\",\"width\":1600,\"height\":620,\"caption\":\"TOPModel by Depesche GmbH & Co. KG\"},\"image\":{\"@id\":\"https:\/\/top-model.biz\/es\/#\/schema\/logo\/image\/\"},\"sameAs\":[\"https:\/\/www.facebook.com\/TOPModel.by.Depesche.UK\",\"https:\/\/www.instagram.com\/topmodel_international\"]}]}<\/script>\n<!-- \/ Yoast SEO Premium plugin. -->","yoast_head_json":{"title":"Aviso Legal - TOPModel by Depesche Espana","robots":{"index":"index","follow":"follow","max-snippet":"max-snippet:-1","max-image-preview":"max-image-preview:large","max-video-preview":"max-video-preview:-1"},"canonical":"https:\/\/top-model.biz\/es\/aviso-legal\/","og_locale":"es_ES","og_type":"article","og_title":"Aviso Legal","og_description":"Aqu\u00ed encontrar\u00e1 todas las informaciones relevantes sobre la identificaci\u00f3n del proveedor. Si hay alguna raz\u00f3n para quejarse por los contenidos o la presentaci\u00f3n de nuestra p\u00e1gina web, inf\u00f3rmenos por correo electr\u00f3nico o correo postal. Las disconformidades ser\u00e1n revisadas r\u00e1pidamente y la causa de una queja leg\u00edtima ser\u00e1 eliminada de inmediato. proveedor Depesche Espa\u00f1a Sucursal de [&hellip;]","og_url":"https:\/\/top-model.biz\/es\/aviso-legal\/","og_site_name":"TOPModel by Depesche Espana","article_publisher":"https:\/\/www.facebook.com\/TOPModel.by.Depesche.UK","article_modified_time":"2026-02-20T17:42:33+00:00","og_image":[{"width":1228,"height":236,"url":"https:\/\/top-model.biz\/es\/wp-content\/uploads\/sites\/13\/2020\/11\/DEPESCHE-International-Logo.jpg","type":"image\/jpeg"}],"twitter_card":"summary_large_image","twitter_misc":{"Tiempo de lectura":"2 minutos"},"schema":{"@context":"https:\/\/schema.org","@graph":[{"@type":"WebPage","@id":"https:\/\/top-model.biz\/es\/aviso-legal\/","url":"https:\/\/top-model.biz\/es\/aviso-legal\/","name":"Aviso Legal - TOPModel by Depesche Espana","isPartOf":{"@id":"https:\/\/top-model.biz\/es\/#website"},"primaryImageOfPage":{"@id":"https:\/\/top-model.biz\/es\/aviso-legal\/#primaryimage"},"image":{"@id":"https:\/\/top-model.biz\/es\/aviso-legal\/#primaryimage"},"thumbnailUrl":"https:\/\/top-model.biz\/es\/wp-content\/uploads\/sites\/13\/2020\/11\/DEPESCHE-International-Logo-300x58.jpg","datePublished":"2019-12-03T05:09:46+00:00","dateModified":"2026-02-20T17:42:33+00:00","inLanguage":"es","potentialAction":[{"@type":"ReadAction","target":["https:\/\/top-model.biz\/es\/aviso-legal\/"]}]},{"@type":"ImageObject","inLanguage":"es","@id":"https:\/\/top-model.biz\/es\/aviso-legal\/#primaryimage","url":"https:\/\/top-model.biz\/es\/wp-content\/uploads\/sites\/13\/2020\/11\/DEPESCHE-International-Logo.jpg","contentUrl":"https:\/\/top-model.biz\/es\/wp-content\/uploads\/sites\/13\/2020\/11\/DEPESCHE-International-Logo.jpg","width":1228,"height":236},{"@type":"WebSite","@id":"https:\/\/top-model.biz\/es\/#website","url":"https:\/\/top-model.biz\/es\/","name":"TOPModel by Depesche Espana","description":"TOPModel by Depesche","publisher":{"@id":"https:\/\/top-model.biz\/es\/#organization"},"potentialAction":[{"@type":"SearchAction","target":{"@type":"EntryPoint","urlTemplate":"https:\/\/top-model.biz\/es\/?s={search_term_string}"},"query-input":{"@type":"PropertyValueSpecification","valueRequired":true,"valueName":"search_term_string"}}],"inLanguage":"es"},{"@type":"Organization","@id":"https:\/\/top-model.biz\/es\/#organization","name":"TOPModel by Depesche GmbH & Co. KG","url":"https:\/\/top-model.biz\/es\/","logo":{"@type":"ImageObject","inLanguage":"es","@id":"https:\/\/top-model.biz\/es\/#\/schema\/logo\/image\/","url":"https:\/\/top-model.biz\/es\/wp-content\/uploads\/sites\/13\/2020\/01\/depeschelogo_72dpi.jpg","contentUrl":"https:\/\/top-model.biz\/es\/wp-content\/uploads\/sites\/13\/2020\/01\/depeschelogo_72dpi.jpg","width":1600,"height":620,"caption":"TOPModel by Depesche GmbH & Co. KG"},"image":{"@id":"https:\/\/top-model.biz\/es\/#\/schema\/logo\/image\/"},"sameAs":["https:\/\/www.facebook.com\/TOPModel.by.Depesche.UK","https:\/\/www.instagram.com\/topmodel_international"]}]}},"_links":{"self":[{"href":"https:\/\/top-model.biz\/es\/wp-json\/wp\/v2\/pages\/25","targetHints":{"allow":["GET"]}}],"collection":[{"href":"https:\/\/top-model.biz\/es\/wp-json\/wp\/v2\/pages"}],"about":[{"href":"https:\/\/top-model.biz\/es\/wp-json\/wp\/v2\/types\/page"}],"author":[{"embeddable":true,"href":"https:\/\/top-model.biz\/es\/wp-json\/wp\/v2\/users\/1"}],"replies":[{"embeddable":true,"href":"https:\/\/top-model.biz\/es\/wp-json\/wp\/v2\/comments?post=25"}],"version-history":[{"count":11,"href":"https:\/\/top-model.biz\/es\/wp-json\/wp\/v2\/pages\/25\/revisions"}],"predecessor-version":[{"id":8014,"href":"https:\/\/top-model.biz\/es\/wp-json\/wp\/v2\/pages\/25\/revisions\/8014"}],"wp:attachment":[{"href":"https:\/\/top-model.biz\/es\/wp-json\/wp\/v2\/media?parent=25"}],"curies":[{"name":"wp","href":"https:\/\/api.w.org\/{rel}","templated":true}]}}