{"id":25,"date":"2019-12-03T06:09:46","date_gmt":"2019-12-03T05:09:46","guid":{"rendered":"https:\/\/top-model.biz\/?page_id=25"},"modified":"2026-02-20T18:41:58","modified_gmt":"2026-02-20T17:41:58","slug":"imprint","status":"publish","type":"page","link":"https:\/\/top-model.biz\/en\/imprint\/","title":{"rendered":"Imprint"},"content":{"rendered":"<p>Here you will find all relevant information regarding provider identification. If there should be any reason for complaint regarding the content or presentation of our Internet pages, please let us know by e-mail or post. Any complaints submitted to us will be checked immediately and the cause of a justified complaint removed without delay.<\/p>\n<p><img loading=\"lazy\" decoding=\"async\" class=\"alignnone wp-image-6381 size-medium\" src=\"https:\/\/top-model.biz\/en\/wp-content\/uploads\/sites\/12\/2020\/11\/DEPESCHE-International-Logo-300x58.jpg\" alt=\"\" width=\"300\" height=\"58\" \/><\/p>\n<p><b>Provider i.S.d. \u00a7 5 TMG<br \/>\n<\/b>DEPESCHE (UK) LIMITED<br \/>\nCarnac Place, Cams Hall Estate<br \/>\nFareham<br \/>\nPO16 8UY Portsmouth<br \/>\nUnited Kingdom<\/p>\n<p><b>Represented by the personally liable partner:<\/b><br \/>\nmanagement company \u201cDepesche\u201d Vertrieb mbH<br \/>\nVierlander Str. 14<br \/>\nD-21502 Geesthacht<br \/>\nManaging director: Kjeld Schi\u00f8tz, Dine Schi\u00f8tz, Nynne Schi\u00f8tz<br \/>\nCommercial register: HRB 487 GE<br \/>\nRegistration court: L\u00fcbeck<\/p>\n<p><b>Contact<\/b><br \/>\n0044 \u2013 115-3475290<br \/>\neditorial-office@depesche.com<\/p>\n<p><b>VAT<\/b><br \/>\nVAT identification number in accordance with \u00a727 a German VAT Act: DE174223143<br \/>\nResponsible for the content in accordance with \u00a7 55 para. 2 of the German RStV (Interstate Broadcasting Treaty)<br \/>\nTina Hennig<br \/>\nDepesche Vertrieb GmbH &amp; Co. KG<br \/>\nVierlander Str. 14<br \/>\nD-21502 Geesthacht<\/p>\n<p><b>Conceptual work &amp; Webdesign<\/b><br \/>\nMartin Pahl \/ Creative Content \u2013 Creative Agency<br \/>\n<a href=\"https:\/\/www.pahlcc.de\/\" target=\"_blank\" rel=\"noopener noreferrer\">https:\/\/www.pahlcc.de\/<\/a><\/p>\n<p><b>Web development, front and back end concept<\/b><br \/>\nSaskia Teichmann \/ isla Studio WordPress Web Development<br \/>\n<a title=\"WordPress Webentwicklung - Themes und Plugins\" href=\"https:\/\/isla-stud.io\/\" target=\"_blank\">https:\/\/isla-stud.io\/<\/a><\/p>\n<p><b>Dispute Settlement<\/b><br \/>\nThe European Commission provides a platform for online dispute settlement (OS): <a href=\"https:\/\/ec.europa.eu\/consumers\/odr\" target=\"_blank\" rel=\"noopener noreferrer\">https:\/\/ec.europa.eu\/consumers\/odr<\/a>.<br \/>\nWe are neither willing nor obliged to participate in dispute settlement proceedings before a consumer arbitration service.<\/p>\n","protected":false},"excerpt":{"rendered":"<p>Here you will find all relevant information regarding provider identification. If there should be any reason for complaint regarding the content or presentation of our Internet pages, please let us know by e-mail or post. Any complaints submitted to us will be checked immediately and the cause of a justified complaint removed without delay. Provider [&hellip;]<\/p>\n","protected":false},"author":1,"featured_media":0,"parent":0,"menu_order":0,"comment_status":"closed","ping_status":"closed","template":"page_simple.php","meta":{"_acf_changed":false,"_et_pb_use_builder":"off","_et_pb_old_content":"","_et_gb_content_width":"","footnotes":""},"class_list":["post-25","page","type-page","status-publish","hentry"],"acf":[],"yoast_head":"<!-- This site is optimized with the Yoast SEO Premium plugin v24.2 (Yoast SEO v27.2) - https:\/\/yoast.com\/product\/yoast-seo-premium-wordpress\/ -->\n<title>Imprint - TOPModel by Depesche UK<\/title>\n<meta name=\"robots\" content=\"index, follow, max-snippet:-1, max-image-preview:large, max-video-preview:-1\" \/>\n<link rel=\"canonical\" href=\"https:\/\/top-model.biz\/en\/imprint\/\" \/>\n<meta property=\"og:locale\" content=\"en_US\" \/>\n<meta property=\"og:type\" content=\"article\" \/>\n<meta property=\"og:title\" content=\"Imprint\" \/>\n<meta property=\"og:description\" content=\"Here you will find all relevant information regarding provider identification. If there should be any reason for complaint regarding the content or presentation of our Internet pages, please let us know by e-mail or post. Any complaints submitted to us will be checked immediately and the cause of a justified complaint removed without delay. Provider [&hellip;]\" \/>\n<meta property=\"og:url\" content=\"https:\/\/top-model.biz\/en\/imprint\/\" \/>\n<meta property=\"og:site_name\" content=\"TOPModel by Depesche UK\" \/>\n<meta property=\"article:publisher\" content=\"https:\/\/www.facebook.com\/TOPModel.by.Depesche.UK\" \/>\n<meta property=\"article:modified_time\" content=\"2026-02-20T17:41:58+00:00\" \/>\n<meta property=\"og:image\" content=\"https:\/\/top-model.biz\/en\/wp-content\/uploads\/sites\/12\/2020\/11\/DEPESCHE-International-Logo.jpg\" \/>\n\t<meta property=\"og:image:width\" content=\"1228\" \/>\n\t<meta property=\"og:image:height\" content=\"236\" \/>\n\t<meta property=\"og:image:type\" content=\"image\/jpeg\" \/>\n<meta name=\"twitter:card\" content=\"summary_large_image\" \/>\n<meta name=\"twitter:label1\" content=\"Est. reading time\" \/>\n\t<meta name=\"twitter:data1\" content=\"2 minutes\" \/>\n<script type=\"application\/ld+json\" class=\"yoast-schema-graph\">{\"@context\":\"https:\/\/schema.org\",\"@graph\":[{\"@type\":\"WebPage\",\"@id\":\"https:\/\/top-model.biz\/en\/imprint\/\",\"url\":\"https:\/\/top-model.biz\/en\/imprint\/\",\"name\":\"Imprint - TOPModel by Depesche UK\",\"isPartOf\":{\"@id\":\"https:\/\/top-model.biz\/en\/#website\"},\"primaryImageOfPage\":{\"@id\":\"https:\/\/top-model.biz\/en\/imprint\/#primaryimage\"},\"image\":{\"@id\":\"https:\/\/top-model.biz\/en\/imprint\/#primaryimage\"},\"thumbnailUrl\":\"https:\/\/top-model.biz\/en\/wp-content\/uploads\/sites\/12\/2020\/11\/DEPESCHE-International-Logo-300x58.jpg\",\"datePublished\":\"2019-12-03T05:09:46+00:00\",\"dateModified\":\"2026-02-20T17:41:58+00:00\",\"inLanguage\":\"en-US\",\"potentialAction\":[{\"@type\":\"ReadAction\",\"target\":[\"https:\/\/top-model.biz\/en\/imprint\/\"]}]},{\"@type\":\"ImageObject\",\"inLanguage\":\"en-US\",\"@id\":\"https:\/\/top-model.biz\/en\/imprint\/#primaryimage\",\"url\":\"https:\/\/top-model.biz\/en\/wp-content\/uploads\/sites\/12\/2020\/11\/DEPESCHE-International-Logo.jpg\",\"contentUrl\":\"https:\/\/top-model.biz\/en\/wp-content\/uploads\/sites\/12\/2020\/11\/DEPESCHE-International-Logo.jpg\",\"width\":1228,\"height\":236},{\"@type\":\"WebSite\",\"@id\":\"https:\/\/top-model.biz\/en\/#website\",\"url\":\"https:\/\/top-model.biz\/en\/\",\"name\":\"TOPModel by Depesche UK\",\"description\":\"TOPModel by Depesche UK\",\"publisher\":{\"@id\":\"https:\/\/top-model.biz\/en\/#organization\"},\"potentialAction\":[{\"@type\":\"SearchAction\",\"target\":{\"@type\":\"EntryPoint\",\"urlTemplate\":\"https:\/\/top-model.biz\/en\/?s={search_term_string}\"},\"query-input\":{\"@type\":\"PropertyValueSpecification\",\"valueRequired\":true,\"valueName\":\"search_term_string\"}}],\"inLanguage\":\"en-US\"},{\"@type\":\"Organization\",\"@id\":\"https:\/\/top-model.biz\/en\/#organization\",\"name\":\"TOPModel by Depesche GmbH & Co. KG\",\"url\":\"https:\/\/top-model.biz\/en\/\",\"logo\":{\"@type\":\"ImageObject\",\"inLanguage\":\"en-US\",\"@id\":\"https:\/\/top-model.biz\/en\/#\/schema\/logo\/image\/\",\"url\":\"https:\/\/top-model.biz\/en\/wp-content\/uploads\/sites\/12\/2020\/01\/depeschelogo_72dpi.jpg\",\"contentUrl\":\"https:\/\/top-model.biz\/en\/wp-content\/uploads\/sites\/12\/2020\/01\/depeschelogo_72dpi.jpg\",\"width\":1600,\"height\":620,\"caption\":\"TOPModel by Depesche GmbH & Co. KG\"},\"image\":{\"@id\":\"https:\/\/top-model.biz\/en\/#\/schema\/logo\/image\/\"},\"sameAs\":[\"https:\/\/www.facebook.com\/TOPModel.by.Depesche.UK\",\"https:\/\/www.instagram.com\/topmodel_international\"]}]}<\/script>\n<!-- \/ Yoast SEO Premium plugin. -->","yoast_head_json":{"title":"Imprint - TOPModel by Depesche UK","robots":{"index":"index","follow":"follow","max-snippet":"max-snippet:-1","max-image-preview":"max-image-preview:large","max-video-preview":"max-video-preview:-1"},"canonical":"https:\/\/top-model.biz\/en\/imprint\/","og_locale":"en_US","og_type":"article","og_title":"Imprint","og_description":"Here you will find all relevant information regarding provider identification. If there should be any reason for complaint regarding the content or presentation of our Internet pages, please let us know by e-mail or post. Any complaints submitted to us will be checked immediately and the cause of a justified complaint removed without delay. Provider [&hellip;]","og_url":"https:\/\/top-model.biz\/en\/imprint\/","og_site_name":"TOPModel by Depesche UK","article_publisher":"https:\/\/www.facebook.com\/TOPModel.by.Depesche.UK","article_modified_time":"2026-02-20T17:41:58+00:00","og_image":[{"width":1228,"height":236,"url":"https:\/\/top-model.biz\/en\/wp-content\/uploads\/sites\/12\/2020\/11\/DEPESCHE-International-Logo.jpg","type":"image\/jpeg"}],"twitter_card":"summary_large_image","twitter_misc":{"Est. reading time":"2 minutes"},"schema":{"@context":"https:\/\/schema.org","@graph":[{"@type":"WebPage","@id":"https:\/\/top-model.biz\/en\/imprint\/","url":"https:\/\/top-model.biz\/en\/imprint\/","name":"Imprint - TOPModel by Depesche UK","isPartOf":{"@id":"https:\/\/top-model.biz\/en\/#website"},"primaryImageOfPage":{"@id":"https:\/\/top-model.biz\/en\/imprint\/#primaryimage"},"image":{"@id":"https:\/\/top-model.biz\/en\/imprint\/#primaryimage"},"thumbnailUrl":"https:\/\/top-model.biz\/en\/wp-content\/uploads\/sites\/12\/2020\/11\/DEPESCHE-International-Logo-300x58.jpg","datePublished":"2019-12-03T05:09:46+00:00","dateModified":"2026-02-20T17:41:58+00:00","inLanguage":"en-US","potentialAction":[{"@type":"ReadAction","target":["https:\/\/top-model.biz\/en\/imprint\/"]}]},{"@type":"ImageObject","inLanguage":"en-US","@id":"https:\/\/top-model.biz\/en\/imprint\/#primaryimage","url":"https:\/\/top-model.biz\/en\/wp-content\/uploads\/sites\/12\/2020\/11\/DEPESCHE-International-Logo.jpg","contentUrl":"https:\/\/top-model.biz\/en\/wp-content\/uploads\/sites\/12\/2020\/11\/DEPESCHE-International-Logo.jpg","width":1228,"height":236},{"@type":"WebSite","@id":"https:\/\/top-model.biz\/en\/#website","url":"https:\/\/top-model.biz\/en\/","name":"TOPModel by Depesche UK","description":"TOPModel by Depesche UK","publisher":{"@id":"https:\/\/top-model.biz\/en\/#organization"},"potentialAction":[{"@type":"SearchAction","target":{"@type":"EntryPoint","urlTemplate":"https:\/\/top-model.biz\/en\/?s={search_term_string}"},"query-input":{"@type":"PropertyValueSpecification","valueRequired":true,"valueName":"search_term_string"}}],"inLanguage":"en-US"},{"@type":"Organization","@id":"https:\/\/top-model.biz\/en\/#organization","name":"TOPModel by Depesche GmbH & Co. KG","url":"https:\/\/top-model.biz\/en\/","logo":{"@type":"ImageObject","inLanguage":"en-US","@id":"https:\/\/top-model.biz\/en\/#\/schema\/logo\/image\/","url":"https:\/\/top-model.biz\/en\/wp-content\/uploads\/sites\/12\/2020\/01\/depeschelogo_72dpi.jpg","contentUrl":"https:\/\/top-model.biz\/en\/wp-content\/uploads\/sites\/12\/2020\/01\/depeschelogo_72dpi.jpg","width":1600,"height":620,"caption":"TOPModel by Depesche GmbH & Co. KG"},"image":{"@id":"https:\/\/top-model.biz\/en\/#\/schema\/logo\/image\/"},"sameAs":["https:\/\/www.facebook.com\/TOPModel.by.Depesche.UK","https:\/\/www.instagram.com\/topmodel_international"]}]}},"_links":{"self":[{"href":"https:\/\/top-model.biz\/en\/wp-json\/wp\/v2\/pages\/25","targetHints":{"allow":["GET"]}}],"collection":[{"href":"https:\/\/top-model.biz\/en\/wp-json\/wp\/v2\/pages"}],"about":[{"href":"https:\/\/top-model.biz\/en\/wp-json\/wp\/v2\/types\/page"}],"author":[{"embeddable":true,"href":"https:\/\/top-model.biz\/en\/wp-json\/wp\/v2\/users\/1"}],"replies":[{"embeddable":true,"href":"https:\/\/top-model.biz\/en\/wp-json\/wp\/v2\/comments?post=25"}],"version-history":[{"count":11,"href":"https:\/\/top-model.biz\/en\/wp-json\/wp\/v2\/pages\/25\/revisions"}],"predecessor-version":[{"id":8362,"href":"https:\/\/top-model.biz\/en\/wp-json\/wp\/v2\/pages\/25\/revisions\/8362"}],"wp:attachment":[{"href":"https:\/\/top-model.biz\/en\/wp-json\/wp\/v2\/media?parent=25"}],"curies":[{"name":"wp","href":"https:\/\/api.w.org\/{rel}","templated":true}]}}