{"id":61,"date":"2019-12-03T06:16:53","date_gmt":"2019-12-03T05:16:53","guid":{"rendered":"https:\/\/top-model.biz\/?page_id=61"},"modified":"2025-04-10T02:11:21","modified_gmt":"2025-04-10T00:11:21","slug":"upload-kunstvaerker","status":"publish","type":"page","link":"https:\/\/top-model.biz\/da\/upload-kunstvaerker\/","title":{"rendered":"Upload kunstv\u00e6rker"},"content":{"rendered":"<p>[et_pb_section fb_built=&#8221;1&#8243; custom_padding_last_edited=&#8221;on|phone&#8221; _builder_version=&#8221;4.16&#8243; custom_padding=&#8221;||30px|||&#8221; custom_padding_tablet=&#8221;||0px||false|false&#8221; custom_padding_phone=&#8221;&#8221; global_colors_info=&#8221;{}&#8221;][et_pb_row _builder_version=&#8221;4.16&#8243; custom_padding=&#8221;||5px|||&#8221; custom_css_main_element=&#8221;text-align: center;&#8221; global_colors_info=&#8221;{}&#8221;][et_pb_column type=&#8221;4_4&#8243; _builder_version=&#8221;4.16&#8243; global_colors_info=&#8221;{}&#8221;][et_pb_text module_class=&#8221;homeblurb burtonheading waveline headmbot&#8221; _builder_version=&#8221;4.16&#8243; header_text_align=&#8221;center&#8221; header_font_size=&#8221;76px&#8221; header_2_font_size=&#8221;49px&#8221; text_orientation=&#8221;center&#8221; max_width=&#8221;850px&#8221; max_width_tablet=&#8221;600px&#8221; max_width_phone=&#8221;100%&#8221; max_width_last_edited=&#8221;on|phone&#8221; header_font_size_tablet=&#8221;52px&#8221; header_font_size_phone=&#8221;40px&#8221; header_font_size_last_edited=&#8221;on|phone&#8221; header_2_font_size_tablet=&#8221;44px&#8221; header_2_font_size_phone=&#8221;38px&#8221; header_2_font_size_last_edited=&#8221;on|phone&#8221; custom_css_main_element=&#8221;display: inline-block;||position: relative;&#8221; global_colors_info=&#8221;{}&#8221;]<\/p>\n<h1>Upload kunstv\u00e6rker<\/h1>\n<p>V\u00e6r kreativ \u2013 vis os dine sejeste outfits!<\/p>\n<p>[\/et_pb_text][\/et_pb_column][\/et_pb_row][\/et_pb_section][et_pb_section fb_built=&#8221;1&#8243; _builder_version=&#8221;4.16&#8243; background_image=&#8221;https:\/\/top-model.biz\/wp-content\/uploads\/2020\/01\/topmodel_upload_sogehts_welle-18.svg&#8221; background_position=&#8221;bottom_center&#8221; custom_padding=&#8221;0px||0px|||&#8221; global_colors_info=&#8221;{}&#8221;][et_pb_row make_equal=&#8221;on&#8221; custom_padding_last_edited=&#8221;off|desktop&#8221; _builder_version=&#8221;4.16&#8243; background_enable_image=&#8221;off&#8221; background_size=&#8221;contain&#8221; background_position=&#8221;bottom_right&#8221; width_last_edited=&#8221;off|desktop&#8221; max_width=&#8221;1080px&#8221; height=&#8221;100%&#8221; custom_padding=&#8221;0px||0px||false|false&#8221; custom_padding_tablet=&#8221;50px||480px||false|false&#8221; global_colors_info=&#8221;{}&#8221; custom_css_main_element_last_edited=&#8221;off|tablet&#8221;][et_pb_column type=&#8221;4_4&#8243; module_class=&#8221;upload_info_model&#8221; _builder_version=&#8221;4.16&#8243; background_enable_image=&#8221;off&#8221; background_size=&#8221;contain&#8221; background_position=&#8221;bottom_left&#8221; custom_css_main_element=&#8221;max-width: 445px;||position: relative;||height: 100%;&#8221; custom_css_after=&#8221;content: &#8221;;||background-image: url(&#8216;\/wp-content\/uploads\/2020\/01\/topmodel_upload_sogehts_talita.png&#8217;);||position: absolute;||display: block;||width: 578px;||height: 100%;||bottom: 0;||background-size: contain;||background-repeat: no-repeat;||left: 465px;||background-position: left bottom;&#8221; global_colors_info=&#8221;{}&#8221; custom_css_after_last_edited=&#8221;on|phone&#8221; custom_css_after_tablet=&#8221;content: &#8221;;||background-image: url(&#8216;\/wp-content\/uploads\/2020\/01\/topmodel_upload_sogehts_talita.png&#8217;);||position: absolute;||display: block;||width: 578px;||height: 100%;||bottom: 0;||background-size: contain;||background-repeat: no-repeat;||left: 394px;||background-position: left bottom;&#8221; custom_css_after_phone=&#8221;content: &#8221;;||    background-image: url(\/wp-content\/uploads\/2020\/01\/topmodel_upload_sogehts_talita.png);||    position: absolute;||    display: block;||    width: 487px;||    height: 100%;||    bottom: 0;||    background-size: contain;||    background-repeat: no-repeat;||    left: 236px;||    background-position: bottom;&#8221;][et_pb_text module_class=&#8221;homeblurb burtonheading heading_waveline_left upload_info&#8221; _builder_version=&#8221;4.16&#8243; text_font_size=&#8221;22px&#8221; header_2_font_size=&#8221;49px&#8221; background_enable_color=&#8221;off&#8221; background_image=&#8221;https:\/\/top-model.biz\/wp-content\/uploads\/2020\/01\/topmodel_upload_sogehts_box.png&#8221; background_size=&#8221;contain&#8221; width=&#8221;445px&#8221; width_tablet=&#8221;394px&#8221; width_phone=&#8221;&#8221; width_last_edited=&#8221;on|tablet&#8221; max_width_tablet=&#8221;340px&#8221; max_width_last_edited=&#8221;off|desktop&#8221; height=&#8221;440px&#8221; height_tablet=&#8221;440px&#8221; height_phone=&#8221;440px&#8221; height_last_edited=&#8221;on|phone&#8221; custom_margin=&#8221;70px||100px||false|false&#8221; custom_margin_tablet=&#8221;40px||100px||false|false&#8221; custom_margin_phone=&#8221;0px||300px||false|false&#8221; custom_margin_last_edited=&#8221;on|tablet&#8221; custom_padding=&#8221;60px|60px|60px|60px|false|false&#8221; custom_padding_tablet=&#8221;&#8221; custom_padding_phone=&#8221;30px|40px|30px|40px|false|false&#8221; custom_padding_last_edited=&#8221;on|phone&#8221; text_font_size_tablet=&#8221;20px&#8221; text_font_size_phone=&#8221;18px&#8221; text_font_size_last_edited=&#8221;on|phone&#8221; module_alignment_tablet=&#8221;left&#8221; module_alignment_phone=&#8221;&#8221; module_alignment_last_edited=&#8221;on|tablet&#8221; custom_css_main_element=&#8221;display: -webkit-box;||  display: -moz-box;||  display: -webkit-flex;||  display: -ms-flexbox;||  display: flex;||  align-items: center;||  justify-content: center;&#8221; border_radii=&#8221;on|10px|10px|10px|10px&#8221; border_style_all=&#8221;none&#8221; global_colors_info=&#8221;{}&#8221;]<\/p>\n<p><strong style=\"font-size: 1.6em;\">S\u00e5dan g\u00f8r du:<\/strong><\/p>\n<ol class=\"fa-ol\">\n<li>Tegn et design p\u00e5 en TOPModel skabelon<\/li>\n<li>Scan eller tag et billede af dit design<\/li>\n<li>Upload dit billede og f\u00e5 dit kunstv\u00e6rk vist i galleriet her p\u00e5 hjemmesiden eller p\u00e5 vores instagram profil<\/li>\n<\/ol>\n<p>[\/et_pb_text][\/et_pb_column][\/et_pb_row][\/et_pb_section][et_pb_section fb_built=&#8221;1&#8243; use_custom_gutter=&#8221;on&#8221; gutter_width=&#8221;2&#8243; specialty=&#8221;on&#8221; padding_top_1=&#8221;0px&#8221; padding_top_2=&#8221;0px&#8221; padding_bottom_1=&#8221;0px&#8221; padding_bottom_2=&#8221;0px&#8221; padding_top_bottom_link_1=&#8221;false&#8221; padding_top_bottom_link_2=&#8221;false&#8221; padding_left_right_link_1=&#8221;false&#8221; padding_left_right_link_2=&#8221;false&#8221; custom_css_main_1=&#8221;margin-top: 0 !important;||padding-top: 0 !important;||margin-bottom: 0 !important;||padding-bottom: 0 !important;&#8221; custom_css_main_2=&#8221;z-index: 1;||margin-top: 0 !important;||padding-top: 0 !important;||margin-bottom: 0 !important;||padding-bottom: 0 !important;&#8221; _builder_version=&#8221;4.16&#8243; background_image=&#8221;https:\/\/top-model.biz\/wp-content\/uploads\/2020\/01\/topmodel_upload_formular_bg.jpg&#8221; background_position=&#8221;bottom_left&#8221; inner_width_tablet=&#8221;95%&#8221; inner_width_phone=&#8221;&#8221; inner_width_last_edited=&#8221;on|desktop&#8221; inner_max_width=&#8221;1400px&#8221; overflow-x=&#8221;hidden&#8221; overflow-y=&#8221;hidden&#8221; custom_margin=&#8221;0px||0px||false|false&#8221; custom_padding=&#8221;0px||0px||false|false&#8221; custom_css_main_element=&#8221;position: relative;||z-index: 1;&#8221; global_colors_info=&#8221;{}&#8221; custom_css_main_element_last_edited=&#8221;on|phone&#8221; custom_css_main_element_phone=&#8221;    background-position: 27% 0%!important;||    background-size: 1237px!important;||position: relative;||z-index: 1;&#8221; custom_css_main_element_tablet=&#8221;position: relative;||z-index: 1;&#8221;][et_pb_column type=&#8221;1_2&#8243; specialty_columns=&#8221;2&#8243; _builder_version=&#8221;4.16&#8243; custom_padding=&#8221;|||&#8221; global_colors_info=&#8221;{}&#8221; custom_padding__hover=&#8221;|||&#8221;][et_pb_row_inner _builder_version=&#8221;4.16&#8243; height=&#8221;100%&#8221; custom_padding=&#8221;||0px|||&#8221; global_colors_info=&#8221;{}&#8221;][et_pb_column_inner saved_specialty_column_type=&#8221;1_2&#8243; _builder_version=&#8221;4.16&#8243; custom_css_main_element=&#8221;position: relative;||height: 100%;&#8221; global_colors_info=&#8221;{}&#8221;][et_pb_divider show_divider=&#8221;off&#8221; disabled_on=&#8221;off|on|on&#8221; _builder_version=&#8221;4.16&#8243; height=&#8221;300px&#8221; global_colors_info=&#8221;{}&#8221;][\/et_pb_divider][\/et_pb_column_inner][\/et_pb_row_inner][\/et_pb_column][et_pb_column type=&#8221;1_2&#8243; _builder_version=&#8221;4.16&#8243; custom_padding=&#8221;|||&#8221; global_colors_info=&#8221;{}&#8221; custom_padding__hover=&#8221;|||&#8221;][et_pb_text module_id=&#8221;upload-formular&#8221; module_class=&#8221;homeblurb burtonheading heading_waveline_left text_vor_bgpseudo upload_formular_modul&#8221; _builder_version=&#8221;4.16&#8243; header_2_font_size=&#8221;49px&#8221; background_color=&#8221;#404040&#8243; background_layout=&#8221;dark&#8221; max_width=&#8221;540px&#8221; max_width_tablet=&#8221;480px&#8221; max_width_phone=&#8221;80%&#8221; max_width_last_edited=&#8221;on|tablet&#8221; module_alignment=&#8221;right&#8221; custom_margin=&#8221;70px||70px||false|false&#8221; custom_padding=&#8221;40px|40px|40px|40px|false|false&#8221; custom_padding_tablet=&#8221;&#8221; custom_padding_phone=&#8221;30px|30px|30px|30px|false|false&#8221; custom_padding_last_edited=&#8221;on|desktop&#8221; header_2_font_size_tablet=&#8221;44px&#8221; header_2_font_size_phone=&#8221;38px&#8221; header_2_font_size_last_edited=&#8221;on|phone&#8221; module_alignment_tablet=&#8221;right&#8221; module_alignment_phone=&#8221;center&#8221; module_alignment_last_edited=&#8221;on|phone&#8221; custom_css_before=&#8221;content: %22%22;||display: inline-block;||position: absolute;||background-color: #ffffff;||width: 1200px;||height: 1200px;||-webkit-border-radius: 100%;||-moz-border-radius: 100%;||border-radius: 100%;||-webkit-box-shadow: 6px 6px 20px 0px rgba(0,0,0,0.24);||-moz-box-shadow: 6px 6px 20px 0px rgba(0,0,0,0.24);||box-shadow: 6px 6px 20px 0px rgba(0,0,0,0.24);||z-index: -2;||left: -220px;||top: calc(50% &#8211; 600px);||background-size: contain;||background-repeat: no-repeat;&#8221; custom_css_main_element=&#8221;position: relative;||overflow: unset;&#8221; custom_css_after=&#8221;content: %22%22;||display: block;||background-image: url(&#8216;\/wp-content\/uploads\/2020\/01\/topmodel_upload_formular_nyela.png&#8217;);||    max-width: 713px;||    width: 130%;||height: calc(100% + 140px);||position: absolute;||bottom: -70px;||left: -125%;||background-size: contain;||background-repeat: no-repeat;||z-index: 1;||background-position: bottom center;&#8221; border_radii=&#8221;on|10px|10px|10px|10px&#8221; global_colors_info=&#8221;{}&#8221; custom_css_main_element__hover_enabled=&#8221;on|desktop&#8221; custom_css_after_last_edited=&#8221;on|phone&#8221; custom_css_after_phone=&#8221;content: %22%22;||    display: block;||    background-image: url(\/wp-content\/uploads\/2020\/01\/topmodel_upload_formular_nyela.png);||    max-width: 753px;||    width: 143%;||    height: 410px;||    position: absolute;||    top: -410px;||    left: -22%;||    background-size: contain;||    background-repeat: no-repeat;||    z-index: -3;||    background-position: center;&#8221; custom_css_before_last_edited=&#8221;on|phone&#8221; custom_css_before_tablet=&#8221;content: %22%22;||    display: inline-block;||    position: absolute;||    background-color: #ffffff;||    width: 1000px;||    height: 2000px;||    -webkit-border-radius: 100%;||    -moz-border-radius: 100%;||    border-radius: 100%;||    -webkit-box-shadow: 6px 6px 20px 0px rgba(0,0,0,0.24);||    -moz-box-shadow: 6px 6px 20px 0px rgba(0,0,0,0.24);||    box-shadow: 6px 6px 20px 0px rgba(0,0,0,0.24);||    z-index: -2;||    left: -120px;||    top: calc(50% &#8211; 1000px);||    background-size: contain;||    background-repeat: no-repeat;&#8221; custom_css_after_tablet=&#8221;content: %22%22;||    display: block;||    background-image: url(\/wp-content\/uploads\/2020\/01\/topmodel_upload_formular_nyela_tablet.png);||    max-width: 345px;||    width: 120vw;||    height: calc(100% + 140px);||    position: absolute;||    bottom: -70px;||    left: -36vw;||    background-size: 39vw;||    background-repeat: no-repeat;||    z-index: 1;||    background-position: bottom center;&#8221; custom_css_before_phone=&#8221;content: %22%22;||    display: inline-block;||    position: absolute;||    background-color: #ffffff;||    width: 1600px;||    height: 200%;||    -webkit-border-radius: 100%;||    -moz-border-radius: 100%;||    border-radius: 100%;||    -webkit-box-shadow: 6px 6px 20px 0px rgba(0,0,0,0.24);||    -moz-box-shadow: 6px 6px 20px 0px rgba(0,0,0,0.24);||    box-shadow: 6px 6px 20px 0px rgba(0,0,0,0.24);||    z-index: -2;||    right: calc(50% &#8211; 800px);||    bottom: -95%;||    background-size: contain;||    background-repeat: no-repeat;&#8221; custom_css_main_element__hover=&#8221;position: relative;||overflow: unset;&#8221;]<\/p>\n<p style=\"font-size: 1.5em; font-weight: 600; line-height: 1.2em;\">Du kan nemt uploade din tegning til vores galleri her:<\/p>\n<p><div id=\"cf7_2_post_a55971ccff\" class=\"cf7_2_post cf7_form_2914\">\n<div class=\"wpcf7 no-js\" id=\"wpcf7-f2914-o1\" lang=\"de-DE\" dir=\"ltr\" data-wpcf7-id=\"2914\">\n<div class=\"screen-reader-response\"><p role=\"status\" aria-live=\"polite\" aria-atomic=\"true\"><\/p> <ul><\/ul><\/div>\n<form action=\"\/da\/wp-json\/wp\/v2\/pages\/61#wpcf7-f2914-o1\" method=\"post\" class=\"wpcf7-form init\" aria-label=\"Kontaktformular\" enctype=\"multipart\/form-data\" novalidate=\"novalidate\" data-status=\"init\">\n<fieldset class=\"hidden-fields-container\"><input type=\"hidden\" name=\"_wpcf7\" value=\"2914\" \/><input type=\"hidden\" name=\"_wpcf7_version\" value=\"6.1.5\" \/><input type=\"hidden\" name=\"_wpcf7_locale\" value=\"de_DE\" \/><input type=\"hidden\" name=\"_wpcf7_unit_tag\" value=\"wpcf7-f2914-o1\" \/><input type=\"hidden\" name=\"_wpcf7_container_post\" value=\"0\" \/><input type=\"hidden\" name=\"_wpcf7_posted_data_hash\" value=\"\" \/><input type=\"hidden\" name=\"_map_author\" value=\"1\" \/><input type=\"hidden\" name=\"_c2p_nonce\" value=\"2cf25e049e\" \/><input type=\"hidden\" name=\"_wpnonce\" value=\"fb52353e33\" \/><input type=\"hidden\" name=\"_wpcf7_recaptcha_response\" value=\"\" \/>\n<\/fieldset>\n<div class=\"upload-formular tm-form\">\n\t<div class=\"tm-form-row\">\n\t\t<div class=\"tm-form-col\">\n\t\t\t<p><span class=\"wpcf7-form-control-wrap\" data-name=\"your-first-name\"><input size=\"40\" maxlength=\"400\" class=\"wpcf7-form-control wpcf7-text wpcf7-validates-as-required\" aria-required=\"true\" aria-invalid=\"false\" placeholder=\"Fornavn*\" value=\"\" type=\"text\" name=\"your-first-name\" \/><\/span>\n\t\t\t<\/p>\n\t\t<\/div>\n\t\t<div class=\"tm-form-col\">\n\t\t\t<p><span class=\"wpcf7-form-control-wrap\" data-name=\"your-last-name\"><input size=\"40\" maxlength=\"400\" class=\"wpcf7-form-control wpcf7-text wpcf7-validates-as-required\" aria-required=\"true\" aria-invalid=\"false\" placeholder=\"Efternavn*\" value=\"\" type=\"text\" name=\"your-last-name\" \/><\/span>\n\t\t\t<\/p>\n\t\t<\/div>\n\t<\/div>\n\t<div class=\"tm-form-row\">\n\t\t<div class=\"tm-form-col\">\n\t\t\t<p><span class=\"wpcf7-form-control-wrap\" data-name=\"your-instagram-name\"><input size=\"40\" maxlength=\"400\" class=\"wpcf7-form-control wpcf7-text\" aria-invalid=\"false\" placeholder=\"Instagram-navn\" value=\"\" type=\"text\" name=\"your-instagram-name\" \/><\/span>\n\t\t\t<\/p>\n\t\t<\/div>\n\t\t<div class=\"tm-form-col\">\n\t\t\t<p><span class=\"wpcf7-form-control-wrap\" data-name=\"your-email\"><input size=\"40\" maxlength=\"400\" class=\"wpcf7-form-control wpcf7-email wpcf7-validates-as-required wpcf7-text wpcf7-validates-as-email\" aria-required=\"true\" aria-invalid=\"false\" placeholder=\"E-mail*\" value=\"\" type=\"email\" name=\"your-email\" \/><\/span>\n\t\t\t<\/p>\n\t\t<\/div>\n\t<\/div>\n\t<div class=\"tm-form-row\">\n\t\t<div class=\"tm-form-col\">\n\t\t\t<p><span class=\"wpcf7-form-control-wrap\" data-name=\"your-age\"><input class=\"wpcf7-form-control wpcf7-number wpcf7-validates-as-required wpcf7-validates-as-number\" aria-required=\"true\" aria-invalid=\"false\" placeholder=\"Alder*\" value=\"\" type=\"number\" name=\"your-age\" \/><\/span>\n\t\t\t<\/p>\n\t\t<\/div>\n\t\t<div class=\"tm-form-col\">\n\t\t\t<p><span class=\"wpcf7-form-control-wrap\" data-name=\"your-city\"><input size=\"40\" maxlength=\"400\" class=\"wpcf7-form-control wpcf7-text wpcf7-validates-as-required\" aria-required=\"true\" aria-invalid=\"false\" placeholder=\"By*\" value=\"\" type=\"text\" name=\"your-city\" \/><\/span>\n\t\t\t<\/p>\n\t\t<\/div>\n\t<\/div>\n\t<p><span class=\"wpcf7-form-control-wrap\" data-name=\"your-message\"><textarea cols=\"40\" rows=\"4\" maxlength=\"2000\" class=\"wpcf7-form-control wpcf7-textarea\" aria-invalid=\"false\" placeholder=\"Hvis du vil fort\u00e6lle noget om dit billede...\" name=\"your-message\"><\/textarea><\/span><span class=\"wpcf7-form-control-wrap\" data-name=\"file-kunstwerk\"><input size=\"40\" class=\"wpcf7-form-control wpcf7-file wpcf7-validates-as-required\" id=\"werksfile\" accept=\".jpg,.png\" aria-required=\"true\" aria-invalid=\"false\" type=\"file\" name=\"file-kunstwerk\" \/><\/span><label for=\"werksfile\" data-multiple-caption=\"{count} Kunstv\u00e6rk udvalgt\"><i class=\"fas fa-palette\"><\/i> <span>V\u00e6lg dit kunstv\u00e6rk<span class=\"newline\">(Maksimal tilladt filst\u00f8rrelse: 512 kb, mulige formater: .jpg- eller .png-filer)<\/span><\/span><\/label>\n\t<\/p>\n\t<div class=\"app customCheckbox\">\n\t\t<p><span class=\"wpcf7-form-control-wrap\" data-name=\"acceptance-629\"><span class=\"wpcf7-form-control wpcf7-acceptance\"><span class=\"wpcf7-list-item\"><input type=\"checkbox\" name=\"acceptance-629\" value=\"1\" aria-invalid=\"false\" \/><\/span><\/span><\/span><strong>Samtykkeerkl\u00e6ring om databeskyttelse*<\/strong> <span class=\"newline\">Ja, jeg har l\u00e6st <a href=\"https:\/\/top-model.biz\/da\/databeskyttelse\/\" title=\"Databeskyttelse- og erkl\u00e6ring fra TOPModel by Depesche\">Databeskyttelse <\/a> og <a href=\"\/da\/brugervilkaar\/\">Brugervilk\u00e5r<\/a> og accepterer, at den eller de filer, jeg har uploadet, og de data, jeg har leveret, fortsat kan bruges for eksempel som et billede i TOPModel-kunstgalleriet eller i en post p\u00e5 TOPModel Instagram-siden.<\/span>\n\t\t<\/p>\n\t<\/div>\n\t<p><input class=\"wpcf7-form-control wpcf7-submit has-spinner\" type=\"submit\" value=\"Upload nu\" \/>\n\t<\/p>\n<\/div><div class=\"wpcf7-response-output\" aria-hidden=\"true\"><\/div>\n<\/form>\n<\/div>\n\n<\/div>[\/et_pb_text][\/et_pb_column][\/et_pb_section]<\/p>\n","protected":false},"excerpt":{"rendered":"<p>Upload kunstv\u00e6rker V\u00e6r kreativ \u2013 vis os dine sejeste outfits!S\u00e5dan g\u00f8r du: Tegn et design p\u00e5 en TOPModel skabelon Scan eller tag et billede af dit design Upload dit billede og f\u00e5 dit kunstv\u00e6rk vist i galleriet her p\u00e5 hjemmesiden eller p\u00e5 vores instagram profil Du kan nemt uploade din tegning til vores galleri her: [&hellip;]<\/p>\n","protected":false},"author":1,"featured_media":0,"parent":0,"menu_order":0,"comment_status":"closed","ping_status":"closed","template":"","meta":{"_acf_changed":false,"_et_pb_use_builder":"on","_et_pb_old_content":"","_et_gb_content_width":"","footnotes":""},"class_list":["post-61","page","type-page","status-publish","hentry"],"acf":[],"yoast_head":"<!-- This site is optimized with the Yoast SEO Premium plugin v24.2 (Yoast SEO v27.2) - https:\/\/yoast.com\/product\/yoast-seo-premium-wordpress\/ -->\n<title>Upload kunstv\u00e6rker - TOPModel by Depesche Danmark<\/title>\n<meta name=\"robots\" content=\"index, follow, max-snippet:-1, max-image-preview:large, max-video-preview:-1\" \/>\n<link rel=\"canonical\" href=\"https:\/\/top-model.biz\/da\/upload-kunstvaerker\/\" \/>\n<meta property=\"og:locale\" content=\"da_DK\" \/>\n<meta property=\"og:type\" content=\"article\" \/>\n<meta property=\"og:title\" content=\"Upload kunstv\u00e6rker\" \/>\n<meta property=\"og:description\" content=\"Upload kunstv\u00e6rker V\u00e6r kreativ \u2013 vis os dine sejeste outfits!S\u00e5dan g\u00f8r du: Tegn et design p\u00e5 en TOPModel skabelon Scan eller tag et billede af dit design Upload dit billede og f\u00e5 dit kunstv\u00e6rk vist i galleriet her p\u00e5 hjemmesiden eller p\u00e5 vores instagram profil Du kan nemt uploade din tegning til vores galleri her: [&hellip;]\" \/>\n<meta property=\"og:url\" content=\"https:\/\/top-model.biz\/da\/upload-kunstvaerker\/\" \/>\n<meta property=\"og:site_name\" content=\"TOPModel by Depesche Danmark\" \/>\n<meta property=\"article:modified_time\" content=\"2025-04-10T00:11:21+00:00\" \/>\n<meta name=\"twitter:card\" content=\"summary_large_image\" \/>\n<meta name=\"twitter:label1\" content=\"Estimeret l\u00e6setid\" \/>\n\t<meta name=\"twitter:data1\" content=\"1 minut\" \/>\n<script type=\"application\/ld+json\" class=\"yoast-schema-graph\">{\"@context\":\"https:\/\/schema.org\",\"@graph\":[{\"@type\":\"WebPage\",\"@id\":\"https:\/\/top-model.biz\/da\/upload-kunstvaerker\/\",\"url\":\"https:\/\/top-model.biz\/da\/upload-kunstvaerker\/\",\"name\":\"Upload kunstv\u00e6rker - TOPModel by Depesche Danmark\",\"isPartOf\":{\"@id\":\"https:\/\/top-model.biz\/da\/#website\"},\"datePublished\":\"2019-12-03T05:16:53+00:00\",\"dateModified\":\"2025-04-10T00:11:21+00:00\",\"inLanguage\":\"da-DK\",\"potentialAction\":[{\"@type\":\"ReadAction\",\"target\":[\"https:\/\/top-model.biz\/da\/upload-kunstvaerker\/\"]}]},{\"@type\":\"WebSite\",\"@id\":\"https:\/\/top-model.biz\/da\/#website\",\"url\":\"https:\/\/top-model.biz\/da\/\",\"name\":\"TOPModel by Depesche Danmark\",\"description\":\"TOPModel by Depesche\",\"publisher\":{\"@id\":\"https:\/\/top-model.biz\/da\/#organization\"},\"potentialAction\":[{\"@type\":\"SearchAction\",\"target\":{\"@type\":\"EntryPoint\",\"urlTemplate\":\"https:\/\/top-model.biz\/da\/?s={search_term_string}\"},\"query-input\":{\"@type\":\"PropertyValueSpecification\",\"valueRequired\":true,\"valueName\":\"search_term_string\"}}],\"inLanguage\":\"da-DK\"},{\"@type\":\"Organization\",\"@id\":\"https:\/\/top-model.biz\/da\/#organization\",\"name\":\"TOPModel by Depesche GmbH & Co. KG\",\"url\":\"https:\/\/top-model.biz\/da\/\",\"logo\":{\"@type\":\"ImageObject\",\"inLanguage\":\"da-DK\",\"@id\":\"https:\/\/top-model.biz\/da\/#\/schema\/logo\/image\/\",\"url\":\"https:\/\/top-model.biz\/da\/wp-content\/uploads\/sites\/16\/2020\/01\/depeschelogo_72dpi.jpg\",\"contentUrl\":\"https:\/\/top-model.biz\/da\/wp-content\/uploads\/sites\/16\/2020\/01\/depeschelogo_72dpi.jpg\",\"width\":1600,\"height\":620,\"caption\":\"TOPModel by Depesche GmbH & Co. KG\"},\"image\":{\"@id\":\"https:\/\/top-model.biz\/da\/#\/schema\/logo\/image\/\"}}]}<\/script>\n<!-- \/ Yoast SEO Premium plugin. -->","yoast_head_json":{"title":"Upload kunstv\u00e6rker - TOPModel by Depesche Danmark","robots":{"index":"index","follow":"follow","max-snippet":"max-snippet:-1","max-image-preview":"max-image-preview:large","max-video-preview":"max-video-preview:-1"},"canonical":"https:\/\/top-model.biz\/da\/upload-kunstvaerker\/","og_locale":"da_DK","og_type":"article","og_title":"Upload kunstv\u00e6rker","og_description":"Upload kunstv\u00e6rker V\u00e6r kreativ \u2013 vis os dine sejeste outfits!S\u00e5dan g\u00f8r du: Tegn et design p\u00e5 en TOPModel skabelon Scan eller tag et billede af dit design Upload dit billede og f\u00e5 dit kunstv\u00e6rk vist i galleriet her p\u00e5 hjemmesiden eller p\u00e5 vores instagram profil Du kan nemt uploade din tegning til vores galleri her: [&hellip;]","og_url":"https:\/\/top-model.biz\/da\/upload-kunstvaerker\/","og_site_name":"TOPModel by Depesche Danmark","article_modified_time":"2025-04-10T00:11:21+00:00","twitter_card":"summary_large_image","twitter_misc":{"Estimeret l\u00e6setid":"1 minut"},"schema":{"@context":"https:\/\/schema.org","@graph":[{"@type":"WebPage","@id":"https:\/\/top-model.biz\/da\/upload-kunstvaerker\/","url":"https:\/\/top-model.biz\/da\/upload-kunstvaerker\/","name":"Upload kunstv\u00e6rker - TOPModel by Depesche Danmark","isPartOf":{"@id":"https:\/\/top-model.biz\/da\/#website"},"datePublished":"2019-12-03T05:16:53+00:00","dateModified":"2025-04-10T00:11:21+00:00","inLanguage":"da-DK","potentialAction":[{"@type":"ReadAction","target":["https:\/\/top-model.biz\/da\/upload-kunstvaerker\/"]}]},{"@type":"WebSite","@id":"https:\/\/top-model.biz\/da\/#website","url":"https:\/\/top-model.biz\/da\/","name":"TOPModel by Depesche Danmark","description":"TOPModel by Depesche","publisher":{"@id":"https:\/\/top-model.biz\/da\/#organization"},"potentialAction":[{"@type":"SearchAction","target":{"@type":"EntryPoint","urlTemplate":"https:\/\/top-model.biz\/da\/?s={search_term_string}"},"query-input":{"@type":"PropertyValueSpecification","valueRequired":true,"valueName":"search_term_string"}}],"inLanguage":"da-DK"},{"@type":"Organization","@id":"https:\/\/top-model.biz\/da\/#organization","name":"TOPModel by Depesche GmbH & Co. KG","url":"https:\/\/top-model.biz\/da\/","logo":{"@type":"ImageObject","inLanguage":"da-DK","@id":"https:\/\/top-model.biz\/da\/#\/schema\/logo\/image\/","url":"https:\/\/top-model.biz\/da\/wp-content\/uploads\/sites\/16\/2020\/01\/depeschelogo_72dpi.jpg","contentUrl":"https:\/\/top-model.biz\/da\/wp-content\/uploads\/sites\/16\/2020\/01\/depeschelogo_72dpi.jpg","width":1600,"height":620,"caption":"TOPModel by Depesche GmbH & Co. KG"},"image":{"@id":"https:\/\/top-model.biz\/da\/#\/schema\/logo\/image\/"}}]}},"_links":{"self":[{"href":"https:\/\/top-model.biz\/da\/wp-json\/wp\/v2\/pages\/61","targetHints":{"allow":["GET"]}}],"collection":[{"href":"https:\/\/top-model.biz\/da\/wp-json\/wp\/v2\/pages"}],"about":[{"href":"https:\/\/top-model.biz\/da\/wp-json\/wp\/v2\/types\/page"}],"author":[{"embeddable":true,"href":"https:\/\/top-model.biz\/da\/wp-json\/wp\/v2\/users\/1"}],"replies":[{"embeddable":true,"href":"https:\/\/top-model.biz\/da\/wp-json\/wp\/v2\/comments?post=61"}],"version-history":[{"count":10,"href":"https:\/\/top-model.biz\/da\/wp-json\/wp\/v2\/pages\/61\/revisions"}],"predecessor-version":[{"id":5739,"href":"https:\/\/top-model.biz\/da\/wp-json\/wp\/v2\/pages\/61\/revisions\/5739"}],"wp:attachment":[{"href":"https:\/\/top-model.biz\/da\/wp-json\/wp\/v2\/media?parent=61"}],"curies":[{"name":"wp","href":"https:\/\/api.w.org\/{rel}","templated":true}]}}