{"id":28,"date":"2019-12-03T06:09:46","date_gmt":"2019-12-03T05:09:46","guid":{"rendered":"https:\/\/top-model.biz\/?page_id=28"},"modified":"2025-04-09T20:52:10","modified_gmt":"2025-04-09T18:52:10","slug":"f-a-q","status":"publish","type":"page","link":"https:\/\/top-model.biz\/da\/f-a-q\/","title":{"rendered":"F.A.Q."},"content":{"rendered":"<p>[et_pb_section fb_built=&#8221;1&#8243; custom_padding_last_edited=&#8221;on|phone&#8221; _builder_version=&#8221;4.16&#8243; background_image=&#8221;https:\/\/top-model.biz\/wp-content\/uploads\/2019\/12\/topmodel_wg2.svg&#8221; custom_padding=&#8221;||378px||false|false&#8221; custom_padding_tablet=&#8221;||250px||false|false&#8221; custom_padding_phone=&#8221;||140px||false|false&#8221; custom_css_main_element=&#8221;background-size: 130%;||background-position: bottom;&#8221; global_colors_info=&#8221;{}&#8221; custom_css_main_element_last_edited=&#8221;on|phone&#8221; custom_css_main_element_tablet=&#8221;background-size: 120%;||background-position: bottom;&#8221; custom_css_main_element_phone=&#8221;background-size: 120%;||background-position: bottom;&#8221;][et_pb_row _builder_version=&#8221;4.16&#8243; custom_padding=&#8221;||5px|||&#8221; custom_css_main_element=&#8221;text-align: center;&#8221; global_colors_info=&#8221;{}&#8221;][et_pb_column type=&#8221;4_4&#8243; _builder_version=&#8221;4.16&#8243; global_colors_info=&#8221;{}&#8221;][et_pb_text module_class=&#8221;homeblurb burtonheading waveline headmbot keinzeilenumbruch&#8221; _builder_version=&#8221;4.16&#8243; _dynamic_attributes=&#8221;content&#8221; header_text_align=&#8221;center&#8221; header_font_size=&#8221;76px&#8221; header_2_font_size=&#8221;49px&#8221; text_orientation=&#8221;center&#8221; max_width=&#8221;650px&#8221; max_width_tablet=&#8221;600px&#8221; max_width_phone=&#8221;100%&#8221; max_width_last_edited=&#8221;on|phone&#8221; module_alignment=&#8221;center&#8221; header_font_size_tablet=&#8221;52px&#8221; header_font_size_phone=&#8221;40px&#8221; header_font_size_last_edited=&#8221;on|phone&#8221; header_2_font_size_tablet=&#8221;44px&#8221; header_2_font_size_phone=&#8221;38px&#8221; header_2_font_size_last_edited=&#8221;on|phone&#8221; custom_css_main_element=&#8221;display: inline-block;||position: relative;||-webkit-hyphens: auto;||-webkit-hyphenate-limit-chars: auto 3;||-webkit-hyphenate-limit-lines: 4;||-ms-hyphens: auto;||-ms-hyphenate-limit-chars: auto 3;||-ms-hyphenate-limit-lines: 4;||hyphens: auto;||hyphenate-limit-chars: auto 5;||hyphenate-limit-lines: 2;&#8221; global_colors_info=&#8221;{}&#8221;]@ET-DC@eyJkeW5hbWljIjp0cnVlLCJjb250ZW50IjoicG9zdF90aXRsZSIsInNldHRpbmdzIjp7ImJlZm9yZSI6IjxoMT4iLCJhZnRlciI6IjwvaDE+In19@[\/et_pb_text][et_pb_text module_class=&#8221;kapraneue&#8221; _builder_version=&#8221;4.16&#8243; header_2_font_size=&#8221;25px&#8221; max_width=&#8221;767px&#8221; module_alignment=&#8221;center&#8221; custom_margin=&#8221;||10px||false|false&#8221; header_2_font_size_tablet=&#8221;&#8221; header_2_font_size_phone=&#8221;&#8221; header_2_font_size_last_edited=&#8221;on|desktop&#8221; global_colors_info=&#8221;{}&#8221;]<\/p>\n<h2>TOPModel Magasinet<\/h2>\n<p>[\/et_pb_text][et_pb_accordion open_toggle_background_color=&#8221;#ffffff&#8221; closed_toggle_background_color=&#8221;#ffffff&#8221; icon_color=&#8221;#f8508e&#8221; use_icon_font_size=&#8221;on&#8221; icon_font_size=&#8221;22px&#8221; admin_label=&#8221;FAQs&#8221; module_class=&#8221;faq&#8221; _builder_version=&#8221;4.16&#8243; toggle_text_align=&#8221;left&#8221; toggle_font_size=&#8221;20px&#8221; closed_toggle_text_align=&#8221;left&#8221; closed_toggle_font_size=&#8221;20px&#8221; body_text_align=&#8221;left&#8221; body_line_height=&#8221;1.5em&#8221; background_enable_color=&#8221;off&#8221; max_width=&#8221;767px&#8221; module_alignment=&#8221;center&#8221; custom_padding=&#8221;|0px||0px|false|false&#8221; custom_css_toggle=&#8221;margin-bottom: 0 !important;&#8221; border_radii=&#8221;on|10px|10px|10px|10px&#8221; border_width_all=&#8221;0px&#8221; global_colors_info=&#8221;{}&#8221; custom_css_toggle_last_edited=&#8221;off|desktop&#8221;][et_pb_accordion_item title=&#8221;Hvordan kan jeg blive M\u00e5nedens designer?&#8221; open=&#8221;on&#8221; _builder_version=&#8221;4.16&#8243; global_colors_info=&#8221;{}&#8221;]<\/p>\n<p>Hvis du kunne t\u00e6nke dig at v\u00e6re m\u00e5nedens designer og f\u00e5 vist dine tegninger i magasinet, s\u00e5 scan nogle af dine bedste tegninger ind, skriv et par linjer om dig selv, og mail dem til topmodel@egmont.com. Skriv M\u00c5NEDENS DESIGNER i emnefeltet. Eller send dem til:<br \/>\nTOPModel<br \/>\nEgmont Publishing A\/S<br \/>\nStr\u00f8damsvej 46<br \/>\n2100 Kbh \u00d8<br \/>\nM\u00e6rk kuverten \u201eM\u00c5NEDENS DESIGNER\u201c.\n<\/p>\n<p>[\/et_pb_accordion_item][et_pb_accordion_item title=&#8221;Hvordan kan jeg blive M\u00e5nedens Topmodel?&#8221; _builder_version=&#8221;4.16&#8243; global_colors_info=&#8221;{}&#8221; open=&#8221;off&#8221;]<\/p>\n<p>Hvis du kunne t\u00e6nke dig at st\u00e5 foran kameraet og blive M\u00e5nedens Topmodel, s\u00e5 send en mail, hvor du skriver lidt om dig selv, hvor du bor, dine for\u00e6ldres telefonnummer og et par billeder af dig selv til topmodel@egmont.com. Skriv M\u00c5NEDENS TOPMODEL i emnefeltet. S\u00e5 bliver det m\u00e5ske dig, der f\u00e5r lov til at vise modet\u00f8j i n\u00e6ste nummer af TOPModel. Du skal have dine for\u00e6ldres tilladelse for at blive model i bladet, og du skal have mulighed for at tage til Malm\u00f8, hvor fotograferingen foreg\u00e5r.  <\/p>\n<p>[\/et_pb_accordion_item][et_pb_accordion_item title=&#8221;Hvordan kan jeg foretage adresse\u00e6ndring p\u00e5 mit abonnemet af TOPModel magasinet?&#8221; _builder_version=&#8221;4.16&#8243; global_colors_info=&#8221;{}&#8221; open=&#8221;off&#8221;]<\/p>\n<p>Alle sp\u00f8rgsm\u00e5l vedr. dit TOPModel abonnement skal ske til kundeservice p\u00e5 tlf. 39 45 75 45 p\u00e5 hverdage mellem kl. 9-15. <\/p>\n<p>[\/et_pb_accordion_item][et_pb_accordion_item title=&#8221;Kan jeg abonnere p\u00e5 TOPModel magasinet?&#8221; _builder_version=&#8221;4.16&#8243; global_colors_info=&#8221;{}&#8221; open=&#8221;off&#8221;]<\/p>\n<p>Ja, du kan tegne abonnement p\u00e5 TOPModel magasinet, der udkommer 6 gange om \u00e5ret. G\u00e5 ind p\u00e5 www.mitblad.dk\/topmodel eller ring til kundeservice p\u00e5 tlf. 39 45 75 45 p\u00e5 hverdage mellem kl. 9-15. <\/p>\n<p>[\/et_pb_accordion_item][et_pb_accordion_item title=&#8221;Hvor kan jeg k\u00f8be TOPModel magasinet?&#8221; _builder_version=&#8221;4.16&#8243; global_colors_info=&#8221;{}&#8221; open=&#8221;off&#8221;]<\/p>\n<p>Magasinet kan k\u00f8bes i kiosker og supermarkeder, d\u00e9r hvor du normalt finder ugeblade og magasiner.<\/p>\n<p>[\/et_pb_accordion_item][\/et_pb_accordion][et_pb_text module_class=&#8221;kapraneue&#8221; _builder_version=&#8221;4.16&#8243; header_2_font_size=&#8221;25px&#8221; max_width=&#8221;767px&#8221; module_alignment=&#8221;center&#8221; custom_margin=&#8221;||10px||false|false&#8221; header_2_font_size_tablet=&#8221;&#8221; header_2_font_size_phone=&#8221;&#8221; header_2_font_size_last_edited=&#8221;on|desktop&#8221; global_colors_info=&#8221;{}&#8221;]<\/p>\n<h2>Generelt<\/h2>\n<p>[\/et_pb_text][et_pb_accordion open_toggle_background_color=&#8221;#ffffff&#8221; closed_toggle_background_color=&#8221;#ffffff&#8221; icon_color=&#8221;#f8508e&#8221; use_icon_font_size=&#8221;on&#8221; icon_font_size=&#8221;22px&#8221; admin_label=&#8221;FAQs&#8221; module_class=&#8221;faq&#8221; _builder_version=&#8221;4.16&#8243; toggle_text_align=&#8221;left&#8221; toggle_font_size=&#8221;20px&#8221; closed_toggle_text_align=&#8221;left&#8221; closed_toggle_font_size=&#8221;20px&#8221; body_text_align=&#8221;left&#8221; body_line_height=&#8221;1.5em&#8221; background_enable_color=&#8221;off&#8221; max_width=&#8221;767px&#8221; module_alignment=&#8221;center&#8221; custom_padding=&#8221;|0px||0px|false|false&#8221; custom_css_toggle=&#8221;margin-bottom: 0 !important;&#8221; border_radii=&#8221;on|10px|10px|10px|10px&#8221; border_width_all=&#8221;0px&#8221; global_colors_info=&#8221;{}&#8221;][et_pb_accordion_item title=&#8221;Jeg har et produkt med en hemmelig kode, som jeg ikke kan \u00e5bne. Hvad kan jeg g\u00f8re?&#8221; open=&#8221;on&#8221; _builder_version=&#8221;4.16&#8243; global_colors_info=&#8221;{}&#8221;]F\u00f8lg blot denne instruktion:<\/p>\n<ol class=\"fa-ol\">\n<li>Standardkoden er &#8220;0000&#8221;. Indtast denne kode for at l\u00e5se produktet op og musikken vil begynde at spille.<\/li>\n<li>\u00d8nskes koden \u00e6ndret til egen valgt kode g\u00f8res f\u00f8lgende:<br \/>\na. Indtast koden \u201d0000\u201d og l\u00e5sen vil \u00e5bne.<br \/>\nb. Tryk og hold p\u00e5 knappen &#8220;*&#8221; i 3 sekunder efter l\u00e5sen er \u00e5bnet<br \/>\nc. Indtast nu din \u00f8nskede 4-cifrede kode og afslut med \u201d#\u201d for at bekr\u00e6fte koden og gemme den.<br \/>\n(Du har ca. 10 sekunder til at indtaste din nye firecifrede kode. Hvis der tastes mere end 4 cifre, vil det kun v\u00e6re de fire f\u00f8rste cifre, som g\u00e6lder.)<\/li>\n<li>I tilf\u00e6lde af at du ikke kan huske din kode, s\u00e5 g\u00f8r f\u00f8lgende:<br \/>\na. Tryk p\u00e5 tasterne \u201d1&#8243;, &#8220;3&#8221; and &#8220;0&#8221; p\u00e5 samme tid og hold i ca. 4 sekunder.<br \/>\nb. Indtast nu din \u00f8nskede 4-cifrede kode og afslut med \u201d#\u201d for at bekr\u00e6fte koden og gemme den.<br \/>\n(Du har ca. 10 sekunder til at indtaste din nye firecifrede kode. Hvis der tastes mere end 4 cifre, vil det kun v\u00e6re de fire f\u00f8rste cifre, som g\u00e6lder).<\/li>\n<li> Du kan udskifte batterierne, n\u00e5r de er flade:<br \/>\na. Drej skruen til batterirummet mod uret og fjern d\u00e6kslet.<br \/>\nb. Inds\u00e6t derefter AG13 \/ LR44-batterier som vist p\u00e5 tegningen p\u00e5 indersiden.<br \/>\nc. S\u00e6t d\u00e6kslet p\u00e5 igen, og sp\u00e6nd skruen.\n<\/li>\n<li>Dit kodeord forbliver det samme, selv efter at du har skiftet batterier!<\/li>\n<\/ol>\n<p>[\/et_pb_accordion_item][et_pb_accordion_item title=&#8221;Jeg har en klage, hvem skal jeg kontakte?&#8221; _builder_version=&#8221;4.16&#8243; global_colors_info=&#8221;{}&#8221; open=&#8221;off&#8221;]<\/p>\n<p>Hvis det drejer sig om en almindelig forbrugsreklamation, skal du tage kontakt til butikken, hvor produktet er k\u00f8bt. Ved andre henvendelser kan du kontakte os p\u00e5 e-mail: office@motto.dk.<\/p>\n<p>[\/et_pb_accordion_item][et_pb_accordion_item title=&#8221;Findes der et TOPModel outlet?&#8221; _builder_version=&#8221;4.16&#8243; global_colors_info=&#8221;{}&#8221; open=&#8221;off&#8221;]<\/p>\n<p>Nej, vi driver ikke outlet virksomhed med TOPModel.<\/p>\n<p>[\/et_pb_accordion_item][et_pb_accordion_item title=&#8221;Kan jeg k\u00f8be TOPModel produkter direkte fra jer?&#8221; _builder_version=&#8221;4.16&#8243; global_colors_info=&#8221;{}&#8221; open=&#8221;off&#8221;]<\/p>\n<p>Nej, som privatperson er det desv\u00e6rre ikke muligt at k\u00f8be varer direkte fra os, da vi er grossister og derfor kun leverer til detailhandelen\/butikkerne.<\/p>\n<p>[\/et_pb_accordion_item][\/et_pb_accordion][\/et_pb_column][\/et_pb_row][\/et_pb_section]<\/p>\n","protected":false},"excerpt":{"rendered":"<p>TOPModel MagasinetHvis du kunne t\u00e6nke dig at v\u00e6re m\u00e5nedens designer og f\u00e5 vist dine tegninger i magasinet, s\u00e5 scan nogle af dine bedste tegninger ind, skriv et par linjer om dig selv, og mail dem til topmodel@egmont.com. Skriv M\u00c5NEDENS DESIGNER i emnefeltet. Eller send dem til: TOPModel Egmont Publishing A\/S Str\u00f8damsvej 46 2100 Kbh \u00d8 [&hellip;]<\/p>\n","protected":false},"author":1,"featured_media":0,"parent":0,"menu_order":0,"comment_status":"closed","ping_status":"closed","template":"","meta":{"_acf_changed":false,"_et_pb_use_builder":"on","_et_pb_old_content":"","_et_gb_content_width":"","footnotes":""},"class_list":["post-28","page","type-page","status-publish","hentry"],"acf":[],"yoast_head":"<!-- This site is optimized with the Yoast SEO Premium plugin v24.2 (Yoast SEO v27.2) - https:\/\/yoast.com\/product\/yoast-seo-premium-wordpress\/ -->\n<title>F.A.Q. - TOPModel by Depesche Danmark<\/title>\n<meta name=\"robots\" content=\"index, follow, max-snippet:-1, max-image-preview:large, max-video-preview:-1\" \/>\n<link rel=\"canonical\" href=\"https:\/\/top-model.biz\/da\/f-a-q\/\" \/>\n<meta property=\"og:locale\" content=\"da_DK\" \/>\n<meta property=\"og:type\" content=\"article\" \/>\n<meta property=\"og:title\" content=\"F.A.Q.\" \/>\n<meta property=\"og:description\" content=\"TOPModel MagasinetHvis du kunne t\u00e6nke dig at v\u00e6re m\u00e5nedens designer og f\u00e5 vist dine tegninger i magasinet, s\u00e5 scan nogle af dine bedste tegninger ind, skriv et par linjer om dig selv, og mail dem til topmodel@egmont.com. Skriv M\u00c5NEDENS DESIGNER i emnefeltet. Eller send dem til: TOPModel Egmont Publishing A\/S Str\u00f8damsvej 46 2100 Kbh \u00d8 [&hellip;]\" \/>\n<meta property=\"og:url\" content=\"https:\/\/top-model.biz\/da\/f-a-q\/\" \/>\n<meta property=\"og:site_name\" content=\"TOPModel by Depesche Danmark\" \/>\n<meta property=\"article:modified_time\" content=\"2025-04-09T18:52:10+00:00\" \/>\n<meta name=\"twitter:card\" content=\"summary_large_image\" \/>\n<meta name=\"twitter:label1\" content=\"Estimeret l\u00e6setid\" \/>\n\t<meta name=\"twitter:data1\" content=\"4 minutter\" \/>\n<script type=\"application\/ld+json\" class=\"yoast-schema-graph\">{\"@context\":\"https:\/\/schema.org\",\"@graph\":[{\"@type\":\"WebPage\",\"@id\":\"https:\/\/top-model.biz\/da\/f-a-q\/\",\"url\":\"https:\/\/top-model.biz\/da\/f-a-q\/\",\"name\":\"F.A.Q. - TOPModel by Depesche Danmark\",\"isPartOf\":{\"@id\":\"https:\/\/top-model.biz\/da\/#website\"},\"datePublished\":\"2019-12-03T05:09:46+00:00\",\"dateModified\":\"2025-04-09T18:52:10+00:00\",\"inLanguage\":\"da-DK\",\"potentialAction\":[{\"@type\":\"ReadAction\",\"target\":[\"https:\/\/top-model.biz\/da\/f-a-q\/\"]}]},{\"@type\":\"WebSite\",\"@id\":\"https:\/\/top-model.biz\/da\/#website\",\"url\":\"https:\/\/top-model.biz\/da\/\",\"name\":\"TOPModel by Depesche Danmark\",\"description\":\"TOPModel by Depesche\",\"publisher\":{\"@id\":\"https:\/\/top-model.biz\/da\/#organization\"},\"potentialAction\":[{\"@type\":\"SearchAction\",\"target\":{\"@type\":\"EntryPoint\",\"urlTemplate\":\"https:\/\/top-model.biz\/da\/?s={search_term_string}\"},\"query-input\":{\"@type\":\"PropertyValueSpecification\",\"valueRequired\":true,\"valueName\":\"search_term_string\"}}],\"inLanguage\":\"da-DK\"},{\"@type\":\"Organization\",\"@id\":\"https:\/\/top-model.biz\/da\/#organization\",\"name\":\"TOPModel by Depesche GmbH & Co. KG\",\"url\":\"https:\/\/top-model.biz\/da\/\",\"logo\":{\"@type\":\"ImageObject\",\"inLanguage\":\"da-DK\",\"@id\":\"https:\/\/top-model.biz\/da\/#\/schema\/logo\/image\/\",\"url\":\"https:\/\/top-model.biz\/da\/wp-content\/uploads\/sites\/16\/2020\/01\/depeschelogo_72dpi.jpg\",\"contentUrl\":\"https:\/\/top-model.biz\/da\/wp-content\/uploads\/sites\/16\/2020\/01\/depeschelogo_72dpi.jpg\",\"width\":1600,\"height\":620,\"caption\":\"TOPModel by Depesche GmbH & Co. KG\"},\"image\":{\"@id\":\"https:\/\/top-model.biz\/da\/#\/schema\/logo\/image\/\"}}]}<\/script>\n<!-- \/ Yoast SEO Premium plugin. -->","yoast_head_json":{"title":"F.A.Q. - TOPModel by Depesche Danmark","robots":{"index":"index","follow":"follow","max-snippet":"max-snippet:-1","max-image-preview":"max-image-preview:large","max-video-preview":"max-video-preview:-1"},"canonical":"https:\/\/top-model.biz\/da\/f-a-q\/","og_locale":"da_DK","og_type":"article","og_title":"F.A.Q.","og_description":"TOPModel MagasinetHvis du kunne t\u00e6nke dig at v\u00e6re m\u00e5nedens designer og f\u00e5 vist dine tegninger i magasinet, s\u00e5 scan nogle af dine bedste tegninger ind, skriv et par linjer om dig selv, og mail dem til topmodel@egmont.com. Skriv M\u00c5NEDENS DESIGNER i emnefeltet. Eller send dem til: TOPModel Egmont Publishing A\/S Str\u00f8damsvej 46 2100 Kbh \u00d8 [&hellip;]","og_url":"https:\/\/top-model.biz\/da\/f-a-q\/","og_site_name":"TOPModel by Depesche Danmark","article_modified_time":"2025-04-09T18:52:10+00:00","twitter_card":"summary_large_image","twitter_misc":{"Estimeret l\u00e6setid":"4 minutter"},"schema":{"@context":"https:\/\/schema.org","@graph":[{"@type":"WebPage","@id":"https:\/\/top-model.biz\/da\/f-a-q\/","url":"https:\/\/top-model.biz\/da\/f-a-q\/","name":"F.A.Q. - TOPModel by Depesche Danmark","isPartOf":{"@id":"https:\/\/top-model.biz\/da\/#website"},"datePublished":"2019-12-03T05:09:46+00:00","dateModified":"2025-04-09T18:52:10+00:00","inLanguage":"da-DK","potentialAction":[{"@type":"ReadAction","target":["https:\/\/top-model.biz\/da\/f-a-q\/"]}]},{"@type":"WebSite","@id":"https:\/\/top-model.biz\/da\/#website","url":"https:\/\/top-model.biz\/da\/","name":"TOPModel by Depesche Danmark","description":"TOPModel by Depesche","publisher":{"@id":"https:\/\/top-model.biz\/da\/#organization"},"potentialAction":[{"@type":"SearchAction","target":{"@type":"EntryPoint","urlTemplate":"https:\/\/top-model.biz\/da\/?s={search_term_string}"},"query-input":{"@type":"PropertyValueSpecification","valueRequired":true,"valueName":"search_term_string"}}],"inLanguage":"da-DK"},{"@type":"Organization","@id":"https:\/\/top-model.biz\/da\/#organization","name":"TOPModel by Depesche GmbH & Co. KG","url":"https:\/\/top-model.biz\/da\/","logo":{"@type":"ImageObject","inLanguage":"da-DK","@id":"https:\/\/top-model.biz\/da\/#\/schema\/logo\/image\/","url":"https:\/\/top-model.biz\/da\/wp-content\/uploads\/sites\/16\/2020\/01\/depeschelogo_72dpi.jpg","contentUrl":"https:\/\/top-model.biz\/da\/wp-content\/uploads\/sites\/16\/2020\/01\/depeschelogo_72dpi.jpg","width":1600,"height":620,"caption":"TOPModel by Depesche GmbH & Co. KG"},"image":{"@id":"https:\/\/top-model.biz\/da\/#\/schema\/logo\/image\/"}}]}},"_links":{"self":[{"href":"https:\/\/top-model.biz\/da\/wp-json\/wp\/v2\/pages\/28","targetHints":{"allow":["GET"]}}],"collection":[{"href":"https:\/\/top-model.biz\/da\/wp-json\/wp\/v2\/pages"}],"about":[{"href":"https:\/\/top-model.biz\/da\/wp-json\/wp\/v2\/types\/page"}],"author":[{"embeddable":true,"href":"https:\/\/top-model.biz\/da\/wp-json\/wp\/v2\/users\/1"}],"replies":[{"embeddable":true,"href":"https:\/\/top-model.biz\/da\/wp-json\/wp\/v2\/comments?post=28"}],"version-history":[{"count":10,"href":"https:\/\/top-model.biz\/da\/wp-json\/wp\/v2\/pages\/28\/revisions"}],"predecessor-version":[{"id":5726,"href":"https:\/\/top-model.biz\/da\/wp-json\/wp\/v2\/pages\/28\/revisions\/5726"}],"wp:attachment":[{"href":"https:\/\/top-model.biz\/da\/wp-json\/wp\/v2\/media?parent=28"}],"curies":[{"name":"wp","href":"https:\/\/api.w.org\/{rel}","templated":true}]}}