{"id":27,"date":"2019-12-03T06:09:46","date_gmt":"2019-12-03T05:09:46","guid":{"rendered":"https:\/\/top-model.biz\/?page_id=27"},"modified":"2020-03-23T19:58:46","modified_gmt":"2020-03-23T18:58:46","slug":"brugervilkaar","status":"publish","type":"page","link":"https:\/\/top-model.biz\/da\/brugervilkaar\/","title":{"rendered":"Brugervilk\u00e5r"},"content":{"rendered":"<p>Generelle betingelser for brug af www.top-model.biz<br \/>\nMed top-model.biz hjemmesiden \u00f8nsker vi at tilbyde dig en mindre verden af oplevelser p\u00e5 nettet. Til s\u00e5dan et tilbud h\u00f8rer der naturligvis et par regler til. Derfor er brugen af hjemmesiden og brugen af de tilbudte ydelser underlagt nedenst\u00e5ende generelle betingelser og regler for brug.<\/p>\n<p><strong>1.<\/strong><\/p>\n<p>TOPModel hjemmesiden drives af MOTTO A\/S, Teglevej 8, 2640 Hedehusene, Danmark. (herefter kaldet \u201eMOTTO\u201c).<\/p>\n<p><strong>2.<\/strong><\/p>\n<p>Ved at bruge hjemmesiden afgiver du som bruger din fulde accept og samtykke til MOTTO i henhold til disse betingelser. Ellers er brugen af hjemmesiden og dets ydelser ikke tilladt.<\/p>\n<p><strong>3.<\/strong><\/p>\n<p>Indholdet p\u00e5 www.top-model.biz omfatter materiale, der er beskyttet af ophavsrettigheder, varem\u00e6rker eller andre ophavsinformationer, som kan inkludere, dog uden at begr\u00e6nse sig til, tekst, software, billeder, video, lydfiler, grafik og musik. Al indhold p\u00e5 hjemmesiden er d\u00e6kket af ophavsrettigheder som et samlet v\u00e6rk under dansk lovgivning. Alle andre varem\u00e6rker, der forefindes p\u00e5 hjemmesiden, tilh\u00f8rer de respektive ejere, i visse tilf\u00e6lde inkl. MOTTO. Alle rettigheder er forbeholdte. Enhver brug af vores varem\u00e6rker og navne p\u00e5 andre hjemmesider er ikke tilladt uden forudg\u00e5ende aftale med MOTTO.<br \/>\nDet er tilladt at gemme og udskrive sider fra hjemmesiden udelukkende til privat brug. I mods\u00e6tning hertil er reproduktion til kommercielle form\u00e5l og videregivelse til tredjemand kun tilladt med udtrykkelig skriftlig tilladelse fra MOTTO.<\/p>\n<p><strong>4.<\/strong><\/p>\n<p>TOPModel hjemmesiden kan indeholde links til andre hjemmesider. MOTTO kontrollerer linket f\u00f8rste gang, der linkes til disse sider, men har derudover ingen indflydelse p\u00e5 design, indhold og l\u00f8bende \u00e6ndringer p\u00e5 disse hjemmesider. Du er indforst\u00e5et med, at MOTTO ikke p\u00e5tager sig noget ansvar for lovligheden, n\u00f8jagtigheden, aktualiteten, fuldst\u00e6ndigheden og kvaliteten af \u200b\u200bde informationer og ydelser, der leveres og er tilg\u00e6ngelige p\u00e5 disse eksterne hjemmesider. Du er indforst\u00e5et med, at enhver brug af eksterne hjemmesider foreg\u00e5r p\u00e5 egen risiko, og endvidere at MOTTO ikke kan holdes ansvarlig for eller h\u00e6fte for (direkte eller indirekte) eventuelle tab eller skader, eller p\u00e5st\u00e5ede tab eller skader, der p\u00e5 nogen m\u00e5de er relateret til s\u00e5danne eksterne hjemmesider, og du frasiger dig enhver form for erstatningskrav rettet mod MOTTO i s\u00e5danne tilf\u00e6lde. Alle anliggender vedr\u00f8rende en ekstern hjemmeside b\u00f8r rettes til dennes respektive administrator eller webmaster.<\/p>\n<p><strong>5.<\/strong><\/p>\n<p>Hjemmesiden er oprettet med den st\u00f8rste omhu for n\u00f8jagtighed og din sikkerhed. Ikke desto mindre kan MOTTO ikke give nogen garanti for rigtigheden, gyldigheden, fuldst\u00e6ndigheden og sikkerheden af \u200b\u200bhjemmesidens indehold, oplysninger og information.<br \/>\nP\u00e5 grund af internettets og forskellige computersystemers karakter, kan MOTTO ikke garantere en fuldst\u00e6ndig og uafbrudt tilg\u00e6ngelighed af TOPModel hjemmesiden. Selvom MOTTO altid bestr\u00e6ber sig p\u00e5 at holde TOPModel hjemmesiden virusfri, kan MOTTO ikke garantere sig imod eller frasige sig risikoen for vira.<br \/>\nMOTTO er ikke ansvarlig for eventuelle skader, der opst\u00e5r som f\u00f8lge af brugen af \u200b\u200bdenne hjemmeside, hverken direkte eller indirekte, med undtagelse af tilf\u00e6lde af person-, legems- og sundhedsskade, der beror p\u00e5 MOTTOs fors\u00e6tlige eller groft uagtsomme misligholdelse af aftalen. MOTTO er kun ansvarlig for misligholdelse af v\u00e6sentlige kontraktlige forpligtelser (kardinal forpligtelser), begr\u00e6nset til forudsigelige og typisk forekommende tab eller skader.<\/p>\n<p><strong>6.<\/strong><\/p>\n<p>Ved brug a hjemmesidens ydelser og tilbud, kan du blive bedt om at afgive personlige oplysninger. Alle oplysninger er frivillige. Dine personlige data gemmes, behandles og anvendes udelukkende i overensstemmelse med de g\u00e6ldende danske databeskyttelsesregler.<br \/>\nDe personlige data, der indsamles under brugen af vores hjemmeside, anvendes med det form\u00e5l at behandle dine anmodninger. Brug af dataene med henblik p\u00e5 reklame og markedsf\u00f8ring finder kun sted med dit samtykke. Du kan til enhver tid tilbagekalde dit samtykke med fremadrettet virkning.<\/p>\n<p><strong>7.<\/strong><\/p>\n<p>Billeder, tekster og andet materiale tilsendt MOTTO, giver automatisk ret &#8211; men ikke forpligtelse &#8211; til offentligg\u00f8relse af materialet p\u00e5 MOTTOs eksisterende medier (hjemmeside, magasin, sociale medier), medmindre der foreligger anden skriftlig tilladelse mellem brugeren og MOTTO. Hvis en tekst, billede eller andet materiale offentligg\u00f8res, har MOTTO ret til at reducere, tilsk\u00e6re eller korrigere i dette efter eget sk\u00f8n. Tilsendt materiale kan desv\u00e6rre ikke returneres medmindre andet er aftalt.<\/p>\n<p><strong>8.<\/strong><\/p>\n<p>Deltagelse i spil, konkurrencer og lign. aktiviteter p\u00e5 TOPModel hjemmesiden og MOTTOs \u00f8vrige sociale medier udelukker enhver form for retslige krav. MOTTO forbeholder sig til enhver tid ret til at \u00e6ndre pr\u00e6mier og konkurrenceregler. Det er ikke tilladt for ansatte i MOTTO og p\u00e5r\u00f8rende dertil at deltage i konkurrencer p\u00e5 hjemmesiden.<\/p>\n<p><strong>9.<\/strong><\/p>\n<p>For at forbedre brugen af hjemmesiden anvender vi som de fleste andre udbydere p\u00e5 internettet s\u00e5kaldte &#8220;cookies&#8221;. Dette er sm\u00e5 tekstfiler, der er gemt p\u00e5 din computer. Dette giver os mulighed for at genkende din computer under fremtidige bes\u00f8g og g\u00f8re bes\u00f8get og din oplevelse p\u00e5 TOPModel hjemmesiden meget nemmere og bedre. Cookies indsamler ingen personlige oplysninger om dig. De g\u00f8r heller ingen skade p\u00e5 din computer og indeholder ikke virus.<br \/>\nDu kan naturligvis altid slette de cookies, der er indstillet p\u00e5 din computer. Hvis du ikke \u00f8nsker at modtage cookies, kan du til enhver tid deaktivere denne funktion ved at indstille din browser.<br \/>\nDu kan fortsat bruge TOPModel hjemmesiden uden cookies, men brugen af hjemmesidens funktioner kan v\u00e6re begr\u00e6nsede og hjemmesiden mindre praktisk anvendelig for dig, hvis cookies ikke anvendes.<\/p>\n<p><strong>10.<\/strong><\/p>\n<p>Til enhver tid med fremadrettet virkning forbeholder MOTTO sig ret til efter eget sk\u00f8n og uden forudg\u00e5ende varsel at \u00e6ndre, forny, tilf\u00f8je eller fjerne dele af disse brugsbetingelser. \u00c6ndringer vises p\u00e5 TOPModel hjemmesiden, s\u00e5 tjek regelm\u00e6ssigt brugsvilk\u00e5rene for hjemmesiden for \u00e6ndringer. Den videre brug af TOPModel hjemmesiden er kun mulig, hvis du accepterer \u00e6ndringerne. Ved fortsat at bruge hjemmesiden regnes opdatering af vilk\u00e5r og \u00e6ndringer som indforst\u00e5et.<\/p>\n","protected":false},"excerpt":{"rendered":"<p>Generelle betingelser for brug af www.top-model.biz Med top-model.biz hjemmesiden \u00f8nsker vi at tilbyde dig en mindre verden af oplevelser p\u00e5 nettet. Til s\u00e5dan et tilbud h\u00f8rer der naturligvis et par regler til. Derfor er brugen af hjemmesiden og brugen af de tilbudte ydelser underlagt nedenst\u00e5ende generelle betingelser og regler for brug. 1. TOPModel hjemmesiden drives [&hellip;]<\/p>\n","protected":false},"author":1,"featured_media":0,"parent":0,"menu_order":0,"comment_status":"closed","ping_status":"closed","template":"page_simple.php","meta":{"_acf_changed":false,"_et_pb_use_builder":"off","_et_pb_old_content":"","_et_gb_content_width":"","footnotes":""},"class_list":["post-27","page","type-page","status-publish","hentry"],"acf":[],"yoast_head":"<!-- This site is optimized with the Yoast SEO Premium plugin v24.2 (Yoast SEO v27.4) - https:\/\/yoast.com\/product\/yoast-seo-premium-wordpress\/ -->\n<title>Brugervilk\u00e5r - TOPModel by Depesche Danmark<\/title>\n<meta name=\"robots\" content=\"index, follow, max-snippet:-1, max-image-preview:large, max-video-preview:-1\" \/>\n<link rel=\"canonical\" href=\"https:\/\/top-model.biz\/da\/brugervilkaar\/\" \/>\n<meta property=\"og:locale\" content=\"da_DK\" \/>\n<meta property=\"og:type\" content=\"article\" \/>\n<meta property=\"og:title\" content=\"Brugervilk\u00e5r\" \/>\n<meta property=\"og:description\" content=\"Generelle betingelser for brug af www.top-model.biz Med top-model.biz hjemmesiden \u00f8nsker vi at tilbyde dig en mindre verden af oplevelser p\u00e5 nettet. Til s\u00e5dan et tilbud h\u00f8rer der naturligvis et par regler til. Derfor er brugen af hjemmesiden og brugen af de tilbudte ydelser underlagt nedenst\u00e5ende generelle betingelser og regler for brug. 1. TOPModel hjemmesiden drives [&hellip;]\" \/>\n<meta property=\"og:url\" content=\"https:\/\/top-model.biz\/da\/brugervilkaar\/\" \/>\n<meta property=\"og:site_name\" content=\"TOPModel by Depesche Danmark\" \/>\n<meta property=\"article:modified_time\" content=\"2020-03-23T18:58:46+00:00\" \/>\n<meta name=\"twitter:card\" content=\"summary_large_image\" \/>\n<meta name=\"twitter:label1\" content=\"Estimeret l\u00e6setid\" \/>\n\t<meta name=\"twitter:data1\" content=\"5 minutter\" \/>\n<script type=\"application\/ld+json\" class=\"yoast-schema-graph\">{\"@context\":\"https:\\\/\\\/schema.org\",\"@graph\":[{\"@type\":\"WebPage\",\"@id\":\"https:\\\/\\\/top-model.biz\\\/da\\\/brugervilkaar\\\/\",\"url\":\"https:\\\/\\\/top-model.biz\\\/da\\\/brugervilkaar\\\/\",\"name\":\"Brugervilk\u00e5r - TOPModel by Depesche Danmark\",\"isPartOf\":{\"@id\":\"https:\\\/\\\/top-model.biz\\\/da\\\/#website\"},\"datePublished\":\"2019-12-03T05:09:46+00:00\",\"dateModified\":\"2020-03-23T18:58:46+00:00\",\"inLanguage\":\"da-DK\",\"potentialAction\":[{\"@type\":\"ReadAction\",\"target\":[\"https:\\\/\\\/top-model.biz\\\/da\\\/brugervilkaar\\\/\"]}]},{\"@type\":\"WebSite\",\"@id\":\"https:\\\/\\\/top-model.biz\\\/da\\\/#website\",\"url\":\"https:\\\/\\\/top-model.biz\\\/da\\\/\",\"name\":\"TOPModel by Depesche Danmark\",\"description\":\"TOPModel by Depesche\",\"publisher\":{\"@id\":\"https:\\\/\\\/top-model.biz\\\/da\\\/#organization\"},\"potentialAction\":[{\"@type\":\"SearchAction\",\"target\":{\"@type\":\"EntryPoint\",\"urlTemplate\":\"https:\\\/\\\/top-model.biz\\\/da\\\/?s={search_term_string}\"},\"query-input\":{\"@type\":\"PropertyValueSpecification\",\"valueRequired\":true,\"valueName\":\"search_term_string\"}}],\"inLanguage\":\"da-DK\"},{\"@type\":\"Organization\",\"@id\":\"https:\\\/\\\/top-model.biz\\\/da\\\/#organization\",\"name\":\"TOPModel by Depesche GmbH & Co. KG\",\"url\":\"https:\\\/\\\/top-model.biz\\\/da\\\/\",\"logo\":{\"@type\":\"ImageObject\",\"inLanguage\":\"da-DK\",\"@id\":\"https:\\\/\\\/top-model.biz\\\/da\\\/#\\\/schema\\\/logo\\\/image\\\/\",\"url\":\"https:\\\/\\\/top-model.biz\\\/da\\\/wp-content\\\/uploads\\\/sites\\\/16\\\/2020\\\/01\\\/depeschelogo_72dpi.jpg\",\"contentUrl\":\"https:\\\/\\\/top-model.biz\\\/da\\\/wp-content\\\/uploads\\\/sites\\\/16\\\/2020\\\/01\\\/depeschelogo_72dpi.jpg\",\"width\":1600,\"height\":620,\"caption\":\"TOPModel by Depesche GmbH & Co. KG\"},\"image\":{\"@id\":\"https:\\\/\\\/top-model.biz\\\/da\\\/#\\\/schema\\\/logo\\\/image\\\/\"}}]}<\/script>\n<!-- \/ Yoast SEO Premium plugin. -->","yoast_head_json":{"title":"Brugervilk\u00e5r - TOPModel by Depesche Danmark","robots":{"index":"index","follow":"follow","max-snippet":"max-snippet:-1","max-image-preview":"max-image-preview:large","max-video-preview":"max-video-preview:-1"},"canonical":"https:\/\/top-model.biz\/da\/brugervilkaar\/","og_locale":"da_DK","og_type":"article","og_title":"Brugervilk\u00e5r","og_description":"Generelle betingelser for brug af www.top-model.biz Med top-model.biz hjemmesiden \u00f8nsker vi at tilbyde dig en mindre verden af oplevelser p\u00e5 nettet. Til s\u00e5dan et tilbud h\u00f8rer der naturligvis et par regler til. Derfor er brugen af hjemmesiden og brugen af de tilbudte ydelser underlagt nedenst\u00e5ende generelle betingelser og regler for brug. 1. TOPModel hjemmesiden drives [&hellip;]","og_url":"https:\/\/top-model.biz\/da\/brugervilkaar\/","og_site_name":"TOPModel by Depesche Danmark","article_modified_time":"2020-03-23T18:58:46+00:00","twitter_card":"summary_large_image","twitter_misc":{"Estimeret l\u00e6setid":"5 minutter"},"schema":{"@context":"https:\/\/schema.org","@graph":[{"@type":"WebPage","@id":"https:\/\/top-model.biz\/da\/brugervilkaar\/","url":"https:\/\/top-model.biz\/da\/brugervilkaar\/","name":"Brugervilk\u00e5r - TOPModel by Depesche Danmark","isPartOf":{"@id":"https:\/\/top-model.biz\/da\/#website"},"datePublished":"2019-12-03T05:09:46+00:00","dateModified":"2020-03-23T18:58:46+00:00","inLanguage":"da-DK","potentialAction":[{"@type":"ReadAction","target":["https:\/\/top-model.biz\/da\/brugervilkaar\/"]}]},{"@type":"WebSite","@id":"https:\/\/top-model.biz\/da\/#website","url":"https:\/\/top-model.biz\/da\/","name":"TOPModel by Depesche Danmark","description":"TOPModel by Depesche","publisher":{"@id":"https:\/\/top-model.biz\/da\/#organization"},"potentialAction":[{"@type":"SearchAction","target":{"@type":"EntryPoint","urlTemplate":"https:\/\/top-model.biz\/da\/?s={search_term_string}"},"query-input":{"@type":"PropertyValueSpecification","valueRequired":true,"valueName":"search_term_string"}}],"inLanguage":"da-DK"},{"@type":"Organization","@id":"https:\/\/top-model.biz\/da\/#organization","name":"TOPModel by Depesche GmbH & Co. KG","url":"https:\/\/top-model.biz\/da\/","logo":{"@type":"ImageObject","inLanguage":"da-DK","@id":"https:\/\/top-model.biz\/da\/#\/schema\/logo\/image\/","url":"https:\/\/top-model.biz\/da\/wp-content\/uploads\/sites\/16\/2020\/01\/depeschelogo_72dpi.jpg","contentUrl":"https:\/\/top-model.biz\/da\/wp-content\/uploads\/sites\/16\/2020\/01\/depeschelogo_72dpi.jpg","width":1600,"height":620,"caption":"TOPModel by Depesche GmbH & Co. KG"},"image":{"@id":"https:\/\/top-model.biz\/da\/#\/schema\/logo\/image\/"}}]}},"_links":{"self":[{"href":"https:\/\/top-model.biz\/da\/wp-json\/wp\/v2\/pages\/27","targetHints":{"allow":["GET"]}}],"collection":[{"href":"https:\/\/top-model.biz\/da\/wp-json\/wp\/v2\/pages"}],"about":[{"href":"https:\/\/top-model.biz\/da\/wp-json\/wp\/v2\/types\/page"}],"author":[{"embeddable":true,"href":"https:\/\/top-model.biz\/da\/wp-json\/wp\/v2\/users\/1"}],"replies":[{"embeddable":true,"href":"https:\/\/top-model.biz\/da\/wp-json\/wp\/v2\/comments?post=27"}],"version-history":[{"count":10,"href":"https:\/\/top-model.biz\/da\/wp-json\/wp\/v2\/pages\/27\/revisions"}],"predecessor-version":[{"id":5186,"href":"https:\/\/top-model.biz\/da\/wp-json\/wp\/v2\/pages\/27\/revisions\/5186"}],"wp:attachment":[{"href":"https:\/\/top-model.biz\/da\/wp-json\/wp\/v2\/media?parent=27"}],"curies":[{"name":"wp","href":"https:\/\/api.w.org\/{rel}","templated":true}]}}