{"id":25,"date":"2019-12-03T06:09:46","date_gmt":"2019-12-03T05:09:46","guid":{"rendered":"https:\/\/top-model.biz\/?page_id=25"},"modified":"2026-02-20T18:41:22","modified_gmt":"2026-02-20T17:41:22","slug":"om-os","status":"publish","type":"page","link":"https:\/\/top-model.biz\/da\/om-os\/","title":{"rendered":"Om os"},"content":{"rendered":"<p>MOTTO har siden 1985 haft en f\u00f8rende plads indenfor kort- og gaveartikelbranchen, og er i dag eneforhandler af TOPModel konceptet i Danmark, Finland, Rusland, Sverige og Ukraine. Udover distribuering af TOPModel til forhandlerne st\u00e5r vi ogs\u00e5 for de officielle hjemmesider, konkurrencer, markedsf\u00f8ring, m.v. i de p\u00e5g\u00e6ldende lande.<br \/>\nMOTTO A\/S er desuden eneforhandler af andre trend-produkt koncepter som Horses Dreams, FANTASYModel, Princess Mimi, Creative Studio, Miss Melody, Monster Cars, Dino World samt popul\u00e6re musik- og trendkort-serier.<\/p>\n<p><b>Denne hjemmeside drives af:<\/b><br \/>\nMOTTO A\/S<br \/>\nwww.motto.dk<\/p>\n<p><img loading=\"lazy\" decoding=\"async\" class=\"alignnone wp-image-3052\" src=\"\/da\/wp-content\/uploads\/sites\/16\/2020\/03\/Header_mottologo_left_squares_silhouettes_100x1150_151119_text-e1584445382277.png\" alt=\"\" width=\"302\" height=\"117\" \/><\/p>\n<p>Kontaktoplysninger:<br \/>\nMOTTO A\/S<br \/>\nTeglevej 8<br \/>\nDK &#8211; 2640 Hedehusene<br \/>\nE-mail: office@motto.dk<br \/>\nTlf.: (+45) 46 56 55 33<br \/>\nCVR: 13802696<\/p>\n<p><b>www.top-model.biz er udarbejdet af:<\/b><\/p>\n<p>Depesche Vertrieb GmbH &amp; Co. KG<br \/>\nwww.depesche.com<\/p>\n<p><img loading=\"lazy\" decoding=\"async\" class=\"alignnone wp-image-3052\" src=\"https:\/\/top-model.biz\/wp-content\/uploads\/2020\/01\/depeschelogo_72dpi-1024x397.jpg\" alt=\"\" width=\"302\" height=\"117\" \/><\/p>\n<p><b>i kreativt samarbejde med:<\/b><br \/>\nMartin Pahl \/ Creative Content \u2013 Kreativagentur<br \/>\n<a href=\"https:\/\/www.pahlcc.de\/\" target=\"_blank\" rel=\"noopener noreferrer\">https:\/\/www.pahlcc.de\/<\/a><\/p>\n<p><b>Programmering &amp; Webimplementering<\/b><br \/>\nSaskia Teichmann \/ isla Studio WordPress Web Development<br \/>\n<a title=\"WordPress Webentwicklung - Themes und Plugins\" href=\"https:\/\/isla-stud.io\/\" target=\"_blank\">https:\/\/isla-stud.io\/<\/a><\/p>\n<p><b>Tvistbil\u00e6ggelse<\/b><br \/>\nEuropa-Kommissionen giver en platform til online tvistbil\u00e6ggelse (OS): <a href=\"https:\/\/ec.europa.eu\/consumers\/odr\" target=\"_blank\" rel=\"noopener noreferrer\">https:\/\/ec.europa.eu\/consumers\/odr<\/a>.<br \/>\nVi er ikke villige eller forpligtede til at deltage i tvistbil\u00e6ggelsesprocedurer for et forbrugers voldgiftsr\u00e5d.<\/p>\n","protected":false},"excerpt":{"rendered":"<p>MOTTO har siden 1985 haft en f\u00f8rende plads indenfor kort- og gaveartikelbranchen, og er i dag eneforhandler af TOPModel konceptet i Danmark, Finland, Rusland, Sverige og Ukraine. Udover distribuering af TOPModel til forhandlerne st\u00e5r vi ogs\u00e5 for de officielle hjemmesider, konkurrencer, markedsf\u00f8ring, m.v. i de p\u00e5g\u00e6ldende lande. MOTTO A\/S er desuden eneforhandler af andre trend-produkt [&hellip;]<\/p>\n","protected":false},"author":1,"featured_media":0,"parent":0,"menu_order":0,"comment_status":"closed","ping_status":"closed","template":"page_simple.php","meta":{"_acf_changed":false,"_et_pb_use_builder":"","_et_pb_old_content":"","_et_gb_content_width":"","footnotes":""},"class_list":["post-25","page","type-page","status-publish","hentry"],"acf":[],"yoast_head":"<!-- This site is optimized with the Yoast SEO Premium plugin v24.2 (Yoast SEO v27.2) - https:\/\/yoast.com\/product\/yoast-seo-premium-wordpress\/ -->\n<title>Om os - TOPModel by Depesche Danmark<\/title>\n<meta name=\"robots\" content=\"index, follow, max-snippet:-1, max-image-preview:large, max-video-preview:-1\" \/>\n<link rel=\"canonical\" href=\"https:\/\/top-model.biz\/da\/om-os\/\" \/>\n<meta property=\"og:locale\" content=\"da_DK\" \/>\n<meta property=\"og:type\" content=\"article\" \/>\n<meta property=\"og:title\" content=\"Om os\" \/>\n<meta property=\"og:description\" content=\"MOTTO har siden 1985 haft en f\u00f8rende plads indenfor kort- og gaveartikelbranchen, og er i dag eneforhandler af TOPModel konceptet i Danmark, Finland, Rusland, Sverige og Ukraine. Udover distribuering af TOPModel til forhandlerne st\u00e5r vi ogs\u00e5 for de officielle hjemmesider, konkurrencer, markedsf\u00f8ring, m.v. i de p\u00e5g\u00e6ldende lande. MOTTO A\/S er desuden eneforhandler af andre trend-produkt [&hellip;]\" \/>\n<meta property=\"og:url\" content=\"https:\/\/top-model.biz\/da\/om-os\/\" \/>\n<meta property=\"og:site_name\" content=\"TOPModel by Depesche Danmark\" \/>\n<meta property=\"article:modified_time\" content=\"2026-02-20T17:41:22+00:00\" \/>\n<meta property=\"og:image\" content=\"https:\/\/top-model.biz\/wp-content\/uploads\/2020\/01\/depeschelogo_72dpi-1024x397.jpg\" \/>\n<meta name=\"twitter:card\" content=\"summary_large_image\" \/>\n<meta name=\"twitter:label1\" content=\"Estimeret l\u00e6setid\" \/>\n\t<meta name=\"twitter:data1\" content=\"2 minutter\" \/>\n<script type=\"application\/ld+json\" class=\"yoast-schema-graph\">{\"@context\":\"https:\/\/schema.org\",\"@graph\":[{\"@type\":\"WebPage\",\"@id\":\"https:\/\/top-model.biz\/da\/om-os\/\",\"url\":\"https:\/\/top-model.biz\/da\/om-os\/\",\"name\":\"Om os - TOPModel by Depesche Danmark\",\"isPartOf\":{\"@id\":\"https:\/\/top-model.biz\/da\/#website\"},\"primaryImageOfPage\":{\"@id\":\"https:\/\/top-model.biz\/da\/om-os\/#primaryimage\"},\"image\":{\"@id\":\"https:\/\/top-model.biz\/da\/om-os\/#primaryimage\"},\"thumbnailUrl\":\"https:\/\/top-model.biz\/wp-content\/uploads\/2020\/01\/depeschelogo_72dpi-1024x397.jpg\",\"datePublished\":\"2019-12-03T05:09:46+00:00\",\"dateModified\":\"2026-02-20T17:41:22+00:00\",\"inLanguage\":\"da-DK\",\"potentialAction\":[{\"@type\":\"ReadAction\",\"target\":[\"https:\/\/top-model.biz\/da\/om-os\/\"]}]},{\"@type\":\"ImageObject\",\"inLanguage\":\"da-DK\",\"@id\":\"https:\/\/top-model.biz\/da\/om-os\/#primaryimage\",\"url\":\"https:\/\/top-model.biz\/wp-content\/uploads\/2020\/01\/depeschelogo_72dpi-1024x397.jpg\",\"contentUrl\":\"https:\/\/top-model.biz\/wp-content\/uploads\/2020\/01\/depeschelogo_72dpi-1024x397.jpg\"},{\"@type\":\"WebSite\",\"@id\":\"https:\/\/top-model.biz\/da\/#website\",\"url\":\"https:\/\/top-model.biz\/da\/\",\"name\":\"TOPModel by Depesche Danmark\",\"description\":\"TOPModel by Depesche\",\"publisher\":{\"@id\":\"https:\/\/top-model.biz\/da\/#organization\"},\"potentialAction\":[{\"@type\":\"SearchAction\",\"target\":{\"@type\":\"EntryPoint\",\"urlTemplate\":\"https:\/\/top-model.biz\/da\/?s={search_term_string}\"},\"query-input\":{\"@type\":\"PropertyValueSpecification\",\"valueRequired\":true,\"valueName\":\"search_term_string\"}}],\"inLanguage\":\"da-DK\"},{\"@type\":\"Organization\",\"@id\":\"https:\/\/top-model.biz\/da\/#organization\",\"name\":\"TOPModel by Depesche GmbH & Co. KG\",\"url\":\"https:\/\/top-model.biz\/da\/\",\"logo\":{\"@type\":\"ImageObject\",\"inLanguage\":\"da-DK\",\"@id\":\"https:\/\/top-model.biz\/da\/#\/schema\/logo\/image\/\",\"url\":\"https:\/\/top-model.biz\/da\/wp-content\/uploads\/sites\/16\/2020\/01\/depeschelogo_72dpi.jpg\",\"contentUrl\":\"https:\/\/top-model.biz\/da\/wp-content\/uploads\/sites\/16\/2020\/01\/depeschelogo_72dpi.jpg\",\"width\":1600,\"height\":620,\"caption\":\"TOPModel by Depesche GmbH & Co. KG\"},\"image\":{\"@id\":\"https:\/\/top-model.biz\/da\/#\/schema\/logo\/image\/\"}}]}<\/script>\n<!-- \/ Yoast SEO Premium plugin. -->","yoast_head_json":{"title":"Om os - TOPModel by Depesche Danmark","robots":{"index":"index","follow":"follow","max-snippet":"max-snippet:-1","max-image-preview":"max-image-preview:large","max-video-preview":"max-video-preview:-1"},"canonical":"https:\/\/top-model.biz\/da\/om-os\/","og_locale":"da_DK","og_type":"article","og_title":"Om os","og_description":"MOTTO har siden 1985 haft en f\u00f8rende plads indenfor kort- og gaveartikelbranchen, og er i dag eneforhandler af TOPModel konceptet i Danmark, Finland, Rusland, Sverige og Ukraine. Udover distribuering af TOPModel til forhandlerne st\u00e5r vi ogs\u00e5 for de officielle hjemmesider, konkurrencer, markedsf\u00f8ring, m.v. i de p\u00e5g\u00e6ldende lande. MOTTO A\/S er desuden eneforhandler af andre trend-produkt [&hellip;]","og_url":"https:\/\/top-model.biz\/da\/om-os\/","og_site_name":"TOPModel by Depesche Danmark","article_modified_time":"2026-02-20T17:41:22+00:00","og_image":[{"url":"https:\/\/top-model.biz\/wp-content\/uploads\/2020\/01\/depeschelogo_72dpi-1024x397.jpg","type":"","width":"","height":""}],"twitter_card":"summary_large_image","twitter_misc":{"Estimeret l\u00e6setid":"2 minutter"},"schema":{"@context":"https:\/\/schema.org","@graph":[{"@type":"WebPage","@id":"https:\/\/top-model.biz\/da\/om-os\/","url":"https:\/\/top-model.biz\/da\/om-os\/","name":"Om os - TOPModel by Depesche Danmark","isPartOf":{"@id":"https:\/\/top-model.biz\/da\/#website"},"primaryImageOfPage":{"@id":"https:\/\/top-model.biz\/da\/om-os\/#primaryimage"},"image":{"@id":"https:\/\/top-model.biz\/da\/om-os\/#primaryimage"},"thumbnailUrl":"https:\/\/top-model.biz\/wp-content\/uploads\/2020\/01\/depeschelogo_72dpi-1024x397.jpg","datePublished":"2019-12-03T05:09:46+00:00","dateModified":"2026-02-20T17:41:22+00:00","inLanguage":"da-DK","potentialAction":[{"@type":"ReadAction","target":["https:\/\/top-model.biz\/da\/om-os\/"]}]},{"@type":"ImageObject","inLanguage":"da-DK","@id":"https:\/\/top-model.biz\/da\/om-os\/#primaryimage","url":"https:\/\/top-model.biz\/wp-content\/uploads\/2020\/01\/depeschelogo_72dpi-1024x397.jpg","contentUrl":"https:\/\/top-model.biz\/wp-content\/uploads\/2020\/01\/depeschelogo_72dpi-1024x397.jpg"},{"@type":"WebSite","@id":"https:\/\/top-model.biz\/da\/#website","url":"https:\/\/top-model.biz\/da\/","name":"TOPModel by Depesche Danmark","description":"TOPModel by Depesche","publisher":{"@id":"https:\/\/top-model.biz\/da\/#organization"},"potentialAction":[{"@type":"SearchAction","target":{"@type":"EntryPoint","urlTemplate":"https:\/\/top-model.biz\/da\/?s={search_term_string}"},"query-input":{"@type":"PropertyValueSpecification","valueRequired":true,"valueName":"search_term_string"}}],"inLanguage":"da-DK"},{"@type":"Organization","@id":"https:\/\/top-model.biz\/da\/#organization","name":"TOPModel by Depesche GmbH & Co. KG","url":"https:\/\/top-model.biz\/da\/","logo":{"@type":"ImageObject","inLanguage":"da-DK","@id":"https:\/\/top-model.biz\/da\/#\/schema\/logo\/image\/","url":"https:\/\/top-model.biz\/da\/wp-content\/uploads\/sites\/16\/2020\/01\/depeschelogo_72dpi.jpg","contentUrl":"https:\/\/top-model.biz\/da\/wp-content\/uploads\/sites\/16\/2020\/01\/depeschelogo_72dpi.jpg","width":1600,"height":620,"caption":"TOPModel by Depesche GmbH & Co. KG"},"image":{"@id":"https:\/\/top-model.biz\/da\/#\/schema\/logo\/image\/"}}]}},"_links":{"self":[{"href":"https:\/\/top-model.biz\/da\/wp-json\/wp\/v2\/pages\/25","targetHints":{"allow":["GET"]}}],"collection":[{"href":"https:\/\/top-model.biz\/da\/wp-json\/wp\/v2\/pages"}],"about":[{"href":"https:\/\/top-model.biz\/da\/wp-json\/wp\/v2\/types\/page"}],"author":[{"embeddable":true,"href":"https:\/\/top-model.biz\/da\/wp-json\/wp\/v2\/users\/1"}],"replies":[{"embeddable":true,"href":"https:\/\/top-model.biz\/da\/wp-json\/wp\/v2\/comments?post=25"}],"version-history":[{"count":11,"href":"https:\/\/top-model.biz\/da\/wp-json\/wp\/v2\/pages\/25\/revisions"}],"predecessor-version":[{"id":5775,"href":"https:\/\/top-model.biz\/da\/wp-json\/wp\/v2\/pages\/25\/revisions\/5775"}],"wp:attachment":[{"href":"https:\/\/top-model.biz\/da\/wp-json\/wp\/v2\/media?parent=25"}],"curies":[{"name":"wp","href":"https:\/\/api.w.org\/{rel}","templated":true}]}}